{"id":10113,"date":"2025-11-04T14:58:12","date_gmt":"2025-11-04T13:58:12","guid":{"rendered":"https:\/\/flighttime.de\/?page_id=10113"},"modified":"2025-11-04T15:02:09","modified_gmt":"2025-11-04T14:02:09","slug":"private-jet-charter-in-paris","status":"publish","type":"page","link":"https:\/\/flighttime.de\/en\/private-jet-charter-in-paris\/","title":{"rendered":"Private Jet Charter in Paris"},"content":{"rendered":"<h1 data-start=\"184\" data-end=\"219\">\u2708\ufe0f Private Jet Charter in Paris<\/h1>\n<p data-start=\"220\" data-end=\"271\"><strong data-start=\"220\" data-end=\"271\">Luxury, Flexible, and Direct Flights from Paris<\/strong><\/p>\n<hr data-start=\"273\" data-end=\"276\" \/>\n<h2 data-start=\"278\" data-end=\"325\">\ud83c\udfd9\ufe0f Experience Private Jet Travel from Paris<\/h2>\n<p data-start=\"327\" data-end=\"550\">Paris, one of Europe\u2019s busiest aviation hubs, offers unmatched convenience for <strong data-start=\"406\" data-end=\"428\">private jet travel<\/strong>. Whether for business, VIP travel, or leisure, a private jet charter provides <strong data-start=\"507\" data-end=\"547\">flexibility, comfort, and discretion<\/strong>.<\/p>\n<p data-start=\"552\" data-end=\"696\">Skip commercial flight schedules, avoid long airport queues, and access <strong data-start=\"624\" data-end=\"660\">exclusive terminals and helipads<\/strong> for a seamless travel experience.<\/p>\n<blockquote data-start=\"698\" data-end=\"922\">\n<p data-start=\"700\" data-end=\"922\"><em data-start=\"700\" data-end=\"922\">Reference: <a class=\"decorated-link cursor-pointer\" target=\"_new\" rel=\"noopener\" data-start=\"712\" data-end=\"823\">DGAC \u2013 French Civil Aviation Authority<\/a> \u2013 Private jet operations in France are strictly regulated under national and EASA aviation rules.<\/em><\/p>\n<\/blockquote>\n<hr data-start=\"924\" data-end=\"927\" \/>\n<h2 data-start=\"929\" data-end=\"978\">\ud83d\udee9\ufe0f Why Choose a Private Jet Charter in Paris?<\/h2>\n<ul data-start=\"980\" data-end=\"1362\">\n<li data-start=\"980\" data-end=\"1040\">\n<p data-start=\"982\" data-end=\"1040\"><strong data-start=\"982\" data-end=\"1000\">Direct flights<\/strong> to hundreds of destinations worldwide<\/p>\n<\/li>\n<li data-start=\"1041\" data-end=\"1131\">\n<p data-start=\"1043\" data-end=\"1131\"><strong data-start=\"1043\" data-end=\"1086\">Access exclusive airports and heliports<\/strong>: Le Bourget, Paris Orly, Charles de Gaulle<\/p>\n<\/li>\n<li data-start=\"1132\" data-end=\"1180\">\n<p data-start=\"1134\" data-end=\"1180\"><strong data-start=\"1134\" data-end=\"1156\">Tailored schedules<\/strong> to fit your itinerary<\/p>\n<\/li>\n<li data-start=\"1181\" data-end=\"1255\">\n<p data-start=\"1183\" data-end=\"1255\"><strong data-start=\"1183\" data-end=\"1205\">Privacy and luxury<\/strong> with dedicated terminals and concierge services<\/p>\n<\/li>\n<li data-start=\"1256\" data-end=\"1362\">\n<p data-start=\"1258\" data-end=\"1362\"><strong data-start=\"1258\" data-end=\"1284\">Wide range of aircraft<\/strong>: light jets for short hops, heavy jets for long-range international flights<\/p>\n<\/li>\n<\/ul>\n<hr data-start=\"1364\" data-end=\"1367\" \/>\n<h2 data-start=\"1369\" data-end=\"1406\">\u23f1\ufe0f Typical Flight Times from Paris<\/h2>\n<div class=\"_tableContainer_1rjym_1\">\n<div class=\"group _tableWrapper_1rjym_13 flex w-fit flex-col-reverse\" tabindex=\"-1\">\n<table class=\"w-fit min-w-(--thread-content-width)\" data-start=\"1408\" data-end=\"2050\">\n<thead data-start=\"1408\" data-end=\"1473\">\n<tr data-start=\"1408\" data-end=\"1473\">\n<th data-start=\"1408\" data-end=\"1416\" data-col-size=\"sm\">Route<\/th>\n<th data-start=\"1416\" data-end=\"1427\" data-col-size=\"sm\">Distance<\/th>\n<th data-start=\"1427\" data-end=\"1449\" data-col-size=\"sm\">Approx. Flight Time<\/th>\n<th data-start=\"1449\" data-end=\"1473\" data-col-size=\"md\">Recommended Jet Type<\/th>\n<\/tr>\n<\/thead>\n<tbody data-start=\"1532\" data-end=\"2050\">\n<tr data-start=\"1532\" data-end=\"1612\">\n<td data-start=\"1532\" data-end=\"1549\" data-col-size=\"sm\">Paris \u2192 London<\/td>\n<td data-col-size=\"sm\" data-start=\"1549\" data-end=\"1558\">215 mi<\/td>\n<td data-col-size=\"sm\" data-start=\"1558\" data-end=\"1572\">~1 h 10 min<\/td>\n<td data-col-size=\"md\" data-start=\"1572\" data-end=\"1612\">Light Jet \/ Citation CJ3, Learjet 60<\/td>\n<\/tr>\n<tr data-start=\"1613\" data-end=\"1712\">\n<td data-start=\"1613\" data-end=\"1632\" data-col-size=\"sm\">Paris \u2192 New York<\/td>\n<td data-col-size=\"sm\" data-start=\"1632\" data-end=\"1643\">3,625 mi<\/td>\n<td data-col-size=\"sm\" data-start=\"1643\" data-end=\"1657\">~7 h 45 min<\/td>\n<td data-col-size=\"md\" data-start=\"1657\" data-end=\"1712\">Heavy Jet \/ Gulfstream G450, Bombardier Global 6000<\/td>\n<\/tr>\n<tr data-start=\"1713\" data-end=\"1796\">\n<td data-start=\"1713\" data-end=\"1728\" data-col-size=\"sm\">Paris \u2192 Rome<\/td>\n<td data-col-size=\"sm\" data-start=\"1728\" data-end=\"1737\">690 mi<\/td>\n<td data-col-size=\"sm\" data-start=\"1737\" data-end=\"1751\">~2 h 20 min<\/td>\n<td data-col-size=\"md\" data-start=\"1751\" data-end=\"1796\">Midsize Jet \/ Hawker 800XP, Citation XLS+<\/td>\n<\/tr>\n<tr data-start=\"1797\" data-end=\"1876\">\n<td data-start=\"1797\" data-end=\"1813\" data-col-size=\"sm\">Paris \u2192 Ibiza<\/td>\n<td data-col-size=\"sm\" data-start=\"1813\" data-end=\"1822\">870 mi<\/td>\n<td data-col-size=\"sm\" data-start=\"1822\" data-end=\"1836\">~2 h 50 min<\/td>\n<td data-col-size=\"md\" data-start=\"1836\" data-end=\"1876\">Light Jet \/ Phenom 300, Citation CJ4<\/td>\n<\/tr>\n<tr data-start=\"1877\" data-end=\"1966\">\n<td data-start=\"1877\" data-end=\"1894\" data-col-size=\"sm\">Paris \u2192 Geneva<\/td>\n<td data-col-size=\"sm\" data-start=\"1894\" data-end=\"1903\">270 mi<\/td>\n<td data-col-size=\"sm\" data-start=\"1903\" data-end=\"1917\">~1 h 20 min<\/td>\n<td data-col-size=\"md\" data-start=\"1917\" data-end=\"1966\">Light\/Midsize Jet \/ Learjet 45, Citation XLS+<\/td>\n<\/tr>\n<tr data-start=\"1967\" data-end=\"2050\">\n<td data-start=\"1967\" data-end=\"1983\" data-col-size=\"sm\">Paris \u2192 Dubai<\/td>\n<td data-start=\"1983\" data-end=\"1994\" data-col-size=\"sm\">3,200 mi<\/td>\n<td data-start=\"1994\" data-end=\"2008\" data-col-size=\"sm\">~7 h 10 min<\/td>\n<td data-start=\"2008\" data-end=\"2050\" data-col-size=\"md\">Heavy Jet \/ Gulfstream G650, Falcon 7X<\/td>\n<\/tr>\n<\/tbody>\n<\/table>\n<\/div>\n<\/div>\n<blockquote data-start=\"2052\" data-end=\"2205\">\n<p data-start=\"2054\" data-end=\"2205\"><em data-start=\"2054\" data-end=\"2205\">Reference: Flight times based on private jet cruise speeds using <a class=\"decorated-link\" href=\"https:\/\/www.privatefly.com\" target=\"_new\" rel=\"noopener\" data-start=\"2120\" data-end=\"2160\">PrivateFly<\/a> and <a class=\"decorated-link cursor-pointer\" target=\"_new\" rel=\"noopener\" data-start=\"2165\" data-end=\"2203\">FlightAware<\/a>.<\/em><\/p>\n<\/blockquote>\n<hr data-start=\"2207\" data-end=\"2210\" \/>\n<h2 data-start=\"2212\" data-end=\"2244\">\ud83d\udee9\ufe0f Aircraft Options in Paris<\/h2>\n<h3 data-start=\"2246\" data-end=\"2260\">Light Jets<\/h3>\n<ul data-start=\"2261\" data-end=\"2442\">\n<li data-start=\"2261\" data-end=\"2322\">\n<p data-start=\"2263\" data-end=\"2322\"><strong data-start=\"2263\" data-end=\"2276\">Examples:<\/strong> Learjet 40\/45, Citation CJ2\/CJ3, Phenom 100<\/p>\n<\/li>\n<li data-start=\"2323\" data-end=\"2355\">\n<p data-start=\"2325\" data-end=\"2355\"><strong data-start=\"2325\" data-end=\"2338\">Capacity:<\/strong> 4\u20136 passengers<\/p>\n<\/li>\n<li data-start=\"2356\" data-end=\"2388\">\n<p data-start=\"2358\" data-end=\"2388\"><strong data-start=\"2358\" data-end=\"2368\">Range:<\/strong> Up to 2,000 miles<\/p>\n<\/li>\n<li data-start=\"2389\" data-end=\"2442\">\n<p data-start=\"2391\" data-end=\"2442\"><strong data-start=\"2391\" data-end=\"2405\">Ideal for:<\/strong> Short European or domestic flights<\/p>\n<\/li>\n<\/ul>\n<h3 data-start=\"2444\" data-end=\"2460\">Midsize Jets<\/h3>\n<ul data-start=\"2461\" data-end=\"2650\">\n<li data-start=\"2461\" data-end=\"2518\">\n<p data-start=\"2463\" data-end=\"2518\"><strong data-start=\"2463\" data-end=\"2476\">Examples:<\/strong> Citation XLS+, Hawker 800XP, Learjet 60<\/p>\n<\/li>\n<li data-start=\"2519\" data-end=\"2551\">\n<p data-start=\"2521\" data-end=\"2551\"><strong data-start=\"2521\" data-end=\"2534\">Capacity:<\/strong> 6\u20139 passengers<\/p>\n<\/li>\n<li data-start=\"2552\" data-end=\"2584\">\n<p data-start=\"2554\" data-end=\"2584\"><strong data-start=\"2554\" data-end=\"2564\">Range:<\/strong> Up to 2,500 miles<\/p>\n<\/li>\n<li data-start=\"2585\" data-end=\"2650\">\n<p data-start=\"2587\" data-end=\"2650\"><strong data-start=\"2587\" data-end=\"2601\">Ideal for:<\/strong> Longer European flights or cross-country trips<\/p>\n<\/li>\n<\/ul>\n<h3 data-start=\"2652\" data-end=\"2679\">Heavy &amp; Long-Range Jets<\/h3>\n<ul data-start=\"2680\" data-end=\"2885\">\n<li data-start=\"2680\" data-end=\"2758\">\n<p data-start=\"2682\" data-end=\"2758\"><strong data-start=\"2682\" data-end=\"2695\">Examples:<\/strong> Gulfstream G450\/G650, Falcon 2000\/7X, Bombardier Global 6000<\/p>\n<\/li>\n<li data-start=\"2759\" data-end=\"2792\">\n<p data-start=\"2761\" data-end=\"2792\"><strong data-start=\"2761\" data-end=\"2774\">Capacity:<\/strong> 8\u201312 passengers<\/p>\n<\/li>\n<li data-start=\"2793\" data-end=\"2825\">\n<p data-start=\"2795\" data-end=\"2825\"><strong data-start=\"2795\" data-end=\"2805\">Range:<\/strong> Up to 7,500 miles<\/p>\n<\/li>\n<li data-start=\"2826\" data-end=\"2885\">\n<p data-start=\"2828\" data-end=\"2885\"><strong data-start=\"2828\" data-end=\"2842\">Ideal for:<\/strong> Transatlantic or intercontinental travel<\/p>\n<\/li>\n<\/ul>\n<h3 data-start=\"2887\" data-end=\"2904\">VIP Airliners<\/h3>\n<ul data-start=\"2905\" data-end=\"3053\">\n<li data-start=\"2905\" data-end=\"2952\">\n<p data-start=\"2907\" data-end=\"2952\"><strong data-start=\"2907\" data-end=\"2920\">Examples:<\/strong> Boeing 737 BBJ, Airbus ACJ319<\/p>\n<\/li>\n<li data-start=\"2953\" data-end=\"2987\">\n<p data-start=\"2955\" data-end=\"2987\"><strong data-start=\"2955\" data-end=\"2968\">Capacity:<\/strong> 20\u201350 passengers<\/p>\n<\/li>\n<li data-start=\"2988\" data-end=\"3053\">\n<p data-start=\"2990\" data-end=\"3053\"><strong data-start=\"2990\" data-end=\"3004\">Ideal for:<\/strong> Corporate groups, VIP missions, or large teams<\/p>\n<\/li>\n<\/ul>\n<blockquote data-start=\"3055\" data-end=\"3204\">\n<p data-start=\"3057\" data-end=\"3204\"><em data-start=\"3057\" data-end=\"3204\">References: <a class=\"decorated-link cursor-pointer\" target=\"_new\" rel=\"noopener\" data-start=\"3070\" data-end=\"3141\">Boeing Business Jets<\/a>, <a class=\"decorated-link\" href=\"https:\/\/cessna.txtav.com\/en\/citation\" target=\"_new\" rel=\"noopener\" data-start=\"3143\" data-end=\"3203\">Cessna Citation Jets<\/a><\/em><\/p>\n<\/blockquote>\n<hr data-start=\"3206\" data-end=\"3209\" \/>\n<h2 data-start=\"3211\" data-end=\"3259\">\ud83c\udf0e Key Paris Airports for Private Jet Charter<\/h2>\n<ul data-start=\"3261\" data-end=\"3535\">\n<li data-start=\"3261\" data-end=\"3326\">\n<p data-start=\"3263\" data-end=\"3326\"><strong data-start=\"3263\" data-end=\"3283\">Le Bourget (LBG)<\/strong> \u2013 France\u2019s premier business aviation hub<\/p>\n<\/li>\n<li data-start=\"3327\" data-end=\"3393\">\n<p data-start=\"3329\" data-end=\"3393\"><strong data-start=\"3329\" data-end=\"3349\">Paris-Orly (ORY)<\/strong> \u2013 Ideal for domestic and European flights<\/p>\n<\/li>\n<li data-start=\"3394\" data-end=\"3464\">\n<p data-start=\"3396\" data-end=\"3464\"><strong data-start=\"3396\" data-end=\"3423\">Charles de Gaulle (CDG)<\/strong> \u2013 International and long-range flights<\/p>\n<\/li>\n<li data-start=\"3465\" data-end=\"3535\">\n<p data-start=\"3467\" data-end=\"3535\"><strong data-start=\"3467\" data-end=\"3500\">Private heliports &amp; terminals<\/strong> \u2013 Fast access to the city center<\/p>\n<\/li>\n<\/ul>\n<blockquote data-start=\"3537\" data-end=\"3637\">\n<p data-start=\"3539\" data-end=\"3637\"><em data-start=\"3539\" data-end=\"3637\">Reference: <a class=\"decorated-link cursor-pointer\" target=\"_new\" rel=\"noopener\" data-start=\"3551\" data-end=\"3636\">DGAC \u2013 French Airports Information<\/a><\/em><\/p>\n<\/blockquote>\n<hr data-start=\"3639\" data-end=\"3642\" \/>\n<h2 data-start=\"3644\" data-end=\"3688\">\ud83e\uddf3 Who Uses Private Jet Charter in Paris?<\/h2>\n<ul data-start=\"3690\" data-end=\"4042\">\n<li data-start=\"3690\" data-end=\"3770\">\n<p data-start=\"3692\" data-end=\"3770\"><strong data-start=\"3692\" data-end=\"3733\">Business executives &amp; corporate teams<\/strong> \u2013 save time and travel efficiently<\/p>\n<\/li>\n<li data-start=\"3771\" data-end=\"3838\">\n<p data-start=\"3773\" data-end=\"3838\"><strong data-start=\"3773\" data-end=\"3803\">High-net-worth individuals<\/strong> \u2013 travel with privacy and luxury<\/p>\n<\/li>\n<li data-start=\"3839\" data-end=\"3902\">\n<p data-start=\"3841\" data-end=\"3902\"><strong data-start=\"3841\" data-end=\"3863\">Celebrities &amp; VIPs<\/strong> \u2013 avoid crowds and ensure discretion<\/p>\n<\/li>\n<li data-start=\"3903\" data-end=\"3967\">\n<p data-start=\"3905\" data-end=\"3967\"><strong data-start=\"3905\" data-end=\"3938\">Sports &amp; entertainment groups<\/strong> \u2013 flexible group transport<\/p>\n<\/li>\n<li data-start=\"3968\" data-end=\"4042\">\n<p data-start=\"3970\" data-end=\"4042\"><strong data-start=\"3970\" data-end=\"4005\">Government &amp; emergency services<\/strong> \u2013 secure, mission-critical flights<\/p>\n<\/li>\n<\/ul>\n<hr data-start=\"4044\" data-end=\"4047\" \/>\n<h2 data-start=\"4049\" data-end=\"4093\">\u2699\ufe0f How Private Jet Charter in Paris Works<\/h2>\n<ol data-start=\"4095\" data-end=\"4416\">\n<li data-start=\"4095\" data-end=\"4175\">\n<p data-start=\"4098\" data-end=\"4175\"><a href=\"mailto:info@flighttime.de\"><strong data-start=\"4098\" data-end=\"4117\">Request a Quote<\/strong> \u2013 provide origin, destination, passengers, and schedule<\/a><\/p>\n<\/li>\n<li data-start=\"4176\" data-end=\"4258\">\n<p data-start=\"4179\" data-end=\"4258\"><strong data-start=\"4179\" data-end=\"4198\">Select Aircraft<\/strong> \u2013 choose the optimal jet for comfort, capacity, and range<\/p>\n<\/li>\n<li data-start=\"4259\" data-end=\"4342\">\n<p data-start=\"4262\" data-end=\"4342\"><strong data-start=\"4262\" data-end=\"4280\">Confirm Flight<\/strong> \u2013 we manage permits, ground support, and concierge services<\/p>\n<\/li>\n<li data-start=\"4343\" data-end=\"4416\">\n<p data-start=\"4346\" data-end=\"4416\"><strong data-start=\"4346\" data-end=\"4353\">Fly<\/strong> \u2013 enjoy a seamless, private, and luxurious travel experience<\/p>\n<\/li>\n<\/ol>\n<p data-start=\"4418\" data-end=\"4532\">Our 24\/7 operations team handles <strong data-start=\"4451\" data-end=\"4502\">weather planning, catering, and ground services<\/strong> for a stress-free experience.<\/p>\n","protected":false},"excerpt":{"rendered":"<p>\u2708\ufe0f Private Jet Charter in Paris Luxury, Flexible, and Direct Flights from Paris \ud83c\udfd9\ufe0f Experience Private Jet Travel from Paris Paris, one of Europe\u2019s busiest aviation hubs, offers unmatched convenience for private jet travel. Whether for business, VIP travel, or leisure, a private jet charter provides flexibility, comfort, and discretion. Skip commercial flight schedules, avoid [&hellip;]<\/p>\n","protected":false},"author":1,"featured_media":7873,"parent":0,"menu_order":0,"comment_status":"closed","ping_status":"closed","template":"","meta":{"_acf_changed":false,"footnotes":""},"class_list":["post-10113","page","type-page","status-publish","has-post-thumbnail","hentry"],"acf":[],"yoast_head":"<!-- This site is optimized with the Yoast SEO Premium plugin v27.3 (Yoast SEO v27.3) - https:\/\/yoast.com\/product\/yoast-seo-premium-wordpress\/ -->\n<title>Private Jet Charter in Paris<\/title>\n<meta name=\"description\" content=\"Experience the luxury of a private jet charter in Paris. Enjoy flexible, direct flights to destinations worldwide.\" \/>\n<meta name=\"robots\" content=\"index, follow, max-snippet:-1, max-image-preview:large, max-video-preview:-1\" \/>\n<link rel=\"canonical\" href=\"https:\/\/flighttime.de\/en\/private-jet-charter-in-paris\/\" \/>\n<meta property=\"og:locale\" content=\"en_US\" \/>\n<meta property=\"og:type\" content=\"article\" \/>\n<meta property=\"og:title\" content=\"Private Jet Charter in Paris\" \/>\n<meta property=\"og:description\" content=\"Experience the luxury of a private jet charter in Paris. Enjoy flexible, direct flights to destinations worldwide.\" \/>\n<meta property=\"og:url\" content=\"https:\/\/flighttime.de\/en\/private-jet-charter-in-paris\/\" \/>\n<meta property=\"article:publisher\" content=\"https:\/\/www.facebook.com\/FlightTime.gmbh\" \/>\n<meta property=\"article:modified_time\" content=\"2025-11-04T14:02:09+00:00\" \/>\n<meta property=\"og:image\" content=\"https:\/\/flighttime.de\/wp-content\/uploads\/2024\/07\/Betreuung.png\" \/>\n\t<meta property=\"og:image:width\" content=\"2000\" \/>\n\t<meta property=\"og:image:height\" content=\"1000\" \/>\n\t<meta property=\"og:image:type\" content=\"image\/png\" \/>\n<meta name=\"twitter:card\" content=\"summary_large_image\" \/>\n<meta name=\"twitter:label1\" content=\"Est. reading time\" \/>\n\t<meta name=\"twitter:data1\" content=\"3 minutes\" \/>\n<script type=\"application\/ld+json\" class=\"yoast-schema-graph\">{\"@context\":\"https:\\\/\\\/schema.org\",\"@graph\":[{\"@type\":\"WebPage\",\"@id\":\"https:\\\/\\\/flighttime.de\\\/en\\\/private-jet-charter-in-paris\\\/\",\"url\":\"https:\\\/\\\/flighttime.de\\\/en\\\/private-jet-charter-in-paris\\\/\",\"name\":\"Private Jet Charter in Paris\",\"isPartOf\":{\"@id\":\"https:\\\/\\\/flighttime.de\\\/en\\\/#website\"},\"primaryImageOfPage\":{\"@id\":\"https:\\\/\\\/flighttime.de\\\/en\\\/private-jet-charter-in-paris\\\/#primaryimage\"},\"image\":{\"@id\":\"https:\\\/\\\/flighttime.de\\\/en\\\/private-jet-charter-in-paris\\\/#primaryimage\"},\"thumbnailUrl\":\"https:\\\/\\\/flighttime.de\\\/wp-content\\\/uploads\\\/2024\\\/07\\\/Betreuung.png\",\"datePublished\":\"2025-11-04T13:58:12+00:00\",\"dateModified\":\"2025-11-04T14:02:09+00:00\",\"description\":\"Experience the luxury of a private jet charter in Paris. Enjoy flexible, direct flights to destinations worldwide.\",\"breadcrumb\":{\"@id\":\"https:\\\/\\\/flighttime.de\\\/en\\\/private-jet-charter-in-paris\\\/#breadcrumb\"},\"inLanguage\":\"en-US\",\"potentialAction\":[{\"@type\":\"ReadAction\",\"target\":[\"https:\\\/\\\/flighttime.de\\\/en\\\/private-jet-charter-in-paris\\\/\"]}]},{\"@type\":\"ImageObject\",\"inLanguage\":\"en-US\",\"@id\":\"https:\\\/\\\/flighttime.de\\\/en\\\/private-jet-charter-in-paris\\\/#primaryimage\",\"url\":\"https:\\\/\\\/flighttime.de\\\/wp-content\\\/uploads\\\/2024\\\/07\\\/Betreuung.png\",\"contentUrl\":\"https:\\\/\\\/flighttime.de\\\/wp-content\\\/uploads\\\/2024\\\/07\\\/Betreuung.png\",\"width\":2000,\"height\":1000,\"caption\":\"Chartern Sie Ihren Privatjet mit FlightTime \u2013 Ihrem erfahrenen Partner f\u00fcr exklusive Privatfl\u00fcge, Business Jets und VIP-Charter weltweit. Ob Gesch\u00e4ftsreise, Luxusurlaub oder Kurzstreckenflug, wir bieten Ihnen ma\u00dfgeschneiderte Flugl\u00f6sungen mit h\u00f6chstem Komfort, Flexibilit\u00e4t und Sicherheit. Starten Sie von Flugh\u00e4fen in Deutschland, \u00d6sterreich und der Schweiz direkt zu Ihrem Wunschziel \u2013 ohne Wartezeiten, Check-in-Stress oder Kompromisse. FlightTime steht f\u00fcr erstklassigen Service, transparente Preise und \u00fcber 25 Jahre Erfahrung in der Privatjet-Charter. Nutzen Sie unseren 24\\\/7 Concierge-Service und erleben Sie Reisen auf h\u00f6chstem Niveau \u2013 schnell, diskret und individuell.\"},{\"@type\":\"BreadcrumbList\",\"@id\":\"https:\\\/\\\/flighttime.de\\\/en\\\/private-jet-charter-in-paris\\\/#breadcrumb\",\"itemListElement\":[{\"@type\":\"ListItem\",\"position\":1,\"name\":\"Startseite\",\"item\":\"https:\\\/\\\/flighttime.de\\\/en\\\/\"},{\"@type\":\"ListItem\",\"position\":2,\"name\":\"Private Jet Charter in Paris\"}]},{\"@type\":\"WebSite\",\"@id\":\"https:\\\/\\\/flighttime.de\\\/en\\\/#website\",\"url\":\"https:\\\/\\\/flighttime.de\\\/en\\\/\",\"name\":\"FlightTime\",\"description\":\"\",\"publisher\":{\"@id\":\"https:\\\/\\\/flighttime.de\\\/en\\\/#organization\"},\"potentialAction\":[{\"@type\":\"SearchAction\",\"target\":{\"@type\":\"EntryPoint\",\"urlTemplate\":\"https:\\\/\\\/flighttime.de\\\/en\\\/?s={search_term_string}\"},\"query-input\":{\"@type\":\"PropertyValueSpecification\",\"valueRequired\":true,\"valueName\":\"search_term_string\"}}],\"inLanguage\":\"en-US\"},{\"@type\":\"Organization\",\"@id\":\"https:\\\/\\\/flighttime.de\\\/en\\\/#organization\",\"name\":\"FlightTime GmbH\",\"url\":\"https:\\\/\\\/flighttime.de\\\/en\\\/\",\"logo\":{\"@type\":\"ImageObject\",\"inLanguage\":\"en-US\",\"@id\":\"https:\\\/\\\/flighttime.de\\\/en\\\/#\\\/schema\\\/logo\\\/image\\\/\",\"url\":\"https:\\\/\\\/flighttime.de\\\/wp-content\\\/uploads\\\/2024\\\/06\\\/placeholder_img.png\",\"contentUrl\":\"https:\\\/\\\/flighttime.de\\\/wp-content\\\/uploads\\\/2024\\\/06\\\/placeholder_img.png\",\"width\":326,\"height\":203,\"caption\":\"FlightTime GmbH\"},\"image\":{\"@id\":\"https:\\\/\\\/flighttime.de\\\/en\\\/#\\\/schema\\\/logo\\\/image\\\/\"},\"sameAs\":[\"https:\\\/\\\/www.facebook.com\\\/FlightTime.gmbh\",\"https:\\\/\\\/www.linkedin.com\\\/company\\\/flighttime-gmbh\\\/\"]}]}<\/script>\n<!-- \/ Yoast SEO Premium plugin. -->","yoast_head_json":{"title":"Private Jet Charter in Paris","description":"Experience the luxury of a private jet charter in Paris. Enjoy flexible, direct flights to destinations worldwide.","robots":{"index":"index","follow":"follow","max-snippet":"max-snippet:-1","max-image-preview":"max-image-preview:large","max-video-preview":"max-video-preview:-1"},"canonical":"https:\/\/flighttime.de\/en\/private-jet-charter-in-paris\/","og_locale":"en_US","og_type":"article","og_title":"Private Jet Charter in Paris","og_description":"Experience the luxury of a private jet charter in Paris. Enjoy flexible, direct flights to destinations worldwide.","og_url":"https:\/\/flighttime.de\/en\/private-jet-charter-in-paris\/","article_publisher":"https:\/\/www.facebook.com\/FlightTime.gmbh","article_modified_time":"2025-11-04T14:02:09+00:00","og_image":[{"width":2000,"height":1000,"url":"https:\/\/flighttime.de\/wp-content\/uploads\/2024\/07\/Betreuung.png","type":"image\/png"}],"twitter_card":"summary_large_image","twitter_misc":{"Est. reading time":"3 minutes"},"schema":{"@context":"https:\/\/schema.org","@graph":[{"@type":"WebPage","@id":"https:\/\/flighttime.de\/en\/private-jet-charter-in-paris\/","url":"https:\/\/flighttime.de\/en\/private-jet-charter-in-paris\/","name":"Private Jet Charter in Paris","isPartOf":{"@id":"https:\/\/flighttime.de\/en\/#website"},"primaryImageOfPage":{"@id":"https:\/\/flighttime.de\/en\/private-jet-charter-in-paris\/#primaryimage"},"image":{"@id":"https:\/\/flighttime.de\/en\/private-jet-charter-in-paris\/#primaryimage"},"thumbnailUrl":"https:\/\/flighttime.de\/wp-content\/uploads\/2024\/07\/Betreuung.png","datePublished":"2025-11-04T13:58:12+00:00","dateModified":"2025-11-04T14:02:09+00:00","description":"Experience the luxury of a private jet charter in Paris. Enjoy flexible, direct flights to destinations worldwide.","breadcrumb":{"@id":"https:\/\/flighttime.de\/en\/private-jet-charter-in-paris\/#breadcrumb"},"inLanguage":"en-US","potentialAction":[{"@type":"ReadAction","target":["https:\/\/flighttime.de\/en\/private-jet-charter-in-paris\/"]}]},{"@type":"ImageObject","inLanguage":"en-US","@id":"https:\/\/flighttime.de\/en\/private-jet-charter-in-paris\/#primaryimage","url":"https:\/\/flighttime.de\/wp-content\/uploads\/2024\/07\/Betreuung.png","contentUrl":"https:\/\/flighttime.de\/wp-content\/uploads\/2024\/07\/Betreuung.png","width":2000,"height":1000,"caption":"Chartern Sie Ihren Privatjet mit FlightTime \u2013 Ihrem erfahrenen Partner f\u00fcr exklusive Privatfl\u00fcge, Business Jets und VIP-Charter weltweit. Ob Gesch\u00e4ftsreise, Luxusurlaub oder Kurzstreckenflug, wir bieten Ihnen ma\u00dfgeschneiderte Flugl\u00f6sungen mit h\u00f6chstem Komfort, Flexibilit\u00e4t und Sicherheit. Starten Sie von Flugh\u00e4fen in Deutschland, \u00d6sterreich und der Schweiz direkt zu Ihrem Wunschziel \u2013 ohne Wartezeiten, Check-in-Stress oder Kompromisse. FlightTime steht f\u00fcr erstklassigen Service, transparente Preise und \u00fcber 25 Jahre Erfahrung in der Privatjet-Charter. Nutzen Sie unseren 24\/7 Concierge-Service und erleben Sie Reisen auf h\u00f6chstem Niveau \u2013 schnell, diskret und individuell."},{"@type":"BreadcrumbList","@id":"https:\/\/flighttime.de\/en\/private-jet-charter-in-paris\/#breadcrumb","itemListElement":[{"@type":"ListItem","position":1,"name":"Startseite","item":"https:\/\/flighttime.de\/en\/"},{"@type":"ListItem","position":2,"name":"Private Jet Charter in Paris"}]},{"@type":"WebSite","@id":"https:\/\/flighttime.de\/en\/#website","url":"https:\/\/flighttime.de\/en\/","name":"FlightTime","description":"","publisher":{"@id":"https:\/\/flighttime.de\/en\/#organization"},"potentialAction":[{"@type":"SearchAction","target":{"@type":"EntryPoint","urlTemplate":"https:\/\/flighttime.de\/en\/?s={search_term_string}"},"query-input":{"@type":"PropertyValueSpecification","valueRequired":true,"valueName":"search_term_string"}}],"inLanguage":"en-US"},{"@type":"Organization","@id":"https:\/\/flighttime.de\/en\/#organization","name":"FlightTime GmbH","url":"https:\/\/flighttime.de\/en\/","logo":{"@type":"ImageObject","inLanguage":"en-US","@id":"https:\/\/flighttime.de\/en\/#\/schema\/logo\/image\/","url":"https:\/\/flighttime.de\/wp-content\/uploads\/2024\/06\/placeholder_img.png","contentUrl":"https:\/\/flighttime.de\/wp-content\/uploads\/2024\/06\/placeholder_img.png","width":326,"height":203,"caption":"FlightTime GmbH"},"image":{"@id":"https:\/\/flighttime.de\/en\/#\/schema\/logo\/image\/"},"sameAs":["https:\/\/www.facebook.com\/FlightTime.gmbh","https:\/\/www.linkedin.com\/company\/flighttime-gmbh\/"]}]}},"_links":{"self":[{"href":"https:\/\/flighttime.de\/en\/wp-json\/wp\/v2\/pages\/10113","targetHints":{"allow":["GET"]}}],"collection":[{"href":"https:\/\/flighttime.de\/en\/wp-json\/wp\/v2\/pages"}],"about":[{"href":"https:\/\/flighttime.de\/en\/wp-json\/wp\/v2\/types\/page"}],"author":[{"embeddable":true,"href":"https:\/\/flighttime.de\/en\/wp-json\/wp\/v2\/users\/1"}],"replies":[{"embeddable":true,"href":"https:\/\/flighttime.de\/en\/wp-json\/wp\/v2\/comments?post=10113"}],"version-history":[{"count":0,"href":"https:\/\/flighttime.de\/en\/wp-json\/wp\/v2\/pages\/10113\/revisions"}],"wp:featuredmedia":[{"embeddable":true,"href":"https:\/\/flighttime.de\/en\/wp-json\/wp\/v2\/media\/7873"}],"wp:attachment":[{"href":"https:\/\/flighttime.de\/en\/wp-json\/wp\/v2\/media?parent=10113"}],"curies":[{"name":"wp","href":"https:\/\/api.w.org\/{rel}","templated":true}]}}