{"id":3111,"date":"2015-03-30T08:43:46","date_gmt":"2015-03-30T06:43:46","guid":{"rendered":"https:\/\/flighttime.de\/?page_id=3111"},"modified":"2024-08-06T09:55:08","modified_gmt":"2024-08-06T09:55:08","slug":"flugzeuge","status":"publish","type":"page","link":"https:\/\/flighttime.de\/es\/flugzeuge\/","title":{"rendered":"Aviones"},"content":{"rendered":"","protected":false},"excerpt":{"rendered":"","protected":false},"author":1,"featured_media":993,"parent":0,"menu_order":3,"comment_status":"closed","ping_status":"closed","template":"","meta":{"_acf_changed":false,"footnotes":""},"class_list":["post-3111","page","type-page","status-publish","has-post-thumbnail","hentry"],"acf":[],"yoast_head":"<!-- This site is optimized with the Yoast SEO Premium plugin v27.3 (Yoast SEO v27.3) - https:\/\/yoast.com\/product\/yoast-seo-premium-wordpress\/ -->\n<title>Servicios de ch\u00e1rter, alquiler y arrendamiento de aeronaves | FlightTimeServicio de vuelos ch\u00e1rter, alquiler de aviones<\/title>\n<meta name=\"description\" content=\"FlightTime ofrece servicios flexibles de fletamento, alquiler y arrendamiento de aeronaves. Encuentre la opci\u00f3n perfecta para sus necesidades. \u00a1Experimente ahora servicios de aviaci\u00f3n sin complicaciones!FlightTime ofrece un servicio de vuelos ch\u00e1rter de calidad superior que incluye aviones VIP, turboh\u00e9lices, helic\u00f3pteros, jets privados y vuelos regulares. P\u00f3ngase en contacto con nosotros para fletar su avi\u00f3n.\" \/>\n<meta name=\"robots\" content=\"index, follow, max-snippet:-1, max-image-preview:large, max-video-preview:-1\" \/>\n<link rel=\"canonical\" href=\"https:\/\/flighttime.de\/es\/flugzeuge\/\" \/>\n<meta property=\"og:locale\" content=\"es_ES\" \/>\n<meta property=\"og:type\" content=\"article\" \/>\n<meta property=\"og:title\" content=\"Aviones\" \/>\n<meta property=\"og:description\" content=\"FlightTime ofrece servicios flexibles de fletamento, alquiler y arrendamiento de aeronaves. Encuentre la opci\u00f3n perfecta para sus necesidades. \u00a1Experimente ahora servicios de aviaci\u00f3n sin complicaciones!FlightTime ofrece un servicio de vuelos ch\u00e1rter de calidad superior que incluye aviones VIP, turboh\u00e9lices, helic\u00f3pteros, jets privados y vuelos regulares. P\u00f3ngase en contacto con nosotros para fletar su avi\u00f3n.\" \/>\n<meta property=\"og:url\" content=\"https:\/\/flighttime.de\/es\/flugzeuge\/\" \/>\n<meta property=\"article:publisher\" content=\"https:\/\/www.facebook.com\/FlightTime.gmbh\" \/>\n<meta property=\"article:modified_time\" content=\"2024-08-06T09:55:08+00:00\" \/>\n<meta property=\"og:image\" content=\"https:\/\/flighttime.de\/wp-content\/uploads\/2024\/06\/airliner-bg.png\" \/>\n\t<meta property=\"og:image:width\" content=\"1920\" \/>\n\t<meta property=\"og:image:height\" content=\"799\" \/>\n\t<meta property=\"og:image:type\" content=\"image\/png\" \/>\n<meta name=\"twitter:card\" content=\"summary_large_image\" \/>\n<meta name=\"twitter:label1\" content=\"Tiempo de lectura\" \/>\n\t<meta name=\"twitter:data1\" content=\"1 minuto\" \/>\n<script type=\"application\/ld+json\" class=\"yoast-schema-graph\">{\"@context\":\"https:\\\/\\\/schema.org\",\"@graph\":[{\"@type\":\"WebPage\",\"@id\":\"https:\\\/\\\/flighttime.de\\\/es\\\/flugzeuge\\\/\",\"url\":\"https:\\\/\\\/flighttime.de\\\/es\\\/flugzeuge\\\/\",\"name\":\"Servicios de ch\u00e1rter, alquiler y arrendamiento de aeronaves | FlightTimeServicio de vuelos ch\u00e1rter, alquiler de aviones\",\"isPartOf\":{\"@id\":\"https:\\\/\\\/flighttime.de\\\/es\\\/#website\"},\"primaryImageOfPage\":{\"@id\":\"https:\\\/\\\/flighttime.de\\\/es\\\/flugzeuge\\\/#primaryimage\"},\"image\":{\"@id\":\"https:\\\/\\\/flighttime.de\\\/es\\\/flugzeuge\\\/#primaryimage\"},\"thumbnailUrl\":\"https:\\\/\\\/flighttime.de\\\/wp-content\\\/uploads\\\/2024\\\/06\\\/airliner-bg.png\",\"datePublished\":\"2015-03-30T06:43:46+00:00\",\"dateModified\":\"2024-08-06T09:55:08+00:00\",\"description\":\"FlightTime ofrece servicios flexibles de fletamento, alquiler y arrendamiento de aeronaves. Encuentre la opci\u00f3n perfecta para sus necesidades. \u00a1Experimente ahora servicios de aviaci\u00f3n sin complicaciones!FlightTime ofrece un servicio de vuelos ch\u00e1rter de calidad superior que incluye aviones VIP, turboh\u00e9lices, helic\u00f3pteros, jets privados y vuelos regulares. P\u00f3ngase en contacto con nosotros para fletar su avi\u00f3n.\",\"breadcrumb\":{\"@id\":\"https:\\\/\\\/flighttime.de\\\/es\\\/flugzeuge\\\/#breadcrumb\"},\"inLanguage\":\"es\",\"potentialAction\":[{\"@type\":\"ReadAction\",\"target\":[\"https:\\\/\\\/flighttime.de\\\/es\\\/flugzeuge\\\/\"]}]},{\"@type\":\"ImageObject\",\"inLanguage\":\"es\",\"@id\":\"https:\\\/\\\/flighttime.de\\\/es\\\/flugzeuge\\\/#primaryimage\",\"url\":\"https:\\\/\\\/flighttime.de\\\/wp-content\\\/uploads\\\/2024\\\/06\\\/airliner-bg.png\",\"contentUrl\":\"https:\\\/\\\/flighttime.de\\\/wp-content\\\/uploads\\\/2024\\\/06\\\/airliner-bg.png\",\"width\":1920,\"height\":799,\"caption\":\"airliner-bg\"},{\"@type\":\"BreadcrumbList\",\"@id\":\"https:\\\/\\\/flighttime.de\\\/es\\\/flugzeuge\\\/#breadcrumb\",\"itemListElement\":[{\"@type\":\"ListItem\",\"position\":1,\"name\":\"Startseite\",\"item\":\"https:\\\/\\\/flighttime.de\\\/es\\\/\"},{\"@type\":\"ListItem\",\"position\":2,\"name\":\"Aviones\"}]},{\"@type\":\"WebSite\",\"@id\":\"https:\\\/\\\/flighttime.de\\\/es\\\/#website\",\"url\":\"https:\\\/\\\/flighttime.de\\\/es\\\/\",\"name\":\"FlightTime\",\"description\":\"\",\"publisher\":{\"@id\":\"https:\\\/\\\/flighttime.de\\\/es\\\/#organization\"},\"potentialAction\":[{\"@type\":\"SearchAction\",\"target\":{\"@type\":\"EntryPoint\",\"urlTemplate\":\"https:\\\/\\\/flighttime.de\\\/es\\\/?s={search_term_string}\"},\"query-input\":{\"@type\":\"PropertyValueSpecification\",\"valueRequired\":true,\"valueName\":\"search_term_string\"}}],\"inLanguage\":\"es\"},{\"@type\":\"Organization\",\"@id\":\"https:\\\/\\\/flighttime.de\\\/es\\\/#organization\",\"name\":\"FlightTime GmbH\",\"url\":\"https:\\\/\\\/flighttime.de\\\/es\\\/\",\"logo\":{\"@type\":\"ImageObject\",\"inLanguage\":\"es\",\"@id\":\"https:\\\/\\\/flighttime.de\\\/es\\\/#\\\/schema\\\/logo\\\/image\\\/\",\"url\":\"https:\\\/\\\/flighttime.de\\\/wp-content\\\/uploads\\\/2024\\\/06\\\/placeholder_img.png\",\"contentUrl\":\"https:\\\/\\\/flighttime.de\\\/wp-content\\\/uploads\\\/2024\\\/06\\\/placeholder_img.png\",\"width\":326,\"height\":203,\"caption\":\"FlightTime GmbH\"},\"image\":{\"@id\":\"https:\\\/\\\/flighttime.de\\\/es\\\/#\\\/schema\\\/logo\\\/image\\\/\"},\"sameAs\":[\"https:\\\/\\\/www.facebook.com\\\/FlightTime.gmbh\",\"https:\\\/\\\/www.linkedin.com\\\/company\\\/flighttime-gmbh\\\/\"]}]}<\/script>\n<!-- \/ Yoast SEO Premium plugin. -->","yoast_head_json":{"title":"Servicios de ch\u00e1rter, alquiler y arrendamiento de aeronaves | FlightTimeServicio de vuelos ch\u00e1rter, alquiler de aviones","description":"FlightTime ofrece servicios flexibles de fletamento, alquiler y arrendamiento de aeronaves. Encuentre la opci\u00f3n perfecta para sus necesidades. \u00a1Experimente ahora servicios de aviaci\u00f3n sin complicaciones!FlightTime ofrece un servicio de vuelos ch\u00e1rter de calidad superior que incluye aviones VIP, turboh\u00e9lices, helic\u00f3pteros, jets privados y vuelos regulares. P\u00f3ngase en contacto con nosotros para fletar su avi\u00f3n.","robots":{"index":"index","follow":"follow","max-snippet":"max-snippet:-1","max-image-preview":"max-image-preview:large","max-video-preview":"max-video-preview:-1"},"canonical":"https:\/\/flighttime.de\/es\/flugzeuge\/","og_locale":"es_ES","og_type":"article","og_title":"Aviones","og_description":"FlightTime ofrece servicios flexibles de fletamento, alquiler y arrendamiento de aeronaves. Encuentre la opci\u00f3n perfecta para sus necesidades. \u00a1Experimente ahora servicios de aviaci\u00f3n sin complicaciones!FlightTime ofrece un servicio de vuelos ch\u00e1rter de calidad superior que incluye aviones VIP, turboh\u00e9lices, helic\u00f3pteros, jets privados y vuelos regulares. P\u00f3ngase en contacto con nosotros para fletar su avi\u00f3n.","og_url":"https:\/\/flighttime.de\/es\/flugzeuge\/","article_publisher":"https:\/\/www.facebook.com\/FlightTime.gmbh","article_modified_time":"2024-08-06T09:55:08+00:00","og_image":[{"width":1920,"height":799,"url":"https:\/\/flighttime.de\/wp-content\/uploads\/2024\/06\/airliner-bg.png","type":"image\/png"}],"twitter_card":"summary_large_image","twitter_misc":{"Tiempo de lectura":"1 minuto"},"schema":{"@context":"https:\/\/schema.org","@graph":[{"@type":"WebPage","@id":"https:\/\/flighttime.de\/es\/flugzeuge\/","url":"https:\/\/flighttime.de\/es\/flugzeuge\/","name":"Servicios de ch\u00e1rter, alquiler y arrendamiento de aeronaves | FlightTimeServicio de vuelos ch\u00e1rter, alquiler de aviones","isPartOf":{"@id":"https:\/\/flighttime.de\/es\/#website"},"primaryImageOfPage":{"@id":"https:\/\/flighttime.de\/es\/flugzeuge\/#primaryimage"},"image":{"@id":"https:\/\/flighttime.de\/es\/flugzeuge\/#primaryimage"},"thumbnailUrl":"https:\/\/flighttime.de\/wp-content\/uploads\/2024\/06\/airliner-bg.png","datePublished":"2015-03-30T06:43:46+00:00","dateModified":"2024-08-06T09:55:08+00:00","description":"FlightTime ofrece servicios flexibles de fletamento, alquiler y arrendamiento de aeronaves. Encuentre la opci\u00f3n perfecta para sus necesidades. \u00a1Experimente ahora servicios de aviaci\u00f3n sin complicaciones!FlightTime ofrece un servicio de vuelos ch\u00e1rter de calidad superior que incluye aviones VIP, turboh\u00e9lices, helic\u00f3pteros, jets privados y vuelos regulares. P\u00f3ngase en contacto con nosotros para fletar su avi\u00f3n.","breadcrumb":{"@id":"https:\/\/flighttime.de\/es\/flugzeuge\/#breadcrumb"},"inLanguage":"es","potentialAction":[{"@type":"ReadAction","target":["https:\/\/flighttime.de\/es\/flugzeuge\/"]}]},{"@type":"ImageObject","inLanguage":"es","@id":"https:\/\/flighttime.de\/es\/flugzeuge\/#primaryimage","url":"https:\/\/flighttime.de\/wp-content\/uploads\/2024\/06\/airliner-bg.png","contentUrl":"https:\/\/flighttime.de\/wp-content\/uploads\/2024\/06\/airliner-bg.png","width":1920,"height":799,"caption":"airliner-bg"},{"@type":"BreadcrumbList","@id":"https:\/\/flighttime.de\/es\/flugzeuge\/#breadcrumb","itemListElement":[{"@type":"ListItem","position":1,"name":"Startseite","item":"https:\/\/flighttime.de\/es\/"},{"@type":"ListItem","position":2,"name":"Aviones"}]},{"@type":"WebSite","@id":"https:\/\/flighttime.de\/es\/#website","url":"https:\/\/flighttime.de\/es\/","name":"FlightTime","description":"","publisher":{"@id":"https:\/\/flighttime.de\/es\/#organization"},"potentialAction":[{"@type":"SearchAction","target":{"@type":"EntryPoint","urlTemplate":"https:\/\/flighttime.de\/es\/?s={search_term_string}"},"query-input":{"@type":"PropertyValueSpecification","valueRequired":true,"valueName":"search_term_string"}}],"inLanguage":"es"},{"@type":"Organization","@id":"https:\/\/flighttime.de\/es\/#organization","name":"FlightTime GmbH","url":"https:\/\/flighttime.de\/es\/","logo":{"@type":"ImageObject","inLanguage":"es","@id":"https:\/\/flighttime.de\/es\/#\/schema\/logo\/image\/","url":"https:\/\/flighttime.de\/wp-content\/uploads\/2024\/06\/placeholder_img.png","contentUrl":"https:\/\/flighttime.de\/wp-content\/uploads\/2024\/06\/placeholder_img.png","width":326,"height":203,"caption":"FlightTime GmbH"},"image":{"@id":"https:\/\/flighttime.de\/es\/#\/schema\/logo\/image\/"},"sameAs":["https:\/\/www.facebook.com\/FlightTime.gmbh","https:\/\/www.linkedin.com\/company\/flighttime-gmbh\/"]}]}},"_links":{"self":[{"href":"https:\/\/flighttime.de\/es\/wp-json\/wp\/v2\/pages\/3111","targetHints":{"allow":["GET"]}}],"collection":[{"href":"https:\/\/flighttime.de\/es\/wp-json\/wp\/v2\/pages"}],"about":[{"href":"https:\/\/flighttime.de\/es\/wp-json\/wp\/v2\/types\/page"}],"author":[{"embeddable":true,"href":"https:\/\/flighttime.de\/es\/wp-json\/wp\/v2\/users\/1"}],"replies":[{"embeddable":true,"href":"https:\/\/flighttime.de\/es\/wp-json\/wp\/v2\/comments?post=3111"}],"version-history":[{"count":0,"href":"https:\/\/flighttime.de\/es\/wp-json\/wp\/v2\/pages\/3111\/revisions"}],"wp:featuredmedia":[{"embeddable":true,"href":"https:\/\/flighttime.de\/es\/wp-json\/wp\/v2\/media\/993"}],"wp:attachment":[{"href":"https:\/\/flighttime.de\/es\/wp-json\/wp\/v2\/media?parent=3111"}],"curies":[{"name":"wp","href":"https:\/\/api.w.org\/{rel}","templated":true}]}}