{"id":3443,"date":"2015-06-21T14:24:47","date_gmt":"2015-06-21T12:24:47","guid":{"rendered":"https:\/\/flighttime.de\/?page_id=3443"},"modified":"2024-06-25T08:20:45","modified_gmt":"2024-06-25T08:20:45","slug":"bombardier","status":"publish","type":"page","link":"https:\/\/flighttime.de\/es\/flugzeuge\/verkehrsflugzeuge\/bombardier\/","title":{"rendered":"Bombardier"},"content":{"rendered":"","protected":false},"excerpt":{"rendered":"","protected":false},"author":1,"featured_media":6272,"parent":3145,"menu_order":3,"comment_status":"closed","ping_status":"closed","template":"","meta":{"_acf_changed":false,"footnotes":""},"class_list":["post-3443","page","type-page","status-publish","has-post-thumbnail","hentry"],"acf":[],"yoast_head":"<!-- This site is optimized with the Yoast SEO Premium plugin v27.3 (Yoast SEO v27.3) - https:\/\/yoast.com\/product\/yoast-seo-premium-wordpress\/ -->\n<title>Chartern Sie einen Bombardier Jet: Komfort und Luxus in der Luft<\/title>\n<meta name=\"description\" content=\"Chartern Sie einen Bombardier Jet f\u00fcr Ihre n\u00e4chste Reise. Erfahren Sie mehr \u00fcber die Pl\u00e4tze, Reichweite und Geschwindigkeit der Canadair RJ200 und RJ700.\" \/>\n<meta name=\"robots\" content=\"index, follow, max-snippet:-1, max-image-preview:large, max-video-preview:-1\" \/>\n<link rel=\"canonical\" href=\"https:\/\/flighttime.de\/es\/flugzeuge\/verkehrsflugzeuge\/bombardier\/\" \/>\n<meta property=\"og:locale\" content=\"es_ES\" \/>\n<meta property=\"og:type\" content=\"article\" \/>\n<meta property=\"og:title\" content=\"Bombardier\" \/>\n<meta property=\"og:description\" content=\"Chartern Sie einen Bombardier Jet f\u00fcr Ihre n\u00e4chste Reise. Erfahren Sie mehr \u00fcber die Pl\u00e4tze, Reichweite und Geschwindigkeit der Canadair RJ200 und RJ700.\" \/>\n<meta property=\"og:url\" content=\"https:\/\/flighttime.de\/es\/flugzeuge\/verkehrsflugzeuge\/bombardier\/\" \/>\n<meta property=\"article:publisher\" content=\"https:\/\/www.facebook.com\/FlightTime.gmbh\" \/>\n<meta property=\"article:modified_time\" content=\"2024-06-25T08:20:45+00:00\" \/>\n<meta property=\"og:image\" content=\"https:\/\/flighttime.de\/wp-content\/uploads\/2024\/06\/bombardier-bg-1-1024x448.png\" \/>\n\t<meta property=\"og:image:width\" content=\"1024\" \/>\n\t<meta property=\"og:image:height\" content=\"448\" \/>\n\t<meta property=\"og:image:type\" content=\"image\/png\" \/>\n<meta name=\"twitter:card\" content=\"summary_large_image\" \/>\n<meta name=\"twitter:label1\" content=\"Tiempo de lectura\" \/>\n\t<meta name=\"twitter:data1\" content=\"1 minuto\" \/>\n<script type=\"application\/ld+json\" class=\"yoast-schema-graph\">{\"@context\":\"https:\\\/\\\/schema.org\",\"@graph\":[{\"@type\":\"WebPage\",\"@id\":\"https:\\\/\\\/flighttime.de\\\/es\\\/flugzeuge\\\/verkehrsflugzeuge\\\/bombardier\\\/\",\"url\":\"https:\\\/\\\/flighttime.de\\\/es\\\/flugzeuge\\\/verkehrsflugzeuge\\\/bombardier\\\/\",\"name\":\"Chartern Sie einen Bombardier Jet: Komfort und Luxus in der Luft\",\"isPartOf\":{\"@id\":\"https:\\\/\\\/flighttime.de\\\/es\\\/#website\"},\"primaryImageOfPage\":{\"@id\":\"https:\\\/\\\/flighttime.de\\\/es\\\/flugzeuge\\\/verkehrsflugzeuge\\\/bombardier\\\/#primaryimage\"},\"image\":{\"@id\":\"https:\\\/\\\/flighttime.de\\\/es\\\/flugzeuge\\\/verkehrsflugzeuge\\\/bombardier\\\/#primaryimage\"},\"thumbnailUrl\":\"https:\\\/\\\/flighttime.de\\\/wp-content\\\/uploads\\\/2024\\\/07\\\/crj900.webp\",\"datePublished\":\"2015-06-21T12:24:47+00:00\",\"dateModified\":\"2024-06-25T08:20:45+00:00\",\"description\":\"Chartern Sie einen Bombardier Jet f\u00fcr Ihre n\u00e4chste Reise. Erfahren Sie mehr \u00fcber die Pl\u00e4tze, Reichweite und Geschwindigkeit der Canadair RJ200 und RJ700.\",\"breadcrumb\":{\"@id\":\"https:\\\/\\\/flighttime.de\\\/es\\\/flugzeuge\\\/verkehrsflugzeuge\\\/bombardier\\\/#breadcrumb\"},\"inLanguage\":\"es\",\"potentialAction\":[{\"@type\":\"ReadAction\",\"target\":[\"https:\\\/\\\/flighttime.de\\\/es\\\/flugzeuge\\\/verkehrsflugzeuge\\\/bombardier\\\/\"]}]},{\"@type\":\"ImageObject\",\"inLanguage\":\"es\",\"@id\":\"https:\\\/\\\/flighttime.de\\\/es\\\/flugzeuge\\\/verkehrsflugzeuge\\\/bombardier\\\/#primaryimage\",\"url\":\"https:\\\/\\\/flighttime.de\\\/wp-content\\\/uploads\\\/2024\\\/07\\\/crj900.webp\",\"contentUrl\":\"https:\\\/\\\/flighttime.de\\\/wp-content\\\/uploads\\\/2024\\\/07\\\/crj900.webp\",\"width\":950,\"height\":650,\"caption\":\"Bombardier CRJ-900\"},{\"@type\":\"BreadcrumbList\",\"@id\":\"https:\\\/\\\/flighttime.de\\\/es\\\/flugzeuge\\\/verkehrsflugzeuge\\\/bombardier\\\/#breadcrumb\",\"itemListElement\":[{\"@type\":\"ListItem\",\"position\":1,\"name\":\"Startseite\",\"item\":\"https:\\\/\\\/flighttime.de\\\/es\\\/\"},{\"@type\":\"ListItem\",\"position\":2,\"name\":\"Aviones\",\"item\":\"https:\\\/\\\/flighttime.de\\\/es\\\/flugzeuge\\\/\"},{\"@type\":\"ListItem\",\"position\":3,\"name\":\"Aviones de pasajeros\",\"item\":\"https:\\\/\\\/flighttime.de\\\/es\\\/flugzeuge\\\/verkehrsflugzeuge\\\/\"},{\"@type\":\"ListItem\",\"position\":4,\"name\":\"Bombardier\"}]},{\"@type\":\"WebSite\",\"@id\":\"https:\\\/\\\/flighttime.de\\\/es\\\/#website\",\"url\":\"https:\\\/\\\/flighttime.de\\\/es\\\/\",\"name\":\"FlightTime\",\"description\":\"\",\"publisher\":{\"@id\":\"https:\\\/\\\/flighttime.de\\\/es\\\/#organization\"},\"potentialAction\":[{\"@type\":\"SearchAction\",\"target\":{\"@type\":\"EntryPoint\",\"urlTemplate\":\"https:\\\/\\\/flighttime.de\\\/es\\\/?s={search_term_string}\"},\"query-input\":{\"@type\":\"PropertyValueSpecification\",\"valueRequired\":true,\"valueName\":\"search_term_string\"}}],\"inLanguage\":\"es\"},{\"@type\":\"Organization\",\"@id\":\"https:\\\/\\\/flighttime.de\\\/es\\\/#organization\",\"name\":\"FlightTime GmbH\",\"url\":\"https:\\\/\\\/flighttime.de\\\/es\\\/\",\"logo\":{\"@type\":\"ImageObject\",\"inLanguage\":\"es\",\"@id\":\"https:\\\/\\\/flighttime.de\\\/es\\\/#\\\/schema\\\/logo\\\/image\\\/\",\"url\":\"https:\\\/\\\/flighttime.de\\\/wp-content\\\/uploads\\\/2024\\\/06\\\/placeholder_img.png\",\"contentUrl\":\"https:\\\/\\\/flighttime.de\\\/wp-content\\\/uploads\\\/2024\\\/06\\\/placeholder_img.png\",\"width\":326,\"height\":203,\"caption\":\"FlightTime GmbH\"},\"image\":{\"@id\":\"https:\\\/\\\/flighttime.de\\\/es\\\/#\\\/schema\\\/logo\\\/image\\\/\"},\"sameAs\":[\"https:\\\/\\\/www.facebook.com\\\/FlightTime.gmbh\",\"https:\\\/\\\/www.linkedin.com\\\/company\\\/flighttime-gmbh\\\/\"]}]}<\/script>\n<!-- \/ Yoast SEO Premium plugin. -->","yoast_head_json":{"title":"Chartern Sie einen Bombardier Jet: Komfort und Luxus in der Luft","description":"Chartern Sie einen Bombardier Jet f\u00fcr Ihre n\u00e4chste Reise. Erfahren Sie mehr \u00fcber die Pl\u00e4tze, Reichweite und Geschwindigkeit der Canadair RJ200 und RJ700.","robots":{"index":"index","follow":"follow","max-snippet":"max-snippet:-1","max-image-preview":"max-image-preview:large","max-video-preview":"max-video-preview:-1"},"canonical":"https:\/\/flighttime.de\/es\/flugzeuge\/verkehrsflugzeuge\/bombardier\/","og_locale":"es_ES","og_type":"article","og_title":"Bombardier","og_description":"Chartern Sie einen Bombardier Jet f\u00fcr Ihre n\u00e4chste Reise. Erfahren Sie mehr \u00fcber die Pl\u00e4tze, Reichweite und Geschwindigkeit der Canadair RJ200 und RJ700.","og_url":"https:\/\/flighttime.de\/es\/flugzeuge\/verkehrsflugzeuge\/bombardier\/","article_publisher":"https:\/\/www.facebook.com\/FlightTime.gmbh","article_modified_time":"2024-06-25T08:20:45+00:00","og_image":[{"width":1024,"height":448,"url":"https:\/\/flighttime.de\/wp-content\/uploads\/2024\/06\/bombardier-bg-1-1024x448.png","type":"image\/png"}],"twitter_card":"summary_large_image","twitter_misc":{"Tiempo de lectura":"1 minuto"},"schema":{"@context":"https:\/\/schema.org","@graph":[{"@type":"WebPage","@id":"https:\/\/flighttime.de\/es\/flugzeuge\/verkehrsflugzeuge\/bombardier\/","url":"https:\/\/flighttime.de\/es\/flugzeuge\/verkehrsflugzeuge\/bombardier\/","name":"Chartern Sie einen Bombardier Jet: Komfort und Luxus in der Luft","isPartOf":{"@id":"https:\/\/flighttime.de\/es\/#website"},"primaryImageOfPage":{"@id":"https:\/\/flighttime.de\/es\/flugzeuge\/verkehrsflugzeuge\/bombardier\/#primaryimage"},"image":{"@id":"https:\/\/flighttime.de\/es\/flugzeuge\/verkehrsflugzeuge\/bombardier\/#primaryimage"},"thumbnailUrl":"https:\/\/flighttime.de\/wp-content\/uploads\/2024\/07\/crj900.webp","datePublished":"2015-06-21T12:24:47+00:00","dateModified":"2024-06-25T08:20:45+00:00","description":"Chartern Sie einen Bombardier Jet f\u00fcr Ihre n\u00e4chste Reise. Erfahren Sie mehr \u00fcber die Pl\u00e4tze, Reichweite und Geschwindigkeit der Canadair RJ200 und RJ700.","breadcrumb":{"@id":"https:\/\/flighttime.de\/es\/flugzeuge\/verkehrsflugzeuge\/bombardier\/#breadcrumb"},"inLanguage":"es","potentialAction":[{"@type":"ReadAction","target":["https:\/\/flighttime.de\/es\/flugzeuge\/verkehrsflugzeuge\/bombardier\/"]}]},{"@type":"ImageObject","inLanguage":"es","@id":"https:\/\/flighttime.de\/es\/flugzeuge\/verkehrsflugzeuge\/bombardier\/#primaryimage","url":"https:\/\/flighttime.de\/wp-content\/uploads\/2024\/07\/crj900.webp","contentUrl":"https:\/\/flighttime.de\/wp-content\/uploads\/2024\/07\/crj900.webp","width":950,"height":650,"caption":"Bombardier CRJ-900"},{"@type":"BreadcrumbList","@id":"https:\/\/flighttime.de\/es\/flugzeuge\/verkehrsflugzeuge\/bombardier\/#breadcrumb","itemListElement":[{"@type":"ListItem","position":1,"name":"Startseite","item":"https:\/\/flighttime.de\/es\/"},{"@type":"ListItem","position":2,"name":"Aviones","item":"https:\/\/flighttime.de\/es\/flugzeuge\/"},{"@type":"ListItem","position":3,"name":"Aviones de pasajeros","item":"https:\/\/flighttime.de\/es\/flugzeuge\/verkehrsflugzeuge\/"},{"@type":"ListItem","position":4,"name":"Bombardier"}]},{"@type":"WebSite","@id":"https:\/\/flighttime.de\/es\/#website","url":"https:\/\/flighttime.de\/es\/","name":"FlightTime","description":"","publisher":{"@id":"https:\/\/flighttime.de\/es\/#organization"},"potentialAction":[{"@type":"SearchAction","target":{"@type":"EntryPoint","urlTemplate":"https:\/\/flighttime.de\/es\/?s={search_term_string}"},"query-input":{"@type":"PropertyValueSpecification","valueRequired":true,"valueName":"search_term_string"}}],"inLanguage":"es"},{"@type":"Organization","@id":"https:\/\/flighttime.de\/es\/#organization","name":"FlightTime GmbH","url":"https:\/\/flighttime.de\/es\/","logo":{"@type":"ImageObject","inLanguage":"es","@id":"https:\/\/flighttime.de\/es\/#\/schema\/logo\/image\/","url":"https:\/\/flighttime.de\/wp-content\/uploads\/2024\/06\/placeholder_img.png","contentUrl":"https:\/\/flighttime.de\/wp-content\/uploads\/2024\/06\/placeholder_img.png","width":326,"height":203,"caption":"FlightTime GmbH"},"image":{"@id":"https:\/\/flighttime.de\/es\/#\/schema\/logo\/image\/"},"sameAs":["https:\/\/www.facebook.com\/FlightTime.gmbh","https:\/\/www.linkedin.com\/company\/flighttime-gmbh\/"]}]}},"_links":{"self":[{"href":"https:\/\/flighttime.de\/es\/wp-json\/wp\/v2\/pages\/3443","targetHints":{"allow":["GET"]}}],"collection":[{"href":"https:\/\/flighttime.de\/es\/wp-json\/wp\/v2\/pages"}],"about":[{"href":"https:\/\/flighttime.de\/es\/wp-json\/wp\/v2\/types\/page"}],"author":[{"embeddable":true,"href":"https:\/\/flighttime.de\/es\/wp-json\/wp\/v2\/users\/1"}],"replies":[{"embeddable":true,"href":"https:\/\/flighttime.de\/es\/wp-json\/wp\/v2\/comments?post=3443"}],"version-history":[{"count":0,"href":"https:\/\/flighttime.de\/es\/wp-json\/wp\/v2\/pages\/3443\/revisions"}],"up":[{"embeddable":true,"href":"https:\/\/flighttime.de\/es\/wp-json\/wp\/v2\/pages\/3145"}],"wp:featuredmedia":[{"embeddable":true,"href":"https:\/\/flighttime.de\/es\/wp-json\/wp\/v2\/media\/6272"}],"wp:attachment":[{"href":"https:\/\/flighttime.de\/es\/wp-json\/wp\/v2\/media?parent=3443"}],"curies":[{"name":"wp","href":"https:\/\/api.w.org\/{rel}","templated":true}]}}