{"id":4235,"date":"2015-04-10T06:47:38","date_gmt":"2015-04-10T04:47:38","guid":{"rendered":"https:\/\/flighttime.de\/?page_id=4235"},"modified":"2024-07-10T12:54:28","modified_gmt":"2024-07-10T12:54:28","slug":"incentives-events-und-kongressreisen","status":"publish","type":"page","link":"https:\/\/flighttime.de\/es\/individuelle-loesungen\/incentives-events-und-kongressreisen\/","title":{"rendered":"Incentivos, eventos y viajes de congresos"},"content":{"rendered":"","protected":false},"excerpt":{"rendered":"","protected":false},"author":1,"featured_media":11127,"parent":4205,"menu_order":1,"comment_status":"closed","ping_status":"closed","template":"","meta":{"_acf_changed":false,"footnotes":""},"class_list":["post-4235","page","type-page","status-publish","has-post-thumbnail","hentry"],"acf":[],"yoast_head":"<!-- This site is optimized with the Yoast SEO Premium plugin v27.3 (Yoast SEO v27.3) - https:\/\/yoast.com\/product\/yoast-seo-premium-wordpress\/ -->\n<title>Alquiler de aviones para incentivos y eventos | FlightTime<\/title>\n<meta name=\"description\" content=\"Descubra los vuelos ch\u00e1rter m\u00e1s baratos para incentivos y eventos. Perm\u00edtanos ayudarle con sus necesidades de viajes de negocios o personales. P\u00f3ngase en contacto con nosotros para obtener m\u00e1s informaci\u00f3n.\" \/>\n<meta name=\"robots\" content=\"index, follow, max-snippet:-1, max-image-preview:large, max-video-preview:-1\" \/>\n<link rel=\"canonical\" href=\"https:\/\/flighttime.de\/es\/individuelle-loesungen\/incentives-events-und-kongressreisen\/\" \/>\n<meta property=\"og:locale\" content=\"es_ES\" \/>\n<meta property=\"og:type\" content=\"article\" \/>\n<meta property=\"og:title\" content=\"Incentivos, eventos y viajes de congresos\" \/>\n<meta property=\"og:description\" content=\"Descubra los vuelos ch\u00e1rter m\u00e1s baratos para incentivos y eventos. Perm\u00edtanos ayudarle con sus necesidades de viajes de negocios o personales. P\u00f3ngase en contacto con nosotros para obtener m\u00e1s informaci\u00f3n.\" \/>\n<meta property=\"og:url\" content=\"https:\/\/flighttime.de\/es\/individuelle-loesungen\/incentives-events-und-kongressreisen\/\" \/>\n<meta property=\"article:publisher\" content=\"https:\/\/www.facebook.com\/FlightTime.gmbh\" \/>\n<meta property=\"article:modified_time\" content=\"2024-07-10T12:54:28+00:00\" \/>\n<meta property=\"og:image\" content=\"https:\/\/flighttime.de\/wp-content\/uploads\/2024\/06\/event-bg-1024x448.png\" \/>\n\t<meta property=\"og:image:width\" content=\"1024\" \/>\n\t<meta property=\"og:image:height\" content=\"448\" \/>\n\t<meta property=\"og:image:type\" content=\"image\/png\" \/>\n<meta name=\"twitter:card\" content=\"summary_large_image\" \/>\n<meta name=\"twitter:label1\" content=\"Tiempo de lectura\" \/>\n\t<meta name=\"twitter:data1\" content=\"1 minuto\" \/>\n<script type=\"application\/ld+json\" class=\"yoast-schema-graph\">{\"@context\":\"https:\\\/\\\/schema.org\",\"@graph\":[{\"@type\":\"WebPage\",\"@id\":\"https:\\\/\\\/flighttime.de\\\/es\\\/individuelle-loesungen\\\/incentives-events-und-kongressreisen\\\/\",\"url\":\"https:\\\/\\\/flighttime.de\\\/es\\\/individuelle-loesungen\\\/incentives-events-und-kongressreisen\\\/\",\"name\":\"Alquiler de aviones para incentivos y eventos | FlightTime\",\"isPartOf\":{\"@id\":\"https:\\\/\\\/flighttime.de\\\/es\\\/#website\"},\"primaryImageOfPage\":{\"@id\":\"https:\\\/\\\/flighttime.de\\\/es\\\/individuelle-loesungen\\\/incentives-events-und-kongressreisen\\\/#primaryimage\"},\"image\":{\"@id\":\"https:\\\/\\\/flighttime.de\\\/es\\\/individuelle-loesungen\\\/incentives-events-und-kongressreisen\\\/#primaryimage\"},\"thumbnailUrl\":\"https:\\\/\\\/flighttime.de\\\/wp-content\\\/uploads\\\/2026\\\/03\\\/Passagiere-mit-FlightTime-Mitarbeiter.png\",\"datePublished\":\"2015-04-10T04:47:38+00:00\",\"dateModified\":\"2024-07-10T12:54:28+00:00\",\"description\":\"Descubra los vuelos ch\u00e1rter m\u00e1s baratos para incentivos y eventos. Perm\u00edtanos ayudarle con sus necesidades de viajes de negocios o personales. P\u00f3ngase en contacto con nosotros para obtener m\u00e1s informaci\u00f3n.\",\"breadcrumb\":{\"@id\":\"https:\\\/\\\/flighttime.de\\\/es\\\/individuelle-loesungen\\\/incentives-events-und-kongressreisen\\\/#breadcrumb\"},\"inLanguage\":\"es\",\"potentialAction\":[{\"@type\":\"ReadAction\",\"target\":[\"https:\\\/\\\/flighttime.de\\\/es\\\/individuelle-loesungen\\\/incentives-events-und-kongressreisen\\\/\"]}]},{\"@type\":\"ImageObject\",\"inLanguage\":\"es\",\"@id\":\"https:\\\/\\\/flighttime.de\\\/es\\\/individuelle-loesungen\\\/incentives-events-und-kongressreisen\\\/#primaryimage\",\"url\":\"https:\\\/\\\/flighttime.de\\\/wp-content\\\/uploads\\\/2026\\\/03\\\/Passagiere-mit-FlightTime-Mitarbeiter.png\",\"contentUrl\":\"https:\\\/\\\/flighttime.de\\\/wp-content\\\/uploads\\\/2026\\\/03\\\/Passagiere-mit-FlightTime-Mitarbeiter.png\",\"width\":1408,\"height\":768},{\"@type\":\"BreadcrumbList\",\"@id\":\"https:\\\/\\\/flighttime.de\\\/es\\\/individuelle-loesungen\\\/incentives-events-und-kongressreisen\\\/#breadcrumb\",\"itemListElement\":[{\"@type\":\"ListItem\",\"position\":1,\"name\":\"Startseite\",\"item\":\"https:\\\/\\\/flighttime.de\\\/es\\\/\"},{\"@type\":\"ListItem\",\"position\":2,\"name\":\"Soluciones individuales\",\"item\":\"https:\\\/\\\/flighttime.de\\\/es\\\/individuelle-loesungen\\\/\"},{\"@type\":\"ListItem\",\"position\":3,\"name\":\"Incentivos, eventos y viajes de congresos\"}]},{\"@type\":\"WebSite\",\"@id\":\"https:\\\/\\\/flighttime.de\\\/es\\\/#website\",\"url\":\"https:\\\/\\\/flighttime.de\\\/es\\\/\",\"name\":\"FlightTime\",\"description\":\"\",\"publisher\":{\"@id\":\"https:\\\/\\\/flighttime.de\\\/es\\\/#organization\"},\"potentialAction\":[{\"@type\":\"SearchAction\",\"target\":{\"@type\":\"EntryPoint\",\"urlTemplate\":\"https:\\\/\\\/flighttime.de\\\/es\\\/?s={search_term_string}\"},\"query-input\":{\"@type\":\"PropertyValueSpecification\",\"valueRequired\":true,\"valueName\":\"search_term_string\"}}],\"inLanguage\":\"es\"},{\"@type\":\"Organization\",\"@id\":\"https:\\\/\\\/flighttime.de\\\/es\\\/#organization\",\"name\":\"FlightTime GmbH\",\"url\":\"https:\\\/\\\/flighttime.de\\\/es\\\/\",\"logo\":{\"@type\":\"ImageObject\",\"inLanguage\":\"es\",\"@id\":\"https:\\\/\\\/flighttime.de\\\/es\\\/#\\\/schema\\\/logo\\\/image\\\/\",\"url\":\"https:\\\/\\\/flighttime.de\\\/wp-content\\\/uploads\\\/2024\\\/06\\\/placeholder_img.png\",\"contentUrl\":\"https:\\\/\\\/flighttime.de\\\/wp-content\\\/uploads\\\/2024\\\/06\\\/placeholder_img.png\",\"width\":326,\"height\":203,\"caption\":\"FlightTime GmbH\"},\"image\":{\"@id\":\"https:\\\/\\\/flighttime.de\\\/es\\\/#\\\/schema\\\/logo\\\/image\\\/\"},\"sameAs\":[\"https:\\\/\\\/www.facebook.com\\\/FlightTime.gmbh\",\"https:\\\/\\\/www.linkedin.com\\\/company\\\/flighttime-gmbh\\\/\"]}]}<\/script>\n<!-- \/ Yoast SEO Premium plugin. -->","yoast_head_json":{"title":"Alquiler de aviones para incentivos y eventos | FlightTime","description":"Descubra los vuelos ch\u00e1rter m\u00e1s baratos para incentivos y eventos. Perm\u00edtanos ayudarle con sus necesidades de viajes de negocios o personales. P\u00f3ngase en contacto con nosotros para obtener m\u00e1s informaci\u00f3n.","robots":{"index":"index","follow":"follow","max-snippet":"max-snippet:-1","max-image-preview":"max-image-preview:large","max-video-preview":"max-video-preview:-1"},"canonical":"https:\/\/flighttime.de\/es\/individuelle-loesungen\/incentives-events-und-kongressreisen\/","og_locale":"es_ES","og_type":"article","og_title":"Incentivos, eventos y viajes de congresos","og_description":"Descubra los vuelos ch\u00e1rter m\u00e1s baratos para incentivos y eventos. Perm\u00edtanos ayudarle con sus necesidades de viajes de negocios o personales. P\u00f3ngase en contacto con nosotros para obtener m\u00e1s informaci\u00f3n.","og_url":"https:\/\/flighttime.de\/es\/individuelle-loesungen\/incentives-events-und-kongressreisen\/","article_publisher":"https:\/\/www.facebook.com\/FlightTime.gmbh","article_modified_time":"2024-07-10T12:54:28+00:00","og_image":[{"width":1024,"height":448,"url":"https:\/\/flighttime.de\/wp-content\/uploads\/2024\/06\/event-bg-1024x448.png","type":"image\/png"}],"twitter_card":"summary_large_image","twitter_misc":{"Tiempo de lectura":"1 minuto"},"schema":{"@context":"https:\/\/schema.org","@graph":[{"@type":"WebPage","@id":"https:\/\/flighttime.de\/es\/individuelle-loesungen\/incentives-events-und-kongressreisen\/","url":"https:\/\/flighttime.de\/es\/individuelle-loesungen\/incentives-events-und-kongressreisen\/","name":"Alquiler de aviones para incentivos y eventos | FlightTime","isPartOf":{"@id":"https:\/\/flighttime.de\/es\/#website"},"primaryImageOfPage":{"@id":"https:\/\/flighttime.de\/es\/individuelle-loesungen\/incentives-events-und-kongressreisen\/#primaryimage"},"image":{"@id":"https:\/\/flighttime.de\/es\/individuelle-loesungen\/incentives-events-und-kongressreisen\/#primaryimage"},"thumbnailUrl":"https:\/\/flighttime.de\/wp-content\/uploads\/2026\/03\/Passagiere-mit-FlightTime-Mitarbeiter.png","datePublished":"2015-04-10T04:47:38+00:00","dateModified":"2024-07-10T12:54:28+00:00","description":"Descubra los vuelos ch\u00e1rter m\u00e1s baratos para incentivos y eventos. Perm\u00edtanos ayudarle con sus necesidades de viajes de negocios o personales. P\u00f3ngase en contacto con nosotros para obtener m\u00e1s informaci\u00f3n.","breadcrumb":{"@id":"https:\/\/flighttime.de\/es\/individuelle-loesungen\/incentives-events-und-kongressreisen\/#breadcrumb"},"inLanguage":"es","potentialAction":[{"@type":"ReadAction","target":["https:\/\/flighttime.de\/es\/individuelle-loesungen\/incentives-events-und-kongressreisen\/"]}]},{"@type":"ImageObject","inLanguage":"es","@id":"https:\/\/flighttime.de\/es\/individuelle-loesungen\/incentives-events-und-kongressreisen\/#primaryimage","url":"https:\/\/flighttime.de\/wp-content\/uploads\/2026\/03\/Passagiere-mit-FlightTime-Mitarbeiter.png","contentUrl":"https:\/\/flighttime.de\/wp-content\/uploads\/2026\/03\/Passagiere-mit-FlightTime-Mitarbeiter.png","width":1408,"height":768},{"@type":"BreadcrumbList","@id":"https:\/\/flighttime.de\/es\/individuelle-loesungen\/incentives-events-und-kongressreisen\/#breadcrumb","itemListElement":[{"@type":"ListItem","position":1,"name":"Startseite","item":"https:\/\/flighttime.de\/es\/"},{"@type":"ListItem","position":2,"name":"Soluciones individuales","item":"https:\/\/flighttime.de\/es\/individuelle-loesungen\/"},{"@type":"ListItem","position":3,"name":"Incentivos, eventos y viajes de congresos"}]},{"@type":"WebSite","@id":"https:\/\/flighttime.de\/es\/#website","url":"https:\/\/flighttime.de\/es\/","name":"FlightTime","description":"","publisher":{"@id":"https:\/\/flighttime.de\/es\/#organization"},"potentialAction":[{"@type":"SearchAction","target":{"@type":"EntryPoint","urlTemplate":"https:\/\/flighttime.de\/es\/?s={search_term_string}"},"query-input":{"@type":"PropertyValueSpecification","valueRequired":true,"valueName":"search_term_string"}}],"inLanguage":"es"},{"@type":"Organization","@id":"https:\/\/flighttime.de\/es\/#organization","name":"FlightTime GmbH","url":"https:\/\/flighttime.de\/es\/","logo":{"@type":"ImageObject","inLanguage":"es","@id":"https:\/\/flighttime.de\/es\/#\/schema\/logo\/image\/","url":"https:\/\/flighttime.de\/wp-content\/uploads\/2024\/06\/placeholder_img.png","contentUrl":"https:\/\/flighttime.de\/wp-content\/uploads\/2024\/06\/placeholder_img.png","width":326,"height":203,"caption":"FlightTime GmbH"},"image":{"@id":"https:\/\/flighttime.de\/es\/#\/schema\/logo\/image\/"},"sameAs":["https:\/\/www.facebook.com\/FlightTime.gmbh","https:\/\/www.linkedin.com\/company\/flighttime-gmbh\/"]}]}},"_links":{"self":[{"href":"https:\/\/flighttime.de\/es\/wp-json\/wp\/v2\/pages\/4235","targetHints":{"allow":["GET"]}}],"collection":[{"href":"https:\/\/flighttime.de\/es\/wp-json\/wp\/v2\/pages"}],"about":[{"href":"https:\/\/flighttime.de\/es\/wp-json\/wp\/v2\/types\/page"}],"author":[{"embeddable":true,"href":"https:\/\/flighttime.de\/es\/wp-json\/wp\/v2\/users\/1"}],"replies":[{"embeddable":true,"href":"https:\/\/flighttime.de\/es\/wp-json\/wp\/v2\/comments?post=4235"}],"version-history":[{"count":0,"href":"https:\/\/flighttime.de\/es\/wp-json\/wp\/v2\/pages\/4235\/revisions"}],"up":[{"embeddable":true,"href":"https:\/\/flighttime.de\/es\/wp-json\/wp\/v2\/pages\/4205"}],"wp:featuredmedia":[{"embeddable":true,"href":"https:\/\/flighttime.de\/es\/wp-json\/wp\/v2\/media\/11127"}],"wp:attachment":[{"href":"https:\/\/flighttime.de\/es\/wp-json\/wp\/v2\/media?parent=4235"}],"curies":[{"name":"wp","href":"https:\/\/api.w.org\/{rel}","templated":true}]}}