{"id":4322,"date":"2015-04-24T14:42:40","date_gmt":"2015-04-24T12:42:40","guid":{"rendered":"https:\/\/flighttime.de\/?page_id=4322"},"modified":"2024-07-10T10:14:08","modified_gmt":"2024-07-10T10:14:08","slug":"tv-and-film-teams","status":"publish","type":"page","link":"https:\/\/flighttime.de\/es\/individuelle-loesungen\/tv-and-film-teams\/","title":{"rendered":"TV- und Film-Teams"},"content":{"rendered":"","protected":false},"excerpt":{"rendered":"","protected":false},"author":1,"featured_media":3315,"parent":4205,"menu_order":5,"comment_status":"closed","ping_status":"closed","template":"","meta":{"_acf_changed":false,"footnotes":""},"class_list":["post-4322","page","type-page","status-publish","has-post-thumbnail","hentry"],"acf":[],"yoast_head":"<!-- This site is optimized with the Yoast SEO Premium plugin v27.3 (Yoast SEO v27.3) - https:\/\/yoast.com\/product\/yoast-seo-premium-wordpress\/ -->\n<title>Alquiler de aviones de primera clase para la producci\u00f3n cinematogr\u00e1fica por FlightTime<\/title>\n<meta name=\"description\" content=\"Alcance la excelencia cinematogr\u00e1fica con el ch\u00e1rter de aeronaves especializado de FlightTime para la producci\u00f3n de pel\u00edculas, hecho a la medida de los equipos cinematogr\u00e1ficos. \u00a1Solicite un presupuesto hoy mismo!\" \/>\n<meta name=\"robots\" content=\"index, follow, max-snippet:-1, max-image-preview:large, max-video-preview:-1\" \/>\n<link rel=\"canonical\" href=\"https:\/\/flighttime.de\/es\/individuelle-loesungen\/tv-and-film-teams\/\" \/>\n<meta property=\"og:locale\" content=\"es_ES\" \/>\n<meta property=\"og:type\" content=\"article\" \/>\n<meta property=\"og:title\" content=\"TV- und Film-Teams\" \/>\n<meta property=\"og:description\" content=\"Alcance la excelencia cinematogr\u00e1fica con el ch\u00e1rter de aeronaves especializado de FlightTime para la producci\u00f3n de pel\u00edculas, hecho a la medida de los equipos cinematogr\u00e1ficos. \u00a1Solicite un presupuesto hoy mismo!\" \/>\n<meta property=\"og:url\" content=\"https:\/\/flighttime.de\/es\/individuelle-loesungen\/tv-and-film-teams\/\" \/>\n<meta property=\"article:publisher\" content=\"https:\/\/www.facebook.com\/FlightTime.gmbh\" \/>\n<meta property=\"article:modified_time\" content=\"2024-07-10T10:14:08+00:00\" \/>\n<meta property=\"og:image\" content=\"https:\/\/flighttime.de\/wp-content\/uploads\/2024\/06\/film-1927658_1920-1-e1719848128225.jpg\" \/>\n\t<meta property=\"og:image:width\" content=\"1920\" \/>\n\t<meta property=\"og:image:height\" content=\"855\" \/>\n\t<meta property=\"og:image:type\" content=\"image\/jpeg\" \/>\n<meta name=\"twitter:card\" content=\"summary_large_image\" \/>\n<meta name=\"twitter:label1\" content=\"Tiempo de lectura\" \/>\n\t<meta name=\"twitter:data1\" content=\"1 minuto\" \/>\n<script type=\"application\/ld+json\" class=\"yoast-schema-graph\">{\"@context\":\"https:\\\/\\\/schema.org\",\"@graph\":[{\"@type\":\"WebPage\",\"@id\":\"https:\\\/\\\/flighttime.de\\\/es\\\/individuelle-loesungen\\\/tv-and-film-teams\\\/\",\"url\":\"https:\\\/\\\/flighttime.de\\\/es\\\/individuelle-loesungen\\\/tv-and-film-teams\\\/\",\"name\":\"Alquiler de aviones de primera clase para la producci\u00f3n cinematogr\u00e1fica por FlightTime\",\"isPartOf\":{\"@id\":\"https:\\\/\\\/flighttime.de\\\/es\\\/#website\"},\"primaryImageOfPage\":{\"@id\":\"https:\\\/\\\/flighttime.de\\\/es\\\/individuelle-loesungen\\\/tv-and-film-teams\\\/#primaryimage\"},\"image\":{\"@id\":\"https:\\\/\\\/flighttime.de\\\/es\\\/individuelle-loesungen\\\/tv-and-film-teams\\\/#primaryimage\"},\"thumbnailUrl\":\"https:\\\/\\\/flighttime.de\\\/wp-content\\\/uploads\\\/2024\\\/06\\\/film-1927658_1920-1-e1719848128225.jpg\",\"datePublished\":\"2015-04-24T12:42:40+00:00\",\"dateModified\":\"2024-07-10T10:14:08+00:00\",\"description\":\"Alcance la excelencia cinematogr\u00e1fica con el ch\u00e1rter de aeronaves especializado de FlightTime para la producci\u00f3n de pel\u00edculas, hecho a la medida de los equipos cinematogr\u00e1ficos. \u00a1Solicite un presupuesto hoy mismo!\",\"breadcrumb\":{\"@id\":\"https:\\\/\\\/flighttime.de\\\/es\\\/individuelle-loesungen\\\/tv-and-film-teams\\\/#breadcrumb\"},\"inLanguage\":\"es\",\"potentialAction\":[{\"@type\":\"ReadAction\",\"target\":[\"https:\\\/\\\/flighttime.de\\\/es\\\/individuelle-loesungen\\\/tv-and-film-teams\\\/\"]}]},{\"@type\":\"ImageObject\",\"inLanguage\":\"es\",\"@id\":\"https:\\\/\\\/flighttime.de\\\/es\\\/individuelle-loesungen\\\/tv-and-film-teams\\\/#primaryimage\",\"url\":\"https:\\\/\\\/flighttime.de\\\/wp-content\\\/uploads\\\/2024\\\/06\\\/film-1927658_1920-1-e1719848128225.jpg\",\"contentUrl\":\"https:\\\/\\\/flighttime.de\\\/wp-content\\\/uploads\\\/2024\\\/06\\\/film-1927658_1920-1-e1719848128225.jpg\",\"width\":1920,\"height\":855,\"caption\":\"film-1927658_1920\"},{\"@type\":\"BreadcrumbList\",\"@id\":\"https:\\\/\\\/flighttime.de\\\/es\\\/individuelle-loesungen\\\/tv-and-film-teams\\\/#breadcrumb\",\"itemListElement\":[{\"@type\":\"ListItem\",\"position\":1,\"name\":\"Startseite\",\"item\":\"https:\\\/\\\/flighttime.de\\\/es\\\/\"},{\"@type\":\"ListItem\",\"position\":2,\"name\":\"Soluciones individuales\",\"item\":\"https:\\\/\\\/flighttime.de\\\/es\\\/individuelle-loesungen\\\/\"},{\"@type\":\"ListItem\",\"position\":3,\"name\":\"TV- und Film-Teams\"}]},{\"@type\":\"WebSite\",\"@id\":\"https:\\\/\\\/flighttime.de\\\/es\\\/#website\",\"url\":\"https:\\\/\\\/flighttime.de\\\/es\\\/\",\"name\":\"FlightTime\",\"description\":\"\",\"publisher\":{\"@id\":\"https:\\\/\\\/flighttime.de\\\/es\\\/#organization\"},\"potentialAction\":[{\"@type\":\"SearchAction\",\"target\":{\"@type\":\"EntryPoint\",\"urlTemplate\":\"https:\\\/\\\/flighttime.de\\\/es\\\/?s={search_term_string}\"},\"query-input\":{\"@type\":\"PropertyValueSpecification\",\"valueRequired\":true,\"valueName\":\"search_term_string\"}}],\"inLanguage\":\"es\"},{\"@type\":\"Organization\",\"@id\":\"https:\\\/\\\/flighttime.de\\\/es\\\/#organization\",\"name\":\"FlightTime GmbH\",\"url\":\"https:\\\/\\\/flighttime.de\\\/es\\\/\",\"logo\":{\"@type\":\"ImageObject\",\"inLanguage\":\"es\",\"@id\":\"https:\\\/\\\/flighttime.de\\\/es\\\/#\\\/schema\\\/logo\\\/image\\\/\",\"url\":\"https:\\\/\\\/flighttime.de\\\/wp-content\\\/uploads\\\/2024\\\/06\\\/placeholder_img.png\",\"contentUrl\":\"https:\\\/\\\/flighttime.de\\\/wp-content\\\/uploads\\\/2024\\\/06\\\/placeholder_img.png\",\"width\":326,\"height\":203,\"caption\":\"FlightTime GmbH\"},\"image\":{\"@id\":\"https:\\\/\\\/flighttime.de\\\/es\\\/#\\\/schema\\\/logo\\\/image\\\/\"},\"sameAs\":[\"https:\\\/\\\/www.facebook.com\\\/FlightTime.gmbh\",\"https:\\\/\\\/www.linkedin.com\\\/company\\\/flighttime-gmbh\\\/\"]}]}<\/script>\n<!-- \/ Yoast SEO Premium plugin. -->","yoast_head_json":{"title":"Alquiler de aviones de primera clase para la producci\u00f3n cinematogr\u00e1fica por FlightTime","description":"Alcance la excelencia cinematogr\u00e1fica con el ch\u00e1rter de aeronaves especializado de FlightTime para la producci\u00f3n de pel\u00edculas, hecho a la medida de los equipos cinematogr\u00e1ficos. \u00a1Solicite un presupuesto hoy mismo!","robots":{"index":"index","follow":"follow","max-snippet":"max-snippet:-1","max-image-preview":"max-image-preview:large","max-video-preview":"max-video-preview:-1"},"canonical":"https:\/\/flighttime.de\/es\/individuelle-loesungen\/tv-and-film-teams\/","og_locale":"es_ES","og_type":"article","og_title":"TV- und Film-Teams","og_description":"Alcance la excelencia cinematogr\u00e1fica con el ch\u00e1rter de aeronaves especializado de FlightTime para la producci\u00f3n de pel\u00edculas, hecho a la medida de los equipos cinematogr\u00e1ficos. \u00a1Solicite un presupuesto hoy mismo!","og_url":"https:\/\/flighttime.de\/es\/individuelle-loesungen\/tv-and-film-teams\/","article_publisher":"https:\/\/www.facebook.com\/FlightTime.gmbh","article_modified_time":"2024-07-10T10:14:08+00:00","og_image":[{"width":1920,"height":855,"url":"https:\/\/flighttime.de\/wp-content\/uploads\/2024\/06\/film-1927658_1920-1-e1719848128225.jpg","type":"image\/jpeg"}],"twitter_card":"summary_large_image","twitter_misc":{"Tiempo de lectura":"1 minuto"},"schema":{"@context":"https:\/\/schema.org","@graph":[{"@type":"WebPage","@id":"https:\/\/flighttime.de\/es\/individuelle-loesungen\/tv-and-film-teams\/","url":"https:\/\/flighttime.de\/es\/individuelle-loesungen\/tv-and-film-teams\/","name":"Alquiler de aviones de primera clase para la producci\u00f3n cinematogr\u00e1fica por FlightTime","isPartOf":{"@id":"https:\/\/flighttime.de\/es\/#website"},"primaryImageOfPage":{"@id":"https:\/\/flighttime.de\/es\/individuelle-loesungen\/tv-and-film-teams\/#primaryimage"},"image":{"@id":"https:\/\/flighttime.de\/es\/individuelle-loesungen\/tv-and-film-teams\/#primaryimage"},"thumbnailUrl":"https:\/\/flighttime.de\/wp-content\/uploads\/2024\/06\/film-1927658_1920-1-e1719848128225.jpg","datePublished":"2015-04-24T12:42:40+00:00","dateModified":"2024-07-10T10:14:08+00:00","description":"Alcance la excelencia cinematogr\u00e1fica con el ch\u00e1rter de aeronaves especializado de FlightTime para la producci\u00f3n de pel\u00edculas, hecho a la medida de los equipos cinematogr\u00e1ficos. \u00a1Solicite un presupuesto hoy mismo!","breadcrumb":{"@id":"https:\/\/flighttime.de\/es\/individuelle-loesungen\/tv-and-film-teams\/#breadcrumb"},"inLanguage":"es","potentialAction":[{"@type":"ReadAction","target":["https:\/\/flighttime.de\/es\/individuelle-loesungen\/tv-and-film-teams\/"]}]},{"@type":"ImageObject","inLanguage":"es","@id":"https:\/\/flighttime.de\/es\/individuelle-loesungen\/tv-and-film-teams\/#primaryimage","url":"https:\/\/flighttime.de\/wp-content\/uploads\/2024\/06\/film-1927658_1920-1-e1719848128225.jpg","contentUrl":"https:\/\/flighttime.de\/wp-content\/uploads\/2024\/06\/film-1927658_1920-1-e1719848128225.jpg","width":1920,"height":855,"caption":"film-1927658_1920"},{"@type":"BreadcrumbList","@id":"https:\/\/flighttime.de\/es\/individuelle-loesungen\/tv-and-film-teams\/#breadcrumb","itemListElement":[{"@type":"ListItem","position":1,"name":"Startseite","item":"https:\/\/flighttime.de\/es\/"},{"@type":"ListItem","position":2,"name":"Soluciones individuales","item":"https:\/\/flighttime.de\/es\/individuelle-loesungen\/"},{"@type":"ListItem","position":3,"name":"TV- und Film-Teams"}]},{"@type":"WebSite","@id":"https:\/\/flighttime.de\/es\/#website","url":"https:\/\/flighttime.de\/es\/","name":"FlightTime","description":"","publisher":{"@id":"https:\/\/flighttime.de\/es\/#organization"},"potentialAction":[{"@type":"SearchAction","target":{"@type":"EntryPoint","urlTemplate":"https:\/\/flighttime.de\/es\/?s={search_term_string}"},"query-input":{"@type":"PropertyValueSpecification","valueRequired":true,"valueName":"search_term_string"}}],"inLanguage":"es"},{"@type":"Organization","@id":"https:\/\/flighttime.de\/es\/#organization","name":"FlightTime GmbH","url":"https:\/\/flighttime.de\/es\/","logo":{"@type":"ImageObject","inLanguage":"es","@id":"https:\/\/flighttime.de\/es\/#\/schema\/logo\/image\/","url":"https:\/\/flighttime.de\/wp-content\/uploads\/2024\/06\/placeholder_img.png","contentUrl":"https:\/\/flighttime.de\/wp-content\/uploads\/2024\/06\/placeholder_img.png","width":326,"height":203,"caption":"FlightTime GmbH"},"image":{"@id":"https:\/\/flighttime.de\/es\/#\/schema\/logo\/image\/"},"sameAs":["https:\/\/www.facebook.com\/FlightTime.gmbh","https:\/\/www.linkedin.com\/company\/flighttime-gmbh\/"]}]}},"_links":{"self":[{"href":"https:\/\/flighttime.de\/es\/wp-json\/wp\/v2\/pages\/4322","targetHints":{"allow":["GET"]}}],"collection":[{"href":"https:\/\/flighttime.de\/es\/wp-json\/wp\/v2\/pages"}],"about":[{"href":"https:\/\/flighttime.de\/es\/wp-json\/wp\/v2\/types\/page"}],"author":[{"embeddable":true,"href":"https:\/\/flighttime.de\/es\/wp-json\/wp\/v2\/users\/1"}],"replies":[{"embeddable":true,"href":"https:\/\/flighttime.de\/es\/wp-json\/wp\/v2\/comments?post=4322"}],"version-history":[{"count":0,"href":"https:\/\/flighttime.de\/es\/wp-json\/wp\/v2\/pages\/4322\/revisions"}],"up":[{"embeddable":true,"href":"https:\/\/flighttime.de\/es\/wp-json\/wp\/v2\/pages\/4205"}],"wp:featuredmedia":[{"embeddable":true,"href":"https:\/\/flighttime.de\/es\/wp-json\/wp\/v2\/media\/3315"}],"wp:attachment":[{"href":"https:\/\/flighttime.de\/es\/wp-json\/wp\/v2\/media?parent=4322"}],"curies":[{"name":"wp","href":"https:\/\/api.w.org\/{rel}","templated":true}]}}