{"id":4644,"date":"2015-04-08T13:33:41","date_gmt":"2015-04-08T11:33:41","guid":{"rendered":"https:\/\/flighttime.de\/?page_id=4644"},"modified":"2025-01-30T08:37:26","modified_gmt":"2025-01-30T07:37:26","slug":"corporate-identity","status":"publish","type":"page","link":"https:\/\/flighttime.de\/es\/service\/corporate-identity\/","title":{"rendered":"Corporate Identity"},"content":{"rendered":"","protected":false},"excerpt":{"rendered":"","protected":false},"author":1,"featured_media":2093,"parent":4588,"menu_order":4,"comment_status":"closed","ping_status":"closed","template":"","meta":{"_acf_changed":false,"footnotes":""},"class_list":["post-4644","page","type-page","status-publish","has-post-thumbnail","hentry"],"acf":[],"yoast_head":"<!-- This site is optimized with the Yoast SEO Premium plugin v27.3 (Yoast SEO v27.3) - https:\/\/yoast.com\/product\/yoast-seo-premium-wordpress\/ -->\n<title>Visibilidad de su identidad corporativa | FlightTime<\/title>\n<meta name=\"description\" content=\"Somos expertos en integrar su identidad corporativa en los vuelos ch\u00e1rter, coloc\u00e1ndola en la zona de check-in, en la sala de espera, en la zona de embarque o directamente en el avi\u00f3n.\" \/>\n<meta name=\"robots\" content=\"index, follow, max-snippet:-1, max-image-preview:large, max-video-preview:-1\" \/>\n<link rel=\"canonical\" href=\"https:\/\/flighttime.de\/es\/service\/corporate-identity\/\" \/>\n<meta property=\"og:locale\" content=\"es_ES\" \/>\n<meta property=\"og:type\" content=\"article\" \/>\n<meta property=\"og:title\" content=\"Corporate Identity\" \/>\n<meta property=\"og:description\" content=\"Somos expertos en integrar su identidad corporativa en los vuelos ch\u00e1rter, coloc\u00e1ndola en la zona de check-in, en la sala de espera, en la zona de embarque o directamente en el avi\u00f3n.\" \/>\n<meta property=\"og:url\" content=\"https:\/\/flighttime.de\/es\/service\/corporate-identity\/\" \/>\n<meta property=\"article:publisher\" content=\"https:\/\/www.facebook.com\/FlightTime.gmbh\" \/>\n<meta property=\"article:modified_time\" content=\"2025-01-30T07:37:26+00:00\" \/>\n<meta property=\"og:image\" content=\"https:\/\/flighttime.de\/wp-content\/uploads\/2024\/06\/Cabinbranding.Hrc_.Flight_Time.jpg\" \/>\n\t<meta property=\"og:image:width\" content=\"1754\" \/>\n\t<meta property=\"og:image:height\" content=\"1240\" \/>\n\t<meta property=\"og:image:type\" content=\"image\/jpeg\" \/>\n<meta name=\"twitter:card\" content=\"summary_large_image\" \/>\n<meta name=\"twitter:label1\" content=\"Tiempo de lectura\" \/>\n\t<meta name=\"twitter:data1\" content=\"1 minuto\" \/>\n<script type=\"application\/ld+json\" class=\"yoast-schema-graph\">{\"@context\":\"https:\\\/\\\/schema.org\",\"@graph\":[{\"@type\":\"WebPage\",\"@id\":\"https:\\\/\\\/flighttime.de\\\/es\\\/service\\\/corporate-identity\\\/\",\"url\":\"https:\\\/\\\/flighttime.de\\\/es\\\/service\\\/corporate-identity\\\/\",\"name\":\"Visibilidad de su identidad corporativa | FlightTime\",\"isPartOf\":{\"@id\":\"https:\\\/\\\/flighttime.de\\\/es\\\/#website\"},\"primaryImageOfPage\":{\"@id\":\"https:\\\/\\\/flighttime.de\\\/es\\\/service\\\/corporate-identity\\\/#primaryimage\"},\"image\":{\"@id\":\"https:\\\/\\\/flighttime.de\\\/es\\\/service\\\/corporate-identity\\\/#primaryimage\"},\"thumbnailUrl\":\"https:\\\/\\\/flighttime.de\\\/wp-content\\\/uploads\\\/2024\\\/06\\\/Cabinbranding.Hrc_.Flight_Time.jpg\",\"datePublished\":\"2015-04-08T11:33:41+00:00\",\"dateModified\":\"2025-01-30T07:37:26+00:00\",\"description\":\"Somos expertos en integrar su identidad corporativa en los vuelos ch\u00e1rter, coloc\u00e1ndola en la zona de check-in, en la sala de espera, en la zona de embarque o directamente en el avi\u00f3n.\",\"breadcrumb\":{\"@id\":\"https:\\\/\\\/flighttime.de\\\/es\\\/service\\\/corporate-identity\\\/#breadcrumb\"},\"inLanguage\":\"es\",\"potentialAction\":[{\"@type\":\"ReadAction\",\"target\":[\"https:\\\/\\\/flighttime.de\\\/es\\\/service\\\/corporate-identity\\\/\"]}]},{\"@type\":\"ImageObject\",\"inLanguage\":\"es\",\"@id\":\"https:\\\/\\\/flighttime.de\\\/es\\\/service\\\/corporate-identity\\\/#primaryimage\",\"url\":\"https:\\\/\\\/flighttime.de\\\/wp-content\\\/uploads\\\/2024\\\/06\\\/Cabinbranding.Hrc_.Flight_Time.jpg\",\"contentUrl\":\"https:\\\/\\\/flighttime.de\\\/wp-content\\\/uploads\\\/2024\\\/06\\\/Cabinbranding.Hrc_.Flight_Time.jpg\",\"width\":1754,\"height\":1240,\"caption\":\"Cabinbranding.Hrc_.Flight_Time\"},{\"@type\":\"BreadcrumbList\",\"@id\":\"https:\\\/\\\/flighttime.de\\\/es\\\/service\\\/corporate-identity\\\/#breadcrumb\",\"itemListElement\":[{\"@type\":\"ListItem\",\"position\":1,\"name\":\"Startseite\",\"item\":\"https:\\\/\\\/flighttime.de\\\/es\\\/\"},{\"@type\":\"ListItem\",\"position\":2,\"name\":\"Servicios\",\"item\":\"https:\\\/\\\/flighttime.de\\\/es\\\/service\\\/\"},{\"@type\":\"ListItem\",\"position\":3,\"name\":\"Corporate Identity\"}]},{\"@type\":\"WebSite\",\"@id\":\"https:\\\/\\\/flighttime.de\\\/es\\\/#website\",\"url\":\"https:\\\/\\\/flighttime.de\\\/es\\\/\",\"name\":\"FlightTime\",\"description\":\"\",\"publisher\":{\"@id\":\"https:\\\/\\\/flighttime.de\\\/es\\\/#organization\"},\"potentialAction\":[{\"@type\":\"SearchAction\",\"target\":{\"@type\":\"EntryPoint\",\"urlTemplate\":\"https:\\\/\\\/flighttime.de\\\/es\\\/?s={search_term_string}\"},\"query-input\":{\"@type\":\"PropertyValueSpecification\",\"valueRequired\":true,\"valueName\":\"search_term_string\"}}],\"inLanguage\":\"es\"},{\"@type\":\"Organization\",\"@id\":\"https:\\\/\\\/flighttime.de\\\/es\\\/#organization\",\"name\":\"FlightTime GmbH\",\"url\":\"https:\\\/\\\/flighttime.de\\\/es\\\/\",\"logo\":{\"@type\":\"ImageObject\",\"inLanguage\":\"es\",\"@id\":\"https:\\\/\\\/flighttime.de\\\/es\\\/#\\\/schema\\\/logo\\\/image\\\/\",\"url\":\"https:\\\/\\\/flighttime.de\\\/wp-content\\\/uploads\\\/2024\\\/06\\\/placeholder_img.png\",\"contentUrl\":\"https:\\\/\\\/flighttime.de\\\/wp-content\\\/uploads\\\/2024\\\/06\\\/placeholder_img.png\",\"width\":326,\"height\":203,\"caption\":\"FlightTime GmbH\"},\"image\":{\"@id\":\"https:\\\/\\\/flighttime.de\\\/es\\\/#\\\/schema\\\/logo\\\/image\\\/\"},\"sameAs\":[\"https:\\\/\\\/www.facebook.com\\\/FlightTime.gmbh\",\"https:\\\/\\\/www.linkedin.com\\\/company\\\/flighttime-gmbh\\\/\"]}]}<\/script>\n<!-- \/ Yoast SEO Premium plugin. -->","yoast_head_json":{"title":"Visibilidad de su identidad corporativa | FlightTime","description":"Somos expertos en integrar su identidad corporativa en los vuelos ch\u00e1rter, coloc\u00e1ndola en la zona de check-in, en la sala de espera, en la zona de embarque o directamente en el avi\u00f3n.","robots":{"index":"index","follow":"follow","max-snippet":"max-snippet:-1","max-image-preview":"max-image-preview:large","max-video-preview":"max-video-preview:-1"},"canonical":"https:\/\/flighttime.de\/es\/service\/corporate-identity\/","og_locale":"es_ES","og_type":"article","og_title":"Corporate Identity","og_description":"Somos expertos en integrar su identidad corporativa en los vuelos ch\u00e1rter, coloc\u00e1ndola en la zona de check-in, en la sala de espera, en la zona de embarque o directamente en el avi\u00f3n.","og_url":"https:\/\/flighttime.de\/es\/service\/corporate-identity\/","article_publisher":"https:\/\/www.facebook.com\/FlightTime.gmbh","article_modified_time":"2025-01-30T07:37:26+00:00","og_image":[{"width":1754,"height":1240,"url":"https:\/\/flighttime.de\/wp-content\/uploads\/2024\/06\/Cabinbranding.Hrc_.Flight_Time.jpg","type":"image\/jpeg"}],"twitter_card":"summary_large_image","twitter_misc":{"Tiempo de lectura":"1 minuto"},"schema":{"@context":"https:\/\/schema.org","@graph":[{"@type":"WebPage","@id":"https:\/\/flighttime.de\/es\/service\/corporate-identity\/","url":"https:\/\/flighttime.de\/es\/service\/corporate-identity\/","name":"Visibilidad de su identidad corporativa | FlightTime","isPartOf":{"@id":"https:\/\/flighttime.de\/es\/#website"},"primaryImageOfPage":{"@id":"https:\/\/flighttime.de\/es\/service\/corporate-identity\/#primaryimage"},"image":{"@id":"https:\/\/flighttime.de\/es\/service\/corporate-identity\/#primaryimage"},"thumbnailUrl":"https:\/\/flighttime.de\/wp-content\/uploads\/2024\/06\/Cabinbranding.Hrc_.Flight_Time.jpg","datePublished":"2015-04-08T11:33:41+00:00","dateModified":"2025-01-30T07:37:26+00:00","description":"Somos expertos en integrar su identidad corporativa en los vuelos ch\u00e1rter, coloc\u00e1ndola en la zona de check-in, en la sala de espera, en la zona de embarque o directamente en el avi\u00f3n.","breadcrumb":{"@id":"https:\/\/flighttime.de\/es\/service\/corporate-identity\/#breadcrumb"},"inLanguage":"es","potentialAction":[{"@type":"ReadAction","target":["https:\/\/flighttime.de\/es\/service\/corporate-identity\/"]}]},{"@type":"ImageObject","inLanguage":"es","@id":"https:\/\/flighttime.de\/es\/service\/corporate-identity\/#primaryimage","url":"https:\/\/flighttime.de\/wp-content\/uploads\/2024\/06\/Cabinbranding.Hrc_.Flight_Time.jpg","contentUrl":"https:\/\/flighttime.de\/wp-content\/uploads\/2024\/06\/Cabinbranding.Hrc_.Flight_Time.jpg","width":1754,"height":1240,"caption":"Cabinbranding.Hrc_.Flight_Time"},{"@type":"BreadcrumbList","@id":"https:\/\/flighttime.de\/es\/service\/corporate-identity\/#breadcrumb","itemListElement":[{"@type":"ListItem","position":1,"name":"Startseite","item":"https:\/\/flighttime.de\/es\/"},{"@type":"ListItem","position":2,"name":"Servicios","item":"https:\/\/flighttime.de\/es\/service\/"},{"@type":"ListItem","position":3,"name":"Corporate Identity"}]},{"@type":"WebSite","@id":"https:\/\/flighttime.de\/es\/#website","url":"https:\/\/flighttime.de\/es\/","name":"FlightTime","description":"","publisher":{"@id":"https:\/\/flighttime.de\/es\/#organization"},"potentialAction":[{"@type":"SearchAction","target":{"@type":"EntryPoint","urlTemplate":"https:\/\/flighttime.de\/es\/?s={search_term_string}"},"query-input":{"@type":"PropertyValueSpecification","valueRequired":true,"valueName":"search_term_string"}}],"inLanguage":"es"},{"@type":"Organization","@id":"https:\/\/flighttime.de\/es\/#organization","name":"FlightTime GmbH","url":"https:\/\/flighttime.de\/es\/","logo":{"@type":"ImageObject","inLanguage":"es","@id":"https:\/\/flighttime.de\/es\/#\/schema\/logo\/image\/","url":"https:\/\/flighttime.de\/wp-content\/uploads\/2024\/06\/placeholder_img.png","contentUrl":"https:\/\/flighttime.de\/wp-content\/uploads\/2024\/06\/placeholder_img.png","width":326,"height":203,"caption":"FlightTime GmbH"},"image":{"@id":"https:\/\/flighttime.de\/es\/#\/schema\/logo\/image\/"},"sameAs":["https:\/\/www.facebook.com\/FlightTime.gmbh","https:\/\/www.linkedin.com\/company\/flighttime-gmbh\/"]}]}},"_links":{"self":[{"href":"https:\/\/flighttime.de\/es\/wp-json\/wp\/v2\/pages\/4644","targetHints":{"allow":["GET"]}}],"collection":[{"href":"https:\/\/flighttime.de\/es\/wp-json\/wp\/v2\/pages"}],"about":[{"href":"https:\/\/flighttime.de\/es\/wp-json\/wp\/v2\/types\/page"}],"author":[{"embeddable":true,"href":"https:\/\/flighttime.de\/es\/wp-json\/wp\/v2\/users\/1"}],"replies":[{"embeddable":true,"href":"https:\/\/flighttime.de\/es\/wp-json\/wp\/v2\/comments?post=4644"}],"version-history":[{"count":0,"href":"https:\/\/flighttime.de\/es\/wp-json\/wp\/v2\/pages\/4644\/revisions"}],"up":[{"embeddable":true,"href":"https:\/\/flighttime.de\/es\/wp-json\/wp\/v2\/pages\/4588"}],"wp:featuredmedia":[{"embeddable":true,"href":"https:\/\/flighttime.de\/es\/wp-json\/wp\/v2\/media\/2093"}],"wp:attachment":[{"href":"https:\/\/flighttime.de\/es\/wp-json\/wp\/v2\/media?parent=4644"}],"curies":[{"name":"wp","href":"https:\/\/api.w.org\/{rel}","templated":true}]}}