{"id":8877,"date":"2025-02-18T13:29:00","date_gmt":"2025-02-18T12:29:00","guid":{"rendered":"https:\/\/flighttime.de\/?page_id=8877"},"modified":"2025-03-10T11:07:56","modified_gmt":"2025-03-10T10:07:56","slug":"book-and-fly","status":"publish","type":"page","link":"https:\/\/flighttime.de\/es\/book-and-fly\/","title":{"rendered":"Book-and-Fly"},"content":{"rendered":"<p>Book-and-Fly es una innovadora plataforma de reservas (API) para su sitio web.<br \/>\nLos turoperadores y las aerol\u00edneas pueden utilizarla para crear directamente sus propios vuelos, publicarlos en su propio sitio web y hacerlos reservables para los clientes. La soluci\u00f3n es especialmente f\u00e1cil de usar y ofrece una integraci\u00f3n perfecta, lo que permite a los socios ofrecer vuelos de forma eficiente sin tener que desarrollar su propia y compleja infraestructura de reservas.<\/p>\n<p>Principales caracter\u00edsticas y ventajas de Book and Fly:<br \/>\nF\u00e1cil integraci\u00f3n: los operadores tur\u00edsticos y las aerol\u00edneas pueden integrar f\u00e1cilmente la plataforma de reservas en su sitio web actual. El proceso es sencillo y no requiere conocimientos t\u00e9cnicos especializados. Se requiere menos mano de obra.<br \/>\nDisponibilidad en tiempo real: la plataforma garantiza que todas las ofertas de vuelos propios est\u00e9n disponibles y se puedan reservar en tiempo real. Esto permite a los clientes reservar inmediatamente el vuelo que buscan sin tener que depender de confirmaciones o intervenciones manuales.<br \/>\nPersonalizaci\u00f3n: La plataforma puede adaptarse con flexibilidad a los requisitos de marca y dise\u00f1o de los operadores tur\u00edsticos y las aerol\u00edneas. Esto garantiza una identidad de marca coherente y una experiencia del cliente optimizada.<br \/>\nAmplia gama de m\u00e9todos de pago: Book and Fly ofrece una amplia gama de m\u00e9todos de pago para facilitar al m\u00e1ximo el proceso de reserva a los clientes<br \/>\nActualizaciones autom\u00e1ticas: La informaci\u00f3n sobre vuelos, como precios, disponibilidad y promociones, se actualiza autom\u00e1ticamente para que los socios puedan mostrar siempre datos actuales y correctos sin tener que preocuparse de actualizaciones manuales.<br \/>\nProcesos de reserva optimizados: La plataforma ofrece funciones de b\u00fasqueda y filtrado f\u00e1ciles de usar que facilitan a los clientes encontrar el vuelo adecuado. Adem\u00e1s, hay un proceso de reserva r\u00e1pido que hace que todo el proceso sea eficiente y agradable.<br \/>\nAn\u00e1lisis de datos y elaboraci\u00f3n de informes: los turoperadores y las aerol\u00edneas pueden consultar an\u00e1lisis e informes exhaustivos que proporcionan informaci\u00f3n valiosa sobre las tendencias de reserva y el comportamiento de los clientes. Esto permite desarrollar medidas de marketing y estrategias de precios espec\u00edficas.<br \/>\nEscalabilidad: La plataforma es escalable y puede ser utilizada tanto por peque\u00f1os touroperadores como por grandes aerol\u00edneas. Crece con las necesidades de los socios y puede ampliarse seg\u00fan sea necesario.<br \/>\nLa conexi\u00f3n con plataformas de distribuci\u00f3n internacionales como Skyscanner, booking.com, etc. es opcional.<\/p>\n<p>Book and Fly no s\u00f3lo simplifica la reserva de vuelos, sino que tambi\u00e9n permite a los socios gestionar y ofrecer sus propias ofertas de vuelos de forma eficaz y profesional. Es una soluci\u00f3n perfecta para las empresas que buscan ampliar su alcance y aumentar su base de clientes ofreciendo vuelos directamente a trav\u00e9s de su propia plataforma.<\/p>\n<p>Demo para la presentaci\u00f3n online: aqu\u00ed una aerol\u00ednea con jets semiprivados<\/p>\n<p>&nbsp;<\/p>\n","protected":false},"excerpt":{"rendered":"<p>Book-and-Fly es una innovadora plataforma de reservas (API) para su sitio web. Los turoperadores y las aerol\u00edneas pueden utilizarla para crear directamente sus propios vuelos, publicarlos en su propio sitio web y hacerlos reservables para los clientes. La soluci\u00f3n es especialmente f\u00e1cil de usar y ofrece una integraci\u00f3n perfecta, lo que permite a los socios [&hellip;]<\/p>\n","protected":false},"author":1,"featured_media":8552,"parent":0,"menu_order":0,"comment_status":"closed","ping_status":"closed","template":"","meta":{"_acf_changed":false,"footnotes":""},"class_list":["post-8877","page","type-page","status-publish","has-post-thumbnail","hentry"],"acf":[],"yoast_head":"<!-- This site is optimized with the Yoast SEO Premium plugin v27.3 (Yoast SEO v27.3) - https:\/\/yoast.com\/product\/yoast-seo-premium-wordpress\/ -->\n<title>Book-and-Fly -<\/title>\n<meta name=\"robots\" content=\"index, follow, max-snippet:-1, max-image-preview:large, max-video-preview:-1\" \/>\n<link rel=\"canonical\" href=\"https:\/\/flighttime.de\/es\/book-and-fly\/\" \/>\n<meta property=\"og:locale\" content=\"es_ES\" \/>\n<meta property=\"og:type\" content=\"article\" \/>\n<meta property=\"og:title\" content=\"Book-and-Fly\" \/>\n<meta property=\"og:description\" content=\"Book-and-Fly es una innovadora plataforma de reservas (API) para su sitio web. Los turoperadores y las aerol\u00edneas pueden utilizarla para crear directamente sus propios vuelos, publicarlos en su propio sitio web y hacerlos reservables para los clientes. La soluci\u00f3n es especialmente f\u00e1cil de usar y ofrece una integraci\u00f3n perfecta, lo que permite a los socios [&hellip;]\" \/>\n<meta property=\"og:url\" content=\"https:\/\/flighttime.de\/es\/book-and-fly\/\" \/>\n<meta property=\"article:publisher\" content=\"https:\/\/www.facebook.com\/FlightTime.gmbh\" \/>\n<meta property=\"article:modified_time\" content=\"2025-03-10T10:07:56+00:00\" \/>\n<meta property=\"og:image\" content=\"https:\/\/flighttime.de\/wp-content\/uploads\/2024\/07\/Firmenshuttle.jpg\" \/>\n\t<meta property=\"og:image:width\" content=\"500\" \/>\n\t<meta property=\"og:image:height\" content=\"281\" \/>\n\t<meta property=\"og:image:type\" content=\"image\/jpeg\" \/>\n<meta name=\"twitter:card\" content=\"summary_large_image\" \/>\n<meta name=\"twitter:label1\" content=\"Tiempo de lectura\" \/>\n\t<meta name=\"twitter:data1\" content=\"3 minutos\" \/>\n<script type=\"application\/ld+json\" class=\"yoast-schema-graph\">{\"@context\":\"https:\\\/\\\/schema.org\",\"@graph\":[{\"@type\":\"WebPage\",\"@id\":\"https:\\\/\\\/flighttime.de\\\/es\\\/book-and-fly\\\/\",\"url\":\"https:\\\/\\\/flighttime.de\\\/es\\\/book-and-fly\\\/\",\"name\":\"Book-and-Fly -\",\"isPartOf\":{\"@id\":\"https:\\\/\\\/flighttime.de\\\/es\\\/#website\"},\"primaryImageOfPage\":{\"@id\":\"https:\\\/\\\/flighttime.de\\\/es\\\/book-and-fly\\\/#primaryimage\"},\"image\":{\"@id\":\"https:\\\/\\\/flighttime.de\\\/es\\\/book-and-fly\\\/#primaryimage\"},\"thumbnailUrl\":\"https:\\\/\\\/flighttime.de\\\/wp-content\\\/uploads\\\/2024\\\/12\\\/erj135-9.jpg\",\"datePublished\":\"2025-02-18T12:29:00+00:00\",\"dateModified\":\"2025-03-10T10:07:56+00:00\",\"breadcrumb\":{\"@id\":\"https:\\\/\\\/flighttime.de\\\/es\\\/book-and-fly\\\/#breadcrumb\"},\"inLanguage\":\"es\",\"potentialAction\":[{\"@type\":\"ReadAction\",\"target\":[\"https:\\\/\\\/flighttime.de\\\/es\\\/book-and-fly\\\/\"]}]},{\"@type\":\"ImageObject\",\"inLanguage\":\"es\",\"@id\":\"https:\\\/\\\/flighttime.de\\\/es\\\/book-and-fly\\\/#primaryimage\",\"url\":\"https:\\\/\\\/flighttime.de\\\/wp-content\\\/uploads\\\/2024\\\/12\\\/erj135-9.jpg\",\"contentUrl\":\"https:\\\/\\\/flighttime.de\\\/wp-content\\\/uploads\\\/2024\\\/12\\\/erj135-9.jpg\",\"width\":1600,\"height\":1200,\"caption\":\"Embraer ERJ135 Cabin mit\"},{\"@type\":\"BreadcrumbList\",\"@id\":\"https:\\\/\\\/flighttime.de\\\/es\\\/book-and-fly\\\/#breadcrumb\",\"itemListElement\":[{\"@type\":\"ListItem\",\"position\":1,\"name\":\"Startseite\",\"item\":\"https:\\\/\\\/flighttime.de\\\/es\\\/\"},{\"@type\":\"ListItem\",\"position\":2,\"name\":\"Book-and-Fly\"}]},{\"@type\":\"WebSite\",\"@id\":\"https:\\\/\\\/flighttime.de\\\/es\\\/#website\",\"url\":\"https:\\\/\\\/flighttime.de\\\/es\\\/\",\"name\":\"FlightTime\",\"description\":\"\",\"publisher\":{\"@id\":\"https:\\\/\\\/flighttime.de\\\/es\\\/#organization\"},\"potentialAction\":[{\"@type\":\"SearchAction\",\"target\":{\"@type\":\"EntryPoint\",\"urlTemplate\":\"https:\\\/\\\/flighttime.de\\\/es\\\/?s={search_term_string}\"},\"query-input\":{\"@type\":\"PropertyValueSpecification\",\"valueRequired\":true,\"valueName\":\"search_term_string\"}}],\"inLanguage\":\"es\"},{\"@type\":\"Organization\",\"@id\":\"https:\\\/\\\/flighttime.de\\\/es\\\/#organization\",\"name\":\"FlightTime GmbH\",\"url\":\"https:\\\/\\\/flighttime.de\\\/es\\\/\",\"logo\":{\"@type\":\"ImageObject\",\"inLanguage\":\"es\",\"@id\":\"https:\\\/\\\/flighttime.de\\\/es\\\/#\\\/schema\\\/logo\\\/image\\\/\",\"url\":\"https:\\\/\\\/flighttime.de\\\/wp-content\\\/uploads\\\/2024\\\/06\\\/placeholder_img.png\",\"contentUrl\":\"https:\\\/\\\/flighttime.de\\\/wp-content\\\/uploads\\\/2024\\\/06\\\/placeholder_img.png\",\"width\":326,\"height\":203,\"caption\":\"FlightTime GmbH\"},\"image\":{\"@id\":\"https:\\\/\\\/flighttime.de\\\/es\\\/#\\\/schema\\\/logo\\\/image\\\/\"},\"sameAs\":[\"https:\\\/\\\/www.facebook.com\\\/FlightTime.gmbh\",\"https:\\\/\\\/www.linkedin.com\\\/company\\\/flighttime-gmbh\\\/\"]}]}<\/script>\n<!-- \/ Yoast SEO Premium plugin. -->","yoast_head_json":{"title":"Book-and-Fly -","robots":{"index":"index","follow":"follow","max-snippet":"max-snippet:-1","max-image-preview":"max-image-preview:large","max-video-preview":"max-video-preview:-1"},"canonical":"https:\/\/flighttime.de\/es\/book-and-fly\/","og_locale":"es_ES","og_type":"article","og_title":"Book-and-Fly","og_description":"Book-and-Fly es una innovadora plataforma de reservas (API) para su sitio web. Los turoperadores y las aerol\u00edneas pueden utilizarla para crear directamente sus propios vuelos, publicarlos en su propio sitio web y hacerlos reservables para los clientes. La soluci\u00f3n es especialmente f\u00e1cil de usar y ofrece una integraci\u00f3n perfecta, lo que permite a los socios [&hellip;]","og_url":"https:\/\/flighttime.de\/es\/book-and-fly\/","article_publisher":"https:\/\/www.facebook.com\/FlightTime.gmbh","article_modified_time":"2025-03-10T10:07:56+00:00","og_image":[{"width":500,"height":281,"url":"https:\/\/flighttime.de\/wp-content\/uploads\/2024\/07\/Firmenshuttle.jpg","type":"image\/jpeg"}],"twitter_card":"summary_large_image","twitter_misc":{"Tiempo de lectura":"3 minutos"},"schema":{"@context":"https:\/\/schema.org","@graph":[{"@type":"WebPage","@id":"https:\/\/flighttime.de\/es\/book-and-fly\/","url":"https:\/\/flighttime.de\/es\/book-and-fly\/","name":"Book-and-Fly -","isPartOf":{"@id":"https:\/\/flighttime.de\/es\/#website"},"primaryImageOfPage":{"@id":"https:\/\/flighttime.de\/es\/book-and-fly\/#primaryimage"},"image":{"@id":"https:\/\/flighttime.de\/es\/book-and-fly\/#primaryimage"},"thumbnailUrl":"https:\/\/flighttime.de\/wp-content\/uploads\/2024\/12\/erj135-9.jpg","datePublished":"2025-02-18T12:29:00+00:00","dateModified":"2025-03-10T10:07:56+00:00","breadcrumb":{"@id":"https:\/\/flighttime.de\/es\/book-and-fly\/#breadcrumb"},"inLanguage":"es","potentialAction":[{"@type":"ReadAction","target":["https:\/\/flighttime.de\/es\/book-and-fly\/"]}]},{"@type":"ImageObject","inLanguage":"es","@id":"https:\/\/flighttime.de\/es\/book-and-fly\/#primaryimage","url":"https:\/\/flighttime.de\/wp-content\/uploads\/2024\/12\/erj135-9.jpg","contentUrl":"https:\/\/flighttime.de\/wp-content\/uploads\/2024\/12\/erj135-9.jpg","width":1600,"height":1200,"caption":"Embraer ERJ135 Cabin mit"},{"@type":"BreadcrumbList","@id":"https:\/\/flighttime.de\/es\/book-and-fly\/#breadcrumb","itemListElement":[{"@type":"ListItem","position":1,"name":"Startseite","item":"https:\/\/flighttime.de\/es\/"},{"@type":"ListItem","position":2,"name":"Book-and-Fly"}]},{"@type":"WebSite","@id":"https:\/\/flighttime.de\/es\/#website","url":"https:\/\/flighttime.de\/es\/","name":"FlightTime","description":"","publisher":{"@id":"https:\/\/flighttime.de\/es\/#organization"},"potentialAction":[{"@type":"SearchAction","target":{"@type":"EntryPoint","urlTemplate":"https:\/\/flighttime.de\/es\/?s={search_term_string}"},"query-input":{"@type":"PropertyValueSpecification","valueRequired":true,"valueName":"search_term_string"}}],"inLanguage":"es"},{"@type":"Organization","@id":"https:\/\/flighttime.de\/es\/#organization","name":"FlightTime GmbH","url":"https:\/\/flighttime.de\/es\/","logo":{"@type":"ImageObject","inLanguage":"es","@id":"https:\/\/flighttime.de\/es\/#\/schema\/logo\/image\/","url":"https:\/\/flighttime.de\/wp-content\/uploads\/2024\/06\/placeholder_img.png","contentUrl":"https:\/\/flighttime.de\/wp-content\/uploads\/2024\/06\/placeholder_img.png","width":326,"height":203,"caption":"FlightTime GmbH"},"image":{"@id":"https:\/\/flighttime.de\/es\/#\/schema\/logo\/image\/"},"sameAs":["https:\/\/www.facebook.com\/FlightTime.gmbh","https:\/\/www.linkedin.com\/company\/flighttime-gmbh\/"]}]}},"_links":{"self":[{"href":"https:\/\/flighttime.de\/es\/wp-json\/wp\/v2\/pages\/8877","targetHints":{"allow":["GET"]}}],"collection":[{"href":"https:\/\/flighttime.de\/es\/wp-json\/wp\/v2\/pages"}],"about":[{"href":"https:\/\/flighttime.de\/es\/wp-json\/wp\/v2\/types\/page"}],"author":[{"embeddable":true,"href":"https:\/\/flighttime.de\/es\/wp-json\/wp\/v2\/users\/1"}],"replies":[{"embeddable":true,"href":"https:\/\/flighttime.de\/es\/wp-json\/wp\/v2\/comments?post=8877"}],"version-history":[{"count":0,"href":"https:\/\/flighttime.de\/es\/wp-json\/wp\/v2\/pages\/8877\/revisions"}],"wp:featuredmedia":[{"embeddable":true,"href":"https:\/\/flighttime.de\/es\/wp-json\/wp\/v2\/media\/8552"}],"wp:attachment":[{"href":"https:\/\/flighttime.de\/es\/wp-json\/wp\/v2\/media?parent=8877"}],"curies":[{"name":"wp","href":"https:\/\/api.w.org\/{rel}","templated":true}]}}