{"id":9067,"date":"2025-03-25T17:17:00","date_gmt":"2025-03-25T16:17:00","guid":{"rendered":"https:\/\/flighttime.de\/?page_id=9067"},"modified":"2025-04-07T15:31:08","modified_gmt":"2025-04-07T13:31:08","slug":"9067-2","status":"publish","type":"page","link":"https:\/\/flighttime.de\/es\/unternehmen\/9067-2\/","title":{"rendered":"Qui\u00e9nes somos"},"content":{"rendered":"<p>Bienvenido a FlightTime GmbH &#8211; su socio de confianza para viajes a\u00e9reos y soluciones de movilidad personalizadas desde hace m\u00e1s de 30 a\u00f1os. Con pasi\u00f3n por volar y un claro enfoque en la satisfacci\u00f3n del cliente, nuestra misi\u00f3n es proporcionarle una experiencia de viaje inolvidable.<\/p>\n<p>Nuestra misi\u00f3n<\/p>\n<p>En FlightTime GmbH creemos que viajar es m\u00e1s que un destino, es una experiencia. Nuestra misi\u00f3n es ofrecerle el mejor servicio posible para que pueda disfrutar al m\u00e1ximo de su viaje. Nos centramos en la transparencia, la fiabilidad y los m\u00e1s altos est\u00e1ndares de seguridad para asegurarnos de que se sienta en buenas manos.<\/p>\n<p>Nuestros servicios<\/p>\n<p>Ofrecemos una amplia gama de servicios de vuelo adaptados a las necesidades de nuestros clientes. Tanto si viaja por negocios como por placer, le ayudaremos a encontrar las mejores conexiones a\u00e9reas y a planificar su viaje de forma \u00f3ptima. Nuestro equipo especializado est\u00e1 siempre a su disposici\u00f3n para ayudarle a reservar, cambiar de reserva o cancelar sus vuelos.<\/p>\n<p>Nuestros socios<\/p>\n<p>FlightTime GmbH trabaja con varias compa\u00f1\u00edas a\u00e9reas de renombre para ofrecerle las mejores opciones y precios. A trav\u00e9s de nuestras fuertes asociaciones, podemos ofrecerle una amplia gama de destinos y horarios de vuelo para satisfacer sus necesidades individuales.<\/p>\n<p>Satisfacci\u00f3n del cliente<\/p>\n<p>La satisfacci\u00f3n de nuestros clientes es nuestra m\u00e1xima prioridad. Escuchamos sus comentarios y trabajamos continuamente para mejorar nuestros servicios. Nuestro objetivo no es s\u00f3lo cumplir sus expectativas, sino superarlas.<\/p>\n<p>P\u00f3ngase en contacto con nosotros<\/p>\n<p>Estamos deseando acompa\u00f1arle en su pr\u00f3ximo viaje. Si tiene alguna pregunta o consulta sobre reservas, no dude en ponerse en contacto con nosotros. Planifiquemos juntos su pr\u00f3ximo vuelo &#8211; con FlightTime GmbH, cada viaje se convierte en una experiencia especial.<\/p>\n<p>&nbsp;<\/p>\n","protected":false},"excerpt":{"rendered":"<p>Bienvenido a FlightTime GmbH &#8211; su socio de confianza para viajes a\u00e9reos y soluciones de movilidad personalizadas desde hace m\u00e1s de 30 a\u00f1os. Con pasi\u00f3n por volar y un claro enfoque en la satisfacci\u00f3n del cliente, nuestra misi\u00f3n es proporcionarle una experiencia de viaje inolvidable. Nuestra misi\u00f3n En FlightTime GmbH creemos que viajar es m\u00e1s [&hellip;]<\/p>\n","protected":false},"author":1,"featured_media":5404,"parent":2114,"menu_order":1,"comment_status":"closed","ping_status":"closed","template":"","meta":{"_acf_changed":false,"footnotes":""},"class_list":["post-9067","page","type-page","status-publish","has-post-thumbnail","hentry"],"acf":[],"yoast_head":"<!-- This site is optimized with the Yoast SEO Premium plugin v27.3 (Yoast SEO v27.3) - https:\/\/yoast.com\/product\/yoast-seo-premium-wordpress\/ -->\n<title>Qui\u00e9nes somos -<\/title>\n<meta name=\"robots\" content=\"index, follow, max-snippet:-1, max-image-preview:large, max-video-preview:-1\" \/>\n<link rel=\"canonical\" href=\"https:\/\/flighttime.de\/es\/unternehmen\/9067-2\/\" \/>\n<meta property=\"og:locale\" content=\"es_ES\" \/>\n<meta property=\"og:type\" content=\"article\" \/>\n<meta property=\"og:title\" content=\"Qui\u00e9nes somos\" \/>\n<meta property=\"og:description\" content=\"Bienvenido a FlightTime GmbH &#8211; su socio de confianza para viajes a\u00e9reos y soluciones de movilidad personalizadas desde hace m\u00e1s de 30 a\u00f1os. Con pasi\u00f3n por volar y un claro enfoque en la satisfacci\u00f3n del cliente, nuestra misi\u00f3n es proporcionarle una experiencia de viaje inolvidable. Nuestra misi\u00f3n En FlightTime GmbH creemos que viajar es m\u00e1s [&hellip;]\" \/>\n<meta property=\"og:url\" content=\"https:\/\/flighttime.de\/es\/unternehmen\/9067-2\/\" \/>\n<meta property=\"article:publisher\" content=\"https:\/\/www.facebook.com\/FlightTime.gmbh\" \/>\n<meta property=\"article:modified_time\" content=\"2025-04-07T13:31:08+00:00\" \/>\n<meta property=\"og:image\" content=\"https:\/\/flighttime.de\/wp-content\/uploads\/2024\/06\/flieger_start_fuer_banner-1-scaled.jpg\" \/>\n\t<meta property=\"og:image:width\" content=\"2560\" \/>\n\t<meta property=\"og:image:height\" content=\"1391\" \/>\n\t<meta property=\"og:image:type\" content=\"image\/jpeg\" \/>\n<meta name=\"twitter:card\" content=\"summary_large_image\" \/>\n<meta name=\"twitter:label1\" content=\"Tiempo de lectura\" \/>\n\t<meta name=\"twitter:data1\" content=\"2 minutos\" \/>\n<script type=\"application\/ld+json\" class=\"yoast-schema-graph\">{\"@context\":\"https:\\\/\\\/schema.org\",\"@graph\":[{\"@type\":\"WebPage\",\"@id\":\"https:\\\/\\\/flighttime.de\\\/es\\\/unternehmen\\\/9067-2\\\/\",\"url\":\"https:\\\/\\\/flighttime.de\\\/es\\\/unternehmen\\\/9067-2\\\/\",\"name\":\"Qui\u00e9nes somos -\",\"isPartOf\":{\"@id\":\"https:\\\/\\\/flighttime.de\\\/es\\\/#website\"},\"primaryImageOfPage\":{\"@id\":\"https:\\\/\\\/flighttime.de\\\/es\\\/unternehmen\\\/9067-2\\\/#primaryimage\"},\"image\":{\"@id\":\"https:\\\/\\\/flighttime.de\\\/es\\\/unternehmen\\\/9067-2\\\/#primaryimage\"},\"thumbnailUrl\":\"https:\\\/\\\/flighttime.de\\\/wp-content\\\/uploads\\\/2024\\\/06\\\/flieger_start_fuer_banner-1-scaled.jpg\",\"datePublished\":\"2025-03-25T16:17:00+00:00\",\"dateModified\":\"2025-04-07T13:31:08+00:00\",\"breadcrumb\":{\"@id\":\"https:\\\/\\\/flighttime.de\\\/es\\\/unternehmen\\\/9067-2\\\/#breadcrumb\"},\"inLanguage\":\"es\",\"potentialAction\":[{\"@type\":\"ReadAction\",\"target\":[\"https:\\\/\\\/flighttime.de\\\/es\\\/unternehmen\\\/9067-2\\\/\"]}]},{\"@type\":\"ImageObject\",\"inLanguage\":\"es\",\"@id\":\"https:\\\/\\\/flighttime.de\\\/es\\\/unternehmen\\\/9067-2\\\/#primaryimage\",\"url\":\"https:\\\/\\\/flighttime.de\\\/wp-content\\\/uploads\\\/2024\\\/06\\\/flieger_start_fuer_banner-1-scaled.jpg\",\"contentUrl\":\"https:\\\/\\\/flighttime.de\\\/wp-content\\\/uploads\\\/2024\\\/06\\\/flieger_start_fuer_banner-1-scaled.jpg\",\"width\":2560,\"height\":1391,\"caption\":\"FlightTime - airtravel, perfected\"},{\"@type\":\"BreadcrumbList\",\"@id\":\"https:\\\/\\\/flighttime.de\\\/es\\\/unternehmen\\\/9067-2\\\/#breadcrumb\",\"itemListElement\":[{\"@type\":\"ListItem\",\"position\":1,\"name\":\"Startseite\",\"item\":\"https:\\\/\\\/flighttime.de\\\/es\\\/\"},{\"@type\":\"ListItem\",\"position\":2,\"name\":\"La Empresa\",\"item\":\"https:\\\/\\\/flighttime.de\\\/es\\\/unternehmen\\\/\"},{\"@type\":\"ListItem\",\"position\":3,\"name\":\"Qui\u00e9nes somos\"}]},{\"@type\":\"WebSite\",\"@id\":\"https:\\\/\\\/flighttime.de\\\/es\\\/#website\",\"url\":\"https:\\\/\\\/flighttime.de\\\/es\\\/\",\"name\":\"FlightTime\",\"description\":\"\",\"publisher\":{\"@id\":\"https:\\\/\\\/flighttime.de\\\/es\\\/#organization\"},\"potentialAction\":[{\"@type\":\"SearchAction\",\"target\":{\"@type\":\"EntryPoint\",\"urlTemplate\":\"https:\\\/\\\/flighttime.de\\\/es\\\/?s={search_term_string}\"},\"query-input\":{\"@type\":\"PropertyValueSpecification\",\"valueRequired\":true,\"valueName\":\"search_term_string\"}}],\"inLanguage\":\"es\"},{\"@type\":\"Organization\",\"@id\":\"https:\\\/\\\/flighttime.de\\\/es\\\/#organization\",\"name\":\"FlightTime GmbH\",\"url\":\"https:\\\/\\\/flighttime.de\\\/es\\\/\",\"logo\":{\"@type\":\"ImageObject\",\"inLanguage\":\"es\",\"@id\":\"https:\\\/\\\/flighttime.de\\\/es\\\/#\\\/schema\\\/logo\\\/image\\\/\",\"url\":\"https:\\\/\\\/flighttime.de\\\/wp-content\\\/uploads\\\/2024\\\/06\\\/placeholder_img.png\",\"contentUrl\":\"https:\\\/\\\/flighttime.de\\\/wp-content\\\/uploads\\\/2024\\\/06\\\/placeholder_img.png\",\"width\":326,\"height\":203,\"caption\":\"FlightTime GmbH\"},\"image\":{\"@id\":\"https:\\\/\\\/flighttime.de\\\/es\\\/#\\\/schema\\\/logo\\\/image\\\/\"},\"sameAs\":[\"https:\\\/\\\/www.facebook.com\\\/FlightTime.gmbh\",\"https:\\\/\\\/www.linkedin.com\\\/company\\\/flighttime-gmbh\\\/\"]}]}<\/script>\n<!-- \/ Yoast SEO Premium plugin. -->","yoast_head_json":{"title":"Qui\u00e9nes somos -","robots":{"index":"index","follow":"follow","max-snippet":"max-snippet:-1","max-image-preview":"max-image-preview:large","max-video-preview":"max-video-preview:-1"},"canonical":"https:\/\/flighttime.de\/es\/unternehmen\/9067-2\/","og_locale":"es_ES","og_type":"article","og_title":"Qui\u00e9nes somos","og_description":"Bienvenido a FlightTime GmbH &#8211; su socio de confianza para viajes a\u00e9reos y soluciones de movilidad personalizadas desde hace m\u00e1s de 30 a\u00f1os. Con pasi\u00f3n por volar y un claro enfoque en la satisfacci\u00f3n del cliente, nuestra misi\u00f3n es proporcionarle una experiencia de viaje inolvidable. Nuestra misi\u00f3n En FlightTime GmbH creemos que viajar es m\u00e1s [&hellip;]","og_url":"https:\/\/flighttime.de\/es\/unternehmen\/9067-2\/","article_publisher":"https:\/\/www.facebook.com\/FlightTime.gmbh","article_modified_time":"2025-04-07T13:31:08+00:00","og_image":[{"width":2560,"height":1391,"url":"https:\/\/flighttime.de\/wp-content\/uploads\/2024\/06\/flieger_start_fuer_banner-1-scaled.jpg","type":"image\/jpeg"}],"twitter_card":"summary_large_image","twitter_misc":{"Tiempo de lectura":"2 minutos"},"schema":{"@context":"https:\/\/schema.org","@graph":[{"@type":"WebPage","@id":"https:\/\/flighttime.de\/es\/unternehmen\/9067-2\/","url":"https:\/\/flighttime.de\/es\/unternehmen\/9067-2\/","name":"Qui\u00e9nes somos -","isPartOf":{"@id":"https:\/\/flighttime.de\/es\/#website"},"primaryImageOfPage":{"@id":"https:\/\/flighttime.de\/es\/unternehmen\/9067-2\/#primaryimage"},"image":{"@id":"https:\/\/flighttime.de\/es\/unternehmen\/9067-2\/#primaryimage"},"thumbnailUrl":"https:\/\/flighttime.de\/wp-content\/uploads\/2024\/06\/flieger_start_fuer_banner-1-scaled.jpg","datePublished":"2025-03-25T16:17:00+00:00","dateModified":"2025-04-07T13:31:08+00:00","breadcrumb":{"@id":"https:\/\/flighttime.de\/es\/unternehmen\/9067-2\/#breadcrumb"},"inLanguage":"es","potentialAction":[{"@type":"ReadAction","target":["https:\/\/flighttime.de\/es\/unternehmen\/9067-2\/"]}]},{"@type":"ImageObject","inLanguage":"es","@id":"https:\/\/flighttime.de\/es\/unternehmen\/9067-2\/#primaryimage","url":"https:\/\/flighttime.de\/wp-content\/uploads\/2024\/06\/flieger_start_fuer_banner-1-scaled.jpg","contentUrl":"https:\/\/flighttime.de\/wp-content\/uploads\/2024\/06\/flieger_start_fuer_banner-1-scaled.jpg","width":2560,"height":1391,"caption":"FlightTime - airtravel, perfected"},{"@type":"BreadcrumbList","@id":"https:\/\/flighttime.de\/es\/unternehmen\/9067-2\/#breadcrumb","itemListElement":[{"@type":"ListItem","position":1,"name":"Startseite","item":"https:\/\/flighttime.de\/es\/"},{"@type":"ListItem","position":2,"name":"La Empresa","item":"https:\/\/flighttime.de\/es\/unternehmen\/"},{"@type":"ListItem","position":3,"name":"Qui\u00e9nes somos"}]},{"@type":"WebSite","@id":"https:\/\/flighttime.de\/es\/#website","url":"https:\/\/flighttime.de\/es\/","name":"FlightTime","description":"","publisher":{"@id":"https:\/\/flighttime.de\/es\/#organization"},"potentialAction":[{"@type":"SearchAction","target":{"@type":"EntryPoint","urlTemplate":"https:\/\/flighttime.de\/es\/?s={search_term_string}"},"query-input":{"@type":"PropertyValueSpecification","valueRequired":true,"valueName":"search_term_string"}}],"inLanguage":"es"},{"@type":"Organization","@id":"https:\/\/flighttime.de\/es\/#organization","name":"FlightTime GmbH","url":"https:\/\/flighttime.de\/es\/","logo":{"@type":"ImageObject","inLanguage":"es","@id":"https:\/\/flighttime.de\/es\/#\/schema\/logo\/image\/","url":"https:\/\/flighttime.de\/wp-content\/uploads\/2024\/06\/placeholder_img.png","contentUrl":"https:\/\/flighttime.de\/wp-content\/uploads\/2024\/06\/placeholder_img.png","width":326,"height":203,"caption":"FlightTime GmbH"},"image":{"@id":"https:\/\/flighttime.de\/es\/#\/schema\/logo\/image\/"},"sameAs":["https:\/\/www.facebook.com\/FlightTime.gmbh","https:\/\/www.linkedin.com\/company\/flighttime-gmbh\/"]}]}},"_links":{"self":[{"href":"https:\/\/flighttime.de\/es\/wp-json\/wp\/v2\/pages\/9067","targetHints":{"allow":["GET"]}}],"collection":[{"href":"https:\/\/flighttime.de\/es\/wp-json\/wp\/v2\/pages"}],"about":[{"href":"https:\/\/flighttime.de\/es\/wp-json\/wp\/v2\/types\/page"}],"author":[{"embeddable":true,"href":"https:\/\/flighttime.de\/es\/wp-json\/wp\/v2\/users\/1"}],"replies":[{"embeddable":true,"href":"https:\/\/flighttime.de\/es\/wp-json\/wp\/v2\/comments?post=9067"}],"version-history":[{"count":0,"href":"https:\/\/flighttime.de\/es\/wp-json\/wp\/v2\/pages\/9067\/revisions"}],"up":[{"embeddable":true,"href":"https:\/\/flighttime.de\/es\/wp-json\/wp\/v2\/pages\/2114"}],"wp:featuredmedia":[{"embeddable":true,"href":"https:\/\/flighttime.de\/es\/wp-json\/wp\/v2\/media\/5404"}],"wp:attachment":[{"href":"https:\/\/flighttime.de\/es\/wp-json\/wp\/v2\/media?parent=9067"}],"curies":[{"name":"wp","href":"https:\/\/api.w.org\/{rel}","templated":true}]}}