{"id":9997,"date":"2025-10-23T16:40:35","date_gmt":"2025-10-23T14:40:35","guid":{"rendered":"https:\/\/flighttime.de\/?page_id=9997"},"modified":"2025-10-24T11:53:36","modified_gmt":"2025-10-24T09:53:36","slug":"alquila-tu-jet-privado","status":"publish","type":"page","link":"https:\/\/flighttime.de\/es\/alquila-tu-jet-privado\/","title":{"rendered":"Alquila tu Jet Privado"},"content":{"rendered":"<h2 data-start=\"563\" data-end=\"654\">\ud83d\udee9\ufe0f Alquila tu Jet Privado con FlightTime \u2013 Libertad para Volar Donde y Cuando Quieras<\/h2>\n<h3 data-start=\"656\" data-end=\"704\">Lujo, Privacidad y Comodidad en Cada Vuelo<\/h3>\n<p data-start=\"706\" data-end=\"1010\">Bienvenido a <strong data-start=\"719\" data-end=\"733\">FlightTime<\/strong>, tu socio de confianza en <strong data-start=\"760\" data-end=\"806\">alquiler de jets privados y vuelos charter<\/strong> en <strong data-start=\"810\" data-end=\"844\">Espa\u00f1a, Europa y todo el mundo<\/strong>.<br data-start=\"845\" data-end=\"848\" \/>Con m\u00e1s de <strong data-start=\"859\" data-end=\"897\">30 a\u00f1os de experiencia en aviaci\u00f3n<\/strong>, ofrecemos <strong data-start=\"909\" data-end=\"947\">soluciones de vuelo personalizadas<\/strong> para clientes que buscan flexibilidad, confort y eficiencia.<\/p>\n<p data-start=\"1012\" data-end=\"1171\">Tanto si viajas por <strong data-start=\"1032\" data-end=\"1073\">negocios, placer o eventos especiales<\/strong>, FlightTime te ofrece una experiencia a\u00e9rea <strong data-start=\"1118\" data-end=\"1168\">segura, exclusiva y adaptada a tus necesidades<\/strong>.<\/p>\n<hr data-start=\"1173\" data-end=\"1176\" \/>\n<h3 data-start=\"1178\" data-end=\"1235\">\ud83c\udf0d \u00bfPor qu\u00e9 alquilar un jet privado con FlightTime?<\/h3>\n<p data-start=\"1237\" data-end=\"1416\"><strong data-start=\"1237\" data-end=\"1261\">\u2714 Flexibilidad total<\/strong><br data-start=\"1261\" data-end=\"1264\" \/>T\u00fa decides cu\u00e1ndo y a d\u00f3nde volar. Sin esperas, sin colas, sin escalas innecesarias. FlightTime organiza tu vuelo seg\u00fan tu horario y tus preferencias.<\/p>\n<p data-start=\"1418\" data-end=\"1608\"><strong data-start=\"1418\" data-end=\"1453\">\u2714 Servicio premium y privacidad<\/strong><br data-start=\"1453\" data-end=\"1456\" \/>Disfruta de cabinas amplias, catering gourmet, atenci\u00f3n personalizada y total discreci\u00f3n. Ideal para empresarios, familias, celebridades y grupos VIP.<\/p>\n<p data-start=\"1610\" data-end=\"1992\"><strong data-start=\"1610\" data-end=\"1645\">\u2714 Red global, experiencia local<\/strong><br data-start=\"1645\" data-end=\"1648\" \/>Con oficinas en <strong data-start=\"1664\" data-end=\"1722\">Madrid, Barcelona, Londres, Z\u00farich, Dub\u00e1i y Nueva York<\/strong>, FlightTime tiene acceso a m\u00e1s de <strong data-start=\"1757\" data-end=\"1807\">10.000 aeronaves certificadas en todo el mundo<\/strong>.<br data-start=\"1808\" data-end=\"1811\" \/>Operamos desde los principales aeropuertos espa\u00f1oles y europeos, incluyendo <strong data-start=\"1887\" data-end=\"1905\">Madrid-Barajas<\/strong>, <strong data-start=\"1907\" data-end=\"1928\">Barcelona-El Prat<\/strong>, <strong data-start=\"1930\" data-end=\"1954\">M\u00e1laga-Costa del Sol<\/strong>, <strong data-start=\"1956\" data-end=\"1977\">Palma de Mallorca<\/strong> y <strong data-start=\"1980\" data-end=\"1989\">Ibiza<\/strong>.<\/p>\n<p data-start=\"1994\" data-end=\"2237\"><strong data-start=\"1994\" data-end=\"2025\">\u2714 Seguridad y transparencia<\/strong><br data-start=\"2025\" data-end=\"2028\" \/>Trabajamos \u00fanicamente con <strong data-start=\"2054\" data-end=\"2081\">operadores certificados<\/strong> (EASA, FAA, AESA), garantizando los m\u00e1s altos est\u00e1ndares de seguridad y mantenimiento.<br data-start=\"2168\" data-end=\"2171\" \/>Recibir\u00e1s precios <strong data-start=\"2189\" data-end=\"2234\">claros, competitivos y sin costes ocultos<\/strong>.<\/p>\n<hr data-start=\"2239\" data-end=\"2242\" \/>\n<h3 data-start=\"2244\" data-end=\"2287\">\u2708\ufe0f Tipos de jets privados disponibles<\/h3>\n<p data-start=\"2289\" data-end=\"2351\">FlightTime te ofrece el avi\u00f3n ideal para cada tipo de viaje:<\/p>\n<ul data-start=\"2352\" data-end=\"2781\">\n<li data-start=\"2352\" data-end=\"2433\">\n<p data-start=\"2354\" data-end=\"2433\"><strong data-start=\"2354\" data-end=\"2368\">Light Jets<\/strong> \u2013 Perfectos para vuelos cortos en Europa (Ej.: Madrid \u2192 Par\u00eds)<\/p>\n<\/li>\n<li data-start=\"2434\" data-end=\"2513\">\n<p data-start=\"2436\" data-end=\"2513\"><strong data-start=\"2436\" data-end=\"2452\">Midsize Jets<\/strong> \u2013 Ideal para viajes de negocios (Ej.: Barcelona \u2192 Londres)<\/p>\n<\/li>\n<li data-start=\"2514\" data-end=\"2590\">\n<p data-start=\"2516\" data-end=\"2590\"><strong data-start=\"2516\" data-end=\"2530\">Heavy Jets<\/strong> \u2013 M\u00e1ximo confort para vuelos largos (Ej.: M\u00e1laga \u2192 Dub\u00e1i)<\/p>\n<\/li>\n<li data-start=\"2591\" data-end=\"2683\">\n<p data-start=\"2593\" data-end=\"2683\"><strong data-start=\"2593\" data-end=\"2618\">Ultra Long Range Jets<\/strong> \u2013 Para trayectos intercontinentales (Ej.: Madrid \u2192 Nueva York)<\/p>\n<\/li>\n<li data-start=\"2684\" data-end=\"2781\">\n<p data-start=\"2686\" data-end=\"2781\"><strong data-start=\"2686\" data-end=\"2703\">VIP Airliners<\/strong> \u2013 Dise\u00f1ados para grupos grandes, equipos deportivos o giras internacionales<\/p>\n<\/li>\n<\/ul>\n<p data-start=\"2783\" data-end=\"2909\">Desde un <strong data-start=\"2792\" data-end=\"2809\">Citation XLS+<\/strong> hasta un <strong data-start=\"2819\" data-end=\"2838\">Gulfstream G650<\/strong>, FlightTime selecciona el avi\u00f3n que mejor se adapta a tu itinerario.<\/p>\n<hr data-start=\"2911\" data-end=\"2914\" \/>\n<h3 data-start=\"2916\" data-end=\"2957\">\ud83c\udf10 Rutas populares de jets privados<\/h3>\n<p data-start=\"2959\" data-end=\"3054\">Organizamos vuelos privados desde y hacia los principales destinos de Europa y Oriente Medio:<\/p>\n<ul data-start=\"3055\" data-end=\"3251\">\n<li data-start=\"3055\" data-end=\"3104\">\n<p data-start=\"3057\" data-end=\"3104\"><strong data-start=\"3057\" data-end=\"3102\">Madrid \u2194 Londres \/ Par\u00eds \/ Ginebra \/ Roma<\/strong><\/p>\n<\/li>\n<li data-start=\"3105\" data-end=\"3154\">\n<p data-start=\"3107\" data-end=\"3154\"><strong data-start=\"3107\" data-end=\"3152\">Barcelona \u2194 Ibiza \/ Niza \/ Dub\u00e1i \/ M\u00fanich<\/strong><\/p>\n<\/li>\n<li data-start=\"3155\" data-end=\"3205\">\n<p data-start=\"3157\" data-end=\"3205\"><strong data-start=\"3157\" data-end=\"3203\">M\u00e1laga \u2194 Palma \/ Lisboa \/ Doha \/ Marrakech<\/strong><\/p>\n<\/li>\n<li data-start=\"3206\" data-end=\"3251\">\n<p data-start=\"3208\" data-end=\"3251\"><strong data-start=\"3208\" data-end=\"3249\">Valencia \u2194 Mil\u00e1n \/ Londres \/ Estambul<\/strong><\/p>\n<\/li>\n<\/ul>\n<p data-start=\"3253\" data-end=\"3370\">FlightTime conecta <strong data-start=\"3272\" data-end=\"3307\">Europa, Oriente Medio y Am\u00e9rica<\/strong> con un servicio a\u00e9reo de lujo, r\u00e1pido y totalmente flexible.<\/p>\n<hr data-start=\"3372\" data-end=\"3375\" \/>\n<h3 data-start=\"3377\" data-end=\"3414\">\ud83d\udcbc \u00bfQui\u00e9n vuela con FlightTime?<\/h3>\n<ul data-start=\"3416\" data-end=\"3799\">\n<li data-start=\"3416\" data-end=\"3498\">\n<p data-start=\"3418\" data-end=\"3498\"><strong data-start=\"3418\" data-end=\"3446\">Ejecutivos y empresarios<\/strong> \u2013 Ahorra tiempo y mant\u00e9n la productividad en ruta<\/p>\n<\/li>\n<li data-start=\"3499\" data-end=\"3584\">\n<p data-start=\"3501\" data-end=\"3584\"><strong data-start=\"3501\" data-end=\"3532\">Viajeros de lujo y familias<\/strong> \u2013 Comodidad, privacidad y seguridad en cada vuelo<\/p>\n<\/li>\n<li data-start=\"3585\" data-end=\"3648\">\n<p data-start=\"3587\" data-end=\"3648\"><strong data-start=\"3587\" data-end=\"3624\">Celebridades y personalidades VIP<\/strong> \u2013 Discreci\u00f3n absoluta<\/p>\n<\/li>\n<li data-start=\"3649\" data-end=\"3718\">\n<p data-start=\"3651\" data-end=\"3718\"><strong data-start=\"3651\" data-end=\"3681\">Gobiernos y organizaciones<\/strong> \u2013 Transporte seguro y confidencial<\/p>\n<\/li>\n<li data-start=\"3719\" data-end=\"3799\">\n<p data-start=\"3721\" data-end=\"3799\"><strong data-start=\"3721\" data-end=\"3753\">Equipos deportivos y eventos<\/strong> \u2013 Log\u00edstica a\u00e9rea personalizada para grupos<\/p>\n<\/li>\n<\/ul>\n<hr data-start=\"3801\" data-end=\"3804\" \/>\n<h3 data-start=\"3806\" data-end=\"3840\">\ud83d\udc8e La experiencia FlightTime<\/h3>\n<p data-start=\"3842\" data-end=\"4051\">Nos encargamos de <strong data-start=\"3860\" data-end=\"3888\">cada detalle de tu vuelo<\/strong>:<br data-start=\"3889\" data-end=\"3892\" \/>\u2714 Planificaci\u00f3n personalizada<br data-start=\"3921\" data-end=\"3924\" \/>\u2714 Acceso a terminales privadas (FBOs)<br data-start=\"3961\" data-end=\"3964\" \/>\u2714 Transfers puerta a puerta<br data-start=\"3991\" data-end=\"3994\" \/>\u2714 Servicio a bordo y catering premium<br data-start=\"4031\" data-end=\"4034\" \/>\u2714 Atenci\u00f3n 24\/7<\/p>\n<p data-start=\"4053\" data-end=\"4134\">Nuestra misi\u00f3n: <strong data-start=\"4069\" data-end=\"4131\">que t\u00fa controles tu tiempo, tu confort y tu forma de volar<\/strong>.<\/p>\n<hr data-start=\"4136\" data-end=\"4139\" \/>\n<h3 data-start=\"4141\" data-end=\"4186\">\ud83d\ude80 \u00bfListo para alquilar tu jet privado?<\/h3>\n<p data-start=\"4188\" data-end=\"4392\">Deja que <strong data-start=\"4197\" data-end=\"4211\">FlightTime<\/strong> organice tu pr\u00f3ximo vuelo privado \u2014 r\u00e1pido, seguro y a tu medida.<br data-start=\"4277\" data-end=\"4280\" \/>Dinos tu destino, fecha y n\u00famero de pasajeros, y te enviaremos una <strong data-start=\"4347\" data-end=\"4389\">propuesta personalizada en pocas horas<\/strong>.<\/p>\n<p data-start=\"4394\" data-end=\"4559\">\ud83d\udcde <strong data-start=\"4397\" data-end=\"4410\">Ll\u00e1manos:<\/strong> +49 4292 811190<br data-start=\"4426\" data-end=\"4429\" \/>\ud83d\udce7 <strong data-start=\"4432\" data-end=\"4455\">Correo electr\u00f3nico:<\/strong> <a class=\"decorated-link cursor-pointer\" href=\"mailto:charter@flighttime.com\" rel=\"noopener\" data-start=\"4456\" data-end=\"4478\">charter@flighttime.com<\/a><\/p>\n","protected":false},"excerpt":{"rendered":"<p>\ud83d\udee9\ufe0f Alquila tu Jet Privado con FlightTime \u2013 Libertad para Volar Donde y Cuando Quieras Lujo, Privacidad y Comodidad en Cada Vuelo Bienvenido a FlightTime, tu socio de confianza en alquiler de jets privados y vuelos charter en Espa\u00f1a, Europa y todo el mundo.Con m\u00e1s de 30 a\u00f1os de experiencia en aviaci\u00f3n, ofrecemos soluciones de [&hellip;]<\/p>\n","protected":false},"author":1,"featured_media":7875,"parent":0,"menu_order":0,"comment_status":"closed","ping_status":"closed","template":"","meta":{"_acf_changed":false,"footnotes":""},"class_list":["post-9997","page","type-page","status-publish","has-post-thumbnail","hentry"],"acf":[],"yoast_head":"<!-- This site is optimized with the Yoast SEO Premium plugin v27.3 (Yoast SEO v27.3) - https:\/\/yoast.com\/product\/yoast-seo-premium-wordpress\/ -->\n<title>Alquila tu Jet Privado<\/title>\n<meta name=\"description\" content=\"lquila tu jet privado con FlightTime para disfrutar de una experiencia de viaje exclusiva y flexible, sin esperas ni transbordos.\" \/>\n<meta name=\"robots\" content=\"index, follow, max-snippet:-1, max-image-preview:large, max-video-preview:-1\" \/>\n<link rel=\"canonical\" href=\"https:\/\/flighttime.de\/es\/alquila-tu-jet-privado\/\" \/>\n<meta property=\"og:locale\" content=\"es_ES\" \/>\n<meta property=\"og:type\" content=\"article\" \/>\n<meta property=\"og:title\" content=\"Alquila tu Jet Privado\" \/>\n<meta property=\"og:description\" content=\"lquila tu jet privado con FlightTime para disfrutar de una experiencia de viaje exclusiva y flexible, sin esperas ni transbordos.\" \/>\n<meta property=\"og:url\" content=\"https:\/\/flighttime.de\/es\/alquila-tu-jet-privado\/\" \/>\n<meta property=\"article:publisher\" content=\"https:\/\/www.facebook.com\/FlightTime.gmbh\" \/>\n<meta property=\"article:modified_time\" content=\"2025-10-24T09:53:36+00:00\" \/>\n<meta property=\"og:image\" content=\"https:\/\/flighttime.de\/wp-content\/uploads\/2024\/07\/Betreuung.png\" \/>\n\t<meta property=\"og:image:width\" content=\"2000\" \/>\n\t<meta property=\"og:image:height\" content=\"1000\" \/>\n\t<meta property=\"og:image:type\" content=\"image\/png\" \/>\n<meta name=\"twitter:card\" content=\"summary_large_image\" \/>\n<meta name=\"twitter:label1\" content=\"Tiempo de lectura\" \/>\n\t<meta name=\"twitter:data1\" content=\"4 minutos\" \/>\n<script type=\"application\/ld+json\" class=\"yoast-schema-graph\">{\"@context\":\"https:\\\/\\\/schema.org\",\"@graph\":[{\"@type\":\"WebPage\",\"@id\":\"https:\\\/\\\/flighttime.de\\\/es\\\/alquila-tu-jet-privado\\\/\",\"url\":\"https:\\\/\\\/flighttime.de\\\/es\\\/alquila-tu-jet-privado\\\/\",\"name\":\"Alquila tu Jet Privado\",\"isPartOf\":{\"@id\":\"https:\\\/\\\/flighttime.de\\\/es\\\/#website\"},\"primaryImageOfPage\":{\"@id\":\"https:\\\/\\\/flighttime.de\\\/es\\\/alquila-tu-jet-privado\\\/#primaryimage\"},\"image\":{\"@id\":\"https:\\\/\\\/flighttime.de\\\/es\\\/alquila-tu-jet-privado\\\/#primaryimage\"},\"thumbnailUrl\":\"https:\\\/\\\/flighttime.de\\\/wp-content\\\/uploads\\\/2024\\\/07\\\/Betreuung.png\",\"datePublished\":\"2025-10-23T14:40:35+00:00\",\"dateModified\":\"2025-10-24T09:53:36+00:00\",\"description\":\"lquila tu jet privado con FlightTime para disfrutar de una experiencia de viaje exclusiva y flexible, sin esperas ni transbordos.\",\"breadcrumb\":{\"@id\":\"https:\\\/\\\/flighttime.de\\\/es\\\/alquila-tu-jet-privado\\\/#breadcrumb\"},\"inLanguage\":\"es\",\"potentialAction\":[{\"@type\":\"ReadAction\",\"target\":[\"https:\\\/\\\/flighttime.de\\\/es\\\/alquila-tu-jet-privado\\\/\"]}]},{\"@type\":\"ImageObject\",\"inLanguage\":\"es\",\"@id\":\"https:\\\/\\\/flighttime.de\\\/es\\\/alquila-tu-jet-privado\\\/#primaryimage\",\"url\":\"https:\\\/\\\/flighttime.de\\\/wp-content\\\/uploads\\\/2024\\\/07\\\/Betreuung.png\",\"contentUrl\":\"https:\\\/\\\/flighttime.de\\\/wp-content\\\/uploads\\\/2024\\\/07\\\/Betreuung.png\",\"width\":2000,\"height\":1000,\"caption\":\"Chartern Sie Ihren Privatjet mit FlightTime \u2013 Ihrem erfahrenen Partner f\u00fcr exklusive Privatfl\u00fcge, Business Jets und VIP-Charter weltweit. Ob Gesch\u00e4ftsreise, Luxusurlaub oder Kurzstreckenflug, wir bieten Ihnen ma\u00dfgeschneiderte Flugl\u00f6sungen mit h\u00f6chstem Komfort, Flexibilit\u00e4t und Sicherheit. Starten Sie von Flugh\u00e4fen in Deutschland, \u00d6sterreich und der Schweiz direkt zu Ihrem Wunschziel \u2013 ohne Wartezeiten, Check-in-Stress oder Kompromisse. FlightTime steht f\u00fcr erstklassigen Service, transparente Preise und \u00fcber 25 Jahre Erfahrung in der Privatjet-Charter. Nutzen Sie unseren 24\\\/7 Concierge-Service und erleben Sie Reisen auf h\u00f6chstem Niveau \u2013 schnell, diskret und individuell.\"},{\"@type\":\"BreadcrumbList\",\"@id\":\"https:\\\/\\\/flighttime.de\\\/es\\\/alquila-tu-jet-privado\\\/#breadcrumb\",\"itemListElement\":[{\"@type\":\"ListItem\",\"position\":1,\"name\":\"Startseite\",\"item\":\"https:\\\/\\\/flighttime.de\\\/es\\\/\"},{\"@type\":\"ListItem\",\"position\":2,\"name\":\"Alquila tu Jet Privado\"}]},{\"@type\":\"WebSite\",\"@id\":\"https:\\\/\\\/flighttime.de\\\/es\\\/#website\",\"url\":\"https:\\\/\\\/flighttime.de\\\/es\\\/\",\"name\":\"FlightTime\",\"description\":\"\",\"publisher\":{\"@id\":\"https:\\\/\\\/flighttime.de\\\/es\\\/#organization\"},\"potentialAction\":[{\"@type\":\"SearchAction\",\"target\":{\"@type\":\"EntryPoint\",\"urlTemplate\":\"https:\\\/\\\/flighttime.de\\\/es\\\/?s={search_term_string}\"},\"query-input\":{\"@type\":\"PropertyValueSpecification\",\"valueRequired\":true,\"valueName\":\"search_term_string\"}}],\"inLanguage\":\"es\"},{\"@type\":\"Organization\",\"@id\":\"https:\\\/\\\/flighttime.de\\\/es\\\/#organization\",\"name\":\"FlightTime GmbH\",\"url\":\"https:\\\/\\\/flighttime.de\\\/es\\\/\",\"logo\":{\"@type\":\"ImageObject\",\"inLanguage\":\"es\",\"@id\":\"https:\\\/\\\/flighttime.de\\\/es\\\/#\\\/schema\\\/logo\\\/image\\\/\",\"url\":\"https:\\\/\\\/flighttime.de\\\/wp-content\\\/uploads\\\/2024\\\/06\\\/placeholder_img.png\",\"contentUrl\":\"https:\\\/\\\/flighttime.de\\\/wp-content\\\/uploads\\\/2024\\\/06\\\/placeholder_img.png\",\"width\":326,\"height\":203,\"caption\":\"FlightTime GmbH\"},\"image\":{\"@id\":\"https:\\\/\\\/flighttime.de\\\/es\\\/#\\\/schema\\\/logo\\\/image\\\/\"},\"sameAs\":[\"https:\\\/\\\/www.facebook.com\\\/FlightTime.gmbh\",\"https:\\\/\\\/www.linkedin.com\\\/company\\\/flighttime-gmbh\\\/\"]}]}<\/script>\n<!-- \/ Yoast SEO Premium plugin. -->","yoast_head_json":{"title":"Alquila tu Jet Privado","description":"lquila tu jet privado con FlightTime para disfrutar de una experiencia de viaje exclusiva y flexible, sin esperas ni transbordos.","robots":{"index":"index","follow":"follow","max-snippet":"max-snippet:-1","max-image-preview":"max-image-preview:large","max-video-preview":"max-video-preview:-1"},"canonical":"https:\/\/flighttime.de\/es\/alquila-tu-jet-privado\/","og_locale":"es_ES","og_type":"article","og_title":"Alquila tu Jet Privado","og_description":"lquila tu jet privado con FlightTime para disfrutar de una experiencia de viaje exclusiva y flexible, sin esperas ni transbordos.","og_url":"https:\/\/flighttime.de\/es\/alquila-tu-jet-privado\/","article_publisher":"https:\/\/www.facebook.com\/FlightTime.gmbh","article_modified_time":"2025-10-24T09:53:36+00:00","og_image":[{"width":2000,"height":1000,"url":"https:\/\/flighttime.de\/wp-content\/uploads\/2024\/07\/Betreuung.png","type":"image\/png"}],"twitter_card":"summary_large_image","twitter_misc":{"Tiempo de lectura":"4 minutos"},"schema":{"@context":"https:\/\/schema.org","@graph":[{"@type":"WebPage","@id":"https:\/\/flighttime.de\/es\/alquila-tu-jet-privado\/","url":"https:\/\/flighttime.de\/es\/alquila-tu-jet-privado\/","name":"Alquila tu Jet Privado","isPartOf":{"@id":"https:\/\/flighttime.de\/es\/#website"},"primaryImageOfPage":{"@id":"https:\/\/flighttime.de\/es\/alquila-tu-jet-privado\/#primaryimage"},"image":{"@id":"https:\/\/flighttime.de\/es\/alquila-tu-jet-privado\/#primaryimage"},"thumbnailUrl":"https:\/\/flighttime.de\/wp-content\/uploads\/2024\/07\/Betreuung.png","datePublished":"2025-10-23T14:40:35+00:00","dateModified":"2025-10-24T09:53:36+00:00","description":"lquila tu jet privado con FlightTime para disfrutar de una experiencia de viaje exclusiva y flexible, sin esperas ni transbordos.","breadcrumb":{"@id":"https:\/\/flighttime.de\/es\/alquila-tu-jet-privado\/#breadcrumb"},"inLanguage":"es","potentialAction":[{"@type":"ReadAction","target":["https:\/\/flighttime.de\/es\/alquila-tu-jet-privado\/"]}]},{"@type":"ImageObject","inLanguage":"es","@id":"https:\/\/flighttime.de\/es\/alquila-tu-jet-privado\/#primaryimage","url":"https:\/\/flighttime.de\/wp-content\/uploads\/2024\/07\/Betreuung.png","contentUrl":"https:\/\/flighttime.de\/wp-content\/uploads\/2024\/07\/Betreuung.png","width":2000,"height":1000,"caption":"Chartern Sie Ihren Privatjet mit FlightTime \u2013 Ihrem erfahrenen Partner f\u00fcr exklusive Privatfl\u00fcge, Business Jets und VIP-Charter weltweit. Ob Gesch\u00e4ftsreise, Luxusurlaub oder Kurzstreckenflug, wir bieten Ihnen ma\u00dfgeschneiderte Flugl\u00f6sungen mit h\u00f6chstem Komfort, Flexibilit\u00e4t und Sicherheit. Starten Sie von Flugh\u00e4fen in Deutschland, \u00d6sterreich und der Schweiz direkt zu Ihrem Wunschziel \u2013 ohne Wartezeiten, Check-in-Stress oder Kompromisse. FlightTime steht f\u00fcr erstklassigen Service, transparente Preise und \u00fcber 25 Jahre Erfahrung in der Privatjet-Charter. Nutzen Sie unseren 24\/7 Concierge-Service und erleben Sie Reisen auf h\u00f6chstem Niveau \u2013 schnell, diskret und individuell."},{"@type":"BreadcrumbList","@id":"https:\/\/flighttime.de\/es\/alquila-tu-jet-privado\/#breadcrumb","itemListElement":[{"@type":"ListItem","position":1,"name":"Startseite","item":"https:\/\/flighttime.de\/es\/"},{"@type":"ListItem","position":2,"name":"Alquila tu Jet Privado"}]},{"@type":"WebSite","@id":"https:\/\/flighttime.de\/es\/#website","url":"https:\/\/flighttime.de\/es\/","name":"FlightTime","description":"","publisher":{"@id":"https:\/\/flighttime.de\/es\/#organization"},"potentialAction":[{"@type":"SearchAction","target":{"@type":"EntryPoint","urlTemplate":"https:\/\/flighttime.de\/es\/?s={search_term_string}"},"query-input":{"@type":"PropertyValueSpecification","valueRequired":true,"valueName":"search_term_string"}}],"inLanguage":"es"},{"@type":"Organization","@id":"https:\/\/flighttime.de\/es\/#organization","name":"FlightTime GmbH","url":"https:\/\/flighttime.de\/es\/","logo":{"@type":"ImageObject","inLanguage":"es","@id":"https:\/\/flighttime.de\/es\/#\/schema\/logo\/image\/","url":"https:\/\/flighttime.de\/wp-content\/uploads\/2024\/06\/placeholder_img.png","contentUrl":"https:\/\/flighttime.de\/wp-content\/uploads\/2024\/06\/placeholder_img.png","width":326,"height":203,"caption":"FlightTime GmbH"},"image":{"@id":"https:\/\/flighttime.de\/es\/#\/schema\/logo\/image\/"},"sameAs":["https:\/\/www.facebook.com\/FlightTime.gmbh","https:\/\/www.linkedin.com\/company\/flighttime-gmbh\/"]}]}},"_links":{"self":[{"href":"https:\/\/flighttime.de\/es\/wp-json\/wp\/v2\/pages\/9997","targetHints":{"allow":["GET"]}}],"collection":[{"href":"https:\/\/flighttime.de\/es\/wp-json\/wp\/v2\/pages"}],"about":[{"href":"https:\/\/flighttime.de\/es\/wp-json\/wp\/v2\/types\/page"}],"author":[{"embeddable":true,"href":"https:\/\/flighttime.de\/es\/wp-json\/wp\/v2\/users\/1"}],"replies":[{"embeddable":true,"href":"https:\/\/flighttime.de\/es\/wp-json\/wp\/v2\/comments?post=9997"}],"version-history":[{"count":0,"href":"https:\/\/flighttime.de\/es\/wp-json\/wp\/v2\/pages\/9997\/revisions"}],"wp:featuredmedia":[{"embeddable":true,"href":"https:\/\/flighttime.de\/es\/wp-json\/wp\/v2\/media\/7875"}],"wp:attachment":[{"href":"https:\/\/flighttime.de\/es\/wp-json\/wp\/v2\/media?parent=9997"}],"curies":[{"name":"wp","href":"https:\/\/api.w.org\/{rel}","templated":true}]}}