{"id":2218,"date":"2015-04-08T13:14:12","date_gmt":"2015-04-08T11:14:12","guid":{"rendered":"https:\/\/flighttime.de\/?page_id=2218"},"modified":"2024-07-11T07:00:12","modified_gmt":"2024-07-11T07:00:12","slug":"referenzen","status":"publish","type":"page","link":"https:\/\/flighttime.de\/fr\/unternehmen\/referenzen\/","title":{"rendered":"R\u00e9f\u00e9rences"},"content":{"rendered":"","protected":false},"excerpt":{"rendered":"","protected":false},"author":1,"featured_media":1477,"parent":2140,"menu_order":2,"comment_status":"closed","ping_status":"closed","template":"","meta":{"_acf_changed":false,"footnotes":""},"class_list":["post-2218","page","type-page","status-publish","has-post-thumbnail","hentry"],"acf":[],"yoast_head":"<!-- This site is optimized with the Yoast SEO Premium plugin v27.3 (Yoast SEO v27.3) - https:\/\/yoast.com\/product\/yoast-seo-premium-wordpress\/ -->\n<title>Les r\u00e9f\u00e9rences FlightTime - Le plus important r\u00e9seau international de prestations d&#039;affr\u00e8tement<\/title>\n<meta name=\"description\" content=\"FlightTime est fier de ses 30 ann\u00e9es d&#039;exp\u00e9rience au service du voyage a\u00e9rien priv\u00e9. Nous avons le plus grand r\u00e9seau international en termes de r\u00e9f\u00e9rences et de partenaires d&#039;affr\u00e8tement a\u00e9rien.\" \/>\n<meta name=\"robots\" content=\"index, follow, max-snippet:-1, max-image-preview:large, max-video-preview:-1\" \/>\n<link rel=\"canonical\" href=\"https:\/\/flighttime.de\/fr\/unternehmen\/referenzen\/\" \/>\n<meta property=\"og:locale\" content=\"fr_FR\" \/>\n<meta property=\"og:type\" content=\"article\" \/>\n<meta property=\"og:title\" content=\"R\u00e9f\u00e9rences\" \/>\n<meta property=\"og:description\" content=\"FlightTime est fier de ses 30 ann\u00e9es d&#039;exp\u00e9rience au service du voyage a\u00e9rien priv\u00e9. Nous avons le plus grand r\u00e9seau international en termes de r\u00e9f\u00e9rences et de partenaires d&#039;affr\u00e8tement a\u00e9rien.\" \/>\n<meta property=\"og:url\" content=\"https:\/\/flighttime.de\/fr\/unternehmen\/referenzen\/\" \/>\n<meta property=\"article:publisher\" content=\"https:\/\/www.facebook.com\/FlightTime.gmbh\" \/>\n<meta property=\"article:modified_time\" content=\"2024-07-11T07:00:12+00:00\" \/>\n<meta property=\"og:image\" content=\"https:\/\/flighttime.de\/wp-content\/uploads\/2024\/06\/unternehmen.png\" \/>\n\t<meta property=\"og:image:width\" content=\"2000\" \/>\n\t<meta property=\"og:image:height\" content=\"1000\" \/>\n\t<meta property=\"og:image:type\" content=\"image\/png\" \/>\n<meta name=\"twitter:card\" content=\"summary_large_image\" \/>\n<meta name=\"twitter:label1\" content=\"Dur\u00e9e de lecture estim\u00e9e\" \/>\n\t<meta name=\"twitter:data1\" content=\"1 minute\" \/>\n<script type=\"application\/ld+json\" class=\"yoast-schema-graph\">{\"@context\":\"https:\\\/\\\/schema.org\",\"@graph\":[{\"@type\":\"WebPage\",\"@id\":\"https:\\\/\\\/flighttime.de\\\/fr\\\/unternehmen\\\/referenzen\\\/\",\"url\":\"https:\\\/\\\/flighttime.de\\\/fr\\\/unternehmen\\\/referenzen\\\/\",\"name\":\"Les r\u00e9f\u00e9rences FlightTime - Le plus important r\u00e9seau international de prestations d'affr\u00e8tement\",\"isPartOf\":{\"@id\":\"https:\\\/\\\/flighttime.de\\\/fr\\\/#website\"},\"primaryImageOfPage\":{\"@id\":\"https:\\\/\\\/flighttime.de\\\/fr\\\/unternehmen\\\/referenzen\\\/#primaryimage\"},\"image\":{\"@id\":\"https:\\\/\\\/flighttime.de\\\/fr\\\/unternehmen\\\/referenzen\\\/#primaryimage\"},\"thumbnailUrl\":\"https:\\\/\\\/flighttime.de\\\/wp-content\\\/uploads\\\/2024\\\/06\\\/unternehmen.png\",\"datePublished\":\"2015-04-08T11:14:12+00:00\",\"dateModified\":\"2024-07-11T07:00:12+00:00\",\"description\":\"FlightTime est fier de ses 30 ann\u00e9es d'exp\u00e9rience au service du voyage a\u00e9rien priv\u00e9. Nous avons le plus grand r\u00e9seau international en termes de r\u00e9f\u00e9rences et de partenaires d'affr\u00e8tement a\u00e9rien.\",\"breadcrumb\":{\"@id\":\"https:\\\/\\\/flighttime.de\\\/fr\\\/unternehmen\\\/referenzen\\\/#breadcrumb\"},\"inLanguage\":\"fr-FR\",\"potentialAction\":[{\"@type\":\"ReadAction\",\"target\":[\"https:\\\/\\\/flighttime.de\\\/fr\\\/unternehmen\\\/referenzen\\\/\"]}]},{\"@type\":\"ImageObject\",\"inLanguage\":\"fr-FR\",\"@id\":\"https:\\\/\\\/flighttime.de\\\/fr\\\/unternehmen\\\/referenzen\\\/#primaryimage\",\"url\":\"https:\\\/\\\/flighttime.de\\\/wp-content\\\/uploads\\\/2024\\\/06\\\/unternehmen.png\",\"contentUrl\":\"https:\\\/\\\/flighttime.de\\\/wp-content\\\/uploads\\\/2024\\\/06\\\/unternehmen.png\",\"width\":2000,\"height\":1000,\"caption\":\"unternehmen\"},{\"@type\":\"BreadcrumbList\",\"@id\":\"https:\\\/\\\/flighttime.de\\\/fr\\\/unternehmen\\\/referenzen\\\/#breadcrumb\",\"itemListElement\":[{\"@type\":\"ListItem\",\"position\":1,\"name\":\"Startseite\",\"item\":\"https:\\\/\\\/flighttime.de\\\/fr\\\/\"},{\"@type\":\"ListItem\",\"position\":2,\"name\":\"Entreprise\",\"item\":\"https:\\\/\\\/flighttime.de\\\/fr\\\/unternehmen\\\/\"},{\"@type\":\"ListItem\",\"position\":3,\"name\":\"R\u00e9f\u00e9rences\"}]},{\"@type\":\"WebSite\",\"@id\":\"https:\\\/\\\/flighttime.de\\\/fr\\\/#website\",\"url\":\"https:\\\/\\\/flighttime.de\\\/fr\\\/\",\"name\":\"FlightTime\",\"description\":\"\",\"publisher\":{\"@id\":\"https:\\\/\\\/flighttime.de\\\/fr\\\/#organization\"},\"potentialAction\":[{\"@type\":\"SearchAction\",\"target\":{\"@type\":\"EntryPoint\",\"urlTemplate\":\"https:\\\/\\\/flighttime.de\\\/fr\\\/?s={search_term_string}\"},\"query-input\":{\"@type\":\"PropertyValueSpecification\",\"valueRequired\":true,\"valueName\":\"search_term_string\"}}],\"inLanguage\":\"fr-FR\"},{\"@type\":\"Organization\",\"@id\":\"https:\\\/\\\/flighttime.de\\\/fr\\\/#organization\",\"name\":\"FlightTime GmbH\",\"url\":\"https:\\\/\\\/flighttime.de\\\/fr\\\/\",\"logo\":{\"@type\":\"ImageObject\",\"inLanguage\":\"fr-FR\",\"@id\":\"https:\\\/\\\/flighttime.de\\\/fr\\\/#\\\/schema\\\/logo\\\/image\\\/\",\"url\":\"https:\\\/\\\/flighttime.de\\\/wp-content\\\/uploads\\\/2024\\\/06\\\/placeholder_img.png\",\"contentUrl\":\"https:\\\/\\\/flighttime.de\\\/wp-content\\\/uploads\\\/2024\\\/06\\\/placeholder_img.png\",\"width\":326,\"height\":203,\"caption\":\"FlightTime GmbH\"},\"image\":{\"@id\":\"https:\\\/\\\/flighttime.de\\\/fr\\\/#\\\/schema\\\/logo\\\/image\\\/\"},\"sameAs\":[\"https:\\\/\\\/www.facebook.com\\\/FlightTime.gmbh\",\"https:\\\/\\\/www.linkedin.com\\\/company\\\/flighttime-gmbh\\\/\"]}]}<\/script>\n<!-- \/ Yoast SEO Premium plugin. -->","yoast_head_json":{"title":"Les r\u00e9f\u00e9rences FlightTime - Le plus important r\u00e9seau international de prestations d'affr\u00e8tement","description":"FlightTime est fier de ses 30 ann\u00e9es d'exp\u00e9rience au service du voyage a\u00e9rien priv\u00e9. Nous avons le plus grand r\u00e9seau international en termes de r\u00e9f\u00e9rences et de partenaires d'affr\u00e8tement a\u00e9rien.","robots":{"index":"index","follow":"follow","max-snippet":"max-snippet:-1","max-image-preview":"max-image-preview:large","max-video-preview":"max-video-preview:-1"},"canonical":"https:\/\/flighttime.de\/fr\/unternehmen\/referenzen\/","og_locale":"fr_FR","og_type":"article","og_title":"R\u00e9f\u00e9rences","og_description":"FlightTime est fier de ses 30 ann\u00e9es d'exp\u00e9rience au service du voyage a\u00e9rien priv\u00e9. Nous avons le plus grand r\u00e9seau international en termes de r\u00e9f\u00e9rences et de partenaires d'affr\u00e8tement a\u00e9rien.","og_url":"https:\/\/flighttime.de\/fr\/unternehmen\/referenzen\/","article_publisher":"https:\/\/www.facebook.com\/FlightTime.gmbh","article_modified_time":"2024-07-11T07:00:12+00:00","og_image":[{"width":2000,"height":1000,"url":"https:\/\/flighttime.de\/wp-content\/uploads\/2024\/06\/unternehmen.png","type":"image\/png"}],"twitter_card":"summary_large_image","twitter_misc":{"Dur\u00e9e de lecture estim\u00e9e":"1 minute"},"schema":{"@context":"https:\/\/schema.org","@graph":[{"@type":"WebPage","@id":"https:\/\/flighttime.de\/fr\/unternehmen\/referenzen\/","url":"https:\/\/flighttime.de\/fr\/unternehmen\/referenzen\/","name":"Les r\u00e9f\u00e9rences FlightTime - Le plus important r\u00e9seau international de prestations d'affr\u00e8tement","isPartOf":{"@id":"https:\/\/flighttime.de\/fr\/#website"},"primaryImageOfPage":{"@id":"https:\/\/flighttime.de\/fr\/unternehmen\/referenzen\/#primaryimage"},"image":{"@id":"https:\/\/flighttime.de\/fr\/unternehmen\/referenzen\/#primaryimage"},"thumbnailUrl":"https:\/\/flighttime.de\/wp-content\/uploads\/2024\/06\/unternehmen.png","datePublished":"2015-04-08T11:14:12+00:00","dateModified":"2024-07-11T07:00:12+00:00","description":"FlightTime est fier de ses 30 ann\u00e9es d'exp\u00e9rience au service du voyage a\u00e9rien priv\u00e9. Nous avons le plus grand r\u00e9seau international en termes de r\u00e9f\u00e9rences et de partenaires d'affr\u00e8tement a\u00e9rien.","breadcrumb":{"@id":"https:\/\/flighttime.de\/fr\/unternehmen\/referenzen\/#breadcrumb"},"inLanguage":"fr-FR","potentialAction":[{"@type":"ReadAction","target":["https:\/\/flighttime.de\/fr\/unternehmen\/referenzen\/"]}]},{"@type":"ImageObject","inLanguage":"fr-FR","@id":"https:\/\/flighttime.de\/fr\/unternehmen\/referenzen\/#primaryimage","url":"https:\/\/flighttime.de\/wp-content\/uploads\/2024\/06\/unternehmen.png","contentUrl":"https:\/\/flighttime.de\/wp-content\/uploads\/2024\/06\/unternehmen.png","width":2000,"height":1000,"caption":"unternehmen"},{"@type":"BreadcrumbList","@id":"https:\/\/flighttime.de\/fr\/unternehmen\/referenzen\/#breadcrumb","itemListElement":[{"@type":"ListItem","position":1,"name":"Startseite","item":"https:\/\/flighttime.de\/fr\/"},{"@type":"ListItem","position":2,"name":"Entreprise","item":"https:\/\/flighttime.de\/fr\/unternehmen\/"},{"@type":"ListItem","position":3,"name":"R\u00e9f\u00e9rences"}]},{"@type":"WebSite","@id":"https:\/\/flighttime.de\/fr\/#website","url":"https:\/\/flighttime.de\/fr\/","name":"FlightTime","description":"","publisher":{"@id":"https:\/\/flighttime.de\/fr\/#organization"},"potentialAction":[{"@type":"SearchAction","target":{"@type":"EntryPoint","urlTemplate":"https:\/\/flighttime.de\/fr\/?s={search_term_string}"},"query-input":{"@type":"PropertyValueSpecification","valueRequired":true,"valueName":"search_term_string"}}],"inLanguage":"fr-FR"},{"@type":"Organization","@id":"https:\/\/flighttime.de\/fr\/#organization","name":"FlightTime GmbH","url":"https:\/\/flighttime.de\/fr\/","logo":{"@type":"ImageObject","inLanguage":"fr-FR","@id":"https:\/\/flighttime.de\/fr\/#\/schema\/logo\/image\/","url":"https:\/\/flighttime.de\/wp-content\/uploads\/2024\/06\/placeholder_img.png","contentUrl":"https:\/\/flighttime.de\/wp-content\/uploads\/2024\/06\/placeholder_img.png","width":326,"height":203,"caption":"FlightTime GmbH"},"image":{"@id":"https:\/\/flighttime.de\/fr\/#\/schema\/logo\/image\/"},"sameAs":["https:\/\/www.facebook.com\/FlightTime.gmbh","https:\/\/www.linkedin.com\/company\/flighttime-gmbh\/"]}]}},"_links":{"self":[{"href":"https:\/\/flighttime.de\/fr\/wp-json\/wp\/v2\/pages\/2218","targetHints":{"allow":["GET"]}}],"collection":[{"href":"https:\/\/flighttime.de\/fr\/wp-json\/wp\/v2\/pages"}],"about":[{"href":"https:\/\/flighttime.de\/fr\/wp-json\/wp\/v2\/types\/page"}],"author":[{"embeddable":true,"href":"https:\/\/flighttime.de\/fr\/wp-json\/wp\/v2\/users\/1"}],"replies":[{"embeddable":true,"href":"https:\/\/flighttime.de\/fr\/wp-json\/wp\/v2\/comments?post=2218"}],"version-history":[{"count":0,"href":"https:\/\/flighttime.de\/fr\/wp-json\/wp\/v2\/pages\/2218\/revisions"}],"up":[{"embeddable":true,"href":"https:\/\/flighttime.de\/fr\/wp-json\/wp\/v2\/pages\/2140"}],"wp:featuredmedia":[{"embeddable":true,"href":"https:\/\/flighttime.de\/fr\/wp-json\/wp\/v2\/media\/1477"}],"wp:attachment":[{"href":"https:\/\/flighttime.de\/fr\/wp-json\/wp\/v2\/media?parent=2218"}],"curies":[{"name":"wp","href":"https:\/\/api.w.org\/{rel}","templated":true}]}}