{"id":3211,"date":"2015-04-08T13:45:19","date_gmt":"2015-04-08T11:45:19","guid":{"rendered":"https:\/\/flighttime.de\/?page_id=3211"},"modified":"2024-07-05T06:53:31","modified_gmt":"2024-07-05T06:53:31","slug":"verkehrsflugzeuge","status":"publish","type":"page","link":"https:\/\/flighttime.de\/fr\/flugzeuge\/verkehrsflugzeuge\/","title":{"rendered":"Avions de ligne"},"content":{"rendered":"","protected":false},"excerpt":{"rendered":"","protected":false},"author":1,"featured_media":992,"parent":3113,"menu_order":1,"comment_status":"closed","ping_status":"closed","template":"","meta":{"_acf_changed":false,"footnotes":""},"class_list":["post-3211","page","type-page","status-publish","has-post-thumbnail","hentry"],"acf":[],"yoast_head":"<!-- This site is optimized with the Yoast SEO Premium plugin v27.3 (Yoast SEO v27.3) - https:\/\/yoast.com\/product\/yoast-seo-premium-wordpress\/ -->\n<title>Affr\u00e9ter des avions commerciaux de mani\u00e8re efficace avec FlightTime<\/title>\n<meta name=\"description\" content=\"Nous proposons divers services d&#039;affr\u00e8tement avec une flotte compl\u00e8te d&#039;avions commerciaux. La capacit\u00e9 d&#039;accueil varie de 19 \u00e0 580 places, ce qui permet de r\u00e9pondre \u00e0 tous les besoins en mati\u00e8re de voyage.\" \/>\n<meta name=\"robots\" content=\"index, follow, max-snippet:-1, max-image-preview:large, max-video-preview:-1\" \/>\n<link rel=\"canonical\" href=\"https:\/\/flighttime.de\/fr\/flugzeuge\/verkehrsflugzeuge\/\" \/>\n<meta property=\"og:locale\" content=\"fr_FR\" \/>\n<meta property=\"og:type\" content=\"article\" \/>\n<meta property=\"og:title\" content=\"Avions de ligne\" \/>\n<meta property=\"og:description\" content=\"Nous proposons divers services d&#039;affr\u00e8tement avec une flotte compl\u00e8te d&#039;avions commerciaux. La capacit\u00e9 d&#039;accueil varie de 19 \u00e0 580 places, ce qui permet de r\u00e9pondre \u00e0 tous les besoins en mati\u00e8re de voyage.\" \/>\n<meta property=\"og:url\" content=\"https:\/\/flighttime.de\/fr\/flugzeuge\/verkehrsflugzeuge\/\" \/>\n<meta property=\"article:publisher\" content=\"https:\/\/www.facebook.com\/FlightTime.gmbh\" \/>\n<meta property=\"article:modified_time\" content=\"2024-07-05T06:53:31+00:00\" \/>\n<meta property=\"og:image\" content=\"https:\/\/flighttime.de\/wp-content\/uploads\/2024\/06\/airliner-bg.png\" \/>\n\t<meta property=\"og:image:width\" content=\"1920\" \/>\n\t<meta property=\"og:image:height\" content=\"799\" \/>\n\t<meta property=\"og:image:type\" content=\"image\/png\" \/>\n<meta name=\"twitter:card\" content=\"summary_large_image\" \/>\n<meta name=\"twitter:label1\" content=\"Dur\u00e9e de lecture estim\u00e9e\" \/>\n\t<meta name=\"twitter:data1\" content=\"1 minute\" \/>\n<script type=\"application\/ld+json\" class=\"yoast-schema-graph\">{\"@context\":\"https:\\\/\\\/schema.org\",\"@graph\":[{\"@type\":\"WebPage\",\"@id\":\"https:\\\/\\\/flighttime.de\\\/fr\\\/flugzeuge\\\/verkehrsflugzeuge\\\/\",\"url\":\"https:\\\/\\\/flighttime.de\\\/fr\\\/flugzeuge\\\/verkehrsflugzeuge\\\/\",\"name\":\"Affr\u00e9ter des avions commerciaux de mani\u00e8re efficace avec FlightTime\",\"isPartOf\":{\"@id\":\"https:\\\/\\\/flighttime.de\\\/fr\\\/#website\"},\"primaryImageOfPage\":{\"@id\":\"https:\\\/\\\/flighttime.de\\\/fr\\\/flugzeuge\\\/verkehrsflugzeuge\\\/#primaryimage\"},\"image\":{\"@id\":\"https:\\\/\\\/flighttime.de\\\/fr\\\/flugzeuge\\\/verkehrsflugzeuge\\\/#primaryimage\"},\"thumbnailUrl\":\"https:\\\/\\\/flighttime.de\\\/wp-content\\\/uploads\\\/2024\\\/06\\\/airliner-bg.png\",\"datePublished\":\"2015-04-08T11:45:19+00:00\",\"dateModified\":\"2024-07-05T06:53:31+00:00\",\"description\":\"Nous proposons divers services d'affr\u00e8tement avec une flotte compl\u00e8te d'avions commerciaux. La capacit\u00e9 d'accueil varie de 19 \u00e0 580 places, ce qui permet de r\u00e9pondre \u00e0 tous les besoins en mati\u00e8re de voyage.\",\"breadcrumb\":{\"@id\":\"https:\\\/\\\/flighttime.de\\\/fr\\\/flugzeuge\\\/verkehrsflugzeuge\\\/#breadcrumb\"},\"inLanguage\":\"fr-FR\",\"potentialAction\":[{\"@type\":\"ReadAction\",\"target\":[\"https:\\\/\\\/flighttime.de\\\/fr\\\/flugzeuge\\\/verkehrsflugzeuge\\\/\"]}]},{\"@type\":\"ImageObject\",\"inLanguage\":\"fr-FR\",\"@id\":\"https:\\\/\\\/flighttime.de\\\/fr\\\/flugzeuge\\\/verkehrsflugzeuge\\\/#primaryimage\",\"url\":\"https:\\\/\\\/flighttime.de\\\/wp-content\\\/uploads\\\/2024\\\/06\\\/airliner-bg.png\",\"contentUrl\":\"https:\\\/\\\/flighttime.de\\\/wp-content\\\/uploads\\\/2024\\\/06\\\/airliner-bg.png\",\"width\":1920,\"height\":799,\"caption\":\"airliner-bg\"},{\"@type\":\"BreadcrumbList\",\"@id\":\"https:\\\/\\\/flighttime.de\\\/fr\\\/flugzeuge\\\/verkehrsflugzeuge\\\/#breadcrumb\",\"itemListElement\":[{\"@type\":\"ListItem\",\"position\":1,\"name\":\"Startseite\",\"item\":\"https:\\\/\\\/flighttime.de\\\/fr\\\/\"},{\"@type\":\"ListItem\",\"position\":2,\"name\":\"Avions\",\"item\":\"https:\\\/\\\/flighttime.de\\\/fr\\\/flugzeuge\\\/\"},{\"@type\":\"ListItem\",\"position\":3,\"name\":\"Avions de ligne\"}]},{\"@type\":\"WebSite\",\"@id\":\"https:\\\/\\\/flighttime.de\\\/fr\\\/#website\",\"url\":\"https:\\\/\\\/flighttime.de\\\/fr\\\/\",\"name\":\"FlightTime\",\"description\":\"\",\"publisher\":{\"@id\":\"https:\\\/\\\/flighttime.de\\\/fr\\\/#organization\"},\"potentialAction\":[{\"@type\":\"SearchAction\",\"target\":{\"@type\":\"EntryPoint\",\"urlTemplate\":\"https:\\\/\\\/flighttime.de\\\/fr\\\/?s={search_term_string}\"},\"query-input\":{\"@type\":\"PropertyValueSpecification\",\"valueRequired\":true,\"valueName\":\"search_term_string\"}}],\"inLanguage\":\"fr-FR\"},{\"@type\":\"Organization\",\"@id\":\"https:\\\/\\\/flighttime.de\\\/fr\\\/#organization\",\"name\":\"FlightTime GmbH\",\"url\":\"https:\\\/\\\/flighttime.de\\\/fr\\\/\",\"logo\":{\"@type\":\"ImageObject\",\"inLanguage\":\"fr-FR\",\"@id\":\"https:\\\/\\\/flighttime.de\\\/fr\\\/#\\\/schema\\\/logo\\\/image\\\/\",\"url\":\"https:\\\/\\\/flighttime.de\\\/wp-content\\\/uploads\\\/2024\\\/06\\\/placeholder_img.png\",\"contentUrl\":\"https:\\\/\\\/flighttime.de\\\/wp-content\\\/uploads\\\/2024\\\/06\\\/placeholder_img.png\",\"width\":326,\"height\":203,\"caption\":\"FlightTime GmbH\"},\"image\":{\"@id\":\"https:\\\/\\\/flighttime.de\\\/fr\\\/#\\\/schema\\\/logo\\\/image\\\/\"},\"sameAs\":[\"https:\\\/\\\/www.facebook.com\\\/FlightTime.gmbh\",\"https:\\\/\\\/www.linkedin.com\\\/company\\\/flighttime-gmbh\\\/\"]}]}<\/script>\n<!-- \/ Yoast SEO Premium plugin. -->","yoast_head_json":{"title":"Affr\u00e9ter des avions commerciaux de mani\u00e8re efficace avec FlightTime","description":"Nous proposons divers services d'affr\u00e8tement avec une flotte compl\u00e8te d'avions commerciaux. La capacit\u00e9 d'accueil varie de 19 \u00e0 580 places, ce qui permet de r\u00e9pondre \u00e0 tous les besoins en mati\u00e8re de voyage.","robots":{"index":"index","follow":"follow","max-snippet":"max-snippet:-1","max-image-preview":"max-image-preview:large","max-video-preview":"max-video-preview:-1"},"canonical":"https:\/\/flighttime.de\/fr\/flugzeuge\/verkehrsflugzeuge\/","og_locale":"fr_FR","og_type":"article","og_title":"Avions de ligne","og_description":"Nous proposons divers services d'affr\u00e8tement avec une flotte compl\u00e8te d'avions commerciaux. La capacit\u00e9 d'accueil varie de 19 \u00e0 580 places, ce qui permet de r\u00e9pondre \u00e0 tous les besoins en mati\u00e8re de voyage.","og_url":"https:\/\/flighttime.de\/fr\/flugzeuge\/verkehrsflugzeuge\/","article_publisher":"https:\/\/www.facebook.com\/FlightTime.gmbh","article_modified_time":"2024-07-05T06:53:31+00:00","og_image":[{"width":1920,"height":799,"url":"https:\/\/flighttime.de\/wp-content\/uploads\/2024\/06\/airliner-bg.png","type":"image\/png"}],"twitter_card":"summary_large_image","twitter_misc":{"Dur\u00e9e de lecture estim\u00e9e":"1 minute"},"schema":{"@context":"https:\/\/schema.org","@graph":[{"@type":"WebPage","@id":"https:\/\/flighttime.de\/fr\/flugzeuge\/verkehrsflugzeuge\/","url":"https:\/\/flighttime.de\/fr\/flugzeuge\/verkehrsflugzeuge\/","name":"Affr\u00e9ter des avions commerciaux de mani\u00e8re efficace avec FlightTime","isPartOf":{"@id":"https:\/\/flighttime.de\/fr\/#website"},"primaryImageOfPage":{"@id":"https:\/\/flighttime.de\/fr\/flugzeuge\/verkehrsflugzeuge\/#primaryimage"},"image":{"@id":"https:\/\/flighttime.de\/fr\/flugzeuge\/verkehrsflugzeuge\/#primaryimage"},"thumbnailUrl":"https:\/\/flighttime.de\/wp-content\/uploads\/2024\/06\/airliner-bg.png","datePublished":"2015-04-08T11:45:19+00:00","dateModified":"2024-07-05T06:53:31+00:00","description":"Nous proposons divers services d'affr\u00e8tement avec une flotte compl\u00e8te d'avions commerciaux. La capacit\u00e9 d'accueil varie de 19 \u00e0 580 places, ce qui permet de r\u00e9pondre \u00e0 tous les besoins en mati\u00e8re de voyage.","breadcrumb":{"@id":"https:\/\/flighttime.de\/fr\/flugzeuge\/verkehrsflugzeuge\/#breadcrumb"},"inLanguage":"fr-FR","potentialAction":[{"@type":"ReadAction","target":["https:\/\/flighttime.de\/fr\/flugzeuge\/verkehrsflugzeuge\/"]}]},{"@type":"ImageObject","inLanguage":"fr-FR","@id":"https:\/\/flighttime.de\/fr\/flugzeuge\/verkehrsflugzeuge\/#primaryimage","url":"https:\/\/flighttime.de\/wp-content\/uploads\/2024\/06\/airliner-bg.png","contentUrl":"https:\/\/flighttime.de\/wp-content\/uploads\/2024\/06\/airliner-bg.png","width":1920,"height":799,"caption":"airliner-bg"},{"@type":"BreadcrumbList","@id":"https:\/\/flighttime.de\/fr\/flugzeuge\/verkehrsflugzeuge\/#breadcrumb","itemListElement":[{"@type":"ListItem","position":1,"name":"Startseite","item":"https:\/\/flighttime.de\/fr\/"},{"@type":"ListItem","position":2,"name":"Avions","item":"https:\/\/flighttime.de\/fr\/flugzeuge\/"},{"@type":"ListItem","position":3,"name":"Avions de ligne"}]},{"@type":"WebSite","@id":"https:\/\/flighttime.de\/fr\/#website","url":"https:\/\/flighttime.de\/fr\/","name":"FlightTime","description":"","publisher":{"@id":"https:\/\/flighttime.de\/fr\/#organization"},"potentialAction":[{"@type":"SearchAction","target":{"@type":"EntryPoint","urlTemplate":"https:\/\/flighttime.de\/fr\/?s={search_term_string}"},"query-input":{"@type":"PropertyValueSpecification","valueRequired":true,"valueName":"search_term_string"}}],"inLanguage":"fr-FR"},{"@type":"Organization","@id":"https:\/\/flighttime.de\/fr\/#organization","name":"FlightTime GmbH","url":"https:\/\/flighttime.de\/fr\/","logo":{"@type":"ImageObject","inLanguage":"fr-FR","@id":"https:\/\/flighttime.de\/fr\/#\/schema\/logo\/image\/","url":"https:\/\/flighttime.de\/wp-content\/uploads\/2024\/06\/placeholder_img.png","contentUrl":"https:\/\/flighttime.de\/wp-content\/uploads\/2024\/06\/placeholder_img.png","width":326,"height":203,"caption":"FlightTime GmbH"},"image":{"@id":"https:\/\/flighttime.de\/fr\/#\/schema\/logo\/image\/"},"sameAs":["https:\/\/www.facebook.com\/FlightTime.gmbh","https:\/\/www.linkedin.com\/company\/flighttime-gmbh\/"]}]}},"_links":{"self":[{"href":"https:\/\/flighttime.de\/fr\/wp-json\/wp\/v2\/pages\/3211","targetHints":{"allow":["GET"]}}],"collection":[{"href":"https:\/\/flighttime.de\/fr\/wp-json\/wp\/v2\/pages"}],"about":[{"href":"https:\/\/flighttime.de\/fr\/wp-json\/wp\/v2\/types\/page"}],"author":[{"embeddable":true,"href":"https:\/\/flighttime.de\/fr\/wp-json\/wp\/v2\/users\/1"}],"replies":[{"embeddable":true,"href":"https:\/\/flighttime.de\/fr\/wp-json\/wp\/v2\/comments?post=3211"}],"version-history":[{"count":0,"href":"https:\/\/flighttime.de\/fr\/wp-json\/wp\/v2\/pages\/3211\/revisions"}],"up":[{"embeddable":true,"href":"https:\/\/flighttime.de\/fr\/wp-json\/wp\/v2\/pages\/3113"}],"wp:featuredmedia":[{"embeddable":true,"href":"https:\/\/flighttime.de\/fr\/wp-json\/wp\/v2\/media\/992"}],"wp:attachment":[{"href":"https:\/\/flighttime.de\/fr\/wp-json\/wp\/v2\/media?parent=3211"}],"curies":[{"name":"wp","href":"https:\/\/api.w.org\/{rel}","templated":true}]}}