{"id":3291,"date":"2015-04-08T13:47:09","date_gmt":"2015-04-08T11:47:09","guid":{"rendered":"https:\/\/flighttime.de\/?page_id=3291"},"modified":"2024-07-05T13:07:40","modified_gmt":"2024-07-05T13:07:40","slug":"helikopter","status":"publish","type":"page","link":"https:\/\/flighttime.de\/fr\/flugzeuge\/helikopter\/","title":{"rendered":"H\u00e9licopt\u00e8res"},"content":{"rendered":"","protected":false},"excerpt":{"rendered":"","protected":false},"author":1,"featured_media":1203,"parent":3113,"menu_order":5,"comment_status":"closed","ping_status":"closed","template":"","meta":{"_acf_changed":false,"footnotes":""},"class_list":["post-3291","page","type-page","status-publish","has-post-thumbnail","hentry"],"acf":[],"yoast_head":"<!-- This site is optimized with the Yoast SEO Premium plugin v27.3 (Yoast SEO v27.3) - https:\/\/yoast.com\/product\/yoast-seo-premium-wordpress\/ -->\n<title>Service fiable de location et d&#039;affr\u00e8tement d&#039;h\u00e9licopt\u00e8res | FlightTime<\/title>\n<meta name=\"description\" content=\"Envolez-vous avec FlightTime ! Explorez nos options d&#039;affr\u00e8tement d&#039;h\u00e9licopt\u00e8re ou louez un h\u00e9licopt\u00e8re pour une aventure a\u00e9rienne sans pr\u00e9c\u00e9dent. R\u00e9servez d\u00e8s maintenant !\" \/>\n<meta name=\"robots\" content=\"index, follow, max-snippet:-1, max-image-preview:large, max-video-preview:-1\" \/>\n<link rel=\"canonical\" href=\"https:\/\/flighttime.de\/fr\/flugzeuge\/helikopter\/\" \/>\n<meta property=\"og:locale\" content=\"fr_FR\" \/>\n<meta property=\"og:type\" content=\"article\" \/>\n<meta property=\"og:title\" content=\"H\u00e9licopt\u00e8res\" \/>\n<meta property=\"og:description\" content=\"Envolez-vous avec FlightTime ! Explorez nos options d&#039;affr\u00e8tement d&#039;h\u00e9licopt\u00e8re ou louez un h\u00e9licopt\u00e8re pour une aventure a\u00e9rienne sans pr\u00e9c\u00e9dent. R\u00e9servez d\u00e8s maintenant !\" \/>\n<meta property=\"og:url\" content=\"https:\/\/flighttime.de\/fr\/flugzeuge\/helikopter\/\" \/>\n<meta property=\"article:publisher\" content=\"https:\/\/www.facebook.com\/FlightTime.gmbh\" \/>\n<meta property=\"article:modified_time\" content=\"2024-07-05T13:07:40+00:00\" \/>\n<meta property=\"og:image\" content=\"https:\/\/flighttime.de\/wp-content\/uploads\/2024\/06\/helicopter-bg.png\" \/>\n\t<meta property=\"og:image:width\" content=\"1920\" \/>\n\t<meta property=\"og:image:height\" content=\"667\" \/>\n\t<meta property=\"og:image:type\" content=\"image\/png\" \/>\n<meta name=\"twitter:card\" content=\"summary_large_image\" \/>\n<meta name=\"twitter:label1\" content=\"Dur\u00e9e de lecture estim\u00e9e\" \/>\n\t<meta name=\"twitter:data1\" content=\"1 minute\" \/>\n<script type=\"application\/ld+json\" class=\"yoast-schema-graph\">{\"@context\":\"https:\\\/\\\/schema.org\",\"@graph\":[{\"@type\":\"WebPage\",\"@id\":\"https:\\\/\\\/flighttime.de\\\/fr\\\/flugzeuge\\\/helikopter\\\/\",\"url\":\"https:\\\/\\\/flighttime.de\\\/fr\\\/flugzeuge\\\/helikopter\\\/\",\"name\":\"Service fiable de location et d'affr\u00e8tement d'h\u00e9licopt\u00e8res | FlightTime\",\"isPartOf\":{\"@id\":\"https:\\\/\\\/flighttime.de\\\/fr\\\/#website\"},\"primaryImageOfPage\":{\"@id\":\"https:\\\/\\\/flighttime.de\\\/fr\\\/flugzeuge\\\/helikopter\\\/#primaryimage\"},\"image\":{\"@id\":\"https:\\\/\\\/flighttime.de\\\/fr\\\/flugzeuge\\\/helikopter\\\/#primaryimage\"},\"thumbnailUrl\":\"https:\\\/\\\/flighttime.de\\\/wp-content\\\/uploads\\\/2024\\\/06\\\/helicopter-bg.png\",\"datePublished\":\"2015-04-08T11:47:09+00:00\",\"dateModified\":\"2024-07-05T13:07:40+00:00\",\"description\":\"Envolez-vous avec FlightTime ! Explorez nos options d'affr\u00e8tement d'h\u00e9licopt\u00e8re ou louez un h\u00e9licopt\u00e8re pour une aventure a\u00e9rienne sans pr\u00e9c\u00e9dent. R\u00e9servez d\u00e8s maintenant !\",\"breadcrumb\":{\"@id\":\"https:\\\/\\\/flighttime.de\\\/fr\\\/flugzeuge\\\/helikopter\\\/#breadcrumb\"},\"inLanguage\":\"fr-FR\",\"potentialAction\":[{\"@type\":\"ReadAction\",\"target\":[\"https:\\\/\\\/flighttime.de\\\/fr\\\/flugzeuge\\\/helikopter\\\/\"]}]},{\"@type\":\"ImageObject\",\"inLanguage\":\"fr-FR\",\"@id\":\"https:\\\/\\\/flighttime.de\\\/fr\\\/flugzeuge\\\/helikopter\\\/#primaryimage\",\"url\":\"https:\\\/\\\/flighttime.de\\\/wp-content\\\/uploads\\\/2024\\\/06\\\/helicopter-bg.png\",\"contentUrl\":\"https:\\\/\\\/flighttime.de\\\/wp-content\\\/uploads\\\/2024\\\/06\\\/helicopter-bg.png\",\"width\":1920,\"height\":667,\"caption\":\"helicopter-bg\"},{\"@type\":\"BreadcrumbList\",\"@id\":\"https:\\\/\\\/flighttime.de\\\/fr\\\/flugzeuge\\\/helikopter\\\/#breadcrumb\",\"itemListElement\":[{\"@type\":\"ListItem\",\"position\":1,\"name\":\"Startseite\",\"item\":\"https:\\\/\\\/flighttime.de\\\/fr\\\/\"},{\"@type\":\"ListItem\",\"position\":2,\"name\":\"Avions\",\"item\":\"https:\\\/\\\/flighttime.de\\\/fr\\\/flugzeuge\\\/\"},{\"@type\":\"ListItem\",\"position\":3,\"name\":\"H\u00e9licopt\u00e8res\"}]},{\"@type\":\"WebSite\",\"@id\":\"https:\\\/\\\/flighttime.de\\\/fr\\\/#website\",\"url\":\"https:\\\/\\\/flighttime.de\\\/fr\\\/\",\"name\":\"FlightTime\",\"description\":\"\",\"publisher\":{\"@id\":\"https:\\\/\\\/flighttime.de\\\/fr\\\/#organization\"},\"potentialAction\":[{\"@type\":\"SearchAction\",\"target\":{\"@type\":\"EntryPoint\",\"urlTemplate\":\"https:\\\/\\\/flighttime.de\\\/fr\\\/?s={search_term_string}\"},\"query-input\":{\"@type\":\"PropertyValueSpecification\",\"valueRequired\":true,\"valueName\":\"search_term_string\"}}],\"inLanguage\":\"fr-FR\"},{\"@type\":\"Organization\",\"@id\":\"https:\\\/\\\/flighttime.de\\\/fr\\\/#organization\",\"name\":\"FlightTime GmbH\",\"url\":\"https:\\\/\\\/flighttime.de\\\/fr\\\/\",\"logo\":{\"@type\":\"ImageObject\",\"inLanguage\":\"fr-FR\",\"@id\":\"https:\\\/\\\/flighttime.de\\\/fr\\\/#\\\/schema\\\/logo\\\/image\\\/\",\"url\":\"https:\\\/\\\/flighttime.de\\\/wp-content\\\/uploads\\\/2024\\\/06\\\/placeholder_img.png\",\"contentUrl\":\"https:\\\/\\\/flighttime.de\\\/wp-content\\\/uploads\\\/2024\\\/06\\\/placeholder_img.png\",\"width\":326,\"height\":203,\"caption\":\"FlightTime GmbH\"},\"image\":{\"@id\":\"https:\\\/\\\/flighttime.de\\\/fr\\\/#\\\/schema\\\/logo\\\/image\\\/\"},\"sameAs\":[\"https:\\\/\\\/www.facebook.com\\\/FlightTime.gmbh\",\"https:\\\/\\\/www.linkedin.com\\\/company\\\/flighttime-gmbh\\\/\"]}]}<\/script>\n<!-- \/ Yoast SEO Premium plugin. -->","yoast_head_json":{"title":"Service fiable de location et d'affr\u00e8tement d'h\u00e9licopt\u00e8res | FlightTime","description":"Envolez-vous avec FlightTime ! Explorez nos options d'affr\u00e8tement d'h\u00e9licopt\u00e8re ou louez un h\u00e9licopt\u00e8re pour une aventure a\u00e9rienne sans pr\u00e9c\u00e9dent. R\u00e9servez d\u00e8s maintenant !","robots":{"index":"index","follow":"follow","max-snippet":"max-snippet:-1","max-image-preview":"max-image-preview:large","max-video-preview":"max-video-preview:-1"},"canonical":"https:\/\/flighttime.de\/fr\/flugzeuge\/helikopter\/","og_locale":"fr_FR","og_type":"article","og_title":"H\u00e9licopt\u00e8res","og_description":"Envolez-vous avec FlightTime ! Explorez nos options d'affr\u00e8tement d'h\u00e9licopt\u00e8re ou louez un h\u00e9licopt\u00e8re pour une aventure a\u00e9rienne sans pr\u00e9c\u00e9dent. R\u00e9servez d\u00e8s maintenant !","og_url":"https:\/\/flighttime.de\/fr\/flugzeuge\/helikopter\/","article_publisher":"https:\/\/www.facebook.com\/FlightTime.gmbh","article_modified_time":"2024-07-05T13:07:40+00:00","og_image":[{"width":1920,"height":667,"url":"https:\/\/flighttime.de\/wp-content\/uploads\/2024\/06\/helicopter-bg.png","type":"image\/png"}],"twitter_card":"summary_large_image","twitter_misc":{"Dur\u00e9e de lecture estim\u00e9e":"1 minute"},"schema":{"@context":"https:\/\/schema.org","@graph":[{"@type":"WebPage","@id":"https:\/\/flighttime.de\/fr\/flugzeuge\/helikopter\/","url":"https:\/\/flighttime.de\/fr\/flugzeuge\/helikopter\/","name":"Service fiable de location et d'affr\u00e8tement d'h\u00e9licopt\u00e8res | FlightTime","isPartOf":{"@id":"https:\/\/flighttime.de\/fr\/#website"},"primaryImageOfPage":{"@id":"https:\/\/flighttime.de\/fr\/flugzeuge\/helikopter\/#primaryimage"},"image":{"@id":"https:\/\/flighttime.de\/fr\/flugzeuge\/helikopter\/#primaryimage"},"thumbnailUrl":"https:\/\/flighttime.de\/wp-content\/uploads\/2024\/06\/helicopter-bg.png","datePublished":"2015-04-08T11:47:09+00:00","dateModified":"2024-07-05T13:07:40+00:00","description":"Envolez-vous avec FlightTime ! Explorez nos options d'affr\u00e8tement d'h\u00e9licopt\u00e8re ou louez un h\u00e9licopt\u00e8re pour une aventure a\u00e9rienne sans pr\u00e9c\u00e9dent. R\u00e9servez d\u00e8s maintenant !","breadcrumb":{"@id":"https:\/\/flighttime.de\/fr\/flugzeuge\/helikopter\/#breadcrumb"},"inLanguage":"fr-FR","potentialAction":[{"@type":"ReadAction","target":["https:\/\/flighttime.de\/fr\/flugzeuge\/helikopter\/"]}]},{"@type":"ImageObject","inLanguage":"fr-FR","@id":"https:\/\/flighttime.de\/fr\/flugzeuge\/helikopter\/#primaryimage","url":"https:\/\/flighttime.de\/wp-content\/uploads\/2024\/06\/helicopter-bg.png","contentUrl":"https:\/\/flighttime.de\/wp-content\/uploads\/2024\/06\/helicopter-bg.png","width":1920,"height":667,"caption":"helicopter-bg"},{"@type":"BreadcrumbList","@id":"https:\/\/flighttime.de\/fr\/flugzeuge\/helikopter\/#breadcrumb","itemListElement":[{"@type":"ListItem","position":1,"name":"Startseite","item":"https:\/\/flighttime.de\/fr\/"},{"@type":"ListItem","position":2,"name":"Avions","item":"https:\/\/flighttime.de\/fr\/flugzeuge\/"},{"@type":"ListItem","position":3,"name":"H\u00e9licopt\u00e8res"}]},{"@type":"WebSite","@id":"https:\/\/flighttime.de\/fr\/#website","url":"https:\/\/flighttime.de\/fr\/","name":"FlightTime","description":"","publisher":{"@id":"https:\/\/flighttime.de\/fr\/#organization"},"potentialAction":[{"@type":"SearchAction","target":{"@type":"EntryPoint","urlTemplate":"https:\/\/flighttime.de\/fr\/?s={search_term_string}"},"query-input":{"@type":"PropertyValueSpecification","valueRequired":true,"valueName":"search_term_string"}}],"inLanguage":"fr-FR"},{"@type":"Organization","@id":"https:\/\/flighttime.de\/fr\/#organization","name":"FlightTime GmbH","url":"https:\/\/flighttime.de\/fr\/","logo":{"@type":"ImageObject","inLanguage":"fr-FR","@id":"https:\/\/flighttime.de\/fr\/#\/schema\/logo\/image\/","url":"https:\/\/flighttime.de\/wp-content\/uploads\/2024\/06\/placeholder_img.png","contentUrl":"https:\/\/flighttime.de\/wp-content\/uploads\/2024\/06\/placeholder_img.png","width":326,"height":203,"caption":"FlightTime GmbH"},"image":{"@id":"https:\/\/flighttime.de\/fr\/#\/schema\/logo\/image\/"},"sameAs":["https:\/\/www.facebook.com\/FlightTime.gmbh","https:\/\/www.linkedin.com\/company\/flighttime-gmbh\/"]}]}},"_links":{"self":[{"href":"https:\/\/flighttime.de\/fr\/wp-json\/wp\/v2\/pages\/3291","targetHints":{"allow":["GET"]}}],"collection":[{"href":"https:\/\/flighttime.de\/fr\/wp-json\/wp\/v2\/pages"}],"about":[{"href":"https:\/\/flighttime.de\/fr\/wp-json\/wp\/v2\/types\/page"}],"author":[{"embeddable":true,"href":"https:\/\/flighttime.de\/fr\/wp-json\/wp\/v2\/users\/1"}],"replies":[{"embeddable":true,"href":"https:\/\/flighttime.de\/fr\/wp-json\/wp\/v2\/comments?post=3291"}],"version-history":[{"count":0,"href":"https:\/\/flighttime.de\/fr\/wp-json\/wp\/v2\/pages\/3291\/revisions"}],"up":[{"embeddable":true,"href":"https:\/\/flighttime.de\/fr\/wp-json\/wp\/v2\/pages\/3113"}],"wp:featuredmedia":[{"embeddable":true,"href":"https:\/\/flighttime.de\/fr\/wp-json\/wp\/v2\/media\/1203"}],"wp:attachment":[{"href":"https:\/\/flighttime.de\/fr\/wp-json\/wp\/v2\/media?parent=3291"}],"curies":[{"name":"wp","href":"https:\/\/api.w.org\/{rel}","templated":true}]}}