{"id":3495,"date":"2015-06-21T14:30:19","date_gmt":"2015-06-21T12:30:19","guid":{"rendered":"https:\/\/flighttime.de\/?page_id=3495"},"modified":"2024-07-05T07:00:54","modified_gmt":"2024-07-05T07:00:54","slug":"dornier","status":"publish","type":"page","link":"https:\/\/flighttime.de\/fr\/flugzeuge\/verkehrsflugzeuge\/dornier\/","title":{"rendered":"Dornier"},"content":{"rendered":"","protected":false},"excerpt":{"rendered":"","protected":false},"author":1,"featured_media":6255,"parent":3211,"menu_order":5,"comment_status":"closed","ping_status":"closed","template":"","meta":{"_acf_changed":false,"footnotes":""},"class_list":["post-3495","page","type-page","status-publish","has-post-thumbnail","hentry"],"acf":[],"yoast_head":"<!-- This site is optimized with the Yoast SEO Premium plugin v27.3 (Yoast SEO v27.3) - https:\/\/yoast.com\/product\/yoast-seo-premium-wordpress\/ -->\n<title>Louer un Dornier Jet pour une exp\u00e9rience de voyage sup\u00e9rieure | FlightTime<\/title>\n<meta name=\"description\" content=\"Offrez-vous le luxe en louant un jet Dornier pour vos d\u00e9placements. Faites l&#039;exp\u00e9rience d&#039;un confort et d&#039;une performance de premier ordre gr\u00e2ce \u00e0 nos avions Dornier fiables. R\u00e9servez d\u00e8s maintenant.\" \/>\n<meta name=\"robots\" content=\"index, follow, max-snippet:-1, max-image-preview:large, max-video-preview:-1\" \/>\n<link rel=\"canonical\" href=\"https:\/\/flighttime.de\/fr\/flugzeuge\/verkehrsflugzeuge\/dornier\/\" \/>\n<meta property=\"og:locale\" content=\"fr_FR\" \/>\n<meta property=\"og:type\" content=\"article\" \/>\n<meta property=\"og:title\" content=\"Dornier\" \/>\n<meta property=\"og:description\" content=\"Offrez-vous le luxe en louant un jet Dornier pour vos d\u00e9placements. Faites l&#039;exp\u00e9rience d&#039;un confort et d&#039;une performance de premier ordre gr\u00e2ce \u00e0 nos avions Dornier fiables. R\u00e9servez d\u00e8s maintenant.\" \/>\n<meta property=\"og:url\" content=\"https:\/\/flighttime.de\/fr\/flugzeuge\/verkehrsflugzeuge\/dornier\/\" \/>\n<meta property=\"article:publisher\" content=\"https:\/\/www.facebook.com\/FlightTime.gmbh\" \/>\n<meta property=\"article:modified_time\" content=\"2024-07-05T07:00:54+00:00\" \/>\n<meta property=\"og:image\" content=\"https:\/\/flighttime.de\/wp-content\/uploads\/2024\/07\/Do328-jet.jpg\" \/>\n\t<meta property=\"og:image:width\" content=\"1024\" \/>\n\t<meta property=\"og:image:height\" content=\"683\" \/>\n\t<meta property=\"og:image:type\" content=\"image\/jpeg\" \/>\n<meta name=\"twitter:card\" content=\"summary_large_image\" \/>\n<meta name=\"twitter:label1\" content=\"Dur\u00e9e de lecture estim\u00e9e\" \/>\n\t<meta name=\"twitter:data1\" content=\"1 minute\" \/>\n<script type=\"application\/ld+json\" class=\"yoast-schema-graph\">{\"@context\":\"https:\\\/\\\/schema.org\",\"@graph\":[{\"@type\":\"WebPage\",\"@id\":\"https:\\\/\\\/flighttime.de\\\/fr\\\/flugzeuge\\\/verkehrsflugzeuge\\\/dornier\\\/\",\"url\":\"https:\\\/\\\/flighttime.de\\\/fr\\\/flugzeuge\\\/verkehrsflugzeuge\\\/dornier\\\/\",\"name\":\"Louer un Dornier Jet pour une exp\u00e9rience de voyage sup\u00e9rieure | FlightTime\",\"isPartOf\":{\"@id\":\"https:\\\/\\\/flighttime.de\\\/fr\\\/#website\"},\"primaryImageOfPage\":{\"@id\":\"https:\\\/\\\/flighttime.de\\\/fr\\\/flugzeuge\\\/verkehrsflugzeuge\\\/dornier\\\/#primaryimage\"},\"image\":{\"@id\":\"https:\\\/\\\/flighttime.de\\\/fr\\\/flugzeuge\\\/verkehrsflugzeuge\\\/dornier\\\/#primaryimage\"},\"thumbnailUrl\":\"https:\\\/\\\/flighttime.de\\\/wp-content\\\/uploads\\\/2024\\\/07\\\/Do328-jet.jpg\",\"datePublished\":\"2015-06-21T12:30:19+00:00\",\"dateModified\":\"2024-07-05T07:00:54+00:00\",\"description\":\"Offrez-vous le luxe en louant un jet Dornier pour vos d\u00e9placements. Faites l'exp\u00e9rience d'un confort et d'une performance de premier ordre gr\u00e2ce \u00e0 nos avions Dornier fiables. R\u00e9servez d\u00e8s maintenant.\",\"breadcrumb\":{\"@id\":\"https:\\\/\\\/flighttime.de\\\/fr\\\/flugzeuge\\\/verkehrsflugzeuge\\\/dornier\\\/#breadcrumb\"},\"inLanguage\":\"fr-FR\",\"potentialAction\":[{\"@type\":\"ReadAction\",\"target\":[\"https:\\\/\\\/flighttime.de\\\/fr\\\/flugzeuge\\\/verkehrsflugzeuge\\\/dornier\\\/\"]}]},{\"@type\":\"ImageObject\",\"inLanguage\":\"fr-FR\",\"@id\":\"https:\\\/\\\/flighttime.de\\\/fr\\\/flugzeuge\\\/verkehrsflugzeuge\\\/dornier\\\/#primaryimage\",\"url\":\"https:\\\/\\\/flighttime.de\\\/wp-content\\\/uploads\\\/2024\\\/07\\\/Do328-jet.jpg\",\"contentUrl\":\"https:\\\/\\\/flighttime.de\\\/wp-content\\\/uploads\\\/2024\\\/07\\\/Do328-jet.jpg\",\"width\":1024,\"height\":683,\"caption\":\"Dornier Do329 Jet\"},{\"@type\":\"BreadcrumbList\",\"@id\":\"https:\\\/\\\/flighttime.de\\\/fr\\\/flugzeuge\\\/verkehrsflugzeuge\\\/dornier\\\/#breadcrumb\",\"itemListElement\":[{\"@type\":\"ListItem\",\"position\":1,\"name\":\"Startseite\",\"item\":\"https:\\\/\\\/flighttime.de\\\/fr\\\/\"},{\"@type\":\"ListItem\",\"position\":2,\"name\":\"Avions\",\"item\":\"https:\\\/\\\/flighttime.de\\\/fr\\\/flugzeuge\\\/\"},{\"@type\":\"ListItem\",\"position\":3,\"name\":\"Avions de ligne\",\"item\":\"https:\\\/\\\/flighttime.de\\\/fr\\\/flugzeuge\\\/verkehrsflugzeuge\\\/\"},{\"@type\":\"ListItem\",\"position\":4,\"name\":\"Dornier\"}]},{\"@type\":\"WebSite\",\"@id\":\"https:\\\/\\\/flighttime.de\\\/fr\\\/#website\",\"url\":\"https:\\\/\\\/flighttime.de\\\/fr\\\/\",\"name\":\"FlightTime\",\"description\":\"\",\"publisher\":{\"@id\":\"https:\\\/\\\/flighttime.de\\\/fr\\\/#organization\"},\"potentialAction\":[{\"@type\":\"SearchAction\",\"target\":{\"@type\":\"EntryPoint\",\"urlTemplate\":\"https:\\\/\\\/flighttime.de\\\/fr\\\/?s={search_term_string}\"},\"query-input\":{\"@type\":\"PropertyValueSpecification\",\"valueRequired\":true,\"valueName\":\"search_term_string\"}}],\"inLanguage\":\"fr-FR\"},{\"@type\":\"Organization\",\"@id\":\"https:\\\/\\\/flighttime.de\\\/fr\\\/#organization\",\"name\":\"FlightTime GmbH\",\"url\":\"https:\\\/\\\/flighttime.de\\\/fr\\\/\",\"logo\":{\"@type\":\"ImageObject\",\"inLanguage\":\"fr-FR\",\"@id\":\"https:\\\/\\\/flighttime.de\\\/fr\\\/#\\\/schema\\\/logo\\\/image\\\/\",\"url\":\"https:\\\/\\\/flighttime.de\\\/wp-content\\\/uploads\\\/2024\\\/06\\\/placeholder_img.png\",\"contentUrl\":\"https:\\\/\\\/flighttime.de\\\/wp-content\\\/uploads\\\/2024\\\/06\\\/placeholder_img.png\",\"width\":326,\"height\":203,\"caption\":\"FlightTime GmbH\"},\"image\":{\"@id\":\"https:\\\/\\\/flighttime.de\\\/fr\\\/#\\\/schema\\\/logo\\\/image\\\/\"},\"sameAs\":[\"https:\\\/\\\/www.facebook.com\\\/FlightTime.gmbh\",\"https:\\\/\\\/www.linkedin.com\\\/company\\\/flighttime-gmbh\\\/\"]}]}<\/script>\n<!-- \/ Yoast SEO Premium plugin. -->","yoast_head_json":{"title":"Louer un Dornier Jet pour une exp\u00e9rience de voyage sup\u00e9rieure | FlightTime","description":"Offrez-vous le luxe en louant un jet Dornier pour vos d\u00e9placements. Faites l'exp\u00e9rience d'un confort et d'une performance de premier ordre gr\u00e2ce \u00e0 nos avions Dornier fiables. R\u00e9servez d\u00e8s maintenant.","robots":{"index":"index","follow":"follow","max-snippet":"max-snippet:-1","max-image-preview":"max-image-preview:large","max-video-preview":"max-video-preview:-1"},"canonical":"https:\/\/flighttime.de\/fr\/flugzeuge\/verkehrsflugzeuge\/dornier\/","og_locale":"fr_FR","og_type":"article","og_title":"Dornier","og_description":"Offrez-vous le luxe en louant un jet Dornier pour vos d\u00e9placements. Faites l'exp\u00e9rience d'un confort et d'une performance de premier ordre gr\u00e2ce \u00e0 nos avions Dornier fiables. R\u00e9servez d\u00e8s maintenant.","og_url":"https:\/\/flighttime.de\/fr\/flugzeuge\/verkehrsflugzeuge\/dornier\/","article_publisher":"https:\/\/www.facebook.com\/FlightTime.gmbh","article_modified_time":"2024-07-05T07:00:54+00:00","og_image":[{"width":1024,"height":683,"url":"https:\/\/flighttime.de\/wp-content\/uploads\/2024\/07\/Do328-jet.jpg","type":"image\/jpeg"}],"twitter_card":"summary_large_image","twitter_misc":{"Dur\u00e9e de lecture estim\u00e9e":"1 minute"},"schema":{"@context":"https:\/\/schema.org","@graph":[{"@type":"WebPage","@id":"https:\/\/flighttime.de\/fr\/flugzeuge\/verkehrsflugzeuge\/dornier\/","url":"https:\/\/flighttime.de\/fr\/flugzeuge\/verkehrsflugzeuge\/dornier\/","name":"Louer un Dornier Jet pour une exp\u00e9rience de voyage sup\u00e9rieure | FlightTime","isPartOf":{"@id":"https:\/\/flighttime.de\/fr\/#website"},"primaryImageOfPage":{"@id":"https:\/\/flighttime.de\/fr\/flugzeuge\/verkehrsflugzeuge\/dornier\/#primaryimage"},"image":{"@id":"https:\/\/flighttime.de\/fr\/flugzeuge\/verkehrsflugzeuge\/dornier\/#primaryimage"},"thumbnailUrl":"https:\/\/flighttime.de\/wp-content\/uploads\/2024\/07\/Do328-jet.jpg","datePublished":"2015-06-21T12:30:19+00:00","dateModified":"2024-07-05T07:00:54+00:00","description":"Offrez-vous le luxe en louant un jet Dornier pour vos d\u00e9placements. Faites l'exp\u00e9rience d'un confort et d'une performance de premier ordre gr\u00e2ce \u00e0 nos avions Dornier fiables. R\u00e9servez d\u00e8s maintenant.","breadcrumb":{"@id":"https:\/\/flighttime.de\/fr\/flugzeuge\/verkehrsflugzeuge\/dornier\/#breadcrumb"},"inLanguage":"fr-FR","potentialAction":[{"@type":"ReadAction","target":["https:\/\/flighttime.de\/fr\/flugzeuge\/verkehrsflugzeuge\/dornier\/"]}]},{"@type":"ImageObject","inLanguage":"fr-FR","@id":"https:\/\/flighttime.de\/fr\/flugzeuge\/verkehrsflugzeuge\/dornier\/#primaryimage","url":"https:\/\/flighttime.de\/wp-content\/uploads\/2024\/07\/Do328-jet.jpg","contentUrl":"https:\/\/flighttime.de\/wp-content\/uploads\/2024\/07\/Do328-jet.jpg","width":1024,"height":683,"caption":"Dornier Do329 Jet"},{"@type":"BreadcrumbList","@id":"https:\/\/flighttime.de\/fr\/flugzeuge\/verkehrsflugzeuge\/dornier\/#breadcrumb","itemListElement":[{"@type":"ListItem","position":1,"name":"Startseite","item":"https:\/\/flighttime.de\/fr\/"},{"@type":"ListItem","position":2,"name":"Avions","item":"https:\/\/flighttime.de\/fr\/flugzeuge\/"},{"@type":"ListItem","position":3,"name":"Avions de ligne","item":"https:\/\/flighttime.de\/fr\/flugzeuge\/verkehrsflugzeuge\/"},{"@type":"ListItem","position":4,"name":"Dornier"}]},{"@type":"WebSite","@id":"https:\/\/flighttime.de\/fr\/#website","url":"https:\/\/flighttime.de\/fr\/","name":"FlightTime","description":"","publisher":{"@id":"https:\/\/flighttime.de\/fr\/#organization"},"potentialAction":[{"@type":"SearchAction","target":{"@type":"EntryPoint","urlTemplate":"https:\/\/flighttime.de\/fr\/?s={search_term_string}"},"query-input":{"@type":"PropertyValueSpecification","valueRequired":true,"valueName":"search_term_string"}}],"inLanguage":"fr-FR"},{"@type":"Organization","@id":"https:\/\/flighttime.de\/fr\/#organization","name":"FlightTime GmbH","url":"https:\/\/flighttime.de\/fr\/","logo":{"@type":"ImageObject","inLanguage":"fr-FR","@id":"https:\/\/flighttime.de\/fr\/#\/schema\/logo\/image\/","url":"https:\/\/flighttime.de\/wp-content\/uploads\/2024\/06\/placeholder_img.png","contentUrl":"https:\/\/flighttime.de\/wp-content\/uploads\/2024\/06\/placeholder_img.png","width":326,"height":203,"caption":"FlightTime GmbH"},"image":{"@id":"https:\/\/flighttime.de\/fr\/#\/schema\/logo\/image\/"},"sameAs":["https:\/\/www.facebook.com\/FlightTime.gmbh","https:\/\/www.linkedin.com\/company\/flighttime-gmbh\/"]}]}},"_links":{"self":[{"href":"https:\/\/flighttime.de\/fr\/wp-json\/wp\/v2\/pages\/3495","targetHints":{"allow":["GET"]}}],"collection":[{"href":"https:\/\/flighttime.de\/fr\/wp-json\/wp\/v2\/pages"}],"about":[{"href":"https:\/\/flighttime.de\/fr\/wp-json\/wp\/v2\/types\/page"}],"author":[{"embeddable":true,"href":"https:\/\/flighttime.de\/fr\/wp-json\/wp\/v2\/users\/1"}],"replies":[{"embeddable":true,"href":"https:\/\/flighttime.de\/fr\/wp-json\/wp\/v2\/comments?post=3495"}],"version-history":[{"count":0,"href":"https:\/\/flighttime.de\/fr\/wp-json\/wp\/v2\/pages\/3495\/revisions"}],"up":[{"embeddable":true,"href":"https:\/\/flighttime.de\/fr\/wp-json\/wp\/v2\/pages\/3211"}],"wp:featuredmedia":[{"embeddable":true,"href":"https:\/\/flighttime.de\/fr\/wp-json\/wp\/v2\/media\/6255"}],"wp:attachment":[{"href":"https:\/\/flighttime.de\/fr\/wp-json\/wp\/v2\/media?parent=3495"}],"curies":[{"name":"wp","href":"https:\/\/api.w.org\/{rel}","templated":true}]}}