{"id":3500,"date":"2015-06-21T14:31:32","date_gmt":"2015-06-21T12:31:32","guid":{"rendered":"https:\/\/flighttime.de\/?page_id=3500"},"modified":"2024-07-04T06:55:02","modified_gmt":"2024-07-04T06:55:02","slug":"embraer","status":"publish","type":"page","link":"https:\/\/flighttime.de\/fr\/flugzeuge\/verkehrsflugzeuge\/embraer\/","title":{"rendered":"Embraer"},"content":{"rendered":"","protected":false},"excerpt":{"rendered":"","protected":false},"author":1,"featured_media":6232,"parent":3211,"menu_order":6,"comment_status":"closed","ping_status":"closed","template":"","meta":{"_acf_changed":false,"footnotes":""},"class_list":["post-3500","page","type-page","status-publish","has-post-thumbnail","hentry"],"acf":[],"yoast_head":"<!-- This site is optimized with the Yoast SEO Premium plugin v27.4 (Yoast SEO v27.4) - https:\/\/yoast.com\/product\/yoast-seo-premium-wordpress\/ -->\n<title>Location d&#039;avions Embraer : FlightTime - Confort et commodit\u00e9<\/title>\n<meta name=\"description\" content=\"Profitez du confort et de la commodit\u00e9 de la location d&#039;un avion Embraer. Du personnel professionnel aux installations de qualit\u00e9 sup\u00e9rieure, votre voyage sera s\u00fbr et simple.\" \/>\n<meta name=\"robots\" content=\"index, follow, max-snippet:-1, max-image-preview:large, max-video-preview:-1\" \/>\n<link rel=\"canonical\" href=\"https:\/\/flighttime.de\/fr\/flugzeuge\/verkehrsflugzeuge\/embraer\/\" \/>\n<meta property=\"og:locale\" content=\"fr_FR\" \/>\n<meta property=\"og:type\" content=\"article\" \/>\n<meta property=\"og:title\" content=\"Embraer\" \/>\n<meta property=\"og:description\" content=\"Profitez du confort et de la commodit\u00e9 de la location d&#039;un avion Embraer. Du personnel professionnel aux installations de qualit\u00e9 sup\u00e9rieure, votre voyage sera s\u00fbr et simple.\" \/>\n<meta property=\"og:url\" content=\"https:\/\/flighttime.de\/fr\/flugzeuge\/verkehrsflugzeuge\/embraer\/\" \/>\n<meta property=\"article:publisher\" content=\"https:\/\/www.facebook.com\/FlightTime.gmbh\" \/>\n<meta property=\"article:modified_time\" content=\"2024-07-04T06:55:02+00:00\" \/>\n<meta property=\"og:image\" content=\"https:\/\/flighttime.de\/wp-content\/uploads\/2024\/07\/Embraer_Press_Package_6-scaled.jpg\" \/>\n\t<meta property=\"og:image:width\" content=\"2560\" \/>\n\t<meta property=\"og:image:height\" content=\"1494\" \/>\n\t<meta property=\"og:image:type\" content=\"image\/jpeg\" \/>\n<meta name=\"twitter:card\" content=\"summary_large_image\" \/>\n<meta name=\"twitter:label1\" content=\"Dur\u00e9e de lecture estim\u00e9e\" \/>\n\t<meta name=\"twitter:data1\" content=\"1 minute\" \/>\n<script type=\"application\/ld+json\" class=\"yoast-schema-graph\">{\"@context\":\"https:\\\/\\\/schema.org\",\"@graph\":[{\"@type\":\"WebPage\",\"@id\":\"https:\\\/\\\/flighttime.de\\\/fr\\\/flugzeuge\\\/verkehrsflugzeuge\\\/embraer\\\/\",\"url\":\"https:\\\/\\\/flighttime.de\\\/fr\\\/flugzeuge\\\/verkehrsflugzeuge\\\/embraer\\\/\",\"name\":\"Location d'avions Embraer : FlightTime - Confort et commodit\u00e9\",\"isPartOf\":{\"@id\":\"https:\\\/\\\/flighttime.de\\\/fr\\\/#website\"},\"primaryImageOfPage\":{\"@id\":\"https:\\\/\\\/flighttime.de\\\/fr\\\/flugzeuge\\\/verkehrsflugzeuge\\\/embraer\\\/#primaryimage\"},\"image\":{\"@id\":\"https:\\\/\\\/flighttime.de\\\/fr\\\/flugzeuge\\\/verkehrsflugzeuge\\\/embraer\\\/#primaryimage\"},\"thumbnailUrl\":\"https:\\\/\\\/flighttime.de\\\/wp-content\\\/uploads\\\/2024\\\/07\\\/Embraer_Press_Package_6-scaled.jpg\",\"datePublished\":\"2015-06-21T12:31:32+00:00\",\"dateModified\":\"2024-07-04T06:55:02+00:00\",\"description\":\"Profitez du confort et de la commodit\u00e9 de la location d'un avion Embraer. Du personnel professionnel aux installations de qualit\u00e9 sup\u00e9rieure, votre voyage sera s\u00fbr et simple.\",\"breadcrumb\":{\"@id\":\"https:\\\/\\\/flighttime.de\\\/fr\\\/flugzeuge\\\/verkehrsflugzeuge\\\/embraer\\\/#breadcrumb\"},\"inLanguage\":\"fr-FR\",\"potentialAction\":[{\"@type\":\"ReadAction\",\"target\":[\"https:\\\/\\\/flighttime.de\\\/fr\\\/flugzeuge\\\/verkehrsflugzeuge\\\/embraer\\\/\"]}]},{\"@type\":\"ImageObject\",\"inLanguage\":\"fr-FR\",\"@id\":\"https:\\\/\\\/flighttime.de\\\/fr\\\/flugzeuge\\\/verkehrsflugzeuge\\\/embraer\\\/#primaryimage\",\"url\":\"https:\\\/\\\/flighttime.de\\\/wp-content\\\/uploads\\\/2024\\\/07\\\/Embraer_Press_Package_6-scaled.jpg\",\"contentUrl\":\"https:\\\/\\\/flighttime.de\\\/wp-content\\\/uploads\\\/2024\\\/07\\\/Embraer_Press_Package_6-scaled.jpg\",\"width\":2560,\"height\":1494,\"caption\":\"Embraer ERJ175 - ERJ 195\"},{\"@type\":\"BreadcrumbList\",\"@id\":\"https:\\\/\\\/flighttime.de\\\/fr\\\/flugzeuge\\\/verkehrsflugzeuge\\\/embraer\\\/#breadcrumb\",\"itemListElement\":[{\"@type\":\"ListItem\",\"position\":1,\"name\":\"Startseite\",\"item\":\"https:\\\/\\\/flighttime.de\\\/fr\\\/\"},{\"@type\":\"ListItem\",\"position\":2,\"name\":\"Avions\",\"item\":\"https:\\\/\\\/flighttime.de\\\/fr\\\/flugzeuge\\\/\"},{\"@type\":\"ListItem\",\"position\":3,\"name\":\"Avions de ligne\",\"item\":\"https:\\\/\\\/flighttime.de\\\/fr\\\/flugzeuge\\\/verkehrsflugzeuge\\\/\"},{\"@type\":\"ListItem\",\"position\":4,\"name\":\"Embraer\"}]},{\"@type\":\"WebSite\",\"@id\":\"https:\\\/\\\/flighttime.de\\\/fr\\\/#website\",\"url\":\"https:\\\/\\\/flighttime.de\\\/fr\\\/\",\"name\":\"FlightTime\",\"description\":\"\",\"publisher\":{\"@id\":\"https:\\\/\\\/flighttime.de\\\/fr\\\/#organization\"},\"potentialAction\":[{\"@type\":\"SearchAction\",\"target\":{\"@type\":\"EntryPoint\",\"urlTemplate\":\"https:\\\/\\\/flighttime.de\\\/fr\\\/?s={search_term_string}\"},\"query-input\":{\"@type\":\"PropertyValueSpecification\",\"valueRequired\":true,\"valueName\":\"search_term_string\"}}],\"inLanguage\":\"fr-FR\"},{\"@type\":\"Organization\",\"@id\":\"https:\\\/\\\/flighttime.de\\\/fr\\\/#organization\",\"name\":\"FlightTime GmbH\",\"url\":\"https:\\\/\\\/flighttime.de\\\/fr\\\/\",\"logo\":{\"@type\":\"ImageObject\",\"inLanguage\":\"fr-FR\",\"@id\":\"https:\\\/\\\/flighttime.de\\\/fr\\\/#\\\/schema\\\/logo\\\/image\\\/\",\"url\":\"https:\\\/\\\/flighttime.de\\\/wp-content\\\/uploads\\\/2024\\\/06\\\/placeholder_img.png\",\"contentUrl\":\"https:\\\/\\\/flighttime.de\\\/wp-content\\\/uploads\\\/2024\\\/06\\\/placeholder_img.png\",\"width\":326,\"height\":203,\"caption\":\"FlightTime GmbH\"},\"image\":{\"@id\":\"https:\\\/\\\/flighttime.de\\\/fr\\\/#\\\/schema\\\/logo\\\/image\\\/\"},\"sameAs\":[\"https:\\\/\\\/www.facebook.com\\\/FlightTime.gmbh\",\"https:\\\/\\\/www.linkedin.com\\\/company\\\/flighttime-gmbh\\\/\"]}]}<\/script>\n<!-- \/ Yoast SEO Premium plugin. -->","yoast_head_json":{"title":"Location d'avions Embraer : FlightTime - Confort et commodit\u00e9","description":"Profitez du confort et de la commodit\u00e9 de la location d'un avion Embraer. Du personnel professionnel aux installations de qualit\u00e9 sup\u00e9rieure, votre voyage sera s\u00fbr et simple.","robots":{"index":"index","follow":"follow","max-snippet":"max-snippet:-1","max-image-preview":"max-image-preview:large","max-video-preview":"max-video-preview:-1"},"canonical":"https:\/\/flighttime.de\/fr\/flugzeuge\/verkehrsflugzeuge\/embraer\/","og_locale":"fr_FR","og_type":"article","og_title":"Embraer","og_description":"Profitez du confort et de la commodit\u00e9 de la location d'un avion Embraer. Du personnel professionnel aux installations de qualit\u00e9 sup\u00e9rieure, votre voyage sera s\u00fbr et simple.","og_url":"https:\/\/flighttime.de\/fr\/flugzeuge\/verkehrsflugzeuge\/embraer\/","article_publisher":"https:\/\/www.facebook.com\/FlightTime.gmbh","article_modified_time":"2024-07-04T06:55:02+00:00","og_image":[{"width":2560,"height":1494,"url":"https:\/\/flighttime.de\/wp-content\/uploads\/2024\/07\/Embraer_Press_Package_6-scaled.jpg","type":"image\/jpeg"}],"twitter_card":"summary_large_image","twitter_misc":{"Dur\u00e9e de lecture estim\u00e9e":"1 minute"},"schema":{"@context":"https:\/\/schema.org","@graph":[{"@type":"WebPage","@id":"https:\/\/flighttime.de\/fr\/flugzeuge\/verkehrsflugzeuge\/embraer\/","url":"https:\/\/flighttime.de\/fr\/flugzeuge\/verkehrsflugzeuge\/embraer\/","name":"Location d'avions Embraer : FlightTime - Confort et commodit\u00e9","isPartOf":{"@id":"https:\/\/flighttime.de\/fr\/#website"},"primaryImageOfPage":{"@id":"https:\/\/flighttime.de\/fr\/flugzeuge\/verkehrsflugzeuge\/embraer\/#primaryimage"},"image":{"@id":"https:\/\/flighttime.de\/fr\/flugzeuge\/verkehrsflugzeuge\/embraer\/#primaryimage"},"thumbnailUrl":"https:\/\/flighttime.de\/wp-content\/uploads\/2024\/07\/Embraer_Press_Package_6-scaled.jpg","datePublished":"2015-06-21T12:31:32+00:00","dateModified":"2024-07-04T06:55:02+00:00","description":"Profitez du confort et de la commodit\u00e9 de la location d'un avion Embraer. Du personnel professionnel aux installations de qualit\u00e9 sup\u00e9rieure, votre voyage sera s\u00fbr et simple.","breadcrumb":{"@id":"https:\/\/flighttime.de\/fr\/flugzeuge\/verkehrsflugzeuge\/embraer\/#breadcrumb"},"inLanguage":"fr-FR","potentialAction":[{"@type":"ReadAction","target":["https:\/\/flighttime.de\/fr\/flugzeuge\/verkehrsflugzeuge\/embraer\/"]}]},{"@type":"ImageObject","inLanguage":"fr-FR","@id":"https:\/\/flighttime.de\/fr\/flugzeuge\/verkehrsflugzeuge\/embraer\/#primaryimage","url":"https:\/\/flighttime.de\/wp-content\/uploads\/2024\/07\/Embraer_Press_Package_6-scaled.jpg","contentUrl":"https:\/\/flighttime.de\/wp-content\/uploads\/2024\/07\/Embraer_Press_Package_6-scaled.jpg","width":2560,"height":1494,"caption":"Embraer ERJ175 - ERJ 195"},{"@type":"BreadcrumbList","@id":"https:\/\/flighttime.de\/fr\/flugzeuge\/verkehrsflugzeuge\/embraer\/#breadcrumb","itemListElement":[{"@type":"ListItem","position":1,"name":"Startseite","item":"https:\/\/flighttime.de\/fr\/"},{"@type":"ListItem","position":2,"name":"Avions","item":"https:\/\/flighttime.de\/fr\/flugzeuge\/"},{"@type":"ListItem","position":3,"name":"Avions de ligne","item":"https:\/\/flighttime.de\/fr\/flugzeuge\/verkehrsflugzeuge\/"},{"@type":"ListItem","position":4,"name":"Embraer"}]},{"@type":"WebSite","@id":"https:\/\/flighttime.de\/fr\/#website","url":"https:\/\/flighttime.de\/fr\/","name":"FlightTime","description":"","publisher":{"@id":"https:\/\/flighttime.de\/fr\/#organization"},"potentialAction":[{"@type":"SearchAction","target":{"@type":"EntryPoint","urlTemplate":"https:\/\/flighttime.de\/fr\/?s={search_term_string}"},"query-input":{"@type":"PropertyValueSpecification","valueRequired":true,"valueName":"search_term_string"}}],"inLanguage":"fr-FR"},{"@type":"Organization","@id":"https:\/\/flighttime.de\/fr\/#organization","name":"FlightTime GmbH","url":"https:\/\/flighttime.de\/fr\/","logo":{"@type":"ImageObject","inLanguage":"fr-FR","@id":"https:\/\/flighttime.de\/fr\/#\/schema\/logo\/image\/","url":"https:\/\/flighttime.de\/wp-content\/uploads\/2024\/06\/placeholder_img.png","contentUrl":"https:\/\/flighttime.de\/wp-content\/uploads\/2024\/06\/placeholder_img.png","width":326,"height":203,"caption":"FlightTime GmbH"},"image":{"@id":"https:\/\/flighttime.de\/fr\/#\/schema\/logo\/image\/"},"sameAs":["https:\/\/www.facebook.com\/FlightTime.gmbh","https:\/\/www.linkedin.com\/company\/flighttime-gmbh\/"]}]}},"_links":{"self":[{"href":"https:\/\/flighttime.de\/fr\/wp-json\/wp\/v2\/pages\/3500","targetHints":{"allow":["GET"]}}],"collection":[{"href":"https:\/\/flighttime.de\/fr\/wp-json\/wp\/v2\/pages"}],"about":[{"href":"https:\/\/flighttime.de\/fr\/wp-json\/wp\/v2\/types\/page"}],"author":[{"embeddable":true,"href":"https:\/\/flighttime.de\/fr\/wp-json\/wp\/v2\/users\/1"}],"replies":[{"embeddable":true,"href":"https:\/\/flighttime.de\/fr\/wp-json\/wp\/v2\/comments?post=3500"}],"version-history":[{"count":0,"href":"https:\/\/flighttime.de\/fr\/wp-json\/wp\/v2\/pages\/3500\/revisions"}],"up":[{"embeddable":true,"href":"https:\/\/flighttime.de\/fr\/wp-json\/wp\/v2\/pages\/3211"}],"wp:featuredmedia":[{"embeddable":true,"href":"https:\/\/flighttime.de\/fr\/wp-json\/wp\/v2\/media\/6232"}],"wp:attachment":[{"href":"https:\/\/flighttime.de\/fr\/wp-json\/wp\/v2\/media?parent=3500"}],"curies":[{"name":"wp","href":"https:\/\/api.w.org\/{rel}","templated":true}]}}