{"id":3519,"date":"2015-06-21T14:37:53","date_gmt":"2015-06-21T14:37:53","guid":{"rendered":"https:\/\/flighttime.de\/?page_id=3519"},"modified":"2024-07-22T14:11:43","modified_gmt":"2024-07-22T14:11:43","slug":"fokker","status":"publish","type":"page","link":"https:\/\/flighttime.de\/fr\/flugzeuge\/verkehrsflugzeuge\/fokker\/","title":{"rendered":"Fokker"},"content":{"rendered":"","protected":false},"excerpt":{"rendered":"","protected":false},"author":1,"featured_media":992,"parent":3211,"menu_order":7,"comment_status":"closed","ping_status":"closed","template":"","meta":{"_acf_changed":false,"footnotes":""},"class_list":["post-3519","page","type-page","status-publish","has-post-thumbnail","hentry"],"acf":[],"yoast_head":"<!-- This site is optimized with the Yoast SEO Premium plugin v27.3 (Yoast SEO v27.3) - https:\/\/yoast.com\/product\/yoast-seo-premium-wordpress\/ -->\n<title>D\u00e9couvrez la fiabilit\u00e9 du Fokker 100 pour un vol d&#039;\u00e9quipe sans faille<\/title>\n<meta name=\"description\" content=\"Am\u00e9liorez votre exp\u00e9rience de vol avec les avions Fokker de FlightTime et profitez d&#039;un luxe et d&#039;une fiabilit\u00e9 in\u00e9gal\u00e9s. R\u00e9servez votre vol d\u00e8s aujourd&#039;hui !\" \/>\n<meta name=\"robots\" content=\"index, follow, max-snippet:-1, max-image-preview:large, max-video-preview:-1\" \/>\n<link rel=\"canonical\" href=\"https:\/\/flighttime.de\/fr\/flugzeuge\/verkehrsflugzeuge\/fokker\/\" \/>\n<meta property=\"og:locale\" content=\"fr_FR\" \/>\n<meta property=\"og:type\" content=\"article\" \/>\n<meta property=\"og:title\" content=\"Fokker\" \/>\n<meta property=\"og:description\" content=\"Am\u00e9liorez votre exp\u00e9rience de vol avec les avions Fokker de FlightTime et profitez d&#039;un luxe et d&#039;une fiabilit\u00e9 in\u00e9gal\u00e9s. R\u00e9servez votre vol d\u00e8s aujourd&#039;hui !\" \/>\n<meta property=\"og:url\" content=\"https:\/\/flighttime.de\/fr\/flugzeuge\/verkehrsflugzeuge\/fokker\/\" \/>\n<meta property=\"article:publisher\" content=\"https:\/\/www.facebook.com\/FlightTime.gmbh\" \/>\n<meta property=\"article:modified_time\" content=\"2024-07-22T14:11:43+00:00\" \/>\n<meta property=\"og:image\" content=\"https:\/\/flighttime.de\/wp-content\/uploads\/2024\/06\/airliner-bg.png\" \/>\n\t<meta property=\"og:image:width\" content=\"1920\" \/>\n\t<meta property=\"og:image:height\" content=\"799\" \/>\n\t<meta property=\"og:image:type\" content=\"image\/png\" \/>\n<meta name=\"twitter:card\" content=\"summary_large_image\" \/>\n<meta name=\"twitter:label1\" content=\"Dur\u00e9e de lecture estim\u00e9e\" \/>\n\t<meta name=\"twitter:data1\" content=\"1 minute\" \/>\n<script type=\"application\/ld+json\" class=\"yoast-schema-graph\">{\"@context\":\"https:\\\/\\\/schema.org\",\"@graph\":[{\"@type\":\"WebPage\",\"@id\":\"https:\\\/\\\/flighttime.de\\\/fr\\\/flugzeuge\\\/verkehrsflugzeuge\\\/fokker\\\/\",\"url\":\"https:\\\/\\\/flighttime.de\\\/fr\\\/flugzeuge\\\/verkehrsflugzeuge\\\/fokker\\\/\",\"name\":\"D\u00e9couvrez la fiabilit\u00e9 du Fokker 100 pour un vol d'\u00e9quipe sans faille\",\"isPartOf\":{\"@id\":\"https:\\\/\\\/flighttime.de\\\/fr\\\/#website\"},\"primaryImageOfPage\":{\"@id\":\"https:\\\/\\\/flighttime.de\\\/fr\\\/flugzeuge\\\/verkehrsflugzeuge\\\/fokker\\\/#primaryimage\"},\"image\":{\"@id\":\"https:\\\/\\\/flighttime.de\\\/fr\\\/flugzeuge\\\/verkehrsflugzeuge\\\/fokker\\\/#primaryimage\"},\"thumbnailUrl\":\"https:\\\/\\\/flighttime.de\\\/wp-content\\\/uploads\\\/2024\\\/06\\\/airliner-bg.png\",\"datePublished\":\"2015-06-21T14:37:53+00:00\",\"dateModified\":\"2024-07-22T14:11:43+00:00\",\"description\":\"Am\u00e9liorez votre exp\u00e9rience de vol avec les avions Fokker de FlightTime et profitez d'un luxe et d'une fiabilit\u00e9 in\u00e9gal\u00e9s. R\u00e9servez votre vol d\u00e8s aujourd'hui !\",\"breadcrumb\":{\"@id\":\"https:\\\/\\\/flighttime.de\\\/fr\\\/flugzeuge\\\/verkehrsflugzeuge\\\/fokker\\\/#breadcrumb\"},\"inLanguage\":\"fr-FR\",\"potentialAction\":[{\"@type\":\"ReadAction\",\"target\":[\"https:\\\/\\\/flighttime.de\\\/fr\\\/flugzeuge\\\/verkehrsflugzeuge\\\/fokker\\\/\"]}]},{\"@type\":\"ImageObject\",\"inLanguage\":\"fr-FR\",\"@id\":\"https:\\\/\\\/flighttime.de\\\/fr\\\/flugzeuge\\\/verkehrsflugzeuge\\\/fokker\\\/#primaryimage\",\"url\":\"https:\\\/\\\/flighttime.de\\\/wp-content\\\/uploads\\\/2024\\\/06\\\/airliner-bg.png\",\"contentUrl\":\"https:\\\/\\\/flighttime.de\\\/wp-content\\\/uploads\\\/2024\\\/06\\\/airliner-bg.png\",\"width\":1920,\"height\":799,\"caption\":\"airliner-bg\"},{\"@type\":\"BreadcrumbList\",\"@id\":\"https:\\\/\\\/flighttime.de\\\/fr\\\/flugzeuge\\\/verkehrsflugzeuge\\\/fokker\\\/#breadcrumb\",\"itemListElement\":[{\"@type\":\"ListItem\",\"position\":1,\"name\":\"Startseite\",\"item\":\"https:\\\/\\\/flighttime.de\\\/fr\\\/\"},{\"@type\":\"ListItem\",\"position\":2,\"name\":\"Avions\",\"item\":\"https:\\\/\\\/flighttime.de\\\/fr\\\/flugzeuge\\\/\"},{\"@type\":\"ListItem\",\"position\":3,\"name\":\"Avions de ligne\",\"item\":\"https:\\\/\\\/flighttime.de\\\/fr\\\/flugzeuge\\\/verkehrsflugzeuge\\\/\"},{\"@type\":\"ListItem\",\"position\":4,\"name\":\"Fokker\"}]},{\"@type\":\"WebSite\",\"@id\":\"https:\\\/\\\/flighttime.de\\\/fr\\\/#website\",\"url\":\"https:\\\/\\\/flighttime.de\\\/fr\\\/\",\"name\":\"FlightTime\",\"description\":\"\",\"publisher\":{\"@id\":\"https:\\\/\\\/flighttime.de\\\/fr\\\/#organization\"},\"potentialAction\":[{\"@type\":\"SearchAction\",\"target\":{\"@type\":\"EntryPoint\",\"urlTemplate\":\"https:\\\/\\\/flighttime.de\\\/fr\\\/?s={search_term_string}\"},\"query-input\":{\"@type\":\"PropertyValueSpecification\",\"valueRequired\":true,\"valueName\":\"search_term_string\"}}],\"inLanguage\":\"fr-FR\"},{\"@type\":\"Organization\",\"@id\":\"https:\\\/\\\/flighttime.de\\\/fr\\\/#organization\",\"name\":\"FlightTime GmbH\",\"url\":\"https:\\\/\\\/flighttime.de\\\/fr\\\/\",\"logo\":{\"@type\":\"ImageObject\",\"inLanguage\":\"fr-FR\",\"@id\":\"https:\\\/\\\/flighttime.de\\\/fr\\\/#\\\/schema\\\/logo\\\/image\\\/\",\"url\":\"https:\\\/\\\/flighttime.de\\\/wp-content\\\/uploads\\\/2024\\\/06\\\/placeholder_img.png\",\"contentUrl\":\"https:\\\/\\\/flighttime.de\\\/wp-content\\\/uploads\\\/2024\\\/06\\\/placeholder_img.png\",\"width\":326,\"height\":203,\"caption\":\"FlightTime GmbH\"},\"image\":{\"@id\":\"https:\\\/\\\/flighttime.de\\\/fr\\\/#\\\/schema\\\/logo\\\/image\\\/\"},\"sameAs\":[\"https:\\\/\\\/www.facebook.com\\\/FlightTime.gmbh\",\"https:\\\/\\\/www.linkedin.com\\\/company\\\/flighttime-gmbh\\\/\"]}]}<\/script>\n<!-- \/ Yoast SEO Premium plugin. -->","yoast_head_json":{"title":"D\u00e9couvrez la fiabilit\u00e9 du Fokker 100 pour un vol d'\u00e9quipe sans faille","description":"Am\u00e9liorez votre exp\u00e9rience de vol avec les avions Fokker de FlightTime et profitez d'un luxe et d'une fiabilit\u00e9 in\u00e9gal\u00e9s. R\u00e9servez votre vol d\u00e8s aujourd'hui !","robots":{"index":"index","follow":"follow","max-snippet":"max-snippet:-1","max-image-preview":"max-image-preview:large","max-video-preview":"max-video-preview:-1"},"canonical":"https:\/\/flighttime.de\/fr\/flugzeuge\/verkehrsflugzeuge\/fokker\/","og_locale":"fr_FR","og_type":"article","og_title":"Fokker","og_description":"Am\u00e9liorez votre exp\u00e9rience de vol avec les avions Fokker de FlightTime et profitez d'un luxe et d'une fiabilit\u00e9 in\u00e9gal\u00e9s. R\u00e9servez votre vol d\u00e8s aujourd'hui !","og_url":"https:\/\/flighttime.de\/fr\/flugzeuge\/verkehrsflugzeuge\/fokker\/","article_publisher":"https:\/\/www.facebook.com\/FlightTime.gmbh","article_modified_time":"2024-07-22T14:11:43+00:00","og_image":[{"width":1920,"height":799,"url":"https:\/\/flighttime.de\/wp-content\/uploads\/2024\/06\/airliner-bg.png","type":"image\/png"}],"twitter_card":"summary_large_image","twitter_misc":{"Dur\u00e9e de lecture estim\u00e9e":"1 minute"},"schema":{"@context":"https:\/\/schema.org","@graph":[{"@type":"WebPage","@id":"https:\/\/flighttime.de\/fr\/flugzeuge\/verkehrsflugzeuge\/fokker\/","url":"https:\/\/flighttime.de\/fr\/flugzeuge\/verkehrsflugzeuge\/fokker\/","name":"D\u00e9couvrez la fiabilit\u00e9 du Fokker 100 pour un vol d'\u00e9quipe sans faille","isPartOf":{"@id":"https:\/\/flighttime.de\/fr\/#website"},"primaryImageOfPage":{"@id":"https:\/\/flighttime.de\/fr\/flugzeuge\/verkehrsflugzeuge\/fokker\/#primaryimage"},"image":{"@id":"https:\/\/flighttime.de\/fr\/flugzeuge\/verkehrsflugzeuge\/fokker\/#primaryimage"},"thumbnailUrl":"https:\/\/flighttime.de\/wp-content\/uploads\/2024\/06\/airliner-bg.png","datePublished":"2015-06-21T14:37:53+00:00","dateModified":"2024-07-22T14:11:43+00:00","description":"Am\u00e9liorez votre exp\u00e9rience de vol avec les avions Fokker de FlightTime et profitez d'un luxe et d'une fiabilit\u00e9 in\u00e9gal\u00e9s. R\u00e9servez votre vol d\u00e8s aujourd'hui !","breadcrumb":{"@id":"https:\/\/flighttime.de\/fr\/flugzeuge\/verkehrsflugzeuge\/fokker\/#breadcrumb"},"inLanguage":"fr-FR","potentialAction":[{"@type":"ReadAction","target":["https:\/\/flighttime.de\/fr\/flugzeuge\/verkehrsflugzeuge\/fokker\/"]}]},{"@type":"ImageObject","inLanguage":"fr-FR","@id":"https:\/\/flighttime.de\/fr\/flugzeuge\/verkehrsflugzeuge\/fokker\/#primaryimage","url":"https:\/\/flighttime.de\/wp-content\/uploads\/2024\/06\/airliner-bg.png","contentUrl":"https:\/\/flighttime.de\/wp-content\/uploads\/2024\/06\/airliner-bg.png","width":1920,"height":799,"caption":"airliner-bg"},{"@type":"BreadcrumbList","@id":"https:\/\/flighttime.de\/fr\/flugzeuge\/verkehrsflugzeuge\/fokker\/#breadcrumb","itemListElement":[{"@type":"ListItem","position":1,"name":"Startseite","item":"https:\/\/flighttime.de\/fr\/"},{"@type":"ListItem","position":2,"name":"Avions","item":"https:\/\/flighttime.de\/fr\/flugzeuge\/"},{"@type":"ListItem","position":3,"name":"Avions de ligne","item":"https:\/\/flighttime.de\/fr\/flugzeuge\/verkehrsflugzeuge\/"},{"@type":"ListItem","position":4,"name":"Fokker"}]},{"@type":"WebSite","@id":"https:\/\/flighttime.de\/fr\/#website","url":"https:\/\/flighttime.de\/fr\/","name":"FlightTime","description":"","publisher":{"@id":"https:\/\/flighttime.de\/fr\/#organization"},"potentialAction":[{"@type":"SearchAction","target":{"@type":"EntryPoint","urlTemplate":"https:\/\/flighttime.de\/fr\/?s={search_term_string}"},"query-input":{"@type":"PropertyValueSpecification","valueRequired":true,"valueName":"search_term_string"}}],"inLanguage":"fr-FR"},{"@type":"Organization","@id":"https:\/\/flighttime.de\/fr\/#organization","name":"FlightTime GmbH","url":"https:\/\/flighttime.de\/fr\/","logo":{"@type":"ImageObject","inLanguage":"fr-FR","@id":"https:\/\/flighttime.de\/fr\/#\/schema\/logo\/image\/","url":"https:\/\/flighttime.de\/wp-content\/uploads\/2024\/06\/placeholder_img.png","contentUrl":"https:\/\/flighttime.de\/wp-content\/uploads\/2024\/06\/placeholder_img.png","width":326,"height":203,"caption":"FlightTime GmbH"},"image":{"@id":"https:\/\/flighttime.de\/fr\/#\/schema\/logo\/image\/"},"sameAs":["https:\/\/www.facebook.com\/FlightTime.gmbh","https:\/\/www.linkedin.com\/company\/flighttime-gmbh\/"]}]}},"_links":{"self":[{"href":"https:\/\/flighttime.de\/fr\/wp-json\/wp\/v2\/pages\/3519","targetHints":{"allow":["GET"]}}],"collection":[{"href":"https:\/\/flighttime.de\/fr\/wp-json\/wp\/v2\/pages"}],"about":[{"href":"https:\/\/flighttime.de\/fr\/wp-json\/wp\/v2\/types\/page"}],"author":[{"embeddable":true,"href":"https:\/\/flighttime.de\/fr\/wp-json\/wp\/v2\/users\/1"}],"replies":[{"embeddable":true,"href":"https:\/\/flighttime.de\/fr\/wp-json\/wp\/v2\/comments?post=3519"}],"version-history":[{"count":0,"href":"https:\/\/flighttime.de\/fr\/wp-json\/wp\/v2\/pages\/3519\/revisions"}],"up":[{"embeddable":true,"href":"https:\/\/flighttime.de\/fr\/wp-json\/wp\/v2\/pages\/3211"}],"wp:featuredmedia":[{"embeddable":true,"href":"https:\/\/flighttime.de\/fr\/wp-json\/wp\/v2\/media\/992"}],"wp:attachment":[{"href":"https:\/\/flighttime.de\/fr\/wp-json\/wp\/v2\/media?parent=3519"}],"curies":[{"name":"wp","href":"https:\/\/api.w.org\/{rel}","templated":true}]}}