{"id":4305,"date":"2015-04-24T14:41:39","date_gmt":"2015-04-24T12:41:39","guid":{"rendered":"https:\/\/flighttime.de\/?page_id=4305"},"modified":"2024-07-10T10:06:43","modified_gmt":"2024-07-10T10:06:43","slug":"orchestra-tours","status":"publish","type":"page","link":"https:\/\/flighttime.de\/fr\/individuelle-loesungen\/orchestra-tours\/","title":{"rendered":"Orchester Reisen"},"content":{"rendered":"","protected":false},"excerpt":{"rendered":"","protected":false},"author":1,"featured_media":7791,"parent":4213,"menu_order":4,"comment_status":"closed","ping_status":"closed","template":"","meta":{"_acf_changed":false,"footnotes":""},"class_list":["post-4305","page","type-page","status-publish","has-post-thumbnail","hentry"],"acf":[],"yoast_head":"<!-- This site is optimized with the Yoast SEO Premium plugin v27.3 (Yoast SEO v27.3) - https:\/\/yoast.com\/product\/yoast-seo-premium-wordpress\/ -->\n<title>R\u00e9server des vols pour des tourn\u00e9es d&#039;orchestre | FlightTime<\/title>\n<meta name=\"description\" content=\"R\u00e9servez un vol pour votre voyage d&#039;orchestre sans effort avec nous ! Nous nous occupons de tous les d\u00e9tails pour vous permettre de vous concentrer sur la musique. Commencez votre voyage musical avec nous !\" \/>\n<meta name=\"robots\" content=\"index, follow, max-snippet:-1, max-image-preview:large, max-video-preview:-1\" \/>\n<link rel=\"canonical\" href=\"https:\/\/flighttime.de\/fr\/individuelle-loesungen\/orchestra-tours\/\" \/>\n<meta property=\"og:locale\" content=\"fr_FR\" \/>\n<meta property=\"og:type\" content=\"article\" \/>\n<meta property=\"og:title\" content=\"Orchester Reisen\" \/>\n<meta property=\"og:description\" content=\"R\u00e9servez un vol pour votre voyage d&#039;orchestre sans effort avec nous ! Nous nous occupons de tous les d\u00e9tails pour vous permettre de vous concentrer sur la musique. Commencez votre voyage musical avec nous !\" \/>\n<meta property=\"og:url\" content=\"https:\/\/flighttime.de\/fr\/individuelle-loesungen\/orchestra-tours\/\" \/>\n<meta property=\"article:publisher\" content=\"https:\/\/www.facebook.com\/FlightTime.gmbh\" \/>\n<meta property=\"article:modified_time\" content=\"2024-07-10T10:06:43+00:00\" \/>\n<meta property=\"og:image\" content=\"https:\/\/flighttime.de\/wp-content\/uploads\/2024\/06\/clarinet-1708715_1920-1-e1719848085394.jpg\" \/>\n\t<meta property=\"og:image:width\" content=\"1920\" \/>\n\t<meta property=\"og:image:height\" content=\"1280\" \/>\n\t<meta property=\"og:image:type\" content=\"image\/jpeg\" \/>\n<meta name=\"twitter:card\" content=\"summary_large_image\" \/>\n<meta name=\"twitter:label1\" content=\"Dur\u00e9e de lecture estim\u00e9e\" \/>\n\t<meta name=\"twitter:data1\" content=\"1 minute\" \/>\n<script type=\"application\/ld+json\" class=\"yoast-schema-graph\">{\"@context\":\"https:\\\/\\\/schema.org\",\"@graph\":[{\"@type\":\"WebPage\",\"@id\":\"https:\\\/\\\/flighttime.de\\\/fr\\\/individuelle-loesungen\\\/orchestra-tours\\\/\",\"url\":\"https:\\\/\\\/flighttime.de\\\/fr\\\/individuelle-loesungen\\\/orchestra-tours\\\/\",\"name\":\"R\u00e9server des vols pour des tourn\u00e9es d'orchestre | FlightTime\",\"isPartOf\":{\"@id\":\"https:\\\/\\\/flighttime.de\\\/fr\\\/#website\"},\"primaryImageOfPage\":{\"@id\":\"https:\\\/\\\/flighttime.de\\\/fr\\\/individuelle-loesungen\\\/orchestra-tours\\\/#primaryimage\"},\"image\":{\"@id\":\"https:\\\/\\\/flighttime.de\\\/fr\\\/individuelle-loesungen\\\/orchestra-tours\\\/#primaryimage\"},\"thumbnailUrl\":\"https:\\\/\\\/flighttime.de\\\/wp-content\\\/uploads\\\/2024\\\/07\\\/Orchester-Tourneen.jpg\",\"datePublished\":\"2015-04-24T12:41:39+00:00\",\"dateModified\":\"2024-07-10T10:06:43+00:00\",\"description\":\"R\u00e9servez un vol pour votre voyage d'orchestre sans effort avec nous ! Nous nous occupons de tous les d\u00e9tails pour vous permettre de vous concentrer sur la musique. Commencez votre voyage musical avec nous !\",\"breadcrumb\":{\"@id\":\"https:\\\/\\\/flighttime.de\\\/fr\\\/individuelle-loesungen\\\/orchestra-tours\\\/#breadcrumb\"},\"inLanguage\":\"fr-FR\",\"potentialAction\":[{\"@type\":\"ReadAction\",\"target\":[\"https:\\\/\\\/flighttime.de\\\/fr\\\/individuelle-loesungen\\\/orchestra-tours\\\/\"]}]},{\"@type\":\"ImageObject\",\"inLanguage\":\"fr-FR\",\"@id\":\"https:\\\/\\\/flighttime.de\\\/fr\\\/individuelle-loesungen\\\/orchestra-tours\\\/#primaryimage\",\"url\":\"https:\\\/\\\/flighttime.de\\\/wp-content\\\/uploads\\\/2024\\\/07\\\/Orchester-Tourneen.jpg\",\"contentUrl\":\"https:\\\/\\\/flighttime.de\\\/wp-content\\\/uploads\\\/2024\\\/07\\\/Orchester-Tourneen.jpg\",\"width\":1920,\"height\":1281,\"caption\":\"Orchester Tourneen\"},{\"@type\":\"BreadcrumbList\",\"@id\":\"https:\\\/\\\/flighttime.de\\\/fr\\\/individuelle-loesungen\\\/orchestra-tours\\\/#breadcrumb\",\"itemListElement\":[{\"@type\":\"ListItem\",\"position\":1,\"name\":\"Startseite\",\"item\":\"https:\\\/\\\/flighttime.de\\\/fr\\\/\"},{\"@type\":\"ListItem\",\"position\":2,\"name\":\"Solutions individuelles\",\"item\":\"https:\\\/\\\/flighttime.de\\\/fr\\\/individuelle-loesungen\\\/\"},{\"@type\":\"ListItem\",\"position\":3,\"name\":\"Orchester Reisen\"}]},{\"@type\":\"WebSite\",\"@id\":\"https:\\\/\\\/flighttime.de\\\/fr\\\/#website\",\"url\":\"https:\\\/\\\/flighttime.de\\\/fr\\\/\",\"name\":\"FlightTime\",\"description\":\"\",\"publisher\":{\"@id\":\"https:\\\/\\\/flighttime.de\\\/fr\\\/#organization\"},\"potentialAction\":[{\"@type\":\"SearchAction\",\"target\":{\"@type\":\"EntryPoint\",\"urlTemplate\":\"https:\\\/\\\/flighttime.de\\\/fr\\\/?s={search_term_string}\"},\"query-input\":{\"@type\":\"PropertyValueSpecification\",\"valueRequired\":true,\"valueName\":\"search_term_string\"}}],\"inLanguage\":\"fr-FR\"},{\"@type\":\"Organization\",\"@id\":\"https:\\\/\\\/flighttime.de\\\/fr\\\/#organization\",\"name\":\"FlightTime GmbH\",\"url\":\"https:\\\/\\\/flighttime.de\\\/fr\\\/\",\"logo\":{\"@type\":\"ImageObject\",\"inLanguage\":\"fr-FR\",\"@id\":\"https:\\\/\\\/flighttime.de\\\/fr\\\/#\\\/schema\\\/logo\\\/image\\\/\",\"url\":\"https:\\\/\\\/flighttime.de\\\/wp-content\\\/uploads\\\/2024\\\/06\\\/placeholder_img.png\",\"contentUrl\":\"https:\\\/\\\/flighttime.de\\\/wp-content\\\/uploads\\\/2024\\\/06\\\/placeholder_img.png\",\"width\":326,\"height\":203,\"caption\":\"FlightTime GmbH\"},\"image\":{\"@id\":\"https:\\\/\\\/flighttime.de\\\/fr\\\/#\\\/schema\\\/logo\\\/image\\\/\"},\"sameAs\":[\"https:\\\/\\\/www.facebook.com\\\/FlightTime.gmbh\",\"https:\\\/\\\/www.linkedin.com\\\/company\\\/flighttime-gmbh\\\/\"]}]}<\/script>\n<!-- \/ Yoast SEO Premium plugin. -->","yoast_head_json":{"title":"R\u00e9server des vols pour des tourn\u00e9es d'orchestre | FlightTime","description":"R\u00e9servez un vol pour votre voyage d'orchestre sans effort avec nous ! Nous nous occupons de tous les d\u00e9tails pour vous permettre de vous concentrer sur la musique. Commencez votre voyage musical avec nous !","robots":{"index":"index","follow":"follow","max-snippet":"max-snippet:-1","max-image-preview":"max-image-preview:large","max-video-preview":"max-video-preview:-1"},"canonical":"https:\/\/flighttime.de\/fr\/individuelle-loesungen\/orchestra-tours\/","og_locale":"fr_FR","og_type":"article","og_title":"Orchester Reisen","og_description":"R\u00e9servez un vol pour votre voyage d'orchestre sans effort avec nous ! Nous nous occupons de tous les d\u00e9tails pour vous permettre de vous concentrer sur la musique. Commencez votre voyage musical avec nous !","og_url":"https:\/\/flighttime.de\/fr\/individuelle-loesungen\/orchestra-tours\/","article_publisher":"https:\/\/www.facebook.com\/FlightTime.gmbh","article_modified_time":"2024-07-10T10:06:43+00:00","og_image":[{"width":1920,"height":1280,"url":"https:\/\/flighttime.de\/wp-content\/uploads\/2024\/06\/clarinet-1708715_1920-1-e1719848085394.jpg","type":"image\/jpeg"}],"twitter_card":"summary_large_image","twitter_misc":{"Dur\u00e9e de lecture estim\u00e9e":"1 minute"},"schema":{"@context":"https:\/\/schema.org","@graph":[{"@type":"WebPage","@id":"https:\/\/flighttime.de\/fr\/individuelle-loesungen\/orchestra-tours\/","url":"https:\/\/flighttime.de\/fr\/individuelle-loesungen\/orchestra-tours\/","name":"R\u00e9server des vols pour des tourn\u00e9es d'orchestre | FlightTime","isPartOf":{"@id":"https:\/\/flighttime.de\/fr\/#website"},"primaryImageOfPage":{"@id":"https:\/\/flighttime.de\/fr\/individuelle-loesungen\/orchestra-tours\/#primaryimage"},"image":{"@id":"https:\/\/flighttime.de\/fr\/individuelle-loesungen\/orchestra-tours\/#primaryimage"},"thumbnailUrl":"https:\/\/flighttime.de\/wp-content\/uploads\/2024\/07\/Orchester-Tourneen.jpg","datePublished":"2015-04-24T12:41:39+00:00","dateModified":"2024-07-10T10:06:43+00:00","description":"R\u00e9servez un vol pour votre voyage d'orchestre sans effort avec nous ! Nous nous occupons de tous les d\u00e9tails pour vous permettre de vous concentrer sur la musique. Commencez votre voyage musical avec nous !","breadcrumb":{"@id":"https:\/\/flighttime.de\/fr\/individuelle-loesungen\/orchestra-tours\/#breadcrumb"},"inLanguage":"fr-FR","potentialAction":[{"@type":"ReadAction","target":["https:\/\/flighttime.de\/fr\/individuelle-loesungen\/orchestra-tours\/"]}]},{"@type":"ImageObject","inLanguage":"fr-FR","@id":"https:\/\/flighttime.de\/fr\/individuelle-loesungen\/orchestra-tours\/#primaryimage","url":"https:\/\/flighttime.de\/wp-content\/uploads\/2024\/07\/Orchester-Tourneen.jpg","contentUrl":"https:\/\/flighttime.de\/wp-content\/uploads\/2024\/07\/Orchester-Tourneen.jpg","width":1920,"height":1281,"caption":"Orchester Tourneen"},{"@type":"BreadcrumbList","@id":"https:\/\/flighttime.de\/fr\/individuelle-loesungen\/orchestra-tours\/#breadcrumb","itemListElement":[{"@type":"ListItem","position":1,"name":"Startseite","item":"https:\/\/flighttime.de\/fr\/"},{"@type":"ListItem","position":2,"name":"Solutions individuelles","item":"https:\/\/flighttime.de\/fr\/individuelle-loesungen\/"},{"@type":"ListItem","position":3,"name":"Orchester Reisen"}]},{"@type":"WebSite","@id":"https:\/\/flighttime.de\/fr\/#website","url":"https:\/\/flighttime.de\/fr\/","name":"FlightTime","description":"","publisher":{"@id":"https:\/\/flighttime.de\/fr\/#organization"},"potentialAction":[{"@type":"SearchAction","target":{"@type":"EntryPoint","urlTemplate":"https:\/\/flighttime.de\/fr\/?s={search_term_string}"},"query-input":{"@type":"PropertyValueSpecification","valueRequired":true,"valueName":"search_term_string"}}],"inLanguage":"fr-FR"},{"@type":"Organization","@id":"https:\/\/flighttime.de\/fr\/#organization","name":"FlightTime GmbH","url":"https:\/\/flighttime.de\/fr\/","logo":{"@type":"ImageObject","inLanguage":"fr-FR","@id":"https:\/\/flighttime.de\/fr\/#\/schema\/logo\/image\/","url":"https:\/\/flighttime.de\/wp-content\/uploads\/2024\/06\/placeholder_img.png","contentUrl":"https:\/\/flighttime.de\/wp-content\/uploads\/2024\/06\/placeholder_img.png","width":326,"height":203,"caption":"FlightTime GmbH"},"image":{"@id":"https:\/\/flighttime.de\/fr\/#\/schema\/logo\/image\/"},"sameAs":["https:\/\/www.facebook.com\/FlightTime.gmbh","https:\/\/www.linkedin.com\/company\/flighttime-gmbh\/"]}]}},"_links":{"self":[{"href":"https:\/\/flighttime.de\/fr\/wp-json\/wp\/v2\/pages\/4305","targetHints":{"allow":["GET"]}}],"collection":[{"href":"https:\/\/flighttime.de\/fr\/wp-json\/wp\/v2\/pages"}],"about":[{"href":"https:\/\/flighttime.de\/fr\/wp-json\/wp\/v2\/types\/page"}],"author":[{"embeddable":true,"href":"https:\/\/flighttime.de\/fr\/wp-json\/wp\/v2\/users\/1"}],"replies":[{"embeddable":true,"href":"https:\/\/flighttime.de\/fr\/wp-json\/wp\/v2\/comments?post=4305"}],"version-history":[{"count":0,"href":"https:\/\/flighttime.de\/fr\/wp-json\/wp\/v2\/pages\/4305\/revisions"}],"up":[{"embeddable":true,"href":"https:\/\/flighttime.de\/fr\/wp-json\/wp\/v2\/pages\/4213"}],"wp:featuredmedia":[{"embeddable":true,"href":"https:\/\/flighttime.de\/fr\/wp-json\/wp\/v2\/media\/7791"}],"wp:attachment":[{"href":"https:\/\/flighttime.de\/fr\/wp-json\/wp\/v2\/media?parent=4305"}],"curies":[{"name":"wp","href":"https:\/\/api.w.org\/{rel}","templated":true}]}}