{"id":4362,"date":"2015-04-24T14:46:34","date_gmt":"2015-04-24T12:46:34","guid":{"rendered":"https:\/\/flighttime.de\/?page_id=4362"},"modified":"2024-07-10T10:25:39","modified_gmt":"2024-07-10T10:25:39","slug":"corporate-travel","status":"publish","type":"page","link":"https:\/\/flighttime.de\/fr\/individuelle-loesungen\/corporate-travel\/","title":{"rendered":"Voyage d&rsquo;entreprise"},"content":{"rendered":"","protected":false},"excerpt":{"rendered":"","protected":false},"author":1,"featured_media":3434,"parent":4213,"menu_order":7,"comment_status":"closed","ping_status":"closed","template":"","meta":{"_acf_changed":false,"footnotes":""},"class_list":["post-4362","page","type-page","status-publish","has-post-thumbnail","hentry"],"acf":[],"yoast_head":"<!-- This site is optimized with the Yoast SEO Premium plugin v27.3 (Yoast SEO v27.3) - https:\/\/yoast.com\/product\/yoast-seo-premium-wordpress\/ -->\n<title>R\u00e9servation rapide et s\u00e9curis\u00e9e de vols en jet priv\u00e9 - FlightTime<\/title>\n<meta name=\"description\" content=\"Avec nous, faites l&#039;exp\u00e9rience d&#039;une r\u00e9servation de vol en jet priv\u00e9 sans effort, adapt\u00e9e aux voyages d&#039;affaires. Trouvez les meilleures offres et obtenez des devis instantan\u00e9s. R\u00e9servez votre jet d\u00e8s maintenant !\" \/>\n<meta name=\"robots\" content=\"index, follow, max-snippet:-1, max-image-preview:large, max-video-preview:-1\" \/>\n<link rel=\"canonical\" href=\"https:\/\/flighttime.de\/fr\/individuelle-loesungen\/corporate-travel\/\" \/>\n<meta property=\"og:locale\" content=\"fr_FR\" \/>\n<meta property=\"og:type\" content=\"article\" \/>\n<meta property=\"og:title\" content=\"Voyage d&#039;entreprise\" \/>\n<meta property=\"og:description\" content=\"Avec nous, faites l&#039;exp\u00e9rience d&#039;une r\u00e9servation de vol en jet priv\u00e9 sans effort, adapt\u00e9e aux voyages d&#039;affaires. Trouvez les meilleures offres et obtenez des devis instantan\u00e9s. R\u00e9servez votre jet d\u00e8s maintenant !\" \/>\n<meta property=\"og:url\" content=\"https:\/\/flighttime.de\/fr\/individuelle-loesungen\/corporate-travel\/\" \/>\n<meta property=\"article:publisher\" content=\"https:\/\/www.facebook.com\/FlightTime.gmbh\" \/>\n<meta property=\"article:modified_time\" content=\"2024-07-10T10:25:39+00:00\" \/>\n<meta property=\"og:image\" content=\"https:\/\/flighttime.de\/wp-content\/uploads\/2024\/06\/individuelle_loesungen_geschaeftsreisen_2-1.png\" \/>\n\t<meta property=\"og:image:width\" content=\"2000\" \/>\n\t<meta property=\"og:image:height\" content=\"1000\" \/>\n\t<meta property=\"og:image:type\" content=\"image\/png\" \/>\n<meta name=\"twitter:card\" content=\"summary_large_image\" \/>\n<meta name=\"twitter:label1\" content=\"Dur\u00e9e de lecture estim\u00e9e\" \/>\n\t<meta name=\"twitter:data1\" content=\"1 minute\" \/>\n<script type=\"application\/ld+json\" class=\"yoast-schema-graph\">{\"@context\":\"https:\\\/\\\/schema.org\",\"@graph\":[{\"@type\":\"WebPage\",\"@id\":\"https:\\\/\\\/flighttime.de\\\/fr\\\/individuelle-loesungen\\\/corporate-travel\\\/\",\"url\":\"https:\\\/\\\/flighttime.de\\\/fr\\\/individuelle-loesungen\\\/corporate-travel\\\/\",\"name\":\"R\u00e9servation rapide et s\u00e9curis\u00e9e de vols en jet priv\u00e9 - FlightTime\",\"isPartOf\":{\"@id\":\"https:\\\/\\\/flighttime.de\\\/fr\\\/#website\"},\"primaryImageOfPage\":{\"@id\":\"https:\\\/\\\/flighttime.de\\\/fr\\\/individuelle-loesungen\\\/corporate-travel\\\/#primaryimage\"},\"image\":{\"@id\":\"https:\\\/\\\/flighttime.de\\\/fr\\\/individuelle-loesungen\\\/corporate-travel\\\/#primaryimage\"},\"thumbnailUrl\":\"https:\\\/\\\/flighttime.de\\\/wp-content\\\/uploads\\\/2024\\\/06\\\/individuelle_loesungen_geschaeftsreisen_2-1.png\",\"datePublished\":\"2015-04-24T12:46:34+00:00\",\"dateModified\":\"2024-07-10T10:25:39+00:00\",\"description\":\"Avec nous, faites l'exp\u00e9rience d'une r\u00e9servation de vol en jet priv\u00e9 sans effort, adapt\u00e9e aux voyages d'affaires. Trouvez les meilleures offres et obtenez des devis instantan\u00e9s. R\u00e9servez votre jet d\u00e8s maintenant !\",\"breadcrumb\":{\"@id\":\"https:\\\/\\\/flighttime.de\\\/fr\\\/individuelle-loesungen\\\/corporate-travel\\\/#breadcrumb\"},\"inLanguage\":\"fr-FR\",\"potentialAction\":[{\"@type\":\"ReadAction\",\"target\":[\"https:\\\/\\\/flighttime.de\\\/fr\\\/individuelle-loesungen\\\/corporate-travel\\\/\"]}]},{\"@type\":\"ImageObject\",\"inLanguage\":\"fr-FR\",\"@id\":\"https:\\\/\\\/flighttime.de\\\/fr\\\/individuelle-loesungen\\\/corporate-travel\\\/#primaryimage\",\"url\":\"https:\\\/\\\/flighttime.de\\\/wp-content\\\/uploads\\\/2024\\\/06\\\/individuelle_loesungen_geschaeftsreisen_2-1.png\",\"contentUrl\":\"https:\\\/\\\/flighttime.de\\\/wp-content\\\/uploads\\\/2024\\\/06\\\/individuelle_loesungen_geschaeftsreisen_2-1.png\",\"width\":2000,\"height\":1000,\"caption\":\"individuelle_loesungen_geschaeftsreisen_2\"},{\"@type\":\"BreadcrumbList\",\"@id\":\"https:\\\/\\\/flighttime.de\\\/fr\\\/individuelle-loesungen\\\/corporate-travel\\\/#breadcrumb\",\"itemListElement\":[{\"@type\":\"ListItem\",\"position\":1,\"name\":\"Startseite\",\"item\":\"https:\\\/\\\/flighttime.de\\\/fr\\\/\"},{\"@type\":\"ListItem\",\"position\":2,\"name\":\"Solutions individuelles\",\"item\":\"https:\\\/\\\/flighttime.de\\\/fr\\\/individuelle-loesungen\\\/\"},{\"@type\":\"ListItem\",\"position\":3,\"name\":\"Voyage d&#8217;entreprise\"}]},{\"@type\":\"WebSite\",\"@id\":\"https:\\\/\\\/flighttime.de\\\/fr\\\/#website\",\"url\":\"https:\\\/\\\/flighttime.de\\\/fr\\\/\",\"name\":\"FlightTime\",\"description\":\"\",\"publisher\":{\"@id\":\"https:\\\/\\\/flighttime.de\\\/fr\\\/#organization\"},\"potentialAction\":[{\"@type\":\"SearchAction\",\"target\":{\"@type\":\"EntryPoint\",\"urlTemplate\":\"https:\\\/\\\/flighttime.de\\\/fr\\\/?s={search_term_string}\"},\"query-input\":{\"@type\":\"PropertyValueSpecification\",\"valueRequired\":true,\"valueName\":\"search_term_string\"}}],\"inLanguage\":\"fr-FR\"},{\"@type\":\"Organization\",\"@id\":\"https:\\\/\\\/flighttime.de\\\/fr\\\/#organization\",\"name\":\"FlightTime GmbH\",\"url\":\"https:\\\/\\\/flighttime.de\\\/fr\\\/\",\"logo\":{\"@type\":\"ImageObject\",\"inLanguage\":\"fr-FR\",\"@id\":\"https:\\\/\\\/flighttime.de\\\/fr\\\/#\\\/schema\\\/logo\\\/image\\\/\",\"url\":\"https:\\\/\\\/flighttime.de\\\/wp-content\\\/uploads\\\/2024\\\/06\\\/placeholder_img.png\",\"contentUrl\":\"https:\\\/\\\/flighttime.de\\\/wp-content\\\/uploads\\\/2024\\\/06\\\/placeholder_img.png\",\"width\":326,\"height\":203,\"caption\":\"FlightTime GmbH\"},\"image\":{\"@id\":\"https:\\\/\\\/flighttime.de\\\/fr\\\/#\\\/schema\\\/logo\\\/image\\\/\"},\"sameAs\":[\"https:\\\/\\\/www.facebook.com\\\/FlightTime.gmbh\",\"https:\\\/\\\/www.linkedin.com\\\/company\\\/flighttime-gmbh\\\/\"]}]}<\/script>\n<!-- \/ Yoast SEO Premium plugin. -->","yoast_head_json":{"title":"R\u00e9servation rapide et s\u00e9curis\u00e9e de vols en jet priv\u00e9 - FlightTime","description":"Avec nous, faites l'exp\u00e9rience d'une r\u00e9servation de vol en jet priv\u00e9 sans effort, adapt\u00e9e aux voyages d'affaires. Trouvez les meilleures offres et obtenez des devis instantan\u00e9s. R\u00e9servez votre jet d\u00e8s maintenant !","robots":{"index":"index","follow":"follow","max-snippet":"max-snippet:-1","max-image-preview":"max-image-preview:large","max-video-preview":"max-video-preview:-1"},"canonical":"https:\/\/flighttime.de\/fr\/individuelle-loesungen\/corporate-travel\/","og_locale":"fr_FR","og_type":"article","og_title":"Voyage d'entreprise","og_description":"Avec nous, faites l'exp\u00e9rience d'une r\u00e9servation de vol en jet priv\u00e9 sans effort, adapt\u00e9e aux voyages d'affaires. Trouvez les meilleures offres et obtenez des devis instantan\u00e9s. R\u00e9servez votre jet d\u00e8s maintenant !","og_url":"https:\/\/flighttime.de\/fr\/individuelle-loesungen\/corporate-travel\/","article_publisher":"https:\/\/www.facebook.com\/FlightTime.gmbh","article_modified_time":"2024-07-10T10:25:39+00:00","og_image":[{"width":2000,"height":1000,"url":"https:\/\/flighttime.de\/wp-content\/uploads\/2024\/06\/individuelle_loesungen_geschaeftsreisen_2-1.png","type":"image\/png"}],"twitter_card":"summary_large_image","twitter_misc":{"Dur\u00e9e de lecture estim\u00e9e":"1 minute"},"schema":{"@context":"https:\/\/schema.org","@graph":[{"@type":"WebPage","@id":"https:\/\/flighttime.de\/fr\/individuelle-loesungen\/corporate-travel\/","url":"https:\/\/flighttime.de\/fr\/individuelle-loesungen\/corporate-travel\/","name":"R\u00e9servation rapide et s\u00e9curis\u00e9e de vols en jet priv\u00e9 - FlightTime","isPartOf":{"@id":"https:\/\/flighttime.de\/fr\/#website"},"primaryImageOfPage":{"@id":"https:\/\/flighttime.de\/fr\/individuelle-loesungen\/corporate-travel\/#primaryimage"},"image":{"@id":"https:\/\/flighttime.de\/fr\/individuelle-loesungen\/corporate-travel\/#primaryimage"},"thumbnailUrl":"https:\/\/flighttime.de\/wp-content\/uploads\/2024\/06\/individuelle_loesungen_geschaeftsreisen_2-1.png","datePublished":"2015-04-24T12:46:34+00:00","dateModified":"2024-07-10T10:25:39+00:00","description":"Avec nous, faites l'exp\u00e9rience d'une r\u00e9servation de vol en jet priv\u00e9 sans effort, adapt\u00e9e aux voyages d'affaires. Trouvez les meilleures offres et obtenez des devis instantan\u00e9s. R\u00e9servez votre jet d\u00e8s maintenant !","breadcrumb":{"@id":"https:\/\/flighttime.de\/fr\/individuelle-loesungen\/corporate-travel\/#breadcrumb"},"inLanguage":"fr-FR","potentialAction":[{"@type":"ReadAction","target":["https:\/\/flighttime.de\/fr\/individuelle-loesungen\/corporate-travel\/"]}]},{"@type":"ImageObject","inLanguage":"fr-FR","@id":"https:\/\/flighttime.de\/fr\/individuelle-loesungen\/corporate-travel\/#primaryimage","url":"https:\/\/flighttime.de\/wp-content\/uploads\/2024\/06\/individuelle_loesungen_geschaeftsreisen_2-1.png","contentUrl":"https:\/\/flighttime.de\/wp-content\/uploads\/2024\/06\/individuelle_loesungen_geschaeftsreisen_2-1.png","width":2000,"height":1000,"caption":"individuelle_loesungen_geschaeftsreisen_2"},{"@type":"BreadcrumbList","@id":"https:\/\/flighttime.de\/fr\/individuelle-loesungen\/corporate-travel\/#breadcrumb","itemListElement":[{"@type":"ListItem","position":1,"name":"Startseite","item":"https:\/\/flighttime.de\/fr\/"},{"@type":"ListItem","position":2,"name":"Solutions individuelles","item":"https:\/\/flighttime.de\/fr\/individuelle-loesungen\/"},{"@type":"ListItem","position":3,"name":"Voyage d&#8217;entreprise"}]},{"@type":"WebSite","@id":"https:\/\/flighttime.de\/fr\/#website","url":"https:\/\/flighttime.de\/fr\/","name":"FlightTime","description":"","publisher":{"@id":"https:\/\/flighttime.de\/fr\/#organization"},"potentialAction":[{"@type":"SearchAction","target":{"@type":"EntryPoint","urlTemplate":"https:\/\/flighttime.de\/fr\/?s={search_term_string}"},"query-input":{"@type":"PropertyValueSpecification","valueRequired":true,"valueName":"search_term_string"}}],"inLanguage":"fr-FR"},{"@type":"Organization","@id":"https:\/\/flighttime.de\/fr\/#organization","name":"FlightTime GmbH","url":"https:\/\/flighttime.de\/fr\/","logo":{"@type":"ImageObject","inLanguage":"fr-FR","@id":"https:\/\/flighttime.de\/fr\/#\/schema\/logo\/image\/","url":"https:\/\/flighttime.de\/wp-content\/uploads\/2024\/06\/placeholder_img.png","contentUrl":"https:\/\/flighttime.de\/wp-content\/uploads\/2024\/06\/placeholder_img.png","width":326,"height":203,"caption":"FlightTime GmbH"},"image":{"@id":"https:\/\/flighttime.de\/fr\/#\/schema\/logo\/image\/"},"sameAs":["https:\/\/www.facebook.com\/FlightTime.gmbh","https:\/\/www.linkedin.com\/company\/flighttime-gmbh\/"]}]}},"_links":{"self":[{"href":"https:\/\/flighttime.de\/fr\/wp-json\/wp\/v2\/pages\/4362","targetHints":{"allow":["GET"]}}],"collection":[{"href":"https:\/\/flighttime.de\/fr\/wp-json\/wp\/v2\/pages"}],"about":[{"href":"https:\/\/flighttime.de\/fr\/wp-json\/wp\/v2\/types\/page"}],"author":[{"embeddable":true,"href":"https:\/\/flighttime.de\/fr\/wp-json\/wp\/v2\/users\/1"}],"replies":[{"embeddable":true,"href":"https:\/\/flighttime.de\/fr\/wp-json\/wp\/v2\/comments?post=4362"}],"version-history":[{"count":0,"href":"https:\/\/flighttime.de\/fr\/wp-json\/wp\/v2\/pages\/4362\/revisions"}],"up":[{"embeddable":true,"href":"https:\/\/flighttime.de\/fr\/wp-json\/wp\/v2\/pages\/4213"}],"wp:featuredmedia":[{"embeddable":true,"href":"https:\/\/flighttime.de\/fr\/wp-json\/wp\/v2\/media\/3434"}],"wp:attachment":[{"href":"https:\/\/flighttime.de\/fr\/wp-json\/wp\/v2\/media?parent=4362"}],"curies":[{"name":"wp","href":"https:\/\/api.w.org\/{rel}","templated":true}]}}