{"id":4393,"date":"2020-03-09T11:16:16","date_gmt":"2020-03-09T10:16:16","guid":{"rendered":"https:\/\/flighttime.de\/?page_id=4393"},"modified":"2024-07-10T10:30:57","modified_gmt":"2024-07-10T10:30:57","slug":"ambulanzfluege","status":"publish","type":"page","link":"https:\/\/flighttime.de\/fr\/individuelle-loesungen\/ambulanzfluege\/","title":{"rendered":"Vols Ambulances"},"content":{"rendered":"","protected":false},"excerpt":{"rendered":"","protected":false},"author":1,"featured_media":3327,"parent":4213,"menu_order":0,"comment_status":"closed","ping_status":"closed","template":"","meta":{"_acf_changed":false,"footnotes":""},"class_list":["post-4393","page","type-page","status-publish","has-post-thumbnail","hentry"],"acf":[],"yoast_head":"<!-- This site is optimized with the Yoast SEO Premium plugin v27.3 (Yoast SEO v27.3) - https:\/\/yoast.com\/product\/yoast-seo-premium-wordpress\/ -->\n<title>Service sup\u00e9rieur de vols d&#039;ambulance dans le monde entier | FlightTime<\/title>\n<meta name=\"description\" content=\"Choisissez-nous pour des vols d&#039;ambulance et des jets fiables. Nous offrons des services d&#039;ambulance a\u00e9rienne de haute qualit\u00e9 dans le monde entier \u00e0 des prix comp\u00e9titifs. Obtenez un devis gratuit maintenant !\" \/>\n<meta name=\"robots\" content=\"index, follow, max-snippet:-1, max-image-preview:large, max-video-preview:-1\" \/>\n<link rel=\"canonical\" href=\"https:\/\/flighttime.de\/fr\/individuelle-loesungen\/ambulanzfluege\/\" \/>\n<meta property=\"og:locale\" content=\"fr_FR\" \/>\n<meta property=\"og:type\" content=\"article\" \/>\n<meta property=\"og:title\" content=\"Vols Ambulances\" \/>\n<meta property=\"og:description\" content=\"Choisissez-nous pour des vols d&#039;ambulance et des jets fiables. Nous offrons des services d&#039;ambulance a\u00e9rienne de haute qualit\u00e9 dans le monde entier \u00e0 des prix comp\u00e9titifs. Obtenez un devis gratuit maintenant !\" \/>\n<meta property=\"og:url\" content=\"https:\/\/flighttime.de\/fr\/individuelle-loesungen\/ambulanzfluege\/\" \/>\n<meta property=\"article:publisher\" content=\"https:\/\/www.facebook.com\/FlightTime.gmbh\" \/>\n<meta property=\"article:modified_time\" content=\"2024-07-10T10:30:57+00:00\" \/>\n<meta property=\"og:image\" content=\"https:\/\/flighttime.de\/wp-content\/uploads\/2024\/06\/transport-system-3070131_1920-1.jpg\" \/>\n\t<meta property=\"og:image:width\" content=\"1920\" \/>\n\t<meta property=\"og:image:height\" content=\"1279\" \/>\n\t<meta property=\"og:image:type\" content=\"image\/jpeg\" \/>\n<meta name=\"twitter:card\" content=\"summary_large_image\" \/>\n<meta name=\"twitter:label1\" content=\"Dur\u00e9e de lecture estim\u00e9e\" \/>\n\t<meta name=\"twitter:data1\" content=\"1 minute\" \/>\n<script type=\"application\/ld+json\" class=\"yoast-schema-graph\">{\"@context\":\"https:\\\/\\\/schema.org\",\"@graph\":[{\"@type\":\"WebPage\",\"@id\":\"https:\\\/\\\/flighttime.de\\\/fr\\\/individuelle-loesungen\\\/ambulanzfluege\\\/\",\"url\":\"https:\\\/\\\/flighttime.de\\\/fr\\\/individuelle-loesungen\\\/ambulanzfluege\\\/\",\"name\":\"Service sup\u00e9rieur de vols d'ambulance dans le monde entier | FlightTime\",\"isPartOf\":{\"@id\":\"https:\\\/\\\/flighttime.de\\\/fr\\\/#website\"},\"primaryImageOfPage\":{\"@id\":\"https:\\\/\\\/flighttime.de\\\/fr\\\/individuelle-loesungen\\\/ambulanzfluege\\\/#primaryimage\"},\"image\":{\"@id\":\"https:\\\/\\\/flighttime.de\\\/fr\\\/individuelle-loesungen\\\/ambulanzfluege\\\/#primaryimage\"},\"thumbnailUrl\":\"https:\\\/\\\/flighttime.de\\\/wp-content\\\/uploads\\\/2024\\\/06\\\/transport-system-3070131_1920-1.jpg\",\"datePublished\":\"2020-03-09T10:16:16+00:00\",\"dateModified\":\"2024-07-10T10:30:57+00:00\",\"description\":\"Choisissez-nous pour des vols d'ambulance et des jets fiables. Nous offrons des services d'ambulance a\u00e9rienne de haute qualit\u00e9 dans le monde entier \u00e0 des prix comp\u00e9titifs. Obtenez un devis gratuit maintenant !\",\"breadcrumb\":{\"@id\":\"https:\\\/\\\/flighttime.de\\\/fr\\\/individuelle-loesungen\\\/ambulanzfluege\\\/#breadcrumb\"},\"inLanguage\":\"fr-FR\",\"potentialAction\":[{\"@type\":\"ReadAction\",\"target\":[\"https:\\\/\\\/flighttime.de\\\/fr\\\/individuelle-loesungen\\\/ambulanzfluege\\\/\"]}]},{\"@type\":\"ImageObject\",\"inLanguage\":\"fr-FR\",\"@id\":\"https:\\\/\\\/flighttime.de\\\/fr\\\/individuelle-loesungen\\\/ambulanzfluege\\\/#primaryimage\",\"url\":\"https:\\\/\\\/flighttime.de\\\/wp-content\\\/uploads\\\/2024\\\/06\\\/transport-system-3070131_1920-1.jpg\",\"contentUrl\":\"https:\\\/\\\/flighttime.de\\\/wp-content\\\/uploads\\\/2024\\\/06\\\/transport-system-3070131_1920-1.jpg\",\"width\":1920,\"height\":1279,\"caption\":\"transport-system-3070131_1920\"},{\"@type\":\"BreadcrumbList\",\"@id\":\"https:\\\/\\\/flighttime.de\\\/fr\\\/individuelle-loesungen\\\/ambulanzfluege\\\/#breadcrumb\",\"itemListElement\":[{\"@type\":\"ListItem\",\"position\":1,\"name\":\"Startseite\",\"item\":\"https:\\\/\\\/flighttime.de\\\/fr\\\/\"},{\"@type\":\"ListItem\",\"position\":2,\"name\":\"Solutions individuelles\",\"item\":\"https:\\\/\\\/flighttime.de\\\/fr\\\/individuelle-loesungen\\\/\"},{\"@type\":\"ListItem\",\"position\":3,\"name\":\"Vols Ambulances\"}]},{\"@type\":\"WebSite\",\"@id\":\"https:\\\/\\\/flighttime.de\\\/fr\\\/#website\",\"url\":\"https:\\\/\\\/flighttime.de\\\/fr\\\/\",\"name\":\"FlightTime\",\"description\":\"\",\"publisher\":{\"@id\":\"https:\\\/\\\/flighttime.de\\\/fr\\\/#organization\"},\"potentialAction\":[{\"@type\":\"SearchAction\",\"target\":{\"@type\":\"EntryPoint\",\"urlTemplate\":\"https:\\\/\\\/flighttime.de\\\/fr\\\/?s={search_term_string}\"},\"query-input\":{\"@type\":\"PropertyValueSpecification\",\"valueRequired\":true,\"valueName\":\"search_term_string\"}}],\"inLanguage\":\"fr-FR\"},{\"@type\":\"Organization\",\"@id\":\"https:\\\/\\\/flighttime.de\\\/fr\\\/#organization\",\"name\":\"FlightTime GmbH\",\"url\":\"https:\\\/\\\/flighttime.de\\\/fr\\\/\",\"logo\":{\"@type\":\"ImageObject\",\"inLanguage\":\"fr-FR\",\"@id\":\"https:\\\/\\\/flighttime.de\\\/fr\\\/#\\\/schema\\\/logo\\\/image\\\/\",\"url\":\"https:\\\/\\\/flighttime.de\\\/wp-content\\\/uploads\\\/2024\\\/06\\\/placeholder_img.png\",\"contentUrl\":\"https:\\\/\\\/flighttime.de\\\/wp-content\\\/uploads\\\/2024\\\/06\\\/placeholder_img.png\",\"width\":326,\"height\":203,\"caption\":\"FlightTime GmbH\"},\"image\":{\"@id\":\"https:\\\/\\\/flighttime.de\\\/fr\\\/#\\\/schema\\\/logo\\\/image\\\/\"},\"sameAs\":[\"https:\\\/\\\/www.facebook.com\\\/FlightTime.gmbh\",\"https:\\\/\\\/www.linkedin.com\\\/company\\\/flighttime-gmbh\\\/\"]}]}<\/script>\n<!-- \/ Yoast SEO Premium plugin. -->","yoast_head_json":{"title":"Service sup\u00e9rieur de vols d'ambulance dans le monde entier | FlightTime","description":"Choisissez-nous pour des vols d'ambulance et des jets fiables. Nous offrons des services d'ambulance a\u00e9rienne de haute qualit\u00e9 dans le monde entier \u00e0 des prix comp\u00e9titifs. Obtenez un devis gratuit maintenant !","robots":{"index":"index","follow":"follow","max-snippet":"max-snippet:-1","max-image-preview":"max-image-preview:large","max-video-preview":"max-video-preview:-1"},"canonical":"https:\/\/flighttime.de\/fr\/individuelle-loesungen\/ambulanzfluege\/","og_locale":"fr_FR","og_type":"article","og_title":"Vols Ambulances","og_description":"Choisissez-nous pour des vols d'ambulance et des jets fiables. Nous offrons des services d'ambulance a\u00e9rienne de haute qualit\u00e9 dans le monde entier \u00e0 des prix comp\u00e9titifs. Obtenez un devis gratuit maintenant !","og_url":"https:\/\/flighttime.de\/fr\/individuelle-loesungen\/ambulanzfluege\/","article_publisher":"https:\/\/www.facebook.com\/FlightTime.gmbh","article_modified_time":"2024-07-10T10:30:57+00:00","og_image":[{"width":1920,"height":1279,"url":"https:\/\/flighttime.de\/wp-content\/uploads\/2024\/06\/transport-system-3070131_1920-1.jpg","type":"image\/jpeg"}],"twitter_card":"summary_large_image","twitter_misc":{"Dur\u00e9e de lecture estim\u00e9e":"1 minute"},"schema":{"@context":"https:\/\/schema.org","@graph":[{"@type":"WebPage","@id":"https:\/\/flighttime.de\/fr\/individuelle-loesungen\/ambulanzfluege\/","url":"https:\/\/flighttime.de\/fr\/individuelle-loesungen\/ambulanzfluege\/","name":"Service sup\u00e9rieur de vols d'ambulance dans le monde entier | FlightTime","isPartOf":{"@id":"https:\/\/flighttime.de\/fr\/#website"},"primaryImageOfPage":{"@id":"https:\/\/flighttime.de\/fr\/individuelle-loesungen\/ambulanzfluege\/#primaryimage"},"image":{"@id":"https:\/\/flighttime.de\/fr\/individuelle-loesungen\/ambulanzfluege\/#primaryimage"},"thumbnailUrl":"https:\/\/flighttime.de\/wp-content\/uploads\/2024\/06\/transport-system-3070131_1920-1.jpg","datePublished":"2020-03-09T10:16:16+00:00","dateModified":"2024-07-10T10:30:57+00:00","description":"Choisissez-nous pour des vols d'ambulance et des jets fiables. Nous offrons des services d'ambulance a\u00e9rienne de haute qualit\u00e9 dans le monde entier \u00e0 des prix comp\u00e9titifs. Obtenez un devis gratuit maintenant !","breadcrumb":{"@id":"https:\/\/flighttime.de\/fr\/individuelle-loesungen\/ambulanzfluege\/#breadcrumb"},"inLanguage":"fr-FR","potentialAction":[{"@type":"ReadAction","target":["https:\/\/flighttime.de\/fr\/individuelle-loesungen\/ambulanzfluege\/"]}]},{"@type":"ImageObject","inLanguage":"fr-FR","@id":"https:\/\/flighttime.de\/fr\/individuelle-loesungen\/ambulanzfluege\/#primaryimage","url":"https:\/\/flighttime.de\/wp-content\/uploads\/2024\/06\/transport-system-3070131_1920-1.jpg","contentUrl":"https:\/\/flighttime.de\/wp-content\/uploads\/2024\/06\/transport-system-3070131_1920-1.jpg","width":1920,"height":1279,"caption":"transport-system-3070131_1920"},{"@type":"BreadcrumbList","@id":"https:\/\/flighttime.de\/fr\/individuelle-loesungen\/ambulanzfluege\/#breadcrumb","itemListElement":[{"@type":"ListItem","position":1,"name":"Startseite","item":"https:\/\/flighttime.de\/fr\/"},{"@type":"ListItem","position":2,"name":"Solutions individuelles","item":"https:\/\/flighttime.de\/fr\/individuelle-loesungen\/"},{"@type":"ListItem","position":3,"name":"Vols Ambulances"}]},{"@type":"WebSite","@id":"https:\/\/flighttime.de\/fr\/#website","url":"https:\/\/flighttime.de\/fr\/","name":"FlightTime","description":"","publisher":{"@id":"https:\/\/flighttime.de\/fr\/#organization"},"potentialAction":[{"@type":"SearchAction","target":{"@type":"EntryPoint","urlTemplate":"https:\/\/flighttime.de\/fr\/?s={search_term_string}"},"query-input":{"@type":"PropertyValueSpecification","valueRequired":true,"valueName":"search_term_string"}}],"inLanguage":"fr-FR"},{"@type":"Organization","@id":"https:\/\/flighttime.de\/fr\/#organization","name":"FlightTime GmbH","url":"https:\/\/flighttime.de\/fr\/","logo":{"@type":"ImageObject","inLanguage":"fr-FR","@id":"https:\/\/flighttime.de\/fr\/#\/schema\/logo\/image\/","url":"https:\/\/flighttime.de\/wp-content\/uploads\/2024\/06\/placeholder_img.png","contentUrl":"https:\/\/flighttime.de\/wp-content\/uploads\/2024\/06\/placeholder_img.png","width":326,"height":203,"caption":"FlightTime GmbH"},"image":{"@id":"https:\/\/flighttime.de\/fr\/#\/schema\/logo\/image\/"},"sameAs":["https:\/\/www.facebook.com\/FlightTime.gmbh","https:\/\/www.linkedin.com\/company\/flighttime-gmbh\/"]}]}},"_links":{"self":[{"href":"https:\/\/flighttime.de\/fr\/wp-json\/wp\/v2\/pages\/4393","targetHints":{"allow":["GET"]}}],"collection":[{"href":"https:\/\/flighttime.de\/fr\/wp-json\/wp\/v2\/pages"}],"about":[{"href":"https:\/\/flighttime.de\/fr\/wp-json\/wp\/v2\/types\/page"}],"author":[{"embeddable":true,"href":"https:\/\/flighttime.de\/fr\/wp-json\/wp\/v2\/users\/1"}],"replies":[{"embeddable":true,"href":"https:\/\/flighttime.de\/fr\/wp-json\/wp\/v2\/comments?post=4393"}],"version-history":[{"count":0,"href":"https:\/\/flighttime.de\/fr\/wp-json\/wp\/v2\/pages\/4393\/revisions"}],"up":[{"embeddable":true,"href":"https:\/\/flighttime.de\/fr\/wp-json\/wp\/v2\/pages\/4213"}],"wp:featuredmedia":[{"embeddable":true,"href":"https:\/\/flighttime.de\/fr\/wp-json\/wp\/v2\/media\/3327"}],"wp:attachment":[{"href":"https:\/\/flighttime.de\/fr\/wp-json\/wp\/v2\/media?parent=4393"}],"curies":[{"name":"wp","href":"https:\/\/api.w.org\/{rel}","templated":true}]}}