{"id":4439,"date":"2015-03-31T11:59:44","date_gmt":"2015-03-31T09:59:44","guid":{"rendered":"https:\/\/flighttime.de\/?page_id=4439"},"modified":"2024-07-10T10:48:02","modified_gmt":"2024-07-10T10:48:02","slug":"schedule-flights","status":"publish","type":"page","link":"https:\/\/flighttime.de\/fr\/individuelle-loesungen\/schedule-flights\/","title":{"rendered":"Vols de ligne pour les groupes"},"content":{"rendered":"","protected":false},"excerpt":{"rendered":"","protected":false},"author":1,"featured_media":3403,"parent":4213,"menu_order":6,"comment_status":"closed","ping_status":"closed","template":"","meta":{"_acf_changed":false,"footnotes":""},"class_list":["post-4439","page","type-page","status-publish","has-post-thumbnail","hentry"],"acf":[],"yoast_head":"<!-- This site is optimized with the Yoast SEO Premium plugin v27.3 (Yoast SEO v27.3) - https:\/\/yoast.com\/product\/yoast-seo-premium-wordpress\/ -->\n<title>Vols r\u00e9guliers | FlightTime<\/title>\n<meta name=\"description\" content=\"Nous sommes heureux de pouvoir vous proposer une combinaison de vols r\u00e9guliers et de vols charter. Nous sommes votre partenaire pour tous vols charters, nous nous effor\u00e7ons de vous proposer la formule la meilleure et la plus avantageuse pour votre voyage.\" \/>\n<meta name=\"robots\" content=\"index, follow, max-snippet:-1, max-image-preview:large, max-video-preview:-1\" \/>\n<link rel=\"canonical\" href=\"https:\/\/flighttime.de\/fr\/individuelle-loesungen\/schedule-flights\/\" \/>\n<meta property=\"og:locale\" content=\"fr_FR\" \/>\n<meta property=\"og:type\" content=\"article\" \/>\n<meta property=\"og:title\" content=\"Vols de ligne pour les groupes\" \/>\n<meta property=\"og:description\" content=\"Nous sommes heureux de pouvoir vous proposer une combinaison de vols r\u00e9guliers et de vols charter. Nous sommes votre partenaire pour tous vols charters, nous nous effor\u00e7ons de vous proposer la formule la meilleure et la plus avantageuse pour votre voyage.\" \/>\n<meta property=\"og:url\" content=\"https:\/\/flighttime.de\/fr\/individuelle-loesungen\/schedule-flights\/\" \/>\n<meta property=\"article:publisher\" content=\"https:\/\/www.facebook.com\/FlightTime.gmbh\" \/>\n<meta property=\"article:modified_time\" content=\"2024-07-10T10:48:02+00:00\" \/>\n<meta property=\"og:image\" content=\"https:\/\/flighttime.de\/wp-content\/uploads\/2024\/06\/flugzeuge_linienfluege-2.png\" \/>\n\t<meta property=\"og:image:width\" content=\"2000\" \/>\n\t<meta property=\"og:image:height\" content=\"1000\" \/>\n\t<meta property=\"og:image:type\" content=\"image\/png\" \/>\n<meta name=\"twitter:card\" content=\"summary_large_image\" \/>\n<meta name=\"twitter:label1\" content=\"Dur\u00e9e de lecture estim\u00e9e\" \/>\n\t<meta name=\"twitter:data1\" content=\"1 minute\" \/>\n<script type=\"application\/ld+json\" class=\"yoast-schema-graph\">{\"@context\":\"https:\\\/\\\/schema.org\",\"@graph\":[{\"@type\":\"WebPage\",\"@id\":\"https:\\\/\\\/flighttime.de\\\/fr\\\/individuelle-loesungen\\\/schedule-flights\\\/\",\"url\":\"https:\\\/\\\/flighttime.de\\\/fr\\\/individuelle-loesungen\\\/schedule-flights\\\/\",\"name\":\"Vols r\u00e9guliers | FlightTime\",\"isPartOf\":{\"@id\":\"https:\\\/\\\/flighttime.de\\\/fr\\\/#website\"},\"primaryImageOfPage\":{\"@id\":\"https:\\\/\\\/flighttime.de\\\/fr\\\/individuelle-loesungen\\\/schedule-flights\\\/#primaryimage\"},\"image\":{\"@id\":\"https:\\\/\\\/flighttime.de\\\/fr\\\/individuelle-loesungen\\\/schedule-flights\\\/#primaryimage\"},\"thumbnailUrl\":\"https:\\\/\\\/flighttime.de\\\/wp-content\\\/uploads\\\/2024\\\/06\\\/flugzeuge_linienfluege-2.png\",\"datePublished\":\"2015-03-31T09:59:44+00:00\",\"dateModified\":\"2024-07-10T10:48:02+00:00\",\"description\":\"Nous sommes heureux de pouvoir vous proposer une combinaison de vols r\u00e9guliers et de vols charter. Nous sommes votre partenaire pour tous vols charters, nous nous effor\u00e7ons de vous proposer la formule la meilleure et la plus avantageuse pour votre voyage.\",\"breadcrumb\":{\"@id\":\"https:\\\/\\\/flighttime.de\\\/fr\\\/individuelle-loesungen\\\/schedule-flights\\\/#breadcrumb\"},\"inLanguage\":\"fr-FR\",\"potentialAction\":[{\"@type\":\"ReadAction\",\"target\":[\"https:\\\/\\\/flighttime.de\\\/fr\\\/individuelle-loesungen\\\/schedule-flights\\\/\"]}]},{\"@type\":\"ImageObject\",\"inLanguage\":\"fr-FR\",\"@id\":\"https:\\\/\\\/flighttime.de\\\/fr\\\/individuelle-loesungen\\\/schedule-flights\\\/#primaryimage\",\"url\":\"https:\\\/\\\/flighttime.de\\\/wp-content\\\/uploads\\\/2024\\\/06\\\/flugzeuge_linienfluege-2.png\",\"contentUrl\":\"https:\\\/\\\/flighttime.de\\\/wp-content\\\/uploads\\\/2024\\\/06\\\/flugzeuge_linienfluege-2.png\",\"width\":2000,\"height\":1000,\"caption\":\"flugzeuge_linienfluege\"},{\"@type\":\"BreadcrumbList\",\"@id\":\"https:\\\/\\\/flighttime.de\\\/fr\\\/individuelle-loesungen\\\/schedule-flights\\\/#breadcrumb\",\"itemListElement\":[{\"@type\":\"ListItem\",\"position\":1,\"name\":\"Startseite\",\"item\":\"https:\\\/\\\/flighttime.de\\\/fr\\\/\"},{\"@type\":\"ListItem\",\"position\":2,\"name\":\"Solutions individuelles\",\"item\":\"https:\\\/\\\/flighttime.de\\\/fr\\\/individuelle-loesungen\\\/\"},{\"@type\":\"ListItem\",\"position\":3,\"name\":\"Vols de ligne pour les groupes\"}]},{\"@type\":\"WebSite\",\"@id\":\"https:\\\/\\\/flighttime.de\\\/fr\\\/#website\",\"url\":\"https:\\\/\\\/flighttime.de\\\/fr\\\/\",\"name\":\"FlightTime\",\"description\":\"\",\"publisher\":{\"@id\":\"https:\\\/\\\/flighttime.de\\\/fr\\\/#organization\"},\"potentialAction\":[{\"@type\":\"SearchAction\",\"target\":{\"@type\":\"EntryPoint\",\"urlTemplate\":\"https:\\\/\\\/flighttime.de\\\/fr\\\/?s={search_term_string}\"},\"query-input\":{\"@type\":\"PropertyValueSpecification\",\"valueRequired\":true,\"valueName\":\"search_term_string\"}}],\"inLanguage\":\"fr-FR\"},{\"@type\":\"Organization\",\"@id\":\"https:\\\/\\\/flighttime.de\\\/fr\\\/#organization\",\"name\":\"FlightTime GmbH\",\"url\":\"https:\\\/\\\/flighttime.de\\\/fr\\\/\",\"logo\":{\"@type\":\"ImageObject\",\"inLanguage\":\"fr-FR\",\"@id\":\"https:\\\/\\\/flighttime.de\\\/fr\\\/#\\\/schema\\\/logo\\\/image\\\/\",\"url\":\"https:\\\/\\\/flighttime.de\\\/wp-content\\\/uploads\\\/2024\\\/06\\\/placeholder_img.png\",\"contentUrl\":\"https:\\\/\\\/flighttime.de\\\/wp-content\\\/uploads\\\/2024\\\/06\\\/placeholder_img.png\",\"width\":326,\"height\":203,\"caption\":\"FlightTime GmbH\"},\"image\":{\"@id\":\"https:\\\/\\\/flighttime.de\\\/fr\\\/#\\\/schema\\\/logo\\\/image\\\/\"},\"sameAs\":[\"https:\\\/\\\/www.facebook.com\\\/FlightTime.gmbh\",\"https:\\\/\\\/www.linkedin.com\\\/company\\\/flighttime-gmbh\\\/\"]}]}<\/script>\n<!-- \/ Yoast SEO Premium plugin. -->","yoast_head_json":{"title":"Vols r\u00e9guliers | FlightTime","description":"Nous sommes heureux de pouvoir vous proposer une combinaison de vols r\u00e9guliers et de vols charter. Nous sommes votre partenaire pour tous vols charters, nous nous effor\u00e7ons de vous proposer la formule la meilleure et la plus avantageuse pour votre voyage.","robots":{"index":"index","follow":"follow","max-snippet":"max-snippet:-1","max-image-preview":"max-image-preview:large","max-video-preview":"max-video-preview:-1"},"canonical":"https:\/\/flighttime.de\/fr\/individuelle-loesungen\/schedule-flights\/","og_locale":"fr_FR","og_type":"article","og_title":"Vols de ligne pour les groupes","og_description":"Nous sommes heureux de pouvoir vous proposer une combinaison de vols r\u00e9guliers et de vols charter. Nous sommes votre partenaire pour tous vols charters, nous nous effor\u00e7ons de vous proposer la formule la meilleure et la plus avantageuse pour votre voyage.","og_url":"https:\/\/flighttime.de\/fr\/individuelle-loesungen\/schedule-flights\/","article_publisher":"https:\/\/www.facebook.com\/FlightTime.gmbh","article_modified_time":"2024-07-10T10:48:02+00:00","og_image":[{"width":2000,"height":1000,"url":"https:\/\/flighttime.de\/wp-content\/uploads\/2024\/06\/flugzeuge_linienfluege-2.png","type":"image\/png"}],"twitter_card":"summary_large_image","twitter_misc":{"Dur\u00e9e de lecture estim\u00e9e":"1 minute"},"schema":{"@context":"https:\/\/schema.org","@graph":[{"@type":"WebPage","@id":"https:\/\/flighttime.de\/fr\/individuelle-loesungen\/schedule-flights\/","url":"https:\/\/flighttime.de\/fr\/individuelle-loesungen\/schedule-flights\/","name":"Vols r\u00e9guliers | FlightTime","isPartOf":{"@id":"https:\/\/flighttime.de\/fr\/#website"},"primaryImageOfPage":{"@id":"https:\/\/flighttime.de\/fr\/individuelle-loesungen\/schedule-flights\/#primaryimage"},"image":{"@id":"https:\/\/flighttime.de\/fr\/individuelle-loesungen\/schedule-flights\/#primaryimage"},"thumbnailUrl":"https:\/\/flighttime.de\/wp-content\/uploads\/2024\/06\/flugzeuge_linienfluege-2.png","datePublished":"2015-03-31T09:59:44+00:00","dateModified":"2024-07-10T10:48:02+00:00","description":"Nous sommes heureux de pouvoir vous proposer une combinaison de vols r\u00e9guliers et de vols charter. Nous sommes votre partenaire pour tous vols charters, nous nous effor\u00e7ons de vous proposer la formule la meilleure et la plus avantageuse pour votre voyage.","breadcrumb":{"@id":"https:\/\/flighttime.de\/fr\/individuelle-loesungen\/schedule-flights\/#breadcrumb"},"inLanguage":"fr-FR","potentialAction":[{"@type":"ReadAction","target":["https:\/\/flighttime.de\/fr\/individuelle-loesungen\/schedule-flights\/"]}]},{"@type":"ImageObject","inLanguage":"fr-FR","@id":"https:\/\/flighttime.de\/fr\/individuelle-loesungen\/schedule-flights\/#primaryimage","url":"https:\/\/flighttime.de\/wp-content\/uploads\/2024\/06\/flugzeuge_linienfluege-2.png","contentUrl":"https:\/\/flighttime.de\/wp-content\/uploads\/2024\/06\/flugzeuge_linienfluege-2.png","width":2000,"height":1000,"caption":"flugzeuge_linienfluege"},{"@type":"BreadcrumbList","@id":"https:\/\/flighttime.de\/fr\/individuelle-loesungen\/schedule-flights\/#breadcrumb","itemListElement":[{"@type":"ListItem","position":1,"name":"Startseite","item":"https:\/\/flighttime.de\/fr\/"},{"@type":"ListItem","position":2,"name":"Solutions individuelles","item":"https:\/\/flighttime.de\/fr\/individuelle-loesungen\/"},{"@type":"ListItem","position":3,"name":"Vols de ligne pour les groupes"}]},{"@type":"WebSite","@id":"https:\/\/flighttime.de\/fr\/#website","url":"https:\/\/flighttime.de\/fr\/","name":"FlightTime","description":"","publisher":{"@id":"https:\/\/flighttime.de\/fr\/#organization"},"potentialAction":[{"@type":"SearchAction","target":{"@type":"EntryPoint","urlTemplate":"https:\/\/flighttime.de\/fr\/?s={search_term_string}"},"query-input":{"@type":"PropertyValueSpecification","valueRequired":true,"valueName":"search_term_string"}}],"inLanguage":"fr-FR"},{"@type":"Organization","@id":"https:\/\/flighttime.de\/fr\/#organization","name":"FlightTime GmbH","url":"https:\/\/flighttime.de\/fr\/","logo":{"@type":"ImageObject","inLanguage":"fr-FR","@id":"https:\/\/flighttime.de\/fr\/#\/schema\/logo\/image\/","url":"https:\/\/flighttime.de\/wp-content\/uploads\/2024\/06\/placeholder_img.png","contentUrl":"https:\/\/flighttime.de\/wp-content\/uploads\/2024\/06\/placeholder_img.png","width":326,"height":203,"caption":"FlightTime GmbH"},"image":{"@id":"https:\/\/flighttime.de\/fr\/#\/schema\/logo\/image\/"},"sameAs":["https:\/\/www.facebook.com\/FlightTime.gmbh","https:\/\/www.linkedin.com\/company\/flighttime-gmbh\/"]}]}},"_links":{"self":[{"href":"https:\/\/flighttime.de\/fr\/wp-json\/wp\/v2\/pages\/4439","targetHints":{"allow":["GET"]}}],"collection":[{"href":"https:\/\/flighttime.de\/fr\/wp-json\/wp\/v2\/pages"}],"about":[{"href":"https:\/\/flighttime.de\/fr\/wp-json\/wp\/v2\/types\/page"}],"author":[{"embeddable":true,"href":"https:\/\/flighttime.de\/fr\/wp-json\/wp\/v2\/users\/1"}],"replies":[{"embeddable":true,"href":"https:\/\/flighttime.de\/fr\/wp-json\/wp\/v2\/comments?post=4439"}],"version-history":[{"count":0,"href":"https:\/\/flighttime.de\/fr\/wp-json\/wp\/v2\/pages\/4439\/revisions"}],"up":[{"embeddable":true,"href":"https:\/\/flighttime.de\/fr\/wp-json\/wp\/v2\/pages\/4213"}],"wp:featuredmedia":[{"embeddable":true,"href":"https:\/\/flighttime.de\/fr\/wp-json\/wp\/v2\/media\/3403"}],"wp:attachment":[{"href":"https:\/\/flighttime.de\/fr\/wp-json\/wp\/v2\/media?parent=4439"}],"curies":[{"name":"wp","href":"https:\/\/api.w.org\/{rel}","templated":true}]}}