{"id":4581,"date":"2023-06-21T15:42:01","date_gmt":"2023-06-21T13:42:01","guid":{"rendered":"https:\/\/flighttime.de\/?page_id=4581"},"modified":"2024-07-10T10:51:06","modified_gmt":"2024-07-10T10:51:06","slug":"zeitkritische-fracht","status":"publish","type":"page","link":"https:\/\/flighttime.de\/fr\/individuelle-loesungen\/individuelle-loesungen-cargo\/zeitkritische-fracht\/","title":{"rendered":"Fret \u00e0 temps critique"},"content":{"rendered":"","protected":false},"excerpt":{"rendered":"","protected":false},"author":1,"featured_media":3378,"parent":4500,"menu_order":0,"comment_status":"closed","ping_status":"closed","template":"","meta":{"_acf_changed":false,"footnotes":""},"class_list":["post-4581","page","type-page","status-publish","has-post-thumbnail","hentry"],"acf":[],"yoast_head":"<!-- This site is optimized with the Yoast SEO Premium plugin v27.3 (Yoast SEO v27.3) - https:\/\/yoast.com\/product\/yoast-seo-premium-wordpress\/ -->\n<title>Zeitkritische Frachtl\u00f6sungen f\u00fcr Industrie, Pharma und Medizin<\/title>\n<meta name=\"description\" content=\"Wenn jede Minute z\u00e4hlt, sind wir die Spezialisten f\u00fcr den Transport Ihrer zeitkritischen Fracht.Wenn es schnell gehen muss - FlightTime!\" \/>\n<meta name=\"robots\" content=\"index, follow, max-snippet:-1, max-image-preview:large, max-video-preview:-1\" \/>\n<link rel=\"canonical\" href=\"https:\/\/flighttime.de\/fr\/individuelle-loesungen\/individuelle-loesungen-cargo\/zeitkritische-fracht\/\" \/>\n<meta property=\"og:locale\" content=\"fr_FR\" \/>\n<meta property=\"og:type\" content=\"article\" \/>\n<meta property=\"og:title\" content=\"Fret \u00e0 temps critique\" \/>\n<meta property=\"og:description\" content=\"Wenn jede Minute z\u00e4hlt, sind wir die Spezialisten f\u00fcr den Transport Ihrer zeitkritischen Fracht.Wenn es schnell gehen muss - FlightTime!\" \/>\n<meta property=\"og:url\" content=\"https:\/\/flighttime.de\/fr\/individuelle-loesungen\/individuelle-loesungen-cargo\/zeitkritische-fracht\/\" \/>\n<meta property=\"article:publisher\" content=\"https:\/\/www.facebook.com\/FlightTime.gmbh\" \/>\n<meta property=\"article:modified_time\" content=\"2024-07-10T10:51:06+00:00\" \/>\n<meta property=\"og:image\" content=\"https:\/\/flighttime.de\/wp-content\/uploads\/2024\/06\/plane-352730_1280.webp\" \/>\n\t<meta property=\"og:image:width\" content=\"1280\" \/>\n\t<meta property=\"og:image:height\" content=\"960\" \/>\n\t<meta property=\"og:image:type\" content=\"image\/webp\" \/>\n<meta name=\"twitter:card\" content=\"summary_large_image\" \/>\n<meta name=\"twitter:label1\" content=\"Dur\u00e9e de lecture estim\u00e9e\" \/>\n\t<meta name=\"twitter:data1\" content=\"1 minute\" \/>\n<script type=\"application\/ld+json\" class=\"yoast-schema-graph\">{\"@context\":\"https:\\\/\\\/schema.org\",\"@graph\":[{\"@type\":\"WebPage\",\"@id\":\"https:\\\/\\\/flighttime.de\\\/fr\\\/individuelle-loesungen\\\/individuelle-loesungen-cargo\\\/zeitkritische-fracht\\\/\",\"url\":\"https:\\\/\\\/flighttime.de\\\/fr\\\/individuelle-loesungen\\\/individuelle-loesungen-cargo\\\/zeitkritische-fracht\\\/\",\"name\":\"Zeitkritische Frachtl\u00f6sungen f\u00fcr Industrie, Pharma und Medizin\",\"isPartOf\":{\"@id\":\"https:\\\/\\\/flighttime.de\\\/fr\\\/#website\"},\"primaryImageOfPage\":{\"@id\":\"https:\\\/\\\/flighttime.de\\\/fr\\\/individuelle-loesungen\\\/individuelle-loesungen-cargo\\\/zeitkritische-fracht\\\/#primaryimage\"},\"image\":{\"@id\":\"https:\\\/\\\/flighttime.de\\\/fr\\\/individuelle-loesungen\\\/individuelle-loesungen-cargo\\\/zeitkritische-fracht\\\/#primaryimage\"},\"thumbnailUrl\":\"https:\\\/\\\/flighttime.de\\\/wp-content\\\/uploads\\\/2024\\\/06\\\/plane-352730_1280.webp\",\"datePublished\":\"2023-06-21T13:42:01+00:00\",\"dateModified\":\"2024-07-10T10:51:06+00:00\",\"description\":\"Wenn jede Minute z\u00e4hlt, sind wir die Spezialisten f\u00fcr den Transport Ihrer zeitkritischen Fracht.Wenn es schnell gehen muss - FlightTime!\",\"breadcrumb\":{\"@id\":\"https:\\\/\\\/flighttime.de\\\/fr\\\/individuelle-loesungen\\\/individuelle-loesungen-cargo\\\/zeitkritische-fracht\\\/#breadcrumb\"},\"inLanguage\":\"fr-FR\",\"potentialAction\":[{\"@type\":\"ReadAction\",\"target\":[\"https:\\\/\\\/flighttime.de\\\/fr\\\/individuelle-loesungen\\\/individuelle-loesungen-cargo\\\/zeitkritische-fracht\\\/\"]}]},{\"@type\":\"ImageObject\",\"inLanguage\":\"fr-FR\",\"@id\":\"https:\\\/\\\/flighttime.de\\\/fr\\\/individuelle-loesungen\\\/individuelle-loesungen-cargo\\\/zeitkritische-fracht\\\/#primaryimage\",\"url\":\"https:\\\/\\\/flighttime.de\\\/wp-content\\\/uploads\\\/2024\\\/06\\\/plane-352730_1280.webp\",\"contentUrl\":\"https:\\\/\\\/flighttime.de\\\/wp-content\\\/uploads\\\/2024\\\/06\\\/plane-352730_1280.webp\",\"width\":1280,\"height\":960,\"caption\":\"plane-352730_1280\"},{\"@type\":\"BreadcrumbList\",\"@id\":\"https:\\\/\\\/flighttime.de\\\/fr\\\/individuelle-loesungen\\\/individuelle-loesungen-cargo\\\/zeitkritische-fracht\\\/#breadcrumb\",\"itemListElement\":[{\"@type\":\"ListItem\",\"position\":1,\"name\":\"Startseite\",\"item\":\"https:\\\/\\\/flighttime.de\\\/fr\\\/\"},{\"@type\":\"ListItem\",\"position\":2,\"name\":\"Solutions individuelles\",\"item\":\"https:\\\/\\\/flighttime.de\\\/fr\\\/individuelle-loesungen\\\/\"},{\"@type\":\"ListItem\",\"position\":3,\"name\":\"Fret a\u00e9rien\",\"item\":\"https:\\\/\\\/flighttime.de\\\/fr\\\/individuelle-loesungen\\\/individuelle-loesungen-cargo\\\/\"},{\"@type\":\"ListItem\",\"position\":4,\"name\":\"Fret \u00e0 temps critique\"}]},{\"@type\":\"WebSite\",\"@id\":\"https:\\\/\\\/flighttime.de\\\/fr\\\/#website\",\"url\":\"https:\\\/\\\/flighttime.de\\\/fr\\\/\",\"name\":\"FlightTime\",\"description\":\"\",\"publisher\":{\"@id\":\"https:\\\/\\\/flighttime.de\\\/fr\\\/#organization\"},\"potentialAction\":[{\"@type\":\"SearchAction\",\"target\":{\"@type\":\"EntryPoint\",\"urlTemplate\":\"https:\\\/\\\/flighttime.de\\\/fr\\\/?s={search_term_string}\"},\"query-input\":{\"@type\":\"PropertyValueSpecification\",\"valueRequired\":true,\"valueName\":\"search_term_string\"}}],\"inLanguage\":\"fr-FR\"},{\"@type\":\"Organization\",\"@id\":\"https:\\\/\\\/flighttime.de\\\/fr\\\/#organization\",\"name\":\"FlightTime GmbH\",\"url\":\"https:\\\/\\\/flighttime.de\\\/fr\\\/\",\"logo\":{\"@type\":\"ImageObject\",\"inLanguage\":\"fr-FR\",\"@id\":\"https:\\\/\\\/flighttime.de\\\/fr\\\/#\\\/schema\\\/logo\\\/image\\\/\",\"url\":\"https:\\\/\\\/flighttime.de\\\/wp-content\\\/uploads\\\/2024\\\/06\\\/placeholder_img.png\",\"contentUrl\":\"https:\\\/\\\/flighttime.de\\\/wp-content\\\/uploads\\\/2024\\\/06\\\/placeholder_img.png\",\"width\":326,\"height\":203,\"caption\":\"FlightTime GmbH\"},\"image\":{\"@id\":\"https:\\\/\\\/flighttime.de\\\/fr\\\/#\\\/schema\\\/logo\\\/image\\\/\"},\"sameAs\":[\"https:\\\/\\\/www.facebook.com\\\/FlightTime.gmbh\",\"https:\\\/\\\/www.linkedin.com\\\/company\\\/flighttime-gmbh\\\/\"]}]}<\/script>\n<!-- \/ Yoast SEO Premium plugin. -->","yoast_head_json":{"title":"Zeitkritische Frachtl\u00f6sungen f\u00fcr Industrie, Pharma und Medizin","description":"Wenn jede Minute z\u00e4hlt, sind wir die Spezialisten f\u00fcr den Transport Ihrer zeitkritischen Fracht.Wenn es schnell gehen muss - FlightTime!","robots":{"index":"index","follow":"follow","max-snippet":"max-snippet:-1","max-image-preview":"max-image-preview:large","max-video-preview":"max-video-preview:-1"},"canonical":"https:\/\/flighttime.de\/fr\/individuelle-loesungen\/individuelle-loesungen-cargo\/zeitkritische-fracht\/","og_locale":"fr_FR","og_type":"article","og_title":"Fret \u00e0 temps critique","og_description":"Wenn jede Minute z\u00e4hlt, sind wir die Spezialisten f\u00fcr den Transport Ihrer zeitkritischen Fracht.Wenn es schnell gehen muss - FlightTime!","og_url":"https:\/\/flighttime.de\/fr\/individuelle-loesungen\/individuelle-loesungen-cargo\/zeitkritische-fracht\/","article_publisher":"https:\/\/www.facebook.com\/FlightTime.gmbh","article_modified_time":"2024-07-10T10:51:06+00:00","og_image":[{"width":1280,"height":960,"url":"https:\/\/flighttime.de\/wp-content\/uploads\/2024\/06\/plane-352730_1280.webp","type":"image\/webp"}],"twitter_card":"summary_large_image","twitter_misc":{"Dur\u00e9e de lecture estim\u00e9e":"1 minute"},"schema":{"@context":"https:\/\/schema.org","@graph":[{"@type":"WebPage","@id":"https:\/\/flighttime.de\/fr\/individuelle-loesungen\/individuelle-loesungen-cargo\/zeitkritische-fracht\/","url":"https:\/\/flighttime.de\/fr\/individuelle-loesungen\/individuelle-loesungen-cargo\/zeitkritische-fracht\/","name":"Zeitkritische Frachtl\u00f6sungen f\u00fcr Industrie, Pharma und Medizin","isPartOf":{"@id":"https:\/\/flighttime.de\/fr\/#website"},"primaryImageOfPage":{"@id":"https:\/\/flighttime.de\/fr\/individuelle-loesungen\/individuelle-loesungen-cargo\/zeitkritische-fracht\/#primaryimage"},"image":{"@id":"https:\/\/flighttime.de\/fr\/individuelle-loesungen\/individuelle-loesungen-cargo\/zeitkritische-fracht\/#primaryimage"},"thumbnailUrl":"https:\/\/flighttime.de\/wp-content\/uploads\/2024\/06\/plane-352730_1280.webp","datePublished":"2023-06-21T13:42:01+00:00","dateModified":"2024-07-10T10:51:06+00:00","description":"Wenn jede Minute z\u00e4hlt, sind wir die Spezialisten f\u00fcr den Transport Ihrer zeitkritischen Fracht.Wenn es schnell gehen muss - FlightTime!","breadcrumb":{"@id":"https:\/\/flighttime.de\/fr\/individuelle-loesungen\/individuelle-loesungen-cargo\/zeitkritische-fracht\/#breadcrumb"},"inLanguage":"fr-FR","potentialAction":[{"@type":"ReadAction","target":["https:\/\/flighttime.de\/fr\/individuelle-loesungen\/individuelle-loesungen-cargo\/zeitkritische-fracht\/"]}]},{"@type":"ImageObject","inLanguage":"fr-FR","@id":"https:\/\/flighttime.de\/fr\/individuelle-loesungen\/individuelle-loesungen-cargo\/zeitkritische-fracht\/#primaryimage","url":"https:\/\/flighttime.de\/wp-content\/uploads\/2024\/06\/plane-352730_1280.webp","contentUrl":"https:\/\/flighttime.de\/wp-content\/uploads\/2024\/06\/plane-352730_1280.webp","width":1280,"height":960,"caption":"plane-352730_1280"},{"@type":"BreadcrumbList","@id":"https:\/\/flighttime.de\/fr\/individuelle-loesungen\/individuelle-loesungen-cargo\/zeitkritische-fracht\/#breadcrumb","itemListElement":[{"@type":"ListItem","position":1,"name":"Startseite","item":"https:\/\/flighttime.de\/fr\/"},{"@type":"ListItem","position":2,"name":"Solutions individuelles","item":"https:\/\/flighttime.de\/fr\/individuelle-loesungen\/"},{"@type":"ListItem","position":3,"name":"Fret a\u00e9rien","item":"https:\/\/flighttime.de\/fr\/individuelle-loesungen\/individuelle-loesungen-cargo\/"},{"@type":"ListItem","position":4,"name":"Fret \u00e0 temps critique"}]},{"@type":"WebSite","@id":"https:\/\/flighttime.de\/fr\/#website","url":"https:\/\/flighttime.de\/fr\/","name":"FlightTime","description":"","publisher":{"@id":"https:\/\/flighttime.de\/fr\/#organization"},"potentialAction":[{"@type":"SearchAction","target":{"@type":"EntryPoint","urlTemplate":"https:\/\/flighttime.de\/fr\/?s={search_term_string}"},"query-input":{"@type":"PropertyValueSpecification","valueRequired":true,"valueName":"search_term_string"}}],"inLanguage":"fr-FR"},{"@type":"Organization","@id":"https:\/\/flighttime.de\/fr\/#organization","name":"FlightTime GmbH","url":"https:\/\/flighttime.de\/fr\/","logo":{"@type":"ImageObject","inLanguage":"fr-FR","@id":"https:\/\/flighttime.de\/fr\/#\/schema\/logo\/image\/","url":"https:\/\/flighttime.de\/wp-content\/uploads\/2024\/06\/placeholder_img.png","contentUrl":"https:\/\/flighttime.de\/wp-content\/uploads\/2024\/06\/placeholder_img.png","width":326,"height":203,"caption":"FlightTime GmbH"},"image":{"@id":"https:\/\/flighttime.de\/fr\/#\/schema\/logo\/image\/"},"sameAs":["https:\/\/www.facebook.com\/FlightTime.gmbh","https:\/\/www.linkedin.com\/company\/flighttime-gmbh\/"]}]}},"_links":{"self":[{"href":"https:\/\/flighttime.de\/fr\/wp-json\/wp\/v2\/pages\/4581","targetHints":{"allow":["GET"]}}],"collection":[{"href":"https:\/\/flighttime.de\/fr\/wp-json\/wp\/v2\/pages"}],"about":[{"href":"https:\/\/flighttime.de\/fr\/wp-json\/wp\/v2\/types\/page"}],"author":[{"embeddable":true,"href":"https:\/\/flighttime.de\/fr\/wp-json\/wp\/v2\/users\/1"}],"replies":[{"embeddable":true,"href":"https:\/\/flighttime.de\/fr\/wp-json\/wp\/v2\/comments?post=4581"}],"version-history":[{"count":0,"href":"https:\/\/flighttime.de\/fr\/wp-json\/wp\/v2\/pages\/4581\/revisions"}],"up":[{"embeddable":true,"href":"https:\/\/flighttime.de\/fr\/wp-json\/wp\/v2\/pages\/4500"}],"wp:featuredmedia":[{"embeddable":true,"href":"https:\/\/flighttime.de\/fr\/wp-json\/wp\/v2\/media\/3378"}],"wp:attachment":[{"href":"https:\/\/flighttime.de\/fr\/wp-json\/wp\/v2\/media?parent=4581"}],"curies":[{"name":"wp","href":"https:\/\/api.w.org\/{rel}","templated":true}]}}