{"id":4624,"date":"2023-02-13T10:54:43","date_gmt":"2023-02-13T09:54:43","guid":{"rendered":"https:\/\/flighttime.de\/?page_id=4624"},"modified":"2024-07-04T13:23:59","modified_gmt":"2024-07-04T13:23:59","slug":"zeitungen-und-magazine-fuer-ihren-charterflug","status":"publish","type":"page","link":"https:\/\/flighttime.de\/fr\/service\/zeitungen-und-magazine-fuer-ihren-charterflug\/","title":{"rendered":"Journaux et magazines pour votre vol charter"},"content":{"rendered":"","protected":false},"excerpt":{"rendered":"","protected":false},"author":1,"featured_media":2163,"parent":4591,"menu_order":0,"comment_status":"closed","ping_status":"closed","template":"","meta":{"_acf_changed":false,"footnotes":""},"class_list":["post-4624","page","type-page","status-publish","has-post-thumbnail","hentry"],"acf":[],"yoast_head":"<!-- This site is optimized with the Yoast SEO Premium plugin v27.3 (Yoast SEO v27.3) - https:\/\/yoast.com\/product\/yoast-seo-premium-wordpress\/ -->\n<title>Frankfurter Allgemeine Zeitung et plus : les derni\u00e8res nouvelles<\/title>\n<meta name=\"description\" content=\"D\u00e9couvrez le Frankfurter Allgemeine Zeitung et plus encore. Restez au courant des derni\u00e8res nouvelles et des articles sur diff\u00e9rents sujets.\" \/>\n<meta name=\"robots\" content=\"index, follow, max-snippet:-1, max-image-preview:large, max-video-preview:-1\" \/>\n<link rel=\"canonical\" href=\"https:\/\/flighttime.de\/fr\/service\/zeitungen-und-magazine-fuer-ihren-charterflug\/\" \/>\n<meta property=\"og:locale\" content=\"fr_FR\" \/>\n<meta property=\"og:type\" content=\"article\" \/>\n<meta property=\"og:title\" content=\"Journaux et magazines pour votre vol charter\" \/>\n<meta property=\"og:description\" content=\"D\u00e9couvrez le Frankfurter Allgemeine Zeitung et plus encore. Restez au courant des derni\u00e8res nouvelles et des articles sur diff\u00e9rents sujets.\" \/>\n<meta property=\"og:url\" content=\"https:\/\/flighttime.de\/fr\/service\/zeitungen-und-magazine-fuer-ihren-charterflug\/\" \/>\n<meta property=\"article:publisher\" content=\"https:\/\/www.facebook.com\/FlightTime.gmbh\" \/>\n<meta property=\"article:modified_time\" content=\"2024-07-04T13:23:59+00:00\" \/>\n<meta property=\"og:image\" content=\"https:\/\/flighttime.de\/wp-content\/uploads\/2024\/06\/magazines-g159aa5c3f_1920.webp\" \/>\n\t<meta property=\"og:image:width\" content=\"1920\" \/>\n\t<meta property=\"og:image:height\" content=\"1484\" \/>\n\t<meta property=\"og:image:type\" content=\"image\/webp\" \/>\n<meta name=\"twitter:card\" content=\"summary_large_image\" \/>\n<meta name=\"twitter:label1\" content=\"Dur\u00e9e de lecture estim\u00e9e\" \/>\n\t<meta name=\"twitter:data1\" content=\"1 minute\" \/>\n<script type=\"application\/ld+json\" class=\"yoast-schema-graph\">{\"@context\":\"https:\\\/\\\/schema.org\",\"@graph\":[{\"@type\":\"WebPage\",\"@id\":\"https:\\\/\\\/flighttime.de\\\/fr\\\/service\\\/zeitungen-und-magazine-fuer-ihren-charterflug\\\/\",\"url\":\"https:\\\/\\\/flighttime.de\\\/fr\\\/service\\\/zeitungen-und-magazine-fuer-ihren-charterflug\\\/\",\"name\":\"Frankfurter Allgemeine Zeitung et plus : les derni\u00e8res nouvelles\",\"isPartOf\":{\"@id\":\"https:\\\/\\\/flighttime.de\\\/fr\\\/#website\"},\"primaryImageOfPage\":{\"@id\":\"https:\\\/\\\/flighttime.de\\\/fr\\\/service\\\/zeitungen-und-magazine-fuer-ihren-charterflug\\\/#primaryimage\"},\"image\":{\"@id\":\"https:\\\/\\\/flighttime.de\\\/fr\\\/service\\\/zeitungen-und-magazine-fuer-ihren-charterflug\\\/#primaryimage\"},\"thumbnailUrl\":\"https:\\\/\\\/flighttime.de\\\/wp-content\\\/uploads\\\/2024\\\/06\\\/magazines-g159aa5c3f_1920.webp\",\"datePublished\":\"2023-02-13T09:54:43+00:00\",\"dateModified\":\"2024-07-04T13:23:59+00:00\",\"description\":\"D\u00e9couvrez le Frankfurter Allgemeine Zeitung et plus encore. Restez au courant des derni\u00e8res nouvelles et des articles sur diff\u00e9rents sujets.\",\"breadcrumb\":{\"@id\":\"https:\\\/\\\/flighttime.de\\\/fr\\\/service\\\/zeitungen-und-magazine-fuer-ihren-charterflug\\\/#breadcrumb\"},\"inLanguage\":\"fr-FR\",\"potentialAction\":[{\"@type\":\"ReadAction\",\"target\":[\"https:\\\/\\\/flighttime.de\\\/fr\\\/service\\\/zeitungen-und-magazine-fuer-ihren-charterflug\\\/\"]}]},{\"@type\":\"ImageObject\",\"inLanguage\":\"fr-FR\",\"@id\":\"https:\\\/\\\/flighttime.de\\\/fr\\\/service\\\/zeitungen-und-magazine-fuer-ihren-charterflug\\\/#primaryimage\",\"url\":\"https:\\\/\\\/flighttime.de\\\/wp-content\\\/uploads\\\/2024\\\/06\\\/magazines-g159aa5c3f_1920.webp\",\"contentUrl\":\"https:\\\/\\\/flighttime.de\\\/wp-content\\\/uploads\\\/2024\\\/06\\\/magazines-g159aa5c3f_1920.webp\",\"width\":1920,\"height\":1484,\"caption\":\"magazines-g159aa5c3f_1920\"},{\"@type\":\"BreadcrumbList\",\"@id\":\"https:\\\/\\\/flighttime.de\\\/fr\\\/service\\\/zeitungen-und-magazine-fuer-ihren-charterflug\\\/#breadcrumb\",\"itemListElement\":[{\"@type\":\"ListItem\",\"position\":1,\"name\":\"Startseite\",\"item\":\"https:\\\/\\\/flighttime.de\\\/fr\\\/\"},{\"@type\":\"ListItem\",\"position\":2,\"name\":\"Prestations\",\"item\":\"https:\\\/\\\/flighttime.de\\\/fr\\\/service\\\/\"},{\"@type\":\"ListItem\",\"position\":3,\"name\":\"Journaux et magazines pour votre vol charter\"}]},{\"@type\":\"WebSite\",\"@id\":\"https:\\\/\\\/flighttime.de\\\/fr\\\/#website\",\"url\":\"https:\\\/\\\/flighttime.de\\\/fr\\\/\",\"name\":\"FlightTime\",\"description\":\"\",\"publisher\":{\"@id\":\"https:\\\/\\\/flighttime.de\\\/fr\\\/#organization\"},\"potentialAction\":[{\"@type\":\"SearchAction\",\"target\":{\"@type\":\"EntryPoint\",\"urlTemplate\":\"https:\\\/\\\/flighttime.de\\\/fr\\\/?s={search_term_string}\"},\"query-input\":{\"@type\":\"PropertyValueSpecification\",\"valueRequired\":true,\"valueName\":\"search_term_string\"}}],\"inLanguage\":\"fr-FR\"},{\"@type\":\"Organization\",\"@id\":\"https:\\\/\\\/flighttime.de\\\/fr\\\/#organization\",\"name\":\"FlightTime GmbH\",\"url\":\"https:\\\/\\\/flighttime.de\\\/fr\\\/\",\"logo\":{\"@type\":\"ImageObject\",\"inLanguage\":\"fr-FR\",\"@id\":\"https:\\\/\\\/flighttime.de\\\/fr\\\/#\\\/schema\\\/logo\\\/image\\\/\",\"url\":\"https:\\\/\\\/flighttime.de\\\/wp-content\\\/uploads\\\/2024\\\/06\\\/placeholder_img.png\",\"contentUrl\":\"https:\\\/\\\/flighttime.de\\\/wp-content\\\/uploads\\\/2024\\\/06\\\/placeholder_img.png\",\"width\":326,\"height\":203,\"caption\":\"FlightTime GmbH\"},\"image\":{\"@id\":\"https:\\\/\\\/flighttime.de\\\/fr\\\/#\\\/schema\\\/logo\\\/image\\\/\"},\"sameAs\":[\"https:\\\/\\\/www.facebook.com\\\/FlightTime.gmbh\",\"https:\\\/\\\/www.linkedin.com\\\/company\\\/flighttime-gmbh\\\/\"]}]}<\/script>\n<!-- \/ Yoast SEO Premium plugin. -->","yoast_head_json":{"title":"Frankfurter Allgemeine Zeitung et plus : les derni\u00e8res nouvelles","description":"D\u00e9couvrez le Frankfurter Allgemeine Zeitung et plus encore. Restez au courant des derni\u00e8res nouvelles et des articles sur diff\u00e9rents sujets.","robots":{"index":"index","follow":"follow","max-snippet":"max-snippet:-1","max-image-preview":"max-image-preview:large","max-video-preview":"max-video-preview:-1"},"canonical":"https:\/\/flighttime.de\/fr\/service\/zeitungen-und-magazine-fuer-ihren-charterflug\/","og_locale":"fr_FR","og_type":"article","og_title":"Journaux et magazines pour votre vol charter","og_description":"D\u00e9couvrez le Frankfurter Allgemeine Zeitung et plus encore. Restez au courant des derni\u00e8res nouvelles et des articles sur diff\u00e9rents sujets.","og_url":"https:\/\/flighttime.de\/fr\/service\/zeitungen-und-magazine-fuer-ihren-charterflug\/","article_publisher":"https:\/\/www.facebook.com\/FlightTime.gmbh","article_modified_time":"2024-07-04T13:23:59+00:00","og_image":[{"width":1920,"height":1484,"url":"https:\/\/flighttime.de\/wp-content\/uploads\/2024\/06\/magazines-g159aa5c3f_1920.webp","type":"image\/webp"}],"twitter_card":"summary_large_image","twitter_misc":{"Dur\u00e9e de lecture estim\u00e9e":"1 minute"},"schema":{"@context":"https:\/\/schema.org","@graph":[{"@type":"WebPage","@id":"https:\/\/flighttime.de\/fr\/service\/zeitungen-und-magazine-fuer-ihren-charterflug\/","url":"https:\/\/flighttime.de\/fr\/service\/zeitungen-und-magazine-fuer-ihren-charterflug\/","name":"Frankfurter Allgemeine Zeitung et plus : les derni\u00e8res nouvelles","isPartOf":{"@id":"https:\/\/flighttime.de\/fr\/#website"},"primaryImageOfPage":{"@id":"https:\/\/flighttime.de\/fr\/service\/zeitungen-und-magazine-fuer-ihren-charterflug\/#primaryimage"},"image":{"@id":"https:\/\/flighttime.de\/fr\/service\/zeitungen-und-magazine-fuer-ihren-charterflug\/#primaryimage"},"thumbnailUrl":"https:\/\/flighttime.de\/wp-content\/uploads\/2024\/06\/magazines-g159aa5c3f_1920.webp","datePublished":"2023-02-13T09:54:43+00:00","dateModified":"2024-07-04T13:23:59+00:00","description":"D\u00e9couvrez le Frankfurter Allgemeine Zeitung et plus encore. Restez au courant des derni\u00e8res nouvelles et des articles sur diff\u00e9rents sujets.","breadcrumb":{"@id":"https:\/\/flighttime.de\/fr\/service\/zeitungen-und-magazine-fuer-ihren-charterflug\/#breadcrumb"},"inLanguage":"fr-FR","potentialAction":[{"@type":"ReadAction","target":["https:\/\/flighttime.de\/fr\/service\/zeitungen-und-magazine-fuer-ihren-charterflug\/"]}]},{"@type":"ImageObject","inLanguage":"fr-FR","@id":"https:\/\/flighttime.de\/fr\/service\/zeitungen-und-magazine-fuer-ihren-charterflug\/#primaryimage","url":"https:\/\/flighttime.de\/wp-content\/uploads\/2024\/06\/magazines-g159aa5c3f_1920.webp","contentUrl":"https:\/\/flighttime.de\/wp-content\/uploads\/2024\/06\/magazines-g159aa5c3f_1920.webp","width":1920,"height":1484,"caption":"magazines-g159aa5c3f_1920"},{"@type":"BreadcrumbList","@id":"https:\/\/flighttime.de\/fr\/service\/zeitungen-und-magazine-fuer-ihren-charterflug\/#breadcrumb","itemListElement":[{"@type":"ListItem","position":1,"name":"Startseite","item":"https:\/\/flighttime.de\/fr\/"},{"@type":"ListItem","position":2,"name":"Prestations","item":"https:\/\/flighttime.de\/fr\/service\/"},{"@type":"ListItem","position":3,"name":"Journaux et magazines pour votre vol charter"}]},{"@type":"WebSite","@id":"https:\/\/flighttime.de\/fr\/#website","url":"https:\/\/flighttime.de\/fr\/","name":"FlightTime","description":"","publisher":{"@id":"https:\/\/flighttime.de\/fr\/#organization"},"potentialAction":[{"@type":"SearchAction","target":{"@type":"EntryPoint","urlTemplate":"https:\/\/flighttime.de\/fr\/?s={search_term_string}"},"query-input":{"@type":"PropertyValueSpecification","valueRequired":true,"valueName":"search_term_string"}}],"inLanguage":"fr-FR"},{"@type":"Organization","@id":"https:\/\/flighttime.de\/fr\/#organization","name":"FlightTime GmbH","url":"https:\/\/flighttime.de\/fr\/","logo":{"@type":"ImageObject","inLanguage":"fr-FR","@id":"https:\/\/flighttime.de\/fr\/#\/schema\/logo\/image\/","url":"https:\/\/flighttime.de\/wp-content\/uploads\/2024\/06\/placeholder_img.png","contentUrl":"https:\/\/flighttime.de\/wp-content\/uploads\/2024\/06\/placeholder_img.png","width":326,"height":203,"caption":"FlightTime GmbH"},"image":{"@id":"https:\/\/flighttime.de\/fr\/#\/schema\/logo\/image\/"},"sameAs":["https:\/\/www.facebook.com\/FlightTime.gmbh","https:\/\/www.linkedin.com\/company\/flighttime-gmbh\/"]}]}},"_links":{"self":[{"href":"https:\/\/flighttime.de\/fr\/wp-json\/wp\/v2\/pages\/4624","targetHints":{"allow":["GET"]}}],"collection":[{"href":"https:\/\/flighttime.de\/fr\/wp-json\/wp\/v2\/pages"}],"about":[{"href":"https:\/\/flighttime.de\/fr\/wp-json\/wp\/v2\/types\/page"}],"author":[{"embeddable":true,"href":"https:\/\/flighttime.de\/fr\/wp-json\/wp\/v2\/users\/1"}],"replies":[{"embeddable":true,"href":"https:\/\/flighttime.de\/fr\/wp-json\/wp\/v2\/comments?post=4624"}],"version-history":[{"count":0,"href":"https:\/\/flighttime.de\/fr\/wp-json\/wp\/v2\/pages\/4624\/revisions"}],"up":[{"embeddable":true,"href":"https:\/\/flighttime.de\/fr\/wp-json\/wp\/v2\/pages\/4591"}],"wp:featuredmedia":[{"embeddable":true,"href":"https:\/\/flighttime.de\/fr\/wp-json\/wp\/v2\/media\/2163"}],"wp:attachment":[{"href":"https:\/\/flighttime.de\/fr\/wp-json\/wp\/v2\/media?parent=4624"}],"curies":[{"name":"wp","href":"https:\/\/api.w.org\/{rel}","templated":true}]}}