{"id":6502,"date":"2015-04-08T13:33:41","date_gmt":"2015-04-08T11:33:41","guid":{"rendered":"https:\/\/flighttime.de\/?page_id=6502"},"modified":"2025-01-30T08:36:35","modified_gmt":"2025-01-30T07:36:35","slug":"corporate-identity","status":"publish","type":"page","link":"https:\/\/flighttime.de\/fr\/service\/corporate-identity\/","title":{"rendered":"Identit\u00e9 d&rsquo;entreprise"},"content":{"rendered":"","protected":false},"excerpt":{"rendered":"","protected":false},"author":1,"featured_media":2092,"parent":4591,"menu_order":4,"comment_status":"closed","ping_status":"closed","template":"","meta":{"_acf_changed":false,"footnotes":""},"class_list":["post-6502","page","type-page","status-publish","has-post-thumbnail","hentry"],"acf":[],"yoast_head":"<!-- This site is optimized with the Yoast SEO Premium plugin v27.3 (Yoast SEO v27.3) - https:\/\/yoast.com\/product\/yoast-seo-premium-wordpress\/ -->\n<title>Identit\u00e9 visuelle de votre soci\u00e9t\u00e9 | FlightTime<\/title>\n<meta name=\"description\" content=\"Nous nous chargeons de mettre votre vol charter visuellement en valeur, en positionnant l&#039;identit\u00e9 visuelle de votre soci\u00e9t\u00e9 au niveau de la zone d&#039;enregistrement, de la salle d&#039;attente, \u00e0 l&#039;entr\u00e9e ou \u00e0 l&#039;int\u00e9rieur de l&#039;avion.\" \/>\n<meta name=\"robots\" content=\"index, follow, max-snippet:-1, max-image-preview:large, max-video-preview:-1\" \/>\n<link rel=\"canonical\" href=\"https:\/\/flighttime.de\/fr\/service\/corporate-identity\/\" \/>\n<meta property=\"og:locale\" content=\"fr_FR\" \/>\n<meta property=\"og:type\" content=\"article\" \/>\n<meta property=\"og:title\" content=\"Identit\u00e9 d&#039;entreprise\" \/>\n<meta property=\"og:description\" content=\"Nous nous chargeons de mettre votre vol charter visuellement en valeur, en positionnant l&#039;identit\u00e9 visuelle de votre soci\u00e9t\u00e9 au niveau de la zone d&#039;enregistrement, de la salle d&#039;attente, \u00e0 l&#039;entr\u00e9e ou \u00e0 l&#039;int\u00e9rieur de l&#039;avion.\" \/>\n<meta property=\"og:url\" content=\"https:\/\/flighttime.de\/fr\/service\/corporate-identity\/\" \/>\n<meta property=\"article:publisher\" content=\"https:\/\/www.facebook.com\/FlightTime.gmbh\" \/>\n<meta property=\"article:modified_time\" content=\"2025-01-30T07:36:35+00:00\" \/>\n<meta property=\"og:image\" content=\"https:\/\/flighttime.de\/wp-content\/uploads\/2024\/06\/Cabinbranding.Hrc_.Flight_Time.jpg\" \/>\n\t<meta property=\"og:image:width\" content=\"1754\" \/>\n\t<meta property=\"og:image:height\" content=\"1240\" \/>\n\t<meta property=\"og:image:type\" content=\"image\/jpeg\" \/>\n<meta name=\"twitter:card\" content=\"summary_large_image\" \/>\n<meta name=\"twitter:label1\" content=\"Dur\u00e9e de lecture estim\u00e9e\" \/>\n\t<meta name=\"twitter:data1\" content=\"1 minute\" \/>\n<script type=\"application\/ld+json\" class=\"yoast-schema-graph\">{\"@context\":\"https:\\\/\\\/schema.org\",\"@graph\":[{\"@type\":\"WebPage\",\"@id\":\"https:\\\/\\\/flighttime.de\\\/fr\\\/service\\\/corporate-identity\\\/\",\"url\":\"https:\\\/\\\/flighttime.de\\\/fr\\\/service\\\/corporate-identity\\\/\",\"name\":\"Identit\u00e9 visuelle de votre soci\u00e9t\u00e9 | FlightTime\",\"isPartOf\":{\"@id\":\"https:\\\/\\\/flighttime.de\\\/fr\\\/#website\"},\"primaryImageOfPage\":{\"@id\":\"https:\\\/\\\/flighttime.de\\\/fr\\\/service\\\/corporate-identity\\\/#primaryimage\"},\"image\":{\"@id\":\"https:\\\/\\\/flighttime.de\\\/fr\\\/service\\\/corporate-identity\\\/#primaryimage\"},\"thumbnailUrl\":\"https:\\\/\\\/flighttime.de\\\/wp-content\\\/uploads\\\/2024\\\/06\\\/Cabinbranding.Hrc_.Flight_Time.jpg\",\"datePublished\":\"2015-04-08T11:33:41+00:00\",\"dateModified\":\"2025-01-30T07:36:35+00:00\",\"description\":\"Nous nous chargeons de mettre votre vol charter visuellement en valeur, en positionnant l'identit\u00e9 visuelle de votre soci\u00e9t\u00e9 au niveau de la zone d'enregistrement, de la salle d'attente, \u00e0 l'entr\u00e9e ou \u00e0 l'int\u00e9rieur de l'avion.\",\"breadcrumb\":{\"@id\":\"https:\\\/\\\/flighttime.de\\\/fr\\\/service\\\/corporate-identity\\\/#breadcrumb\"},\"inLanguage\":\"fr-FR\",\"potentialAction\":[{\"@type\":\"ReadAction\",\"target\":[\"https:\\\/\\\/flighttime.de\\\/fr\\\/service\\\/corporate-identity\\\/\"]}]},{\"@type\":\"ImageObject\",\"inLanguage\":\"fr-FR\",\"@id\":\"https:\\\/\\\/flighttime.de\\\/fr\\\/service\\\/corporate-identity\\\/#primaryimage\",\"url\":\"https:\\\/\\\/flighttime.de\\\/wp-content\\\/uploads\\\/2024\\\/06\\\/Cabinbranding.Hrc_.Flight_Time.jpg\",\"contentUrl\":\"https:\\\/\\\/flighttime.de\\\/wp-content\\\/uploads\\\/2024\\\/06\\\/Cabinbranding.Hrc_.Flight_Time.jpg\",\"width\":1754,\"height\":1240,\"caption\":\"Cabinbranding.Hrc_.Flight_Time\"},{\"@type\":\"BreadcrumbList\",\"@id\":\"https:\\\/\\\/flighttime.de\\\/fr\\\/service\\\/corporate-identity\\\/#breadcrumb\",\"itemListElement\":[{\"@type\":\"ListItem\",\"position\":1,\"name\":\"Startseite\",\"item\":\"https:\\\/\\\/flighttime.de\\\/fr\\\/\"},{\"@type\":\"ListItem\",\"position\":2,\"name\":\"Prestations\",\"item\":\"https:\\\/\\\/flighttime.de\\\/fr\\\/service\\\/\"},{\"@type\":\"ListItem\",\"position\":3,\"name\":\"Identit\u00e9 d&#8217;entreprise\"}]},{\"@type\":\"WebSite\",\"@id\":\"https:\\\/\\\/flighttime.de\\\/fr\\\/#website\",\"url\":\"https:\\\/\\\/flighttime.de\\\/fr\\\/\",\"name\":\"FlightTime\",\"description\":\"\",\"publisher\":{\"@id\":\"https:\\\/\\\/flighttime.de\\\/fr\\\/#organization\"},\"potentialAction\":[{\"@type\":\"SearchAction\",\"target\":{\"@type\":\"EntryPoint\",\"urlTemplate\":\"https:\\\/\\\/flighttime.de\\\/fr\\\/?s={search_term_string}\"},\"query-input\":{\"@type\":\"PropertyValueSpecification\",\"valueRequired\":true,\"valueName\":\"search_term_string\"}}],\"inLanguage\":\"fr-FR\"},{\"@type\":\"Organization\",\"@id\":\"https:\\\/\\\/flighttime.de\\\/fr\\\/#organization\",\"name\":\"FlightTime GmbH\",\"url\":\"https:\\\/\\\/flighttime.de\\\/fr\\\/\",\"logo\":{\"@type\":\"ImageObject\",\"inLanguage\":\"fr-FR\",\"@id\":\"https:\\\/\\\/flighttime.de\\\/fr\\\/#\\\/schema\\\/logo\\\/image\\\/\",\"url\":\"https:\\\/\\\/flighttime.de\\\/wp-content\\\/uploads\\\/2024\\\/06\\\/placeholder_img.png\",\"contentUrl\":\"https:\\\/\\\/flighttime.de\\\/wp-content\\\/uploads\\\/2024\\\/06\\\/placeholder_img.png\",\"width\":326,\"height\":203,\"caption\":\"FlightTime GmbH\"},\"image\":{\"@id\":\"https:\\\/\\\/flighttime.de\\\/fr\\\/#\\\/schema\\\/logo\\\/image\\\/\"},\"sameAs\":[\"https:\\\/\\\/www.facebook.com\\\/FlightTime.gmbh\",\"https:\\\/\\\/www.linkedin.com\\\/company\\\/flighttime-gmbh\\\/\"]}]}<\/script>\n<!-- \/ Yoast SEO Premium plugin. -->","yoast_head_json":{"title":"Identit\u00e9 visuelle de votre soci\u00e9t\u00e9 | FlightTime","description":"Nous nous chargeons de mettre votre vol charter visuellement en valeur, en positionnant l'identit\u00e9 visuelle de votre soci\u00e9t\u00e9 au niveau de la zone d'enregistrement, de la salle d'attente, \u00e0 l'entr\u00e9e ou \u00e0 l'int\u00e9rieur de l'avion.","robots":{"index":"index","follow":"follow","max-snippet":"max-snippet:-1","max-image-preview":"max-image-preview:large","max-video-preview":"max-video-preview:-1"},"canonical":"https:\/\/flighttime.de\/fr\/service\/corporate-identity\/","og_locale":"fr_FR","og_type":"article","og_title":"Identit\u00e9 d'entreprise","og_description":"Nous nous chargeons de mettre votre vol charter visuellement en valeur, en positionnant l'identit\u00e9 visuelle de votre soci\u00e9t\u00e9 au niveau de la zone d'enregistrement, de la salle d'attente, \u00e0 l'entr\u00e9e ou \u00e0 l'int\u00e9rieur de l'avion.","og_url":"https:\/\/flighttime.de\/fr\/service\/corporate-identity\/","article_publisher":"https:\/\/www.facebook.com\/FlightTime.gmbh","article_modified_time":"2025-01-30T07:36:35+00:00","og_image":[{"width":1754,"height":1240,"url":"https:\/\/flighttime.de\/wp-content\/uploads\/2024\/06\/Cabinbranding.Hrc_.Flight_Time.jpg","type":"image\/jpeg"}],"twitter_card":"summary_large_image","twitter_misc":{"Dur\u00e9e de lecture estim\u00e9e":"1 minute"},"schema":{"@context":"https:\/\/schema.org","@graph":[{"@type":"WebPage","@id":"https:\/\/flighttime.de\/fr\/service\/corporate-identity\/","url":"https:\/\/flighttime.de\/fr\/service\/corporate-identity\/","name":"Identit\u00e9 visuelle de votre soci\u00e9t\u00e9 | FlightTime","isPartOf":{"@id":"https:\/\/flighttime.de\/fr\/#website"},"primaryImageOfPage":{"@id":"https:\/\/flighttime.de\/fr\/service\/corporate-identity\/#primaryimage"},"image":{"@id":"https:\/\/flighttime.de\/fr\/service\/corporate-identity\/#primaryimage"},"thumbnailUrl":"https:\/\/flighttime.de\/wp-content\/uploads\/2024\/06\/Cabinbranding.Hrc_.Flight_Time.jpg","datePublished":"2015-04-08T11:33:41+00:00","dateModified":"2025-01-30T07:36:35+00:00","description":"Nous nous chargeons de mettre votre vol charter visuellement en valeur, en positionnant l'identit\u00e9 visuelle de votre soci\u00e9t\u00e9 au niveau de la zone d'enregistrement, de la salle d'attente, \u00e0 l'entr\u00e9e ou \u00e0 l'int\u00e9rieur de l'avion.","breadcrumb":{"@id":"https:\/\/flighttime.de\/fr\/service\/corporate-identity\/#breadcrumb"},"inLanguage":"fr-FR","potentialAction":[{"@type":"ReadAction","target":["https:\/\/flighttime.de\/fr\/service\/corporate-identity\/"]}]},{"@type":"ImageObject","inLanguage":"fr-FR","@id":"https:\/\/flighttime.de\/fr\/service\/corporate-identity\/#primaryimage","url":"https:\/\/flighttime.de\/wp-content\/uploads\/2024\/06\/Cabinbranding.Hrc_.Flight_Time.jpg","contentUrl":"https:\/\/flighttime.de\/wp-content\/uploads\/2024\/06\/Cabinbranding.Hrc_.Flight_Time.jpg","width":1754,"height":1240,"caption":"Cabinbranding.Hrc_.Flight_Time"},{"@type":"BreadcrumbList","@id":"https:\/\/flighttime.de\/fr\/service\/corporate-identity\/#breadcrumb","itemListElement":[{"@type":"ListItem","position":1,"name":"Startseite","item":"https:\/\/flighttime.de\/fr\/"},{"@type":"ListItem","position":2,"name":"Prestations","item":"https:\/\/flighttime.de\/fr\/service\/"},{"@type":"ListItem","position":3,"name":"Identit\u00e9 d&#8217;entreprise"}]},{"@type":"WebSite","@id":"https:\/\/flighttime.de\/fr\/#website","url":"https:\/\/flighttime.de\/fr\/","name":"FlightTime","description":"","publisher":{"@id":"https:\/\/flighttime.de\/fr\/#organization"},"potentialAction":[{"@type":"SearchAction","target":{"@type":"EntryPoint","urlTemplate":"https:\/\/flighttime.de\/fr\/?s={search_term_string}"},"query-input":{"@type":"PropertyValueSpecification","valueRequired":true,"valueName":"search_term_string"}}],"inLanguage":"fr-FR"},{"@type":"Organization","@id":"https:\/\/flighttime.de\/fr\/#organization","name":"FlightTime GmbH","url":"https:\/\/flighttime.de\/fr\/","logo":{"@type":"ImageObject","inLanguage":"fr-FR","@id":"https:\/\/flighttime.de\/fr\/#\/schema\/logo\/image\/","url":"https:\/\/flighttime.de\/wp-content\/uploads\/2024\/06\/placeholder_img.png","contentUrl":"https:\/\/flighttime.de\/wp-content\/uploads\/2024\/06\/placeholder_img.png","width":326,"height":203,"caption":"FlightTime GmbH"},"image":{"@id":"https:\/\/flighttime.de\/fr\/#\/schema\/logo\/image\/"},"sameAs":["https:\/\/www.facebook.com\/FlightTime.gmbh","https:\/\/www.linkedin.com\/company\/flighttime-gmbh\/"]}]}},"_links":{"self":[{"href":"https:\/\/flighttime.de\/fr\/wp-json\/wp\/v2\/pages\/6502","targetHints":{"allow":["GET"]}}],"collection":[{"href":"https:\/\/flighttime.de\/fr\/wp-json\/wp\/v2\/pages"}],"about":[{"href":"https:\/\/flighttime.de\/fr\/wp-json\/wp\/v2\/types\/page"}],"author":[{"embeddable":true,"href":"https:\/\/flighttime.de\/fr\/wp-json\/wp\/v2\/users\/1"}],"replies":[{"embeddable":true,"href":"https:\/\/flighttime.de\/fr\/wp-json\/wp\/v2\/comments?post=6502"}],"version-history":[{"count":0,"href":"https:\/\/flighttime.de\/fr\/wp-json\/wp\/v2\/pages\/6502\/revisions"}],"up":[{"embeddable":true,"href":"https:\/\/flighttime.de\/fr\/wp-json\/wp\/v2\/pages\/4591"}],"wp:featuredmedia":[{"embeddable":true,"href":"https:\/\/flighttime.de\/fr\/wp-json\/wp\/v2\/media\/2092"}],"wp:attachment":[{"href":"https:\/\/flighttime.de\/fr\/wp-json\/wp\/v2\/media?parent=6502"}],"curies":[{"name":"wp","href":"https:\/\/api.w.org\/{rel}","templated":true}]}}