{"id":8875,"date":"2025-02-18T13:29:00","date_gmt":"2025-02-18T12:29:00","guid":{"rendered":"https:\/\/flighttime.de\/?page_id=8875"},"modified":"2025-03-10T11:07:43","modified_gmt":"2025-03-10T10:07:43","slug":"book-and-fly","status":"publish","type":"page","link":"https:\/\/flighttime.de\/fr\/book-and-fly\/","title":{"rendered":"Book-and-Fly"},"content":{"rendered":"<p>Book-and-Fly est une plate-forme de r\u00e9servation innovante (API) pour votre site web.<br \/>\nElle permet aux organisateurs et aux compagnies a\u00e9riennes de cr\u00e9er directement leurs propres vols, de les publier sur leur propre site web et de les rendre disponibles \u00e0 la r\u00e9servation pour les clients. La solution est particuli\u00e8rement conviviale et offre une int\u00e9gration transparente qui permet aux partenaires de proposer des vols de mani\u00e8re efficace sans devoir d\u00e9velopper leur propre infrastructure de r\u00e9servation complexe.<\/p>\n<p>Principales fonctionnalit\u00e9s et avantages de Book and Fly :<br \/>\nInt\u00e9gration facile : les organisateurs et les compagnies a\u00e9riennes peuvent facilement int\u00e9grer la plateforme de r\u00e9servation dans leur site web existant. Le processus est simple et ne n\u00e9cessite pas de connaissances techniques particuli\u00e8res. De plus, moins de personnel est mobilis\u00e9.<br \/>\nDisponibilit\u00e9 en temps r\u00e9el : la plate-forme garantit que toutes les offres de vols propres sont disponibles et peuvent \u00eatre r\u00e9serv\u00e9es en temps r\u00e9el. Les clients peuvent ainsi r\u00e9server imm\u00e9diatement le vol qu&rsquo;ils recherchent, sans avoir \u00e0 attendre des confirmations ou \u00e0 intervenir manuellement.<br \/>\nAdaptation individuelle : la plate-forme peut \u00eatre adapt\u00e9e de mani\u00e8re flexible aux souhaits des organisateurs et des compagnies a\u00e9riennes en mati\u00e8re de branding et de design. Cela permet de garantir une identit\u00e9 de marque uniforme et une exp\u00e9rience client optimale.<br \/>\nDiverses m\u00e9thodes de paiement : Book and Fly propose un large choix de m\u00e9thodes de paiement afin de rendre le processus de r\u00e9servation aussi simple que possible pour les clients.<br \/>\nMises \u00e0 jour automatiques : les informations sur les vols, telles que les prix, les disponibilit\u00e9s et les promotions, sont automatiquement mises \u00e0 jour, ce qui permet aux partenaires d&rsquo;afficher des donn\u00e9es toujours actuelles et exactes, sans avoir \u00e0 se soucier des mises \u00e0 jour manuelles.<br \/>\nProcessus de r\u00e9servation optimis\u00e9s : La plate-forme offre des fonctions de recherche et de filtrage conviviales qui permettent aux clients de trouver plus facilement le vol qui leur convient. De plus, il existe un processus de r\u00e9servation rapide qui rend l&rsquo;ensemble du processus efficace et agr\u00e9able.<br \/>\nAnalyse des donn\u00e9es et rapports : les organisateurs et les compagnies a\u00e9riennes peuvent consulter des analyses et des rapports complets qui fournissent des informations pr\u00e9cieuses sur les tendances de r\u00e9servation et le comportement des clients. Cela permet de d\u00e9velopper des mesures de marketing et des strat\u00e9gies tarifaires cibl\u00e9es.<br \/>\n\u00c9volutivit\u00e9 : la plate-forme est \u00e9volutive et peut \u00eatre utilis\u00e9e aussi bien par les petits tour-op\u00e9rateurs que par les grandes compagnies a\u00e9riennes. Elle cro\u00eet avec les exigences des partenaires et peut \u00eatre \u00e9tendue \u00e0 volont\u00e9.<br \/>\nLa connexion \u00e0 des plateformes de distribution internationales telles que Skyscanner, booking.com, etc. est facultative.<\/p>\n<p>Book and Fly ne simplifie pas seulement la r\u00e9servation de vols, mais permet \u00e9galement aux partenaires de g\u00e9rer et de proposer leur propre offre de vols de mani\u00e8re efficace et professionnelle. C&rsquo;est une solution parfaite pour les entreprises qui souhaitent \u00e9tendre leur port\u00e9e et \u00e9largir leur client\u00e8le en rendant les vols directement disponibles via leur propre plateforme.<\/p>\n<p>D\u00e9monstration pour la pr\u00e9sentation en ligne : ici une compagnie a\u00e9rienne avec des jets semi-priv\u00e9s<\/p>\n<p>&nbsp;<\/p>\n","protected":false},"excerpt":{"rendered":"<p>Book-and-Fly est une plate-forme de r\u00e9servation innovante (API) pour votre site web. Elle permet aux organisateurs et aux compagnies a\u00e9riennes de cr\u00e9er directement leurs propres vols, de les publier sur leur propre site web et de les rendre disponibles \u00e0 la r\u00e9servation pour les clients. La solution est particuli\u00e8rement conviviale et offre une int\u00e9gration transparente [&hellip;]<\/p>\n","protected":false},"author":1,"featured_media":8551,"parent":0,"menu_order":0,"comment_status":"closed","ping_status":"closed","template":"","meta":{"_acf_changed":false,"footnotes":""},"class_list":["post-8875","page","type-page","status-publish","has-post-thumbnail","hentry"],"acf":[],"yoast_head":"<!-- This site is optimized with the Yoast SEO Premium plugin v27.3 (Yoast SEO v27.3) - https:\/\/yoast.com\/product\/yoast-seo-premium-wordpress\/ -->\n<title>Book-and-Fly -<\/title>\n<meta name=\"robots\" content=\"index, follow, max-snippet:-1, max-image-preview:large, max-video-preview:-1\" \/>\n<link rel=\"canonical\" href=\"https:\/\/flighttime.de\/fr\/book-and-fly\/\" \/>\n<meta property=\"og:locale\" content=\"fr_FR\" \/>\n<meta property=\"og:type\" content=\"article\" \/>\n<meta property=\"og:title\" content=\"Book-and-Fly\" \/>\n<meta property=\"og:description\" content=\"Book-and-Fly est une plate-forme de r\u00e9servation innovante (API) pour votre site web. Elle permet aux organisateurs et aux compagnies a\u00e9riennes de cr\u00e9er directement leurs propres vols, de les publier sur leur propre site web et de les rendre disponibles \u00e0 la r\u00e9servation pour les clients. La solution est particuli\u00e8rement conviviale et offre une int\u00e9gration transparente [&hellip;]\" \/>\n<meta property=\"og:url\" content=\"https:\/\/flighttime.de\/fr\/book-and-fly\/\" \/>\n<meta property=\"article:publisher\" content=\"https:\/\/www.facebook.com\/FlightTime.gmbh\" \/>\n<meta property=\"article:modified_time\" content=\"2025-03-10T10:07:43+00:00\" \/>\n<meta property=\"og:image\" content=\"https:\/\/flighttime.de\/wp-content\/uploads\/2024\/07\/Firmenshuttle.jpg\" \/>\n\t<meta property=\"og:image:width\" content=\"500\" \/>\n\t<meta property=\"og:image:height\" content=\"281\" \/>\n\t<meta property=\"og:image:type\" content=\"image\/jpeg\" \/>\n<meta name=\"twitter:card\" content=\"summary_large_image\" \/>\n<meta name=\"twitter:label1\" content=\"Dur\u00e9e de lecture estim\u00e9e\" \/>\n\t<meta name=\"twitter:data1\" content=\"3 minutes\" \/>\n<script type=\"application\/ld+json\" class=\"yoast-schema-graph\">{\"@context\":\"https:\\\/\\\/schema.org\",\"@graph\":[{\"@type\":\"WebPage\",\"@id\":\"https:\\\/\\\/flighttime.de\\\/fr\\\/book-and-fly\\\/\",\"url\":\"https:\\\/\\\/flighttime.de\\\/fr\\\/book-and-fly\\\/\",\"name\":\"Book-and-Fly -\",\"isPartOf\":{\"@id\":\"https:\\\/\\\/flighttime.de\\\/fr\\\/#website\"},\"primaryImageOfPage\":{\"@id\":\"https:\\\/\\\/flighttime.de\\\/fr\\\/book-and-fly\\\/#primaryimage\"},\"image\":{\"@id\":\"https:\\\/\\\/flighttime.de\\\/fr\\\/book-and-fly\\\/#primaryimage\"},\"thumbnailUrl\":\"https:\\\/\\\/flighttime.de\\\/wp-content\\\/uploads\\\/2024\\\/12\\\/erj135-9.jpg\",\"datePublished\":\"2025-02-18T12:29:00+00:00\",\"dateModified\":\"2025-03-10T10:07:43+00:00\",\"breadcrumb\":{\"@id\":\"https:\\\/\\\/flighttime.de\\\/fr\\\/book-and-fly\\\/#breadcrumb\"},\"inLanguage\":\"fr-FR\",\"potentialAction\":[{\"@type\":\"ReadAction\",\"target\":[\"https:\\\/\\\/flighttime.de\\\/fr\\\/book-and-fly\\\/\"]}]},{\"@type\":\"ImageObject\",\"inLanguage\":\"fr-FR\",\"@id\":\"https:\\\/\\\/flighttime.de\\\/fr\\\/book-and-fly\\\/#primaryimage\",\"url\":\"https:\\\/\\\/flighttime.de\\\/wp-content\\\/uploads\\\/2024\\\/12\\\/erj135-9.jpg\",\"contentUrl\":\"https:\\\/\\\/flighttime.de\\\/wp-content\\\/uploads\\\/2024\\\/12\\\/erj135-9.jpg\",\"width\":1600,\"height\":1200,\"caption\":\"Embraer ERJ135 Cabin mit\"},{\"@type\":\"BreadcrumbList\",\"@id\":\"https:\\\/\\\/flighttime.de\\\/fr\\\/book-and-fly\\\/#breadcrumb\",\"itemListElement\":[{\"@type\":\"ListItem\",\"position\":1,\"name\":\"Startseite\",\"item\":\"https:\\\/\\\/flighttime.de\\\/fr\\\/\"},{\"@type\":\"ListItem\",\"position\":2,\"name\":\"Book-and-Fly\"}]},{\"@type\":\"WebSite\",\"@id\":\"https:\\\/\\\/flighttime.de\\\/fr\\\/#website\",\"url\":\"https:\\\/\\\/flighttime.de\\\/fr\\\/\",\"name\":\"FlightTime\",\"description\":\"\",\"publisher\":{\"@id\":\"https:\\\/\\\/flighttime.de\\\/fr\\\/#organization\"},\"potentialAction\":[{\"@type\":\"SearchAction\",\"target\":{\"@type\":\"EntryPoint\",\"urlTemplate\":\"https:\\\/\\\/flighttime.de\\\/fr\\\/?s={search_term_string}\"},\"query-input\":{\"@type\":\"PropertyValueSpecification\",\"valueRequired\":true,\"valueName\":\"search_term_string\"}}],\"inLanguage\":\"fr-FR\"},{\"@type\":\"Organization\",\"@id\":\"https:\\\/\\\/flighttime.de\\\/fr\\\/#organization\",\"name\":\"FlightTime GmbH\",\"url\":\"https:\\\/\\\/flighttime.de\\\/fr\\\/\",\"logo\":{\"@type\":\"ImageObject\",\"inLanguage\":\"fr-FR\",\"@id\":\"https:\\\/\\\/flighttime.de\\\/fr\\\/#\\\/schema\\\/logo\\\/image\\\/\",\"url\":\"https:\\\/\\\/flighttime.de\\\/wp-content\\\/uploads\\\/2024\\\/06\\\/placeholder_img.png\",\"contentUrl\":\"https:\\\/\\\/flighttime.de\\\/wp-content\\\/uploads\\\/2024\\\/06\\\/placeholder_img.png\",\"width\":326,\"height\":203,\"caption\":\"FlightTime GmbH\"},\"image\":{\"@id\":\"https:\\\/\\\/flighttime.de\\\/fr\\\/#\\\/schema\\\/logo\\\/image\\\/\"},\"sameAs\":[\"https:\\\/\\\/www.facebook.com\\\/FlightTime.gmbh\",\"https:\\\/\\\/www.linkedin.com\\\/company\\\/flighttime-gmbh\\\/\"]}]}<\/script>\n<!-- \/ Yoast SEO Premium plugin. -->","yoast_head_json":{"title":"Book-and-Fly -","robots":{"index":"index","follow":"follow","max-snippet":"max-snippet:-1","max-image-preview":"max-image-preview:large","max-video-preview":"max-video-preview:-1"},"canonical":"https:\/\/flighttime.de\/fr\/book-and-fly\/","og_locale":"fr_FR","og_type":"article","og_title":"Book-and-Fly","og_description":"Book-and-Fly est une plate-forme de r\u00e9servation innovante (API) pour votre site web. Elle permet aux organisateurs et aux compagnies a\u00e9riennes de cr\u00e9er directement leurs propres vols, de les publier sur leur propre site web et de les rendre disponibles \u00e0 la r\u00e9servation pour les clients. La solution est particuli\u00e8rement conviviale et offre une int\u00e9gration transparente [&hellip;]","og_url":"https:\/\/flighttime.de\/fr\/book-and-fly\/","article_publisher":"https:\/\/www.facebook.com\/FlightTime.gmbh","article_modified_time":"2025-03-10T10:07:43+00:00","og_image":[{"width":500,"height":281,"url":"https:\/\/flighttime.de\/wp-content\/uploads\/2024\/07\/Firmenshuttle.jpg","type":"image\/jpeg"}],"twitter_card":"summary_large_image","twitter_misc":{"Dur\u00e9e de lecture estim\u00e9e":"3 minutes"},"schema":{"@context":"https:\/\/schema.org","@graph":[{"@type":"WebPage","@id":"https:\/\/flighttime.de\/fr\/book-and-fly\/","url":"https:\/\/flighttime.de\/fr\/book-and-fly\/","name":"Book-and-Fly -","isPartOf":{"@id":"https:\/\/flighttime.de\/fr\/#website"},"primaryImageOfPage":{"@id":"https:\/\/flighttime.de\/fr\/book-and-fly\/#primaryimage"},"image":{"@id":"https:\/\/flighttime.de\/fr\/book-and-fly\/#primaryimage"},"thumbnailUrl":"https:\/\/flighttime.de\/wp-content\/uploads\/2024\/12\/erj135-9.jpg","datePublished":"2025-02-18T12:29:00+00:00","dateModified":"2025-03-10T10:07:43+00:00","breadcrumb":{"@id":"https:\/\/flighttime.de\/fr\/book-and-fly\/#breadcrumb"},"inLanguage":"fr-FR","potentialAction":[{"@type":"ReadAction","target":["https:\/\/flighttime.de\/fr\/book-and-fly\/"]}]},{"@type":"ImageObject","inLanguage":"fr-FR","@id":"https:\/\/flighttime.de\/fr\/book-and-fly\/#primaryimage","url":"https:\/\/flighttime.de\/wp-content\/uploads\/2024\/12\/erj135-9.jpg","contentUrl":"https:\/\/flighttime.de\/wp-content\/uploads\/2024\/12\/erj135-9.jpg","width":1600,"height":1200,"caption":"Embraer ERJ135 Cabin mit"},{"@type":"BreadcrumbList","@id":"https:\/\/flighttime.de\/fr\/book-and-fly\/#breadcrumb","itemListElement":[{"@type":"ListItem","position":1,"name":"Startseite","item":"https:\/\/flighttime.de\/fr\/"},{"@type":"ListItem","position":2,"name":"Book-and-Fly"}]},{"@type":"WebSite","@id":"https:\/\/flighttime.de\/fr\/#website","url":"https:\/\/flighttime.de\/fr\/","name":"FlightTime","description":"","publisher":{"@id":"https:\/\/flighttime.de\/fr\/#organization"},"potentialAction":[{"@type":"SearchAction","target":{"@type":"EntryPoint","urlTemplate":"https:\/\/flighttime.de\/fr\/?s={search_term_string}"},"query-input":{"@type":"PropertyValueSpecification","valueRequired":true,"valueName":"search_term_string"}}],"inLanguage":"fr-FR"},{"@type":"Organization","@id":"https:\/\/flighttime.de\/fr\/#organization","name":"FlightTime GmbH","url":"https:\/\/flighttime.de\/fr\/","logo":{"@type":"ImageObject","inLanguage":"fr-FR","@id":"https:\/\/flighttime.de\/fr\/#\/schema\/logo\/image\/","url":"https:\/\/flighttime.de\/wp-content\/uploads\/2024\/06\/placeholder_img.png","contentUrl":"https:\/\/flighttime.de\/wp-content\/uploads\/2024\/06\/placeholder_img.png","width":326,"height":203,"caption":"FlightTime GmbH"},"image":{"@id":"https:\/\/flighttime.de\/fr\/#\/schema\/logo\/image\/"},"sameAs":["https:\/\/www.facebook.com\/FlightTime.gmbh","https:\/\/www.linkedin.com\/company\/flighttime-gmbh\/"]}]}},"_links":{"self":[{"href":"https:\/\/flighttime.de\/fr\/wp-json\/wp\/v2\/pages\/8875","targetHints":{"allow":["GET"]}}],"collection":[{"href":"https:\/\/flighttime.de\/fr\/wp-json\/wp\/v2\/pages"}],"about":[{"href":"https:\/\/flighttime.de\/fr\/wp-json\/wp\/v2\/types\/page"}],"author":[{"embeddable":true,"href":"https:\/\/flighttime.de\/fr\/wp-json\/wp\/v2\/users\/1"}],"replies":[{"embeddable":true,"href":"https:\/\/flighttime.de\/fr\/wp-json\/wp\/v2\/comments?post=8875"}],"version-history":[{"count":0,"href":"https:\/\/flighttime.de\/fr\/wp-json\/wp\/v2\/pages\/8875\/revisions"}],"wp:featuredmedia":[{"embeddable":true,"href":"https:\/\/flighttime.de\/fr\/wp-json\/wp\/v2\/media\/8551"}],"wp:attachment":[{"href":"https:\/\/flighttime.de\/fr\/wp-json\/wp\/v2\/media?parent=8875"}],"curies":[{"name":"wp","href":"https:\/\/api.w.org\/{rel}","templated":true}]}}