{"id":9065,"date":"2025-03-25T17:17:00","date_gmt":"2025-03-25T16:17:00","guid":{"rendered":"https:\/\/flighttime.de\/?page_id=9065"},"modified":"2025-04-07T15:29:06","modified_gmt":"2025-04-07T13:29:06","slug":"9065-2","status":"publish","type":"page","link":"https:\/\/flighttime.de\/fr\/unternehmen\/9065-2\/","title":{"rendered":"A propos de nous"},"content":{"rendered":"<p>Bienvenue chez FlightTime GmbH &#8211; depuis plus de 30 ans, votre partenaire de confiance pour les voyages en avion et les solutions de mobilit\u00e9 individuelles. Avec une passion pour l&rsquo;aviation et une focalisation claire sur la satisfaction du client, nous nous sommes donn\u00e9 pour mission de vous offrir une exp\u00e9rience de voyage inoubliable.<\/p>\n<p>Notre mission<\/p>\n<p>Chez FlightTime GmbH, nous pensons que voyager est plus qu&rsquo;une simple destination &#8211; c&rsquo;est une exp\u00e9rience. Notre mission est de vous offrir le meilleur service possible afin que vous puissiez profiter pleinement de votre voyage. Nous misons sur la transparence, la fiabilit\u00e9 et les normes de s\u00e9curit\u00e9 les plus \u00e9lev\u00e9es pour nous assurer que vous vous sentiez en de bonnes mains avec nous.<\/p>\n<p>Nos services<\/p>\n<p>Nous proposons une large gamme de services a\u00e9riens adapt\u00e9s aux besoins de nos clients. Que vous voyagiez pour affaires ou pour le plaisir, nous vous aidons \u00e0 trouver les meilleures liaisons a\u00e9riennes et \u00e0 planifier votre voyage de mani\u00e8re optimale. Notre \u00e9quipe d\u00e9di\u00e9e est toujours \u00e0 votre disposition pour vous aider \u00e0 r\u00e9server, modifier ou annuler vos vols.<\/p>\n<p>Nos partenaires<\/p>\n<p>FlightTime GmbH collabore avec un grand nombre de compagnies a\u00e9riennes renomm\u00e9es afin de vous proposer les meilleures options et les meilleurs prix. Gr\u00e2ce \u00e0 nos solides partenariats, nous pouvons vous proposer un large choix de destinations et d&rsquo;horaires de vol qui r\u00e9pondent \u00e0 vos besoins individuels.<\/p>\n<p>Satisfaction des clients<\/p>\n<p>La satisfaction de nos clients est notre priorit\u00e9 absolue. Nous sommes \u00e0 l&rsquo;\u00e9coute de vos commentaires et travaillons continuellement \u00e0 l&rsquo;am\u00e9lioration de nos services. Notre objectif n&rsquo;est pas seulement de r\u00e9pondre \u00e0 vos attentes, mais de les d\u00e9passer.<\/p>\n<p>Contactez-nous<\/p>\n<p>Nous nous r\u00e9jouissons de vous accompagner lors de votre prochain voyage ! N&rsquo;h\u00e9sitez pas \u00e0 nous contacter pour toute question ou demande de r\u00e9servation. Planifions ensemble votre prochain voyage en avion &#8211; avec FlightTime GmbH, chaque voyage devient une exp\u00e9rience particuli\u00e8re.<\/p>\n<p>&nbsp;<\/p>\n","protected":false},"excerpt":{"rendered":"<p>Bienvenue chez FlightTime GmbH &#8211; depuis plus de 30 ans, votre partenaire de confiance pour les voyages en avion et les solutions de mobilit\u00e9 individuelles. Avec une passion pour l&rsquo;aviation et une focalisation claire sur la satisfaction du client, nous nous sommes donn\u00e9 pour mission de vous offrir une exp\u00e9rience de voyage inoubliable. Notre mission [&hellip;]<\/p>\n","protected":false},"author":1,"featured_media":11249,"parent":2140,"menu_order":1,"comment_status":"closed","ping_status":"closed","template":"","meta":{"_acf_changed":false,"footnotes":""},"class_list":["post-9065","page","type-page","status-publish","has-post-thumbnail","hentry"],"acf":[],"yoast_head":"<!-- This site is optimized with the Yoast SEO Premium plugin v27.4 (Yoast SEO v27.4) - https:\/\/yoast.com\/product\/yoast-seo-premium-wordpress\/ -->\n<title>A propos de nous -<\/title>\n<meta name=\"robots\" content=\"index, follow, max-snippet:-1, max-image-preview:large, max-video-preview:-1\" \/>\n<link rel=\"canonical\" href=\"https:\/\/flighttime.de\/fr\/unternehmen\/9065-2\/\" \/>\n<meta property=\"og:locale\" content=\"fr_FR\" \/>\n<meta property=\"og:type\" content=\"article\" \/>\n<meta property=\"og:title\" content=\"A propos de nous\" \/>\n<meta property=\"og:description\" content=\"Bienvenue chez FlightTime GmbH &#8211; depuis plus de 30 ans, votre partenaire de confiance pour les voyages en avion et les solutions de mobilit\u00e9 individuelles. Avec une passion pour l&rsquo;aviation et une focalisation claire sur la satisfaction du client, nous nous sommes donn\u00e9 pour mission de vous offrir une exp\u00e9rience de voyage inoubliable. Notre mission [&hellip;]\" \/>\n<meta property=\"og:url\" content=\"https:\/\/flighttime.de\/fr\/unternehmen\/9065-2\/\" \/>\n<meta property=\"article:publisher\" content=\"https:\/\/www.facebook.com\/FlightTime.gmbh\" \/>\n<meta property=\"article:modified_time\" content=\"2025-04-07T13:29:06+00:00\" \/>\n<meta property=\"og:image\" content=\"https:\/\/flighttime.de\/wp-content\/uploads\/2024\/06\/flieger_start_fuer_banner-1-scaled.jpg\" \/>\n\t<meta property=\"og:image:width\" content=\"2560\" \/>\n\t<meta property=\"og:image:height\" content=\"1391\" \/>\n\t<meta property=\"og:image:type\" content=\"image\/jpeg\" \/>\n<meta name=\"twitter:card\" content=\"summary_large_image\" \/>\n<meta name=\"twitter:label1\" content=\"Dur\u00e9e de lecture estim\u00e9e\" \/>\n\t<meta name=\"twitter:data1\" content=\"2 minutes\" \/>\n<script type=\"application\/ld+json\" class=\"yoast-schema-graph\">{\"@context\":\"https:\\\/\\\/schema.org\",\"@graph\":[{\"@type\":\"WebPage\",\"@id\":\"https:\\\/\\\/flighttime.de\\\/fr\\\/unternehmen\\\/9065-2\\\/\",\"url\":\"https:\\\/\\\/flighttime.de\\\/fr\\\/unternehmen\\\/9065-2\\\/\",\"name\":\"A propos de nous -\",\"isPartOf\":{\"@id\":\"https:\\\/\\\/flighttime.de\\\/fr\\\/#website\"},\"primaryImageOfPage\":{\"@id\":\"https:\\\/\\\/flighttime.de\\\/fr\\\/unternehmen\\\/9065-2\\\/#primaryimage\"},\"image\":{\"@id\":\"https:\\\/\\\/flighttime.de\\\/fr\\\/unternehmen\\\/9065-2\\\/#primaryimage\"},\"thumbnailUrl\":\"https:\\\/\\\/flighttime.de\\\/wp-content\\\/uploads\\\/2026\\\/04\\\/FlightTime-Office.jpg\",\"datePublished\":\"2025-03-25T16:17:00+00:00\",\"dateModified\":\"2025-04-07T13:29:06+00:00\",\"breadcrumb\":{\"@id\":\"https:\\\/\\\/flighttime.de\\\/fr\\\/unternehmen\\\/9065-2\\\/#breadcrumb\"},\"inLanguage\":\"fr-FR\",\"potentialAction\":[{\"@type\":\"ReadAction\",\"target\":[\"https:\\\/\\\/flighttime.de\\\/fr\\\/unternehmen\\\/9065-2\\\/\"]}]},{\"@type\":\"ImageObject\",\"inLanguage\":\"fr-FR\",\"@id\":\"https:\\\/\\\/flighttime.de\\\/fr\\\/unternehmen\\\/9065-2\\\/#primaryimage\",\"url\":\"https:\\\/\\\/flighttime.de\\\/wp-content\\\/uploads\\\/2026\\\/04\\\/FlightTime-Office.jpg\",\"contentUrl\":\"https:\\\/\\\/flighttime.de\\\/wp-content\\\/uploads\\\/2026\\\/04\\\/FlightTime-Office.jpg\",\"width\":1854,\"height\":528},{\"@type\":\"BreadcrumbList\",\"@id\":\"https:\\\/\\\/flighttime.de\\\/fr\\\/unternehmen\\\/9065-2\\\/#breadcrumb\",\"itemListElement\":[{\"@type\":\"ListItem\",\"position\":1,\"name\":\"Startseite\",\"item\":\"https:\\\/\\\/flighttime.de\\\/fr\\\/\"},{\"@type\":\"ListItem\",\"position\":2,\"name\":\"Entreprise\",\"item\":\"https:\\\/\\\/flighttime.de\\\/fr\\\/unternehmen\\\/\"},{\"@type\":\"ListItem\",\"position\":3,\"name\":\"A propos de nous\"}]},{\"@type\":\"WebSite\",\"@id\":\"https:\\\/\\\/flighttime.de\\\/fr\\\/#website\",\"url\":\"https:\\\/\\\/flighttime.de\\\/fr\\\/\",\"name\":\"FlightTime\",\"description\":\"\",\"publisher\":{\"@id\":\"https:\\\/\\\/flighttime.de\\\/fr\\\/#organization\"},\"potentialAction\":[{\"@type\":\"SearchAction\",\"target\":{\"@type\":\"EntryPoint\",\"urlTemplate\":\"https:\\\/\\\/flighttime.de\\\/fr\\\/?s={search_term_string}\"},\"query-input\":{\"@type\":\"PropertyValueSpecification\",\"valueRequired\":true,\"valueName\":\"search_term_string\"}}],\"inLanguage\":\"fr-FR\"},{\"@type\":\"Organization\",\"@id\":\"https:\\\/\\\/flighttime.de\\\/fr\\\/#organization\",\"name\":\"FlightTime GmbH\",\"url\":\"https:\\\/\\\/flighttime.de\\\/fr\\\/\",\"logo\":{\"@type\":\"ImageObject\",\"inLanguage\":\"fr-FR\",\"@id\":\"https:\\\/\\\/flighttime.de\\\/fr\\\/#\\\/schema\\\/logo\\\/image\\\/\",\"url\":\"https:\\\/\\\/flighttime.de\\\/wp-content\\\/uploads\\\/2024\\\/06\\\/placeholder_img.png\",\"contentUrl\":\"https:\\\/\\\/flighttime.de\\\/wp-content\\\/uploads\\\/2024\\\/06\\\/placeholder_img.png\",\"width\":326,\"height\":203,\"caption\":\"FlightTime GmbH\"},\"image\":{\"@id\":\"https:\\\/\\\/flighttime.de\\\/fr\\\/#\\\/schema\\\/logo\\\/image\\\/\"},\"sameAs\":[\"https:\\\/\\\/www.facebook.com\\\/FlightTime.gmbh\",\"https:\\\/\\\/www.linkedin.com\\\/company\\\/flighttime-gmbh\\\/\"]}]}<\/script>\n<!-- \/ Yoast SEO Premium plugin. -->","yoast_head_json":{"title":"A propos de nous -","robots":{"index":"index","follow":"follow","max-snippet":"max-snippet:-1","max-image-preview":"max-image-preview:large","max-video-preview":"max-video-preview:-1"},"canonical":"https:\/\/flighttime.de\/fr\/unternehmen\/9065-2\/","og_locale":"fr_FR","og_type":"article","og_title":"A propos de nous","og_description":"Bienvenue chez FlightTime GmbH &#8211; depuis plus de 30 ans, votre partenaire de confiance pour les voyages en avion et les solutions de mobilit\u00e9 individuelles. Avec une passion pour l&rsquo;aviation et une focalisation claire sur la satisfaction du client, nous nous sommes donn\u00e9 pour mission de vous offrir une exp\u00e9rience de voyage inoubliable. Notre mission [&hellip;]","og_url":"https:\/\/flighttime.de\/fr\/unternehmen\/9065-2\/","article_publisher":"https:\/\/www.facebook.com\/FlightTime.gmbh","article_modified_time":"2025-04-07T13:29:06+00:00","og_image":[{"width":2560,"height":1391,"url":"https:\/\/flighttime.de\/wp-content\/uploads\/2024\/06\/flieger_start_fuer_banner-1-scaled.jpg","type":"image\/jpeg"}],"twitter_card":"summary_large_image","twitter_misc":{"Dur\u00e9e de lecture estim\u00e9e":"2 minutes"},"schema":{"@context":"https:\/\/schema.org","@graph":[{"@type":"WebPage","@id":"https:\/\/flighttime.de\/fr\/unternehmen\/9065-2\/","url":"https:\/\/flighttime.de\/fr\/unternehmen\/9065-2\/","name":"A propos de nous -","isPartOf":{"@id":"https:\/\/flighttime.de\/fr\/#website"},"primaryImageOfPage":{"@id":"https:\/\/flighttime.de\/fr\/unternehmen\/9065-2\/#primaryimage"},"image":{"@id":"https:\/\/flighttime.de\/fr\/unternehmen\/9065-2\/#primaryimage"},"thumbnailUrl":"https:\/\/flighttime.de\/wp-content\/uploads\/2026\/04\/FlightTime-Office.jpg","datePublished":"2025-03-25T16:17:00+00:00","dateModified":"2025-04-07T13:29:06+00:00","breadcrumb":{"@id":"https:\/\/flighttime.de\/fr\/unternehmen\/9065-2\/#breadcrumb"},"inLanguage":"fr-FR","potentialAction":[{"@type":"ReadAction","target":["https:\/\/flighttime.de\/fr\/unternehmen\/9065-2\/"]}]},{"@type":"ImageObject","inLanguage":"fr-FR","@id":"https:\/\/flighttime.de\/fr\/unternehmen\/9065-2\/#primaryimage","url":"https:\/\/flighttime.de\/wp-content\/uploads\/2026\/04\/FlightTime-Office.jpg","contentUrl":"https:\/\/flighttime.de\/wp-content\/uploads\/2026\/04\/FlightTime-Office.jpg","width":1854,"height":528},{"@type":"BreadcrumbList","@id":"https:\/\/flighttime.de\/fr\/unternehmen\/9065-2\/#breadcrumb","itemListElement":[{"@type":"ListItem","position":1,"name":"Startseite","item":"https:\/\/flighttime.de\/fr\/"},{"@type":"ListItem","position":2,"name":"Entreprise","item":"https:\/\/flighttime.de\/fr\/unternehmen\/"},{"@type":"ListItem","position":3,"name":"A propos de nous"}]},{"@type":"WebSite","@id":"https:\/\/flighttime.de\/fr\/#website","url":"https:\/\/flighttime.de\/fr\/","name":"FlightTime","description":"","publisher":{"@id":"https:\/\/flighttime.de\/fr\/#organization"},"potentialAction":[{"@type":"SearchAction","target":{"@type":"EntryPoint","urlTemplate":"https:\/\/flighttime.de\/fr\/?s={search_term_string}"},"query-input":{"@type":"PropertyValueSpecification","valueRequired":true,"valueName":"search_term_string"}}],"inLanguage":"fr-FR"},{"@type":"Organization","@id":"https:\/\/flighttime.de\/fr\/#organization","name":"FlightTime GmbH","url":"https:\/\/flighttime.de\/fr\/","logo":{"@type":"ImageObject","inLanguage":"fr-FR","@id":"https:\/\/flighttime.de\/fr\/#\/schema\/logo\/image\/","url":"https:\/\/flighttime.de\/wp-content\/uploads\/2024\/06\/placeholder_img.png","contentUrl":"https:\/\/flighttime.de\/wp-content\/uploads\/2024\/06\/placeholder_img.png","width":326,"height":203,"caption":"FlightTime GmbH"},"image":{"@id":"https:\/\/flighttime.de\/fr\/#\/schema\/logo\/image\/"},"sameAs":["https:\/\/www.facebook.com\/FlightTime.gmbh","https:\/\/www.linkedin.com\/company\/flighttime-gmbh\/"]}]}},"_links":{"self":[{"href":"https:\/\/flighttime.de\/fr\/wp-json\/wp\/v2\/pages\/9065","targetHints":{"allow":["GET"]}}],"collection":[{"href":"https:\/\/flighttime.de\/fr\/wp-json\/wp\/v2\/pages"}],"about":[{"href":"https:\/\/flighttime.de\/fr\/wp-json\/wp\/v2\/types\/page"}],"author":[{"embeddable":true,"href":"https:\/\/flighttime.de\/fr\/wp-json\/wp\/v2\/users\/1"}],"replies":[{"embeddable":true,"href":"https:\/\/flighttime.de\/fr\/wp-json\/wp\/v2\/comments?post=9065"}],"version-history":[{"count":0,"href":"https:\/\/flighttime.de\/fr\/wp-json\/wp\/v2\/pages\/9065\/revisions"}],"up":[{"embeddable":true,"href":"https:\/\/flighttime.de\/fr\/wp-json\/wp\/v2\/pages\/2140"}],"wp:featuredmedia":[{"embeddable":true,"href":"https:\/\/flighttime.de\/fr\/wp-json\/wp\/v2\/media\/11249"}],"wp:attachment":[{"href":"https:\/\/flighttime.de\/fr\/wp-json\/wp\/v2\/media?parent=9065"}],"curies":[{"name":"wp","href":"https:\/\/api.w.org\/{rel}","templated":true}]}}