{"id":10096,"date":"2025-11-04T12:18:47","date_gmt":"2025-11-04T11:18:47","guid":{"rendered":"https:\/\/flighttime.de\/?page_id=10096"},"modified":"2025-11-04T12:18:47","modified_gmt":"2025-11-04T11:18:47","slug":"privejet-huren-in-amsterdam","status":"publish","type":"page","link":"https:\/\/flighttime.de\/nl\/privejet-huren-in-amsterdam\/","title":{"rendered":"Priv\u00e9jet huren in Amsterdam"},"content":{"rendered":"<h1 data-start=\"396\" data-end=\"477\">\ud83d\udee9\ufe0f <strong data-start=\"402\" data-end=\"477\">Priv\u00e9jet huren in Amsterdam met FlightTime \u2013 Exclusief, snel en op maat<\/strong><\/h1>\n<p data-start=\"479\" data-end=\"741\">Welkom bij <strong data-start=\"490\" data-end=\"504\">FlightTime<\/strong>, uw betrouwbare partner voor het <strong data-start=\"538\" data-end=\"565\">charteren van priv\u00e9jets<\/strong> vanuit <strong data-start=\"573\" data-end=\"586\">Amsterdam<\/strong>.<br data-start=\"587\" data-end=\"590\" \/>Of u nu reist voor zaken, ontspanning of een VIP-evenement \u2013 met FlightTime vliegt u <strong data-start=\"675\" data-end=\"708\">flexibel, discreet en luxueus<\/strong> naar elke bestemming wereldwijd.<\/p>\n<blockquote data-start=\"743\" data-end=\"848\">\n<p data-start=\"745\" data-end=\"848\">\u2708\ufe0f <em data-start=\"748\" data-end=\"795\">Priv\u00e9jet chartern in Amsterdam met FlightTime<\/em> \u2013 uw persoonlijke toegang tot exclusieve luchtvaart.<\/p>\n<\/blockquote>\n<hr data-start=\"850\" data-end=\"853\" \/>\n<h2 data-start=\"855\" data-end=\"906\">\ud83c\udf0d <strong data-start=\"861\" data-end=\"906\">Waarom een priv\u00e9jet huren met FlightTime?<\/strong><\/h2>\n<p data-start=\"908\" data-end=\"1068\">Met meer dan <strong data-start=\"921\" data-end=\"941\">25 jaar ervaring<\/strong> in de business aviation biedt FlightTime <strong data-start=\"983\" data-end=\"1003\">maatwerkvluchten<\/strong> aan die aansluiten op uw planning, comfort en privacybehoefte.<\/p>\n<h3 data-start=\"1070\" data-end=\"1089\">\u2728 Uw voordelen:<\/h3>\n<ul data-start=\"1090\" data-end=\"1429\">\n<li data-start=\"1090\" data-end=\"1150\">\n<p data-start=\"1092\" data-end=\"1150\">\ud83d\ude80 <strong data-start=\"1095\" data-end=\"1116\">Snel beschikbaar:<\/strong> binnen 2 uur klaar voor vertrek<\/p>\n<\/li>\n<li data-start=\"1151\" data-end=\"1225\">\n<p data-start=\"1153\" data-end=\"1225\">\ud83c\udf10 <strong data-start=\"1156\" data-end=\"1179\">Wereldwijd netwerk:<\/strong> toegang tot meer dan <strong data-start=\"1201\" data-end=\"1223\">10.000 vliegtuigen<\/strong><\/p>\n<\/li>\n<li data-start=\"1226\" data-end=\"1294\">\n<p data-start=\"1228\" data-end=\"1294\">\ud83d\udc68\u200d\u2708\ufe0f <strong data-start=\"1234\" data-end=\"1257\">Professionele crew:<\/strong> ervaren piloten en cabinepersoneel<\/p>\n<\/li>\n<li data-start=\"1295\" data-end=\"1361\">\n<p data-start=\"1297\" data-end=\"1361\">\ud83d\udc8e <strong data-start=\"1300\" data-end=\"1319\">Luxe aan boord:<\/strong> catering, priv\u00e9chauffeur en VIP-lounges<\/p>\n<\/li>\n<li data-start=\"1362\" data-end=\"1429\">\n<p data-start=\"1364\" data-end=\"1429\">\ud83d\udd12 <strong data-start=\"1367\" data-end=\"1391\">Volledige discretie:<\/strong> vertrouwelijke service, AVG-conform<\/p>\n<\/li>\n<\/ul>\n<blockquote data-start=\"1431\" data-end=\"1516\">\n<p data-start=\"1433\" data-end=\"1516\">Met FlightTime vliegt u volgens uw eigen schema \u2013 effici\u00ebnt, comfortabel en veilig.<\/p>\n<\/blockquote>\n<hr data-start=\"1518\" data-end=\"1521\" \/>\n<h2 data-start=\"1523\" data-end=\"1596\">\ud83d\uddfa\ufe0f <strong data-start=\"1530\" data-end=\"1596\">Populaire routes vanaf Amsterdam\u00a0<\/strong><\/h2>\n<div class=\"_tableContainer_1rjym_1\">\n<div class=\"group _tableWrapper_1rjym_13 flex w-fit flex-col-reverse\" tabindex=\"-1\">\n<table class=\"w-fit min-w-(--thread-content-width)\" data-start=\"1598\" data-end=\"1989\">\n<thead data-start=\"1598\" data-end=\"1646\">\n<tr data-start=\"1598\" data-end=\"1646\">\n<th data-start=\"1598\" data-end=\"1608\" data-col-size=\"sm\">Vertrek<\/th>\n<th data-start=\"1608\" data-end=\"1621\" data-col-size=\"sm\">Bestemming<\/th>\n<th data-start=\"1621\" data-end=\"1634\" data-col-size=\"sm\">Vluchtduur<\/th>\n<th data-start=\"1634\" data-end=\"1646\" data-col-size=\"sm\">Type jet<\/th>\n<\/tr>\n<\/thead>\n<tbody data-start=\"1700\" data-end=\"1989\">\n<tr data-start=\"1700\" data-end=\"1756\">\n<td data-start=\"1700\" data-end=\"1718\" data-col-size=\"sm\">Amsterdam (AMS)<\/td>\n<td data-col-size=\"sm\" data-start=\"1718\" data-end=\"1731\">Nice (NCE)<\/td>\n<td data-col-size=\"sm\" data-start=\"1731\" data-end=\"1740\">1u 45m<\/td>\n<td data-col-size=\"sm\" data-start=\"1740\" data-end=\"1756\">Citation CJ2<\/td>\n<\/tr>\n<tr data-start=\"1757\" data-end=\"1812\">\n<td data-start=\"1757\" data-end=\"1775\" data-col-size=\"sm\">Amsterdam (AMS)<\/td>\n<td data-col-size=\"sm\" data-start=\"1775\" data-end=\"1789\">Ibiza (IBZ)<\/td>\n<td data-col-size=\"sm\" data-start=\"1789\" data-end=\"1798\">2u 30m<\/td>\n<td data-col-size=\"sm\" data-start=\"1798\" data-end=\"1812\">Learjet 45<\/td>\n<\/tr>\n<tr data-start=\"1813\" data-end=\"1869\">\n<td data-start=\"1813\" data-end=\"1831\" data-col-size=\"sm\">Amsterdam (AMS)<\/td>\n<td data-col-size=\"sm\" data-start=\"1831\" data-end=\"1846\">Londen (LTN)<\/td>\n<td data-col-size=\"sm\" data-start=\"1846\" data-end=\"1855\">1u 00m<\/td>\n<td data-col-size=\"sm\" data-start=\"1855\" data-end=\"1869\">Phenom 300<\/td>\n<\/tr>\n<tr data-start=\"1870\" data-end=\"1928\">\n<td data-start=\"1870\" data-end=\"1888\" data-col-size=\"sm\">Amsterdam (AMS)<\/td>\n<td data-col-size=\"sm\" data-start=\"1888\" data-end=\"1903\">Z\u00fcrich (ZRH)<\/td>\n<td data-col-size=\"sm\" data-start=\"1903\" data-end=\"1912\">1u 20m<\/td>\n<td data-col-size=\"sm\" data-start=\"1912\" data-end=\"1928\">Hawker 800XP<\/td>\n<\/tr>\n<tr data-start=\"1929\" data-end=\"1989\">\n<td data-start=\"1929\" data-end=\"1947\" data-col-size=\"sm\">Amsterdam (AMS)<\/td>\n<td data-col-size=\"sm\" data-start=\"1947\" data-end=\"1961\">Dubai (DXB)<\/td>\n<td data-col-size=\"sm\" data-start=\"1961\" data-end=\"1970\">6u 15m<\/td>\n<td data-col-size=\"sm\" data-start=\"1970\" data-end=\"1989\">Gulfstream G550<\/td>\n<\/tr>\n<\/tbody>\n<\/table>\n<\/div>\n<\/div>\n<p data-start=\"1991\" data-end=\"2136\">\u27a1\ufe0f <strong data-start=\"1994\" data-end=\"2044\">Priv\u00e9jet huren vanuit Amsterdam Schiphol (AMS)<\/strong> \u2013 FlightTime biedt directe toegang tot luchthavens in heel <strong data-start=\"2104\" data-end=\"2135\">Nederland, Belgi\u00eb en Europa<\/strong>.<\/p>\n<hr data-start=\"2138\" data-end=\"2141\" \/>\n<h2 data-start=\"2143\" data-end=\"2201\">\ud83e\udd16 <strong data-start=\"2149\" data-end=\"2201\">Slimme vluchtplanning\u00a0<\/strong><\/h2>\n<blockquote data-start=\"2456\" data-end=\"2641\">\n<p data-start=\"2458\" data-end=\"2641\">\n<\/blockquote>\n<hr data-start=\"2643\" data-end=\"2646\" \/>\n<h2 data-start=\"2648\" data-end=\"2693\">\ud83d\udcb0 <strong data-start=\"2654\" data-end=\"2693\">Prijsvoorbeelden voor priv\u00e9vluchten<\/strong><\/h2>\n<div class=\"_tableContainer_1rjym_1\">\n<div class=\"group _tableWrapper_1rjym_13 flex w-fit flex-col-reverse\" tabindex=\"-1\">\n<table class=\"w-fit min-w-(--thread-content-width)\" data-start=\"2695\" data-end=\"2952\">\n<thead data-start=\"2695\" data-end=\"2742\">\n<tr data-start=\"2695\" data-end=\"2742\">\n<th data-start=\"2695\" data-end=\"2703\" data-col-size=\"sm\">Route<\/th>\n<th data-start=\"2703\" data-end=\"2714\" data-col-size=\"sm\">Jet-type<\/th>\n<th data-start=\"2714\" data-end=\"2727\" data-col-size=\"sm\">Vluchtduur<\/th>\n<th data-start=\"2727\" data-end=\"2742\" data-col-size=\"sm\">Vanafprijs*<\/th>\n<\/tr>\n<\/thead>\n<tbody data-start=\"2795\" data-end=\"2952\">\n<tr data-start=\"2795\" data-end=\"2845\">\n<td data-start=\"2795\" data-end=\"2814\" data-col-size=\"sm\">Amsterdam \u2013 Nice<\/td>\n<td data-col-size=\"sm\" data-start=\"2814\" data-end=\"2826\">Light Jet<\/td>\n<td data-col-size=\"sm\" data-start=\"2826\" data-end=\"2835\">1u 45m<\/td>\n<td data-col-size=\"sm\" data-start=\"2835\" data-end=\"2845\">\u20ac6.000<\/td>\n<\/tr>\n<tr data-start=\"2846\" data-end=\"2899\">\n<td data-start=\"2846\" data-end=\"2866\" data-col-size=\"sm\">Amsterdam \u2013 Ibiza<\/td>\n<td data-col-size=\"sm\" data-start=\"2866\" data-end=\"2880\">Midsize Jet<\/td>\n<td data-col-size=\"sm\" data-start=\"2880\" data-end=\"2889\">2u 30m<\/td>\n<td data-col-size=\"sm\" data-start=\"2889\" data-end=\"2899\">\u20ac9.500<\/td>\n<\/tr>\n<tr data-start=\"2900\" data-end=\"2952\">\n<td data-start=\"2900\" data-end=\"2920\" data-col-size=\"sm\">Amsterdam \u2013 Dubai<\/td>\n<td data-col-size=\"sm\" data-start=\"2920\" data-end=\"2932\">Heavy Jet<\/td>\n<td data-col-size=\"sm\" data-start=\"2932\" data-end=\"2941\">6u 15m<\/td>\n<td data-col-size=\"sm\" data-start=\"2941\" data-end=\"2952\">\u20ac39.000<\/td>\n<\/tr>\n<\/tbody>\n<\/table>\n<\/div>\n<\/div>\n<p data-start=\"2954\" data-end=\"3008\">*Prijsindicaties inclusief handling en belastingen.<\/p>\n<p data-start=\"3010\" data-end=\"3101\">\ud83d\udca1 <strong data-start=\"3013\" data-end=\"3033\">Empty Leg Deals:<\/strong> Bespaar tot 60<strong data-start=\"3046\" data-end=\"3053\">%<\/strong> met retourvluchten van reeds geplande charters.<\/p>\n<hr data-start=\"3103\" data-end=\"3106\" \/>\n<h2 data-start=\"3108\" data-end=\"3150\">\u2708\ufe0f <strong data-start=\"3114\" data-end=\"3150\">Onze vloot \u2013 luxe voor elke reis<\/strong><\/h2>\n<p data-start=\"3152\" data-end=\"3238\"><strong data-start=\"3152\" data-end=\"3166\">Light Jets<\/strong> \u2013 ideaal voor korte vluchten<br data-start=\"3195\" data-end=\"3198\" \/>\u2192 Citation CJ2, Phenom 300, Learjet 45<\/p>\n<p data-start=\"3240\" data-end=\"3325\"><strong data-start=\"3240\" data-end=\"3256\">Midsize Jets<\/strong> \u2013 meer ruimte en bereik<br data-start=\"3280\" data-end=\"3283\" \/>\u2192 Hawker 800XP, Citation XLS, Legacy 500<\/p>\n<p data-start=\"3327\" data-end=\"3439\"><strong data-start=\"3327\" data-end=\"3341\">Heavy Jets<\/strong> \u2013 ultiem comfort voor lange afstanden<br data-start=\"3379\" data-end=\"3382\" \/>\u2192 Bombardier Global 6000, Gulfstream G550, Falcon 900LX<\/p>\n<p data-start=\"3441\" data-end=\"3541\">\u27a1\ufe0f Meer dan <strong data-start=\"3453\" data-end=\"3502\">10.000 gecertificeerde vliegtuigen wereldwijd<\/strong> \u2013 altijd een jet die bij uw reis past.<\/p>\n<hr data-start=\"3543\" data-end=\"3546\" \/>\n<h2 data-start=\"3548\" data-end=\"3590\">\u2b50 <strong data-start=\"3553\" data-end=\"3590\">Referenties en klantbeoordelingen<\/strong><\/h2>\n<h3 data-start=\"3592\" data-end=\"3633\">\ud83d\udde3\ufe0f Tevreden klanten over FlightTime:<\/h3>\n<blockquote data-start=\"3634\" data-end=\"3802\">\n<p data-start=\"3636\" data-end=\"3802\">\ud83c\udfe2 <strong data-start=\"3639\" data-end=\"3684\">Directeur, Amsterdam (financi\u00eble sector):<\/strong><br data-start=\"3684\" data-end=\"3687\" \/>\u201cMet FlightTime kunnen wij last-minute zakenreizen realiseren zonder stress \u2013 altijd punctueel en professioneel.\u201d<\/p>\n<\/blockquote>\n<blockquote data-start=\"3804\" data-end=\"3940\">\n<p data-start=\"3806\" data-end=\"3940\">\ud83d\udcbc <strong data-start=\"3809\" data-end=\"3835\">Priv\u00e9klant, Rotterdam:<\/strong><br data-start=\"3835\" data-end=\"3838\" \/>\u201cBinnen 20 minuten had ik drie jet-opties met prijzen. Perfecte service en duidelijke communicatie.\u201d<\/p>\n<\/blockquote>\n<blockquote data-start=\"3942\" data-end=\"4078\">\n<p data-start=\"3944\" data-end=\"4078\">\ud83c\udfd6\ufe0f <strong data-start=\"3948\" data-end=\"3978\">Vakantiegangers, Den Haag:<\/strong><br data-start=\"3978\" data-end=\"3981\" \/>\u201cVan chauffeur tot catering \u2013 alles was tot in de puntjes geregeld. FlightTime is pure klasse.\u201d<\/p>\n<\/blockquote>\n<p data-start=\"4080\" data-end=\"4209\">FlightTime bedient meer dan <strong data-start=\"4108\" data-end=\"4131\">1.000 vaste klanten<\/strong> in <strong data-start=\"4135\" data-end=\"4169\">Nederland, Belgi\u00eb en Duitsland<\/strong>, met een klanttevredenheid van <strong data-start=\"4201\" data-end=\"4208\">99%<\/strong>.<\/p>\n<hr data-start=\"4211\" data-end=\"4214\" \/>\n<h2 data-start=\"4216\" data-end=\"4260\">\ud83d\udd53 <strong data-start=\"4222\" data-end=\"4260\">Nu uw priv\u00e9jet boeken in Amsterdam<\/strong><\/h2>\n<p data-start=\"4262\" data-end=\"4421\">Ervaar de vrijheid van <strong data-start=\"4285\" data-end=\"4312\">persoonlijke luchtvaart<\/strong> met FlightTime.<br data-start=\"4328\" data-end=\"4331\" \/>Ons team staat <strong data-start=\"4346\" data-end=\"4354\">24\/7<\/strong> voor u klaar \u2013 telefonisch, per e-mail of via de AI-chatassistent.<\/p>\n<p data-start=\"4423\" data-end=\"4560\">\ud83d\udcde <strong data-start=\"4426\" data-end=\"4438\">Hotline:<\/strong> +49 (0)4292 811190<br data-start=\"4457\" data-end=\"4460\" \/>\ud83d\udce7 <strong data-start=\"4463\" data-end=\"4474\">E-mail:<\/strong> <a class=\"decorated-link cursor-pointer\" href=\"mailto:charter@flighttime.com\" rel=\"noopener\" data-start=\"4475\" data-end=\"4497\">charter@flighttime.com<\/a><br data-start=\"4497\" data-end=\"4500\" \/>\n<\/p>\n<p data-start=\"4562\" data-end=\"4597\"><a href=\"mailto:info@flighttime.de\">\ud83d\udc49 <strong data-start=\"4566\" data-end=\"4593\">Vraag nu uw offerte aan<\/strong><\/a><\/p>\n<hr data-start=\"4599\" data-end=\"4602\" \/>\n<h2 data-start=\"4604\" data-end=\"4629\">\ud83e\udded <strong data-start=\"4610\" data-end=\"4629\">Over FlightTime<\/strong><\/h2>\n<p data-start=\"4631\" data-end=\"4855\">Sinds 1999 is <strong data-start=\"4645\" data-end=\"4659\">FlightTime<\/strong> een toonaangevende aanbieder van <strong data-start=\"4693\" data-end=\"4724\">priv\u00e9jet-charters in Europa<\/strong>.<br data-start=\"4725\" data-end=\"4728\" \/>Met kantoren in Duitsland en partners wereldwijd, bieden wij <strong data-start=\"4789\" data-end=\"4829\">veilig, effici\u00ebnt en luxueus vliegen<\/strong> \u2013 waar en wanneer u wilt.<\/p>\n<blockquote data-start=\"4857\" data-end=\"4924\">\n<p data-start=\"4859\" data-end=\"4924\"><strong data-start=\"4859\" data-end=\"4924\">FlightTime \u2013 uw betrouwbare partner in exclusieve luchtvaart.<\/strong><\/p>\n<\/blockquote>\n","protected":false},"excerpt":{"rendered":"<p>\ud83d\udee9\ufe0f Priv\u00e9jet huren in Amsterdam met FlightTime \u2013 Exclusief, snel en op maat Welkom bij FlightTime, uw betrouwbare partner voor het charteren van priv\u00e9jets vanuit Amsterdam.Of u nu reist voor zaken, ontspanning of een VIP-evenement \u2013 met FlightTime vliegt u flexibel, discreet en luxueus naar elke bestemming wereldwijd. \u2708\ufe0f Priv\u00e9jet chartern in Amsterdam met FlightTime [&hellip;]<\/p>\n","protected":false},"author":1,"featured_media":7872,"parent":0,"menu_order":0,"comment_status":"closed","ping_status":"closed","template":"","meta":{"_acf_changed":false,"footnotes":""},"class_list":["post-10096","page","type-page","status-publish","has-post-thumbnail","hentry"],"acf":[],"yoast_head":"<!-- This site is optimized with the Yoast SEO Premium plugin v27.3 (Yoast SEO v27.3) - https:\/\/yoast.com\/product\/yoast-seo-premium-wordpress\/ -->\n<title>Priv\u00e9jet huren in Amsterdam<\/title>\n<meta name=\"description\" content=\"Huur een priv\u00e9jet in Amsterdam bij FlightTime en geniet van luxe, snelle en discrete vluchten over de hele wereld.\" \/>\n<meta name=\"robots\" content=\"index, follow, max-snippet:-1, max-image-preview:large, max-video-preview:-1\" \/>\n<link rel=\"canonical\" href=\"https:\/\/flighttime.de\/nl\/privejet-huren-in-amsterdam\/\" \/>\n<meta property=\"og:locale\" content=\"nl_NL\" \/>\n<meta property=\"og:type\" content=\"article\" \/>\n<meta property=\"og:title\" content=\"Priv\u00e9jet huren in Amsterdam\" \/>\n<meta property=\"og:description\" content=\"Huur een priv\u00e9jet in Amsterdam bij FlightTime en geniet van luxe, snelle en discrete vluchten over de hele wereld.\" \/>\n<meta property=\"og:url\" content=\"https:\/\/flighttime.de\/nl\/privejet-huren-in-amsterdam\/\" \/>\n<meta property=\"article:publisher\" content=\"https:\/\/www.facebook.com\/FlightTime.gmbh\" \/>\n<meta property=\"og:image\" content=\"https:\/\/flighttime.de\/wp-content\/uploads\/2024\/07\/Betreuung.png\" \/>\n\t<meta property=\"og:image:width\" content=\"2000\" \/>\n\t<meta property=\"og:image:height\" content=\"1000\" \/>\n\t<meta property=\"og:image:type\" content=\"image\/png\" \/>\n<meta name=\"twitter:card\" content=\"summary_large_image\" \/>\n<meta name=\"twitter:label1\" content=\"Geschatte leestijd\" \/>\n\t<meta name=\"twitter:data1\" content=\"3 minuten\" \/>\n<script type=\"application\/ld+json\" class=\"yoast-schema-graph\">{\"@context\":\"https:\\\/\\\/schema.org\",\"@graph\":[{\"@type\":\"WebPage\",\"@id\":\"https:\\\/\\\/flighttime.de\\\/nl\\\/privejet-huren-in-amsterdam\\\/\",\"url\":\"https:\\\/\\\/flighttime.de\\\/nl\\\/privejet-huren-in-amsterdam\\\/\",\"name\":\"Priv\u00e9jet huren in Amsterdam\",\"isPartOf\":{\"@id\":\"https:\\\/\\\/flighttime.de\\\/nl\\\/#website\"},\"primaryImageOfPage\":{\"@id\":\"https:\\\/\\\/flighttime.de\\\/nl\\\/privejet-huren-in-amsterdam\\\/#primaryimage\"},\"image\":{\"@id\":\"https:\\\/\\\/flighttime.de\\\/nl\\\/privejet-huren-in-amsterdam\\\/#primaryimage\"},\"thumbnailUrl\":\"https:\\\/\\\/flighttime.de\\\/wp-content\\\/uploads\\\/2024\\\/07\\\/Betreuung.png\",\"datePublished\":\"2025-11-04T11:18:47+00:00\",\"description\":\"Huur een priv\u00e9jet in Amsterdam bij FlightTime en geniet van luxe, snelle en discrete vluchten over de hele wereld.\",\"breadcrumb\":{\"@id\":\"https:\\\/\\\/flighttime.de\\\/nl\\\/privejet-huren-in-amsterdam\\\/#breadcrumb\"},\"inLanguage\":\"nl-NL\",\"potentialAction\":[{\"@type\":\"ReadAction\",\"target\":[\"https:\\\/\\\/flighttime.de\\\/nl\\\/privejet-huren-in-amsterdam\\\/\"]}]},{\"@type\":\"ImageObject\",\"inLanguage\":\"nl-NL\",\"@id\":\"https:\\\/\\\/flighttime.de\\\/nl\\\/privejet-huren-in-amsterdam\\\/#primaryimage\",\"url\":\"https:\\\/\\\/flighttime.de\\\/wp-content\\\/uploads\\\/2024\\\/07\\\/Betreuung.png\",\"contentUrl\":\"https:\\\/\\\/flighttime.de\\\/wp-content\\\/uploads\\\/2024\\\/07\\\/Betreuung.png\",\"width\":2000,\"height\":1000,\"caption\":\"Chartern Sie Ihren Privatjet mit FlightTime \u2013 Ihrem erfahrenen Partner f\u00fcr exklusive Privatfl\u00fcge, Business Jets und VIP-Charter weltweit. Ob Gesch\u00e4ftsreise, Luxusurlaub oder Kurzstreckenflug, wir bieten Ihnen ma\u00dfgeschneiderte Flugl\u00f6sungen mit h\u00f6chstem Komfort, Flexibilit\u00e4t und Sicherheit. Starten Sie von Flugh\u00e4fen in Deutschland, \u00d6sterreich und der Schweiz direkt zu Ihrem Wunschziel \u2013 ohne Wartezeiten, Check-in-Stress oder Kompromisse. FlightTime steht f\u00fcr erstklassigen Service, transparente Preise und \u00fcber 25 Jahre Erfahrung in der Privatjet-Charter. Nutzen Sie unseren 24\\\/7 Concierge-Service und erleben Sie Reisen auf h\u00f6chstem Niveau \u2013 schnell, diskret und individuell.\"},{\"@type\":\"BreadcrumbList\",\"@id\":\"https:\\\/\\\/flighttime.de\\\/nl\\\/privejet-huren-in-amsterdam\\\/#breadcrumb\",\"itemListElement\":[{\"@type\":\"ListItem\",\"position\":1,\"name\":\"Startseite\",\"item\":\"https:\\\/\\\/flighttime.de\\\/nl\\\/\"},{\"@type\":\"ListItem\",\"position\":2,\"name\":\"Priv\u00e9jet huren in Amsterdam\"}]},{\"@type\":\"WebSite\",\"@id\":\"https:\\\/\\\/flighttime.de\\\/nl\\\/#website\",\"url\":\"https:\\\/\\\/flighttime.de\\\/nl\\\/\",\"name\":\"FlightTime\",\"description\":\"\",\"publisher\":{\"@id\":\"https:\\\/\\\/flighttime.de\\\/nl\\\/#organization\"},\"potentialAction\":[{\"@type\":\"SearchAction\",\"target\":{\"@type\":\"EntryPoint\",\"urlTemplate\":\"https:\\\/\\\/flighttime.de\\\/nl\\\/?s={search_term_string}\"},\"query-input\":{\"@type\":\"PropertyValueSpecification\",\"valueRequired\":true,\"valueName\":\"search_term_string\"}}],\"inLanguage\":\"nl-NL\"},{\"@type\":\"Organization\",\"@id\":\"https:\\\/\\\/flighttime.de\\\/nl\\\/#organization\",\"name\":\"FlightTime GmbH\",\"url\":\"https:\\\/\\\/flighttime.de\\\/nl\\\/\",\"logo\":{\"@type\":\"ImageObject\",\"inLanguage\":\"nl-NL\",\"@id\":\"https:\\\/\\\/flighttime.de\\\/nl\\\/#\\\/schema\\\/logo\\\/image\\\/\",\"url\":\"https:\\\/\\\/flighttime.de\\\/wp-content\\\/uploads\\\/2024\\\/06\\\/placeholder_img.png\",\"contentUrl\":\"https:\\\/\\\/flighttime.de\\\/wp-content\\\/uploads\\\/2024\\\/06\\\/placeholder_img.png\",\"width\":326,\"height\":203,\"caption\":\"FlightTime GmbH\"},\"image\":{\"@id\":\"https:\\\/\\\/flighttime.de\\\/nl\\\/#\\\/schema\\\/logo\\\/image\\\/\"},\"sameAs\":[\"https:\\\/\\\/www.facebook.com\\\/FlightTime.gmbh\",\"https:\\\/\\\/www.linkedin.com\\\/company\\\/flighttime-gmbh\\\/\"]}]}<\/script>\n<!-- \/ Yoast SEO Premium plugin. -->","yoast_head_json":{"title":"Priv\u00e9jet huren in Amsterdam","description":"Huur een priv\u00e9jet in Amsterdam bij FlightTime en geniet van luxe, snelle en discrete vluchten over de hele wereld.","robots":{"index":"index","follow":"follow","max-snippet":"max-snippet:-1","max-image-preview":"max-image-preview:large","max-video-preview":"max-video-preview:-1"},"canonical":"https:\/\/flighttime.de\/nl\/privejet-huren-in-amsterdam\/","og_locale":"nl_NL","og_type":"article","og_title":"Priv\u00e9jet huren in Amsterdam","og_description":"Huur een priv\u00e9jet in Amsterdam bij FlightTime en geniet van luxe, snelle en discrete vluchten over de hele wereld.","og_url":"https:\/\/flighttime.de\/nl\/privejet-huren-in-amsterdam\/","article_publisher":"https:\/\/www.facebook.com\/FlightTime.gmbh","og_image":[{"width":2000,"height":1000,"url":"https:\/\/flighttime.de\/wp-content\/uploads\/2024\/07\/Betreuung.png","type":"image\/png"}],"twitter_card":"summary_large_image","twitter_misc":{"Geschatte leestijd":"3 minuten"},"schema":{"@context":"https:\/\/schema.org","@graph":[{"@type":"WebPage","@id":"https:\/\/flighttime.de\/nl\/privejet-huren-in-amsterdam\/","url":"https:\/\/flighttime.de\/nl\/privejet-huren-in-amsterdam\/","name":"Priv\u00e9jet huren in Amsterdam","isPartOf":{"@id":"https:\/\/flighttime.de\/nl\/#website"},"primaryImageOfPage":{"@id":"https:\/\/flighttime.de\/nl\/privejet-huren-in-amsterdam\/#primaryimage"},"image":{"@id":"https:\/\/flighttime.de\/nl\/privejet-huren-in-amsterdam\/#primaryimage"},"thumbnailUrl":"https:\/\/flighttime.de\/wp-content\/uploads\/2024\/07\/Betreuung.png","datePublished":"2025-11-04T11:18:47+00:00","description":"Huur een priv\u00e9jet in Amsterdam bij FlightTime en geniet van luxe, snelle en discrete vluchten over de hele wereld.","breadcrumb":{"@id":"https:\/\/flighttime.de\/nl\/privejet-huren-in-amsterdam\/#breadcrumb"},"inLanguage":"nl-NL","potentialAction":[{"@type":"ReadAction","target":["https:\/\/flighttime.de\/nl\/privejet-huren-in-amsterdam\/"]}]},{"@type":"ImageObject","inLanguage":"nl-NL","@id":"https:\/\/flighttime.de\/nl\/privejet-huren-in-amsterdam\/#primaryimage","url":"https:\/\/flighttime.de\/wp-content\/uploads\/2024\/07\/Betreuung.png","contentUrl":"https:\/\/flighttime.de\/wp-content\/uploads\/2024\/07\/Betreuung.png","width":2000,"height":1000,"caption":"Chartern Sie Ihren Privatjet mit FlightTime \u2013 Ihrem erfahrenen Partner f\u00fcr exklusive Privatfl\u00fcge, Business Jets und VIP-Charter weltweit. Ob Gesch\u00e4ftsreise, Luxusurlaub oder Kurzstreckenflug, wir bieten Ihnen ma\u00dfgeschneiderte Flugl\u00f6sungen mit h\u00f6chstem Komfort, Flexibilit\u00e4t und Sicherheit. Starten Sie von Flugh\u00e4fen in Deutschland, \u00d6sterreich und der Schweiz direkt zu Ihrem Wunschziel \u2013 ohne Wartezeiten, Check-in-Stress oder Kompromisse. FlightTime steht f\u00fcr erstklassigen Service, transparente Preise und \u00fcber 25 Jahre Erfahrung in der Privatjet-Charter. Nutzen Sie unseren 24\/7 Concierge-Service und erleben Sie Reisen auf h\u00f6chstem Niveau \u2013 schnell, diskret und individuell."},{"@type":"BreadcrumbList","@id":"https:\/\/flighttime.de\/nl\/privejet-huren-in-amsterdam\/#breadcrumb","itemListElement":[{"@type":"ListItem","position":1,"name":"Startseite","item":"https:\/\/flighttime.de\/nl\/"},{"@type":"ListItem","position":2,"name":"Priv\u00e9jet huren in Amsterdam"}]},{"@type":"WebSite","@id":"https:\/\/flighttime.de\/nl\/#website","url":"https:\/\/flighttime.de\/nl\/","name":"FlightTime","description":"","publisher":{"@id":"https:\/\/flighttime.de\/nl\/#organization"},"potentialAction":[{"@type":"SearchAction","target":{"@type":"EntryPoint","urlTemplate":"https:\/\/flighttime.de\/nl\/?s={search_term_string}"},"query-input":{"@type":"PropertyValueSpecification","valueRequired":true,"valueName":"search_term_string"}}],"inLanguage":"nl-NL"},{"@type":"Organization","@id":"https:\/\/flighttime.de\/nl\/#organization","name":"FlightTime GmbH","url":"https:\/\/flighttime.de\/nl\/","logo":{"@type":"ImageObject","inLanguage":"nl-NL","@id":"https:\/\/flighttime.de\/nl\/#\/schema\/logo\/image\/","url":"https:\/\/flighttime.de\/wp-content\/uploads\/2024\/06\/placeholder_img.png","contentUrl":"https:\/\/flighttime.de\/wp-content\/uploads\/2024\/06\/placeholder_img.png","width":326,"height":203,"caption":"FlightTime GmbH"},"image":{"@id":"https:\/\/flighttime.de\/nl\/#\/schema\/logo\/image\/"},"sameAs":["https:\/\/www.facebook.com\/FlightTime.gmbh","https:\/\/www.linkedin.com\/company\/flighttime-gmbh\/"]}]}},"_links":{"self":[{"href":"https:\/\/flighttime.de\/nl\/wp-json\/wp\/v2\/pages\/10096","targetHints":{"allow":["GET"]}}],"collection":[{"href":"https:\/\/flighttime.de\/nl\/wp-json\/wp\/v2\/pages"}],"about":[{"href":"https:\/\/flighttime.de\/nl\/wp-json\/wp\/v2\/types\/page"}],"author":[{"embeddable":true,"href":"https:\/\/flighttime.de\/nl\/wp-json\/wp\/v2\/users\/1"}],"replies":[{"embeddable":true,"href":"https:\/\/flighttime.de\/nl\/wp-json\/wp\/v2\/comments?post=10096"}],"version-history":[{"count":0,"href":"https:\/\/flighttime.de\/nl\/wp-json\/wp\/v2\/pages\/10096\/revisions"}],"wp:featuredmedia":[{"embeddable":true,"href":"https:\/\/flighttime.de\/nl\/wp-json\/wp\/v2\/media\/7872"}],"wp:attachment":[{"href":"https:\/\/flighttime.de\/nl\/wp-json\/wp\/v2\/media?parent=10096"}],"curies":[{"name":"wp","href":"https:\/\/api.w.org\/{rel}","templated":true}]}}