{"id":3579,"date":"2015-04-08T13:21:40","date_gmt":"2015-04-08T11:21:40","guid":{"rendered":"https:\/\/flighttime.de\/?page_id=3579"},"modified":"2024-07-08T13:09:27","modified_gmt":"2024-07-08T13:09:27","slug":"exclusive-in-flight-service","status":"publish","type":"page","link":"https:\/\/flighttime.de\/nl\/service\/exclusive-in-flight-service\/","title":{"rendered":"Exclusieve Service aan Boord"},"content":{"rendered":"","protected":false},"excerpt":{"rendered":"","protected":false},"author":1,"featured_media":2100,"parent":4593,"menu_order":1,"comment_status":"closed","ping_status":"closed","template":"","meta":{"_acf_changed":false,"footnotes":""},"class_list":["post-3579","page","type-page","status-publish","has-post-thumbnail","hentry"],"acf":[],"yoast_head":"<!-- This site is optimized with the Yoast SEO Premium plugin v27.3 (Yoast SEO v27.3) - https:\/\/yoast.com\/product\/yoast-seo-premium-wordpress\/ -->\n<title>Exklusiver Bordservice: Genie\u00dfen Sie Ihren Flug in vollen Z\u00fcgen<\/title>\n<meta name=\"description\" content=\"Genie\u00dfen Sie unseren exklusiven Bordservice mit individuellen Men\u00fcw\u00fcnschen, Unterhaltungsoptionen und Aperitif. Entspannen Sie sich bei uns.\" \/>\n<meta name=\"robots\" content=\"index, follow, max-snippet:-1, max-image-preview:large, max-video-preview:-1\" \/>\n<link rel=\"canonical\" href=\"https:\/\/flighttime.de\/nl\/service\/exclusive-in-flight-service\/\" \/>\n<meta property=\"og:locale\" content=\"nl_NL\" \/>\n<meta property=\"og:type\" content=\"article\" \/>\n<meta property=\"og:title\" content=\"Exclusieve Service aan Boord\" \/>\n<meta property=\"og:description\" content=\"Genie\u00dfen Sie unseren exklusiven Bordservice mit individuellen Men\u00fcw\u00fcnschen, Unterhaltungsoptionen und Aperitif. Entspannen Sie sich bei uns.\" \/>\n<meta property=\"og:url\" content=\"https:\/\/flighttime.de\/nl\/service\/exclusive-in-flight-service\/\" \/>\n<meta property=\"article:publisher\" content=\"https:\/\/www.facebook.com\/FlightTime.gmbh\" \/>\n<meta property=\"article:modified_time\" content=\"2024-07-08T13:09:27+00:00\" \/>\n<meta property=\"og:image\" content=\"https:\/\/flighttime.de\/wp-content\/uploads\/2024\/06\/leistungen_bordservice.png\" \/>\n\t<meta property=\"og:image:width\" content=\"2000\" \/>\n\t<meta property=\"og:image:height\" content=\"1000\" \/>\n\t<meta property=\"og:image:type\" content=\"image\/png\" \/>\n<meta name=\"twitter:card\" content=\"summary_large_image\" \/>\n<meta name=\"twitter:label1\" content=\"Geschatte leestijd\" \/>\n\t<meta name=\"twitter:data1\" content=\"1 minuut\" \/>\n<script type=\"application\/ld+json\" class=\"yoast-schema-graph\">{\"@context\":\"https:\\\/\\\/schema.org\",\"@graph\":[{\"@type\":\"WebPage\",\"@id\":\"https:\\\/\\\/flighttime.de\\\/nl\\\/service\\\/exclusive-in-flight-service\\\/\",\"url\":\"https:\\\/\\\/flighttime.de\\\/nl\\\/service\\\/exclusive-in-flight-service\\\/\",\"name\":\"Exklusiver Bordservice: Genie\u00dfen Sie Ihren Flug in vollen Z\u00fcgen\",\"isPartOf\":{\"@id\":\"https:\\\/\\\/flighttime.de\\\/nl\\\/#website\"},\"primaryImageOfPage\":{\"@id\":\"https:\\\/\\\/flighttime.de\\\/nl\\\/service\\\/exclusive-in-flight-service\\\/#primaryimage\"},\"image\":{\"@id\":\"https:\\\/\\\/flighttime.de\\\/nl\\\/service\\\/exclusive-in-flight-service\\\/#primaryimage\"},\"thumbnailUrl\":\"https:\\\/\\\/flighttime.de\\\/wp-content\\\/uploads\\\/2024\\\/06\\\/leistungen_bordservice.png\",\"datePublished\":\"2015-04-08T11:21:40+00:00\",\"dateModified\":\"2024-07-08T13:09:27+00:00\",\"description\":\"Genie\u00dfen Sie unseren exklusiven Bordservice mit individuellen Men\u00fcw\u00fcnschen, Unterhaltungsoptionen und Aperitif. Entspannen Sie sich bei uns.\",\"breadcrumb\":{\"@id\":\"https:\\\/\\\/flighttime.de\\\/nl\\\/service\\\/exclusive-in-flight-service\\\/#breadcrumb\"},\"inLanguage\":\"nl-NL\",\"potentialAction\":[{\"@type\":\"ReadAction\",\"target\":[\"https:\\\/\\\/flighttime.de\\\/nl\\\/service\\\/exclusive-in-flight-service\\\/\"]}]},{\"@type\":\"ImageObject\",\"inLanguage\":\"nl-NL\",\"@id\":\"https:\\\/\\\/flighttime.de\\\/nl\\\/service\\\/exclusive-in-flight-service\\\/#primaryimage\",\"url\":\"https:\\\/\\\/flighttime.de\\\/wp-content\\\/uploads\\\/2024\\\/06\\\/leistungen_bordservice.png\",\"contentUrl\":\"https:\\\/\\\/flighttime.de\\\/wp-content\\\/uploads\\\/2024\\\/06\\\/leistungen_bordservice.png\",\"width\":2000,\"height\":1000,\"caption\":\"leistungen_bordservice\"},{\"@type\":\"BreadcrumbList\",\"@id\":\"https:\\\/\\\/flighttime.de\\\/nl\\\/service\\\/exclusive-in-flight-service\\\/#breadcrumb\",\"itemListElement\":[{\"@type\":\"ListItem\",\"position\":1,\"name\":\"Startseite\",\"item\":\"https:\\\/\\\/flighttime.de\\\/nl\\\/\"},{\"@type\":\"ListItem\",\"position\":2,\"name\":\"Diensten\",\"item\":\"https:\\\/\\\/flighttime.de\\\/nl\\\/service\\\/\"},{\"@type\":\"ListItem\",\"position\":3,\"name\":\"Exclusieve Service aan Boord\"}]},{\"@type\":\"WebSite\",\"@id\":\"https:\\\/\\\/flighttime.de\\\/nl\\\/#website\",\"url\":\"https:\\\/\\\/flighttime.de\\\/nl\\\/\",\"name\":\"FlightTime\",\"description\":\"\",\"publisher\":{\"@id\":\"https:\\\/\\\/flighttime.de\\\/nl\\\/#organization\"},\"potentialAction\":[{\"@type\":\"SearchAction\",\"target\":{\"@type\":\"EntryPoint\",\"urlTemplate\":\"https:\\\/\\\/flighttime.de\\\/nl\\\/?s={search_term_string}\"},\"query-input\":{\"@type\":\"PropertyValueSpecification\",\"valueRequired\":true,\"valueName\":\"search_term_string\"}}],\"inLanguage\":\"nl-NL\"},{\"@type\":\"Organization\",\"@id\":\"https:\\\/\\\/flighttime.de\\\/nl\\\/#organization\",\"name\":\"FlightTime GmbH\",\"url\":\"https:\\\/\\\/flighttime.de\\\/nl\\\/\",\"logo\":{\"@type\":\"ImageObject\",\"inLanguage\":\"nl-NL\",\"@id\":\"https:\\\/\\\/flighttime.de\\\/nl\\\/#\\\/schema\\\/logo\\\/image\\\/\",\"url\":\"https:\\\/\\\/flighttime.de\\\/wp-content\\\/uploads\\\/2024\\\/06\\\/placeholder_img.png\",\"contentUrl\":\"https:\\\/\\\/flighttime.de\\\/wp-content\\\/uploads\\\/2024\\\/06\\\/placeholder_img.png\",\"width\":326,\"height\":203,\"caption\":\"FlightTime GmbH\"},\"image\":{\"@id\":\"https:\\\/\\\/flighttime.de\\\/nl\\\/#\\\/schema\\\/logo\\\/image\\\/\"},\"sameAs\":[\"https:\\\/\\\/www.facebook.com\\\/FlightTime.gmbh\",\"https:\\\/\\\/www.linkedin.com\\\/company\\\/flighttime-gmbh\\\/\"]}]}<\/script>\n<!-- \/ Yoast SEO Premium plugin. -->","yoast_head_json":{"title":"Exklusiver Bordservice: Genie\u00dfen Sie Ihren Flug in vollen Z\u00fcgen","description":"Genie\u00dfen Sie unseren exklusiven Bordservice mit individuellen Men\u00fcw\u00fcnschen, Unterhaltungsoptionen und Aperitif. Entspannen Sie sich bei uns.","robots":{"index":"index","follow":"follow","max-snippet":"max-snippet:-1","max-image-preview":"max-image-preview:large","max-video-preview":"max-video-preview:-1"},"canonical":"https:\/\/flighttime.de\/nl\/service\/exclusive-in-flight-service\/","og_locale":"nl_NL","og_type":"article","og_title":"Exclusieve Service aan Boord","og_description":"Genie\u00dfen Sie unseren exklusiven Bordservice mit individuellen Men\u00fcw\u00fcnschen, Unterhaltungsoptionen und Aperitif. Entspannen Sie sich bei uns.","og_url":"https:\/\/flighttime.de\/nl\/service\/exclusive-in-flight-service\/","article_publisher":"https:\/\/www.facebook.com\/FlightTime.gmbh","article_modified_time":"2024-07-08T13:09:27+00:00","og_image":[{"width":2000,"height":1000,"url":"https:\/\/flighttime.de\/wp-content\/uploads\/2024\/06\/leistungen_bordservice.png","type":"image\/png"}],"twitter_card":"summary_large_image","twitter_misc":{"Geschatte leestijd":"1 minuut"},"schema":{"@context":"https:\/\/schema.org","@graph":[{"@type":"WebPage","@id":"https:\/\/flighttime.de\/nl\/service\/exclusive-in-flight-service\/","url":"https:\/\/flighttime.de\/nl\/service\/exclusive-in-flight-service\/","name":"Exklusiver Bordservice: Genie\u00dfen Sie Ihren Flug in vollen Z\u00fcgen","isPartOf":{"@id":"https:\/\/flighttime.de\/nl\/#website"},"primaryImageOfPage":{"@id":"https:\/\/flighttime.de\/nl\/service\/exclusive-in-flight-service\/#primaryimage"},"image":{"@id":"https:\/\/flighttime.de\/nl\/service\/exclusive-in-flight-service\/#primaryimage"},"thumbnailUrl":"https:\/\/flighttime.de\/wp-content\/uploads\/2024\/06\/leistungen_bordservice.png","datePublished":"2015-04-08T11:21:40+00:00","dateModified":"2024-07-08T13:09:27+00:00","description":"Genie\u00dfen Sie unseren exklusiven Bordservice mit individuellen Men\u00fcw\u00fcnschen, Unterhaltungsoptionen und Aperitif. Entspannen Sie sich bei uns.","breadcrumb":{"@id":"https:\/\/flighttime.de\/nl\/service\/exclusive-in-flight-service\/#breadcrumb"},"inLanguage":"nl-NL","potentialAction":[{"@type":"ReadAction","target":["https:\/\/flighttime.de\/nl\/service\/exclusive-in-flight-service\/"]}]},{"@type":"ImageObject","inLanguage":"nl-NL","@id":"https:\/\/flighttime.de\/nl\/service\/exclusive-in-flight-service\/#primaryimage","url":"https:\/\/flighttime.de\/wp-content\/uploads\/2024\/06\/leistungen_bordservice.png","contentUrl":"https:\/\/flighttime.de\/wp-content\/uploads\/2024\/06\/leistungen_bordservice.png","width":2000,"height":1000,"caption":"leistungen_bordservice"},{"@type":"BreadcrumbList","@id":"https:\/\/flighttime.de\/nl\/service\/exclusive-in-flight-service\/#breadcrumb","itemListElement":[{"@type":"ListItem","position":1,"name":"Startseite","item":"https:\/\/flighttime.de\/nl\/"},{"@type":"ListItem","position":2,"name":"Diensten","item":"https:\/\/flighttime.de\/nl\/service\/"},{"@type":"ListItem","position":3,"name":"Exclusieve Service aan Boord"}]},{"@type":"WebSite","@id":"https:\/\/flighttime.de\/nl\/#website","url":"https:\/\/flighttime.de\/nl\/","name":"FlightTime","description":"","publisher":{"@id":"https:\/\/flighttime.de\/nl\/#organization"},"potentialAction":[{"@type":"SearchAction","target":{"@type":"EntryPoint","urlTemplate":"https:\/\/flighttime.de\/nl\/?s={search_term_string}"},"query-input":{"@type":"PropertyValueSpecification","valueRequired":true,"valueName":"search_term_string"}}],"inLanguage":"nl-NL"},{"@type":"Organization","@id":"https:\/\/flighttime.de\/nl\/#organization","name":"FlightTime GmbH","url":"https:\/\/flighttime.de\/nl\/","logo":{"@type":"ImageObject","inLanguage":"nl-NL","@id":"https:\/\/flighttime.de\/nl\/#\/schema\/logo\/image\/","url":"https:\/\/flighttime.de\/wp-content\/uploads\/2024\/06\/placeholder_img.png","contentUrl":"https:\/\/flighttime.de\/wp-content\/uploads\/2024\/06\/placeholder_img.png","width":326,"height":203,"caption":"FlightTime GmbH"},"image":{"@id":"https:\/\/flighttime.de\/nl\/#\/schema\/logo\/image\/"},"sameAs":["https:\/\/www.facebook.com\/FlightTime.gmbh","https:\/\/www.linkedin.com\/company\/flighttime-gmbh\/"]}]}},"_links":{"self":[{"href":"https:\/\/flighttime.de\/nl\/wp-json\/wp\/v2\/pages\/3579","targetHints":{"allow":["GET"]}}],"collection":[{"href":"https:\/\/flighttime.de\/nl\/wp-json\/wp\/v2\/pages"}],"about":[{"href":"https:\/\/flighttime.de\/nl\/wp-json\/wp\/v2\/types\/page"}],"author":[{"embeddable":true,"href":"https:\/\/flighttime.de\/nl\/wp-json\/wp\/v2\/users\/1"}],"replies":[{"embeddable":true,"href":"https:\/\/flighttime.de\/nl\/wp-json\/wp\/v2\/comments?post=3579"}],"version-history":[{"count":0,"href":"https:\/\/flighttime.de\/nl\/wp-json\/wp\/v2\/pages\/3579\/revisions"}],"up":[{"embeddable":true,"href":"https:\/\/flighttime.de\/nl\/wp-json\/wp\/v2\/pages\/4593"}],"wp:featuredmedia":[{"embeddable":true,"href":"https:\/\/flighttime.de\/nl\/wp-json\/wp\/v2\/media\/2100"}],"wp:attachment":[{"href":"https:\/\/flighttime.de\/nl\/wp-json\/wp\/v2\/media?parent=3579"}],"curies":[{"name":"wp","href":"https:\/\/api.w.org\/{rel}","templated":true}]}}